{"id":108,"date":"2014-04-24T21:03:30","date_gmt":"2014-04-24T21:03:30","guid":{"rendered":"http:\/\/blog.ufes.br\/60anos\/?page_id=108"},"modified":"2014-05-01T21:10:29","modified_gmt":"2014-05-01T21:10:29","slug":"tenda-multicultural","status":"publish","type":"page","link":"https:\/\/blog.ufes.br\/60anos\/tenda-multicultural\/","title":{"rendered":"Tenda Multicultural"},"content":{"rendered":"<p>Shows, debates, exposi\u00e7\u00e3o fotogr\u00e1fica e o programa Tardes Infinitas, ao vivo, agitar\u00e3o a semana de anivers\u00e1rio da Ufes, na Tenda Multicultural que ser ser\u00e1 montada no estacionamento do Teatro Universit\u00e1rio, a partir do dia 4 de maio. Anote as atra\u00e7\u00f5es que acontecer\u00e3o na tenda, programe-se e venha comemorar os 60 anos da Ufes.<\/p>\n<p><b>04 de maio (domingo)<\/b><\/p>\n<p>18 horas \u2013 Show musical \u201cGrupo Am\u00e9rica 4 \u2013 25 anos\u201d e divulga\u00e7\u00e3o das atividades da semana comemorativa.<a href=\"http:\/\/blog.ufes.br\/60anos\/files\/2014\/04\/3333333333333333333333333333333333.jpg\"><img loading=\"lazy\" decoding=\"async\" class=\"alignright\" alt=\"Grupo Am\u00e9rica 4\" src=\"http:\/\/blog.ufes.br\/60anos\/files\/2014\/04\/3333333333333333333333333333333333-300x201.jpg\" width=\"300\" height=\"201\" \/><\/a><\/p>\n<p><b>05 de maio (segunda-feira)<\/b><\/p>\n<p>12 horas \u2013 Show com o Grupo Moxuara.<\/p>\n<p>14:30h \u2013 Abertura de exposi\u00e7\u00e3o fotogr\u00e1fica do Grupo de Foto do curso de Comunica\u00e7\u00e3o Social, varal de poesia e est\u00fadio m\u00f3vel da R\u00e1dio Universit\u00e1ria.<\/p>\n<p>15 horas \u2013 Programa Tardes Infinitas, da R\u00e1dio Universit\u00e1ria, com entrevistas e atividades culturais ao vivo.<\/p>\n<p><a href=\"http:\/\/blog.ufes.br\/60anos\/files\/2014\/04\/JR._Bocca_e_a_MAD_RA_02.jpg\"><img loading=\"lazy\" decoding=\"async\" class=\"alignright\" alt=\"JR. Bocca\" src=\"http:\/\/blog.ufes.br\/60anos\/files\/2014\/04\/JR._Bocca_e_a_MAD_RA_02-225x300.jpg\" width=\"225\" height=\"300\" \/><\/a><\/p>\n<p>21 h \u2013 Confraterniza\u00e7\u00e3o na Tenda Multicultural ap\u00f3s a sess\u00e3o solene em comemora\u00e7\u00e3o aos 60 anos da Ufes a realizer-se no Teatro Universit\u00e1rio<\/p>\n<p><b>06 de maio (ter\u00e7a-feira)<\/b><\/p>\n<p>10 horas \u2013 Debate \u201cO espa\u00e7o dos compositores no ES\u201d.<\/p>\n<p>12 horas \u2013 Show com Jr Bocca.<\/p>\n<p>14 horas \u2013 Projeto de Extens\u00e3o do Ceunes, Encantos e Encontros, com a participa\u00e7\u00e3o do coro Encantos e do grupo instrumental O Som Uni.<\/p>\n<p>15 horas \u2013 Programa Tardes Infinitas, da R\u00e1dio Universit\u00e1ria, com entrevistas e atividades culturais ao vivo.<\/p>\n<p><a href=\"http:\/\/blog.ufes.br\/60anos\/files\/2014\/04\/Big-Bat-Blues-Band.jpg\"><img loading=\"lazy\" decoding=\"async\" class=\"alignright\" title=\"Big Bat Blues Band\" alt=\"Big Bat Blues Band\" src=\"http:\/\/blog.ufes.br\/60anos\/files\/2014\/04\/Big-Bat-Blues-Band-300x225.jpg\" width=\"300\" height=\"225\" \/><\/a><\/p>\n<p>21 horas \u2013 Shows com Cheap Blues e Big Bat Blues Band.<\/p>\n<p><b>07 de maio (quarta-feira)<\/b><\/p>\n<p>10 horas \u2013 Debate \u00a0sobre o tema \u201cCultura e meio ambiente \u2013 Evolu\u00e7\u00e3o Cultural Humana e a Crise da Biodiversidade\u201d.<\/p>\n<p>12 horas \u2013 Show com Fernando Duarte e grupo de choro Carne de Gato.<\/p>\n<p>15 horas \u2013 Programa Tardes Infinitas, da R\u00e1dio Universit\u00e1ria, com entrevistas e atividades culturais ao vivo.<\/p>\n<div id=\"attachment_150\" style=\"width: 197px\" class=\"wp-caption alignright\"><a href=\"http:\/\/blog.ufes.br\/60anos\/files\/2014\/04\/carlospapel_min_fdbda-1295238.jpg\"><img loading=\"lazy\" decoding=\"async\" aria-describedby=\"caption-attachment-150\" class=\"size-medium wp-image-150\" alt=\"Carlos Papel\" src=\"http:\/\/blog.ufes.br\/60anos\/files\/2014\/04\/carlospapel_min_fdbda-1295238-187x300.jpg\" width=\"187\" height=\"300\" srcset=\"https:\/\/blog.ufes.br\/60anos\/files\/2014\/04\/carlospapel_min_fdbda-1295238-187x300.jpg 187w, https:\/\/blog.ufes.br\/60anos\/files\/2014\/04\/carlospapel_min_fdbda-1295238.jpg 200w\" sizes=\"auto, (max-width: 187px) 100vw, 187px\" \/><\/a><p id=\"caption-attachment-150\" class=\"wp-caption-text\">Carlos Papel<\/p><\/div>\n<p>17 horas \u2013 \u00a0Apresenta\u00e7\u00e3o da pe\u00e7a O Segredo da Arca de Trancoso (BA) \u2013 Parceria Sesc<\/p>\n<p>18:30h \u2013 \u201cLugar de poesia \u00e9 na cal\u00e7ada\u201d, com a Confraria dos Bardos.<\/p>\n<p>18h30 \u00a0horas \u2013 Lan\u00e7amento de livros da Editora da Ufes (Edufes).<\/p>\n<p>19:30h \u2013 Show de Z\u00e9 Moreira e participa\u00e7\u00e3o especial de Carlos Papel.<\/p>\n<p>21 horas \u2013 Show da banda P\u00f3 de Ser Emori\u00f4.<\/p>\n<p>&nbsp;<\/p>\n<p><b>08 de maio (quinta-feira)<\/b><\/p>\n<div id=\"attachment_149\" style=\"width: 310px\" class=\"wp-caption alignright\"><a href=\"http:\/\/blog.ufes.br\/60anos\/files\/2014\/04\/cartaz-logo1-4f1087ad744c9-3.jpg\"><img loading=\"lazy\" decoding=\"async\" aria-describedby=\"caption-attachment-149\" class=\"size-medium wp-image-149\" alt=\"P\u00f3 de ser emori\u00f4\" src=\"http:\/\/blog.ufes.br\/60anos\/files\/2014\/04\/cartaz-logo1-4f1087ad744c9-3-300x199.jpg\" width=\"300\" height=\"199\" srcset=\"https:\/\/blog.ufes.br\/60anos\/files\/2014\/04\/cartaz-logo1-4f1087ad744c9-3-300x199.jpg 300w, https:\/\/blog.ufes.br\/60anos\/files\/2014\/04\/cartaz-logo1-4f1087ad744c9-3-624x415.jpg 624w, https:\/\/blog.ufes.br\/60anos\/files\/2014\/04\/cartaz-logo1-4f1087ad744c9-3.jpg 720w\" sizes=\"auto, (max-width: 300px) 100vw, 300px\" \/><\/a><p id=\"caption-attachment-149\" class=\"wp-caption-text\">P\u00f3 de ser emori\u00f4<\/p><\/div>\n<p>10 horas \u2013 Debate \u201cA mem\u00f3ria do folclore na UFES\u201d.<\/p>\n<p>12 horas \u2013 Apresenta\u00e7\u00e3o de bandas de congo.<\/p>\n<p><a href=\"http:\/\/blog.ufes.br\/60anos\/files\/2014\/04\/Banda_de_Congo_Panela_de_Barro_Vit_ria_ES.jpg\"><img loading=\"lazy\" decoding=\"async\" class=\"alignright\" alt=\"Banda de Congo Panela de Barro (Vit\u00f3ria-ES)\" src=\"http:\/\/blog.ufes.br\/60anos\/files\/2014\/04\/Banda_de_Congo_Panela_de_Barro_Vit_ria_ES-300x199.jpg\" width=\"300\" height=\"199\" \/><\/a><\/p>\n<p>14 horas \u2013 Apresenta\u00e7\u00e3o de teatro de bonecos.<\/p>\n<p>15 horas \u2013 Programa Tardes Infinitas, da R\u00e1dio Universit\u00e1ria, com entrevistas e atividades culturais ao vivo.<\/p>\n<p>20 horas \u2013 Show Chiliques Herm\u00e9ticos, com Am\u00e9lia Barreto.<\/p>\n<p>21 horas \u2013 Show com Andr\u00e9 Prando e F\u00ea Pascoal.<\/p>\n<p>&nbsp;<\/p>\n<p><b>09 de maio (sexta-feira)<\/b><\/p>\n<p><img loading=\"lazy\" decoding=\"async\" class=\"alignright\" alt=\"Andr\u00e9 Prando\" src=\"http:\/\/blog.ufes.br\/60anos\/files\/2014\/04\/2-4f4b92d6a209b-466x600-233x300.jpg\" width=\"233\" height=\"300\" \/><\/p>\n<p>10 horas \u2013 Debate \u201cCultura e Novas Tecnologias\u201d.<\/p>\n<p>12 horas \u2013 Grupo Instrumental do curso de M\u00fasica da Ufes.<\/p>\n<p>15 horas \u2013 Programa Tardes Infinitas, da R\u00e1dio Universit\u00e1ria, com entrevistas e atividades culturais ao vivo.<\/p>\n<p>21horas \u2013 Show &#8220;60 anos de m\u00fasica, os movimento musicais no Brasil&#8221;, Grupo Vozes e convidados<\/p>\n<p>&nbsp;<\/p>\n<p><b>10 de maio (s\u00e1bado)<\/b><\/p>\n<p>18 horas \u2013 Shows musicais com as bandas \u00a0Sob o Mesmo Sol,\u00a0Vao Vao Vao,\u00a0Sol na Garganta do Futuro<\/p>\n<p>&nbsp;<\/p>\n<p><i>Obs.: Todas as atividades culturais s\u00e3o abertas ao p\u00fablico.<\/i><\/p>\n","protected":false},"excerpt":{"rendered":"<p>Shows, debates, exposi\u00e7\u00e3o fotogr\u00e1fica e o programa Tardes Infinitas, ao vivo, agitar\u00e3o a semana de anivers\u00e1rio da Ufes, na Tenda Multicultural que ser ser\u00e1 montada no estacionamento do Teatro Universit\u00e1rio, a partir do dia 4 de maio. Anote as atra\u00e7\u00f5es que acontecer\u00e3o na tenda, programe-se e venha comemorar os 60 anos da Ufes. 04 de [&hellip;]<\/p>\n","protected":false},"author":165,"featured_media":0,"parent":0,"menu_order":0,"comment_status":"open","ping_status":"open","template":"","meta":{"_bbp_topic_count":0,"_bbp_reply_count":0,"_bbp_total_topic_count":0,"_bbp_total_reply_count":0,"_bbp_voice_count":0,"_bbp_anonymous_reply_count":0,"_bbp_topic_count_hidden":0,"_bbp_reply_count_hidden":0,"_bbp_forum_subforum_count":0,"_uag_custom_page_level_css":"","footnotes":""},"class_list":["post-108","page","type-page","status-publish","hentry"],"uagb_featured_image_src":{"full":false,"thumbnail":false,"medium":false,"medium_large":false,"large":false,"1536x1536":false,"2048x2048":false,"post-thumbnail":false},"uagb_author_info":{"display_name":"ruth.reis","author_link":"https:\/\/blog.ufes.br\/60anos\/author\/ruth_de-cassia-dos-reis\/"},"uagb_comment_info":9,"uagb_excerpt":"Shows, debates, exposi\u00e7\u00e3o fotogr\u00e1fica e o programa Tardes Infinitas, ao vivo, agitar\u00e3o a semana de anivers\u00e1rio da Ufes, na Tenda Multicultural que ser ser\u00e1 montada no estacionamento do Teatro Universit\u00e1rio, a partir do dia 4 de maio. Anote as atra\u00e7\u00f5es que acontecer\u00e3o na tenda, programe-se e venha comemorar os 60 anos da Ufes. 04 de&hellip;","_links":{"self":[{"href":"https:\/\/blog.ufes.br\/60anos\/wp-json\/wp\/v2\/pages\/108","targetHints":{"allow":["GET"]}}],"collection":[{"href":"https:\/\/blog.ufes.br\/60anos\/wp-json\/wp\/v2\/pages"}],"about":[{"href":"https:\/\/blog.ufes.br\/60anos\/wp-json\/wp\/v2\/types\/page"}],"author":[{"embeddable":true,"href":"https:\/\/blog.ufes.br\/60anos\/wp-json\/wp\/v2\/users\/165"}],"replies":[{"embeddable":true,"href":"https:\/\/blog.ufes.br\/60anos\/wp-json\/wp\/v2\/comments?post=108"}],"version-history":[{"count":7,"href":"https:\/\/blog.ufes.br\/60anos\/wp-json\/wp\/v2\/pages\/108\/revisions"}],"predecessor-version":[{"id":161,"href":"https:\/\/blog.ufes.br\/60anos\/wp-json\/wp\/v2\/pages\/108\/revisions\/161"}],"wp:attachment":[{"href":"https:\/\/blog.ufes.br\/60anos\/wp-json\/wp\/v2\/media?parent=108"}],"curies":[{"name":"wp","href":"https:\/\/api.w.org\/{rel}","templated":true}]}}