{"id":135,"date":"2014-04-25T18:23:11","date_gmt":"2014-04-25T18:23:11","guid":{"rendered":"http:\/\/blog.ufes.br\/60anos\/?page_id=135"},"modified":"2014-04-25T18:37:29","modified_gmt":"2014-04-25T18:37:29","slug":"exposicao","status":"publish","type":"page","link":"https:\/\/blog.ufes.br\/60anos\/exposicao\/","title":{"rendered":"Exposi\u00e7\u00e3o"},"content":{"rendered":"<p><b>&#8220;C\u00faando t\u00fa for mi leva a lembran\u00e7a de vitoria&#8221;<\/b><\/p>\n<blockquote><p><b>Curador geral: J\u00falio Martins<br \/>\n<\/b><strong>Abertura\u00a0 9 de maio de 2014 \u00e0s 19 horas<br \/>\n<\/strong><strong>Hor\u00e1rio de visita\u00e7\u00e3o 8h \u00e0s 17h<br \/>\n<\/strong><strong>Local Galeria de Arte Espa\u00e7o Universit\u00e1rio\/SUPECC<br \/>\n<\/strong><strong style=\"line-height: 1.714285714;font-size: 1rem\">Av. Fernando Ferrari, 514, Goiabeiras | Vit\u00f3ria &#8211; ES &#8211; CEP 29075-910\u00a0<\/strong><\/p><\/blockquote>\n<p>Inspirada no campo sem\u00e2ntico da obra &#8220;C\u00faando t\u00fa for mi leva. A lembran\u00e7a Vit\u00f3ria&#8221;, de Elp\u00eddio Malaquias e integrante do acervo da Galeria de Arte Espa\u00e7o Universit\u00e1rio (GAEU-UFES), a exposi\u00e7\u00e3o abre-se para id\u00e9ias de tr\u00e2nsitos.<\/p>\n<p>Formada por uma equipe curatorial coordenada pelo Julio Martins, \u00a0resultante do workshop realizado na GAEU por artistas, curadores e pesquisadores, e composta pelas obras do acervo da Ufes, a exposi\u00e7\u00e3o explora as possibilidades de interpretar e investigar as diversas naturezas de tr\u00e2nsito na constitui\u00e7\u00e3o de obras, n\u00facleos e artistas presentes na cole\u00e7\u00e3o.<\/p>\n<p>Os eixos curatoriais \u00a0que deram origem \u00e0 exposi\u00e7\u00e3o foram as ideias de tr\u00e2nsito geneal\u00f3gico (influ\u00eancias formais e conceituais na hist\u00f3ria da arte capixaba e entre as gera\u00e7\u00f5es de artistas), tr\u00e2nsito geogr\u00e1fico (influ\u00eancias contextuais e de interc\u00e2mbio espec\u00edficas), tr\u00e2nsitos formais e simb\u00f3licos (not\u00e1veis a partir de estudos comparativos entre as obras) e tr\u00e2nsito de linguagens (presentes nos procedimentos e gestos po\u00e9ticos de artistas e obras). A partir deles, foram selecionadas obras de diversos artistas presentes no acervo da Ufes, distribuindo-se da seguinte forma:<\/p>\n<p><strong>\u00a0A)\u00a0<span style=\"text-decoration: underline\">TR\u00c2NSITOS NA 1\u00aa PESSOA<\/span><\/strong><\/p>\n<p>Dois n\u00facleos:<span style=\"text-decoration: underline\">\u00a0<\/span>Eupidio Malaquias e Elisa Queiros<\/p>\n<p><span style=\"text-decoration: underline\">1\u00ba n\u00facleo Eupidio Malaquias\u00a0<\/span><\/p>\n<p>Com obras de Relto Fernandes ,Alda lof\u00e8go, R\u00f4mulo Cardoso, Natal, Isabel Braga, Nice Avanza, Jose Augusto loureiro, Antonio Henrique do Amaral<\/p>\n<p><span style=\"text-decoration: underline\">2\u00ba Nucleo \u00a0Elisa Queiroz \u00a0<\/span><\/p>\n<p>Com obras de\u00a0Rosindo Torres, Orlando Farya, Rosana Paste, Lara Filipe, Eduardo Cozzendey, Gabriel Bor\u00e9n, Hilal Sami Hilal<\/p>\n<p><b><span style=\"text-decoration: underline\">B) VIS\u00c3O DA CIDADE<\/span><\/b><\/p>\n<p>Com obras de Rog\u00e9rio Medeiros, Huberto Capai, Alberico Rocha Junior, Simone Guimar\u00e3es, Alexandre Krusemark.<\/p>\n<p>&nbsp;<\/p>\n<p><b>Curador Chefe:\u00a0<\/b>J\u00falio Martins<\/p>\n<p><b>Curadores adjuntos:\u00a0<\/b>Joana Guiroga, Gabrel Boren, Andr\u00e9 A\u00e7ari, Clara Sampaio, Erly Vieira Junior, Gabriel Menotti, Renam Andrade, Vinicius Guimar\u00e3es,.<\/p>\n<p><b>Equipe T\u00e9cnica.<\/b><\/p>\n<p>Pedro Ibsem, Saulo Ferreira Tavares, Janaina Steris Gandini, Lourdes Alves, J\u00f5ao Fraga, Ang\u00e9lica Reckel, Matilde Rodriques, Fabiana Lins.<\/p>\n<p>&nbsp;<\/p>\n<p><strong>Sobre J\u00falio Martins:\u00a0<\/strong><\/p>\n<p>J\u00falio Martins \u00e9 curador, historiador da arte e editor. Mestre em Artes Pl\u00e1sticas pela Escola de Belas Artes &#8211; UFMG. Formou-se em\u00a0Hist\u00f3ria pela UFMG e em Artes Pl\u00e1sticas pela Escola Guignard &#8211; UEMG. Colabora\u00a0desde 2003 com o CEIA \u2013 Centro de Experimenta\u00e7\u00e3o e Informa\u00e7\u00e3o de Arte,\u00a0ligado \u00e0 Rain &#8211; RijksAkademie Artist\u00b4s Initiative (Amsterdam). Em 2009 participou do Programme Courants du Monde, na Maison des Cultures du\u00a0Monde (Paris). De 2008 a 2011 foi Curador Geral do Museu Inim\u00e1 de\u00a0Paula (Belo Horizonte). Foi Curador Viajante do Rumos Artes Visuais\u00a02011-2013, Instituto Ita\u00fa Cultural (S\u00e3o Paulo).<\/p>\n<p>Dentre as curadorias\u00a0que realizou destaque para &#8220;Inim\u00e1: um dialeto crom\u00e1tico&#8221; \u2013 Inim\u00e1 de Paula, &#8220;savoir-forme&#8221; &#8211; St\u00e9phane Vigny, &#8220;Iluminuras&#8221; &#8211; Marco Antonio\u00a0Mota, &#8220;O que pode a expira\u00e7\u00e3o&#8221; &#8211;\u00a0Pablo\u00a0Lobato, &#8220;Walking Papers&#8221; &#8211;\u00a0Marcos Brias, &#8220;Campos da a\u00e7\u00e3o noturna&#8221; &#8211; Carolina Cordeiro, \u201cDrawing to no end\u201d &#8211; Bruno Can\u00e7ado, \u201cConvite \u00e0 Viagem\u201d &#8211; Rumos Artes Visuais e \u201cthrough the surface of the pages &#8230;\u201d \u2013 coletiva de artistas brasileiros no DRCLAS, Harvard University. Atualmente organiza a exposi\u00e7\u00e3o \u201cLivro e Palavra de Artista\u201d com Paulo Herkenhoff, a ser realizada no Museu de Arte do Rio.<\/p>\n<p><strong>Elp\u00eddio Malaquias<\/strong>\u00a0&#8211; Pintor brasileiro nascido em Cariacica &#8211; ES, 1923. Entre 1977 a 83 realizou exposi\u00e7\u00f5es individuais na Galeria Homero Massena e na Galeria de Arte e Pesquisa da UFES. Exp\u00f4s ainda com Aderson Medeiros na Galeria Atual &#8211; Barra da Tijuca &#8211; RJ. Participou de v\u00e1rias coletivas, destacando-se a exposi\u00e7\u00e3o itinerante da Galeria Homero Massena, que percorreu v\u00e1rias cidades do Esp\u00edrito Santo.<\/p>\n","protected":false},"excerpt":{"rendered":"<p>&#8220;C\u00faando t\u00fa for mi leva a lembran\u00e7a de vitoria&#8221; Curador geral: J\u00falio Martins Abertura\u00a0 9 de maio de 2014 \u00e0s 19 horas Hor\u00e1rio de visita\u00e7\u00e3o 8h \u00e0s 17h Local Galeria de Arte Espa\u00e7o Universit\u00e1rio\/SUPECC Av. Fernando Ferrari, 514, Goiabeiras | Vit\u00f3ria &#8211; ES &#8211; CEP 29075-910\u00a0 Inspirada no campo sem\u00e2ntico da obra &#8220;C\u00faando t\u00fa for [&hellip;]<\/p>\n","protected":false},"author":165,"featured_media":138,"parent":0,"menu_order":0,"comment_status":"open","ping_status":"open","template":"","meta":{"_bbp_topic_count":0,"_bbp_reply_count":0,"_bbp_total_topic_count":0,"_bbp_total_reply_count":0,"_bbp_voice_count":0,"_bbp_anonymous_reply_count":0,"_bbp_topic_count_hidden":0,"_bbp_reply_count_hidden":0,"_bbp_forum_subforum_count":0,"_uag_custom_page_level_css":"","footnotes":""},"class_list":["post-135","page","type-page","status-publish","has-post-thumbnail","hentry"],"uagb_featured_image_src":{"full":["https:\/\/blog.ufes.br\/60anos\/files\/2014\/04\/unnamed-1.jpg",538,483,false],"thumbnail":["https:\/\/blog.ufes.br\/60anos\/files\/2014\/04\/unnamed-1-150x150.jpg",150,150,true],"medium":["https:\/\/blog.ufes.br\/60anos\/files\/2014\/04\/unnamed-1-300x269.jpg",300,269,true],"medium_large":["https:\/\/blog.ufes.br\/60anos\/files\/2014\/04\/unnamed-1.jpg",538,483,false],"large":["https:\/\/blog.ufes.br\/60anos\/files\/2014\/04\/unnamed-1.jpg",538,483,false],"1536x1536":["https:\/\/blog.ufes.br\/60anos\/files\/2014\/04\/unnamed-1.jpg",538,483,false],"2048x2048":["https:\/\/blog.ufes.br\/60anos\/files\/2014\/04\/unnamed-1.jpg",538,483,false],"post-thumbnail":["https:\/\/blog.ufes.br\/60anos\/files\/2014\/04\/unnamed-1.jpg",538,483,false]},"uagb_author_info":{"display_name":"ruth.reis","author_link":"https:\/\/blog.ufes.br\/60anos\/author\/ruth_de-cassia-dos-reis\/"},"uagb_comment_info":13,"uagb_excerpt":"&#8220;C\u00faando t\u00fa for mi leva a lembran\u00e7a de vitoria&#8221; Curador geral: J\u00falio Martins Abertura\u00a0 9 de maio de 2014 \u00e0s 19 horas Hor\u00e1rio de visita\u00e7\u00e3o 8h \u00e0s 17h Local Galeria de Arte Espa\u00e7o Universit\u00e1rio\/SUPECC Av. Fernando Ferrari, 514, Goiabeiras | Vit\u00f3ria &#8211; ES &#8211; CEP 29075-910\u00a0 Inspirada no campo sem\u00e2ntico da obra &#8220;C\u00faando t\u00fa for&hellip;","_links":{"self":[{"href":"https:\/\/blog.ufes.br\/60anos\/wp-json\/wp\/v2\/pages\/135","targetHints":{"allow":["GET"]}}],"collection":[{"href":"https:\/\/blog.ufes.br\/60anos\/wp-json\/wp\/v2\/pages"}],"about":[{"href":"https:\/\/blog.ufes.br\/60anos\/wp-json\/wp\/v2\/types\/page"}],"author":[{"embeddable":true,"href":"https:\/\/blog.ufes.br\/60anos\/wp-json\/wp\/v2\/users\/165"}],"replies":[{"embeddable":true,"href":"https:\/\/blog.ufes.br\/60anos\/wp-json\/wp\/v2\/comments?post=135"}],"version-history":[{"count":4,"href":"https:\/\/blog.ufes.br\/60anos\/wp-json\/wp\/v2\/pages\/135\/revisions"}],"predecessor-version":[{"id":142,"href":"https:\/\/blog.ufes.br\/60anos\/wp-json\/wp\/v2\/pages\/135\/revisions\/142"}],"wp:featuredmedia":[{"embeddable":true,"href":"https:\/\/blog.ufes.br\/60anos\/wp-json\/wp\/v2\/media\/138"}],"wp:attachment":[{"href":"https:\/\/blog.ufes.br\/60anos\/wp-json\/wp\/v2\/media?parent=135"}],"curies":[{"name":"wp","href":"https:\/\/api.w.org\/{rel}","templated":true}]}}