{"id":2,"date":"2014-04-22T17:55:00","date_gmt":"2014-04-22T17:55:00","guid":{"rendered":"http:\/\/blog.ufes.br\/60anos\/?page_id=2"},"modified":"2014-05-01T17:44:52","modified_gmt":"2014-05-01T17:44:52","slug":"pagina-exemplo","status":"publish","type":"page","link":"https:\/\/blog.ufes.br\/60anos\/pagina-exemplo\/","title":{"rendered":"Programa\u00e7\u00e3o Geral"},"content":{"rendered":"<blockquote><p><b><br \/>\n04 de maio (domingo)<\/b><\/p><\/blockquote>\n<p>18 horas &#8211; Show musical \u201cGrupo Am\u00e9rica 4 \u2013 25 anos\u201d e divulga\u00e7\u00e3o das atividades da semana comemorativa. Local: Tenda Multicultural<\/p>\n<blockquote><p><b>05 de maio (segunda-feira)<\/b><\/p><\/blockquote>\n<p>12 horas &#8211; Show com Grupo Moxuara. Local: Tenda Multicultural<\/p>\n<p>14:30h &#8211; Abertura de exposi\u00e7\u00e3o fotogr\u00e1fica do Grupo de Foto do curso de Comunica\u00e7\u00e3o Social, varal de poesia e est\u00fadio m\u00f3vel da R\u00e1dio Universit\u00e1ria. Local: Tenda Multicultural<\/p>\n<p>15 horas &#8211; Programa Tardes Infinitas, da R\u00e1dio Universit\u00e1ria, com entrevistas e atividades culturais ao vivo. Local: Tenda Multicultural<\/p>\n<p>19 horas \u2013 Sess\u00e3o solene em comemora\u00e7\u00e3o aos 60 anos da Ufes. Local: Teatro Universit\u00e1rio<\/p>\n<blockquote><p><b>06 de maio (ter\u00e7a-feira)<\/b><\/p><\/blockquote>\n<p>10 horas &#8211; Debate \u201cO espa\u00e7o dos compositores no ES\u201d. Local: Tenda Multicultural<\/p>\n<p>12 horas &#8211; Show com Jr Bocca. Local: Tenda Multicultural<\/p>\n<p>14 horas \u2013 Projeto de Extens\u00e3o do Ceunes, Encantos e Encontros, com a participa\u00e7\u00e3o do coro Encantos e do grupo instrumental O Som Uni. Local: Tenda Multicultural<\/p>\n<p>15 horas &#8211; Programa Tardes Infinitas, da R\u00e1dio Universit\u00e1ria, com entrevistas e atividades culturais ao vivo. Local: Tenda Multicultural<\/p>\n<p>18 horas &#8211; Abertura da mostra de cinema \u201cSeis d\u00e9cadas de aventuras, risos e sonhos\u201d. Local: Cine Metr\u00f3polis.<\/p>\n<p>21 horas &#8211; Shows com Cheap Blues e Big Bat Blues Band. Local: Tenda Multicultural<\/p>\n<blockquote><p><b>07 de maio (quarta-feira)<\/b><\/p><\/blockquote>\n<p>10 horas &#8211; Debate \u201cCultura e meio ambiente\u201d, com debate sobre Evolu\u00e7\u00e3o Cultural Humana e a Crise da Biodiversidade. Local: Tenda Multicultural<\/p>\n<p>12 horas &#8211; Show com Fernando Duarte e grupo de choro Carne de Gato. Local: Tenda Multicultural<\/p>\n<p><span style=\"line-height: 1.714285714;font-size: 1rem\">15 horas &#8211; Programa Tardes Infinitas, da R\u00e1dio Universit\u00e1ria, com entrevistas e atividades culturais ao vivo. Local: Tenda Multicultural<\/span><\/p>\n<p>17 horas \u2013 \u00a0Apresenta\u00e7\u00e3o da pe\u00e7a O Segredo da Arca de Trancoso (BA). Local: Tenda Multicultural \u00a0&#8211; Parceria Sesc<\/p>\n<p>18 horas &#8211; Mostra de Cinema \u201cSeis d\u00e9cadas de aventuras, risos e sonhos\u201d. Local: Cine Metr\u00f3polis.<\/p>\n<p>18:30h \u2013 \u201cLugar de poesia \u00e9 na cal\u00e7ada\u201d, com a Confraria dos Bardos. Local: Tenda Multicultural<\/p>\n<p>18h30 horas &#8211; Lan\u00e7amento de livros da Editora da Ufes (Edufes). Local: Tenda Multicultural<\/p>\n<p>19:30h &#8211; Show de Z\u00e9 Moreira e participa\u00e7\u00e3o especial de Carlos Papel. Local: Tenda Multicultural<\/p>\n<p>21 horas &#8211; Show da banda P\u00f3 de Ser Emori\u00f4. Local: Tenda Multicultural<\/p>\n<blockquote><p><b>08 de maio (quinta-feira)<\/b><\/p><\/blockquote>\n<p>10 horas &#8211; Debate \u201cA mem\u00f3ria do folclore na UFES\u201d. Local: Tenda Multicultural<\/p>\n<p>12 horas &#8211; Apresenta\u00e7\u00e3o de bandas de congo. Local: Tenda Multicultural<\/p>\n<p>14 horas &#8211; Apresenta\u00e7\u00e3o de teatro de bonecos. Local: Tenda Multicultural<\/p>\n<p>15 horas &#8211; Programa Tardes Infinitas, da R\u00e1dio Universit\u00e1ria, com entrevistas e atividades culturais ao vivo. Local: Tenda Multicultural<\/p>\n<p>18 horas &#8211; Mostra de Cinema \u201cSeis d\u00e9cadas de aventuras, risos e sonhos\u201d. Local: Cine Metr\u00f3polis.<\/p>\n<p>17 horas \u2013 Apresenta\u00e7\u00e3o espet\u00e1culo local. Local: Teatro Universit\u00e1rio &#8211; Parceria Sesc<\/p>\n<p>18 horas \u2013 Sess\u00e3o solene na Assembleia Legislativa do Esp\u00edrito Santo<\/p>\n<p>20 horas &#8211; Show Chiliques Herm\u00e9ticos, com Am\u00e9lia Barreto. Local: Tenda Multicultural<\/p>\n<p>21 horas &#8211; Show com Andr\u00e9 Prando e F\u00ea Pascoal. Local: Tenda Multicultural<\/p>\n<blockquote><p><b>09 de maio (sexta-feira)<\/b><\/p><\/blockquote>\n<p>10 horas &#8211; Debate \u201cCultura e Novas Tecnologias\u201d. Local: Tenda Multicultural<\/p>\n<p>12 horas &#8211; Grupo Instrumental do curso de M\u00fasica da Ufes. Local: Tenda Multicultural<\/p>\n<p><span style=\"line-height: 1.714285714;font-size: 1rem\">15 horas &#8211; Programa Tardes Infinitas, da R\u00e1dio Universit\u00e1ria, com entrevistas e atividades culturais ao vivo. Local: Tenda Multicultural<\/span><\/p>\n<p>18 horas &#8211; Mostra de Cinema \u201cSeis d\u00e9cadas de aventuras, risos e sonhos\u201d. Local: Cine Metr\u00f3polis.<\/p>\n<p>19 horas \u2013 Abertura da exposi\u00e7\u00e3o \u201cC\u00faando t\u00fa for mi leva\u201d, do historiador de arte e editor J\u00falio Martins. Local: Galeria de Arte Espa\u00e7o Universit\u00e1rio<\/p>\n<p>21horas \u2013 Show &#8220;60 anos de m\u00fasica, os movimento musicais no Brasil&#8221;, Grupo Vozes e convidados<\/p>\n<blockquote><p><b>10 de maio (s\u00e1bado)<\/b><\/p><\/blockquote>\n<p>14 \u00e0s 18 horas \u2013 Oficina de Perna de Pau. Local: Sala de aula do Centro de Ci\u00eancias Humanas e Naturais (CCHN) &#8211; Parceria Sesc<\/p>\n<p>18 horas \u2013 Shows \u00a0com as bandas \u00a0Sob o Mesmo Sol,\u00a0Vao Vao Vao,\u00a0Sol na Garganta do Futuro. Local: Tenda Multicultural<\/p>\n<p>18 e 20 horas &#8211; Mostra de Cinema \u201cSeis d\u00e9cadas de aventuras, risos e sonhos\u201d. Local: Cine Metr\u00f3polis.<\/p>\n<blockquote><p><b>11 de maio (domingo)<\/b><\/p><\/blockquote>\n<p>14 \u00e0s 18 horas \u2013 Oficina de Perna de Pau no Centro de Educa\u00e7\u00e3o F\u00edsica e Desportos (Parceria Sesc)<\/p>\n<p>18 e 20 horas &#8211; Mostra de Cinema \u201cSeis d\u00e9cadas de aventuras, risos e sonhos\u201d. Local: Cine Metr\u00f3polis.<\/p>\n<blockquote><p><b>17 de maio (s\u00e1bado)<\/b><\/p><\/blockquote>\n<p>17 horas \u2013 Apresenta\u00e7\u00e3o da pe\u00e7a Barrica Por\u00e1guabaixo, com o grupo Palha\u00e7a Barrica\/SC (Parceria Sesc). Local: Teatro Universit\u00e1rio<\/p>\n<blockquote><p><b>18 de maio (domingo)<\/b><\/p><\/blockquote>\n<p>17 horas \u2013 Apresenta\u00e7\u00e3o do espet\u00e1culo Circo Miudinho, com<b> <\/b>A Mala Produ\u00e7\u00f5es\/ES (Parceira Sesc). \u00a0Local: Teatro Universit\u00e1rio<\/p>\n<blockquote><p><strong>20 e 21 de maio (ter\u00e7a e quarta-feira<\/strong><\/p><\/blockquote>\n<p>18 \u00e0s 22 horas \u2013 Oficina Inicia\u00e7\u00e3o \u00e0 Palha\u00e7aria (Parceria Sesc). Local: Sala de aula do Centro de Educa\u00e7\u00e3o F\u00edsica e Desportos<\/p>\n<blockquote><p><b style=\"line-height: 1.714285714;font-size: 1rem\">26 de maio (segunda-feira)<\/b><\/p><\/blockquote>\n<p>18 horas \u2013 Sess\u00e3o solene em comemora\u00e7\u00e3o aos 60 anos da Ufes. Local: Campus da Ufes em S\u00e3o Mateus<\/p>\n<blockquote><p><b>27 e 28 de maio (ter\u00e7a e quarta-feira)<\/b><\/p><\/blockquote>\n<blockquote><p>18 \u00e0s 22 horas \u2013 Oficina de Produ\u00e7\u00e3o Cultural (Parceria Sesc). Local: Sala de aula do Centro de Artes<\/p>\n<p><b>29 de maio (quinta-feira)<\/b><\/p><\/blockquote>\n<p>17 horas \u2013 Apresenta\u00e7\u00e3o do espet\u00e1culo O Pequeno Circo e Outras Criaturas, com o Circo Teatro Capixaba\/ES (Parceria Sesc). Local: Ao lado do Centro de Viv\u00eancias<\/p>\n<p>18 horas \u2013 Sess\u00e3o solene em comemora\u00e7\u00e3o aos 60 anos da Ufes. Local: Campus da Ufes em Alegre<\/p>\n<blockquote><p><b>30 de maio (sexta-feira)<\/b><\/p><\/blockquote>\n<p>20 horas \u2013 Apresenta\u00e7\u00e3o do espet\u00e1culo In Concerto, com a Cia An\u00f4nimo\/RJ (Parceria Sesc). Local: Teatro Universit\u00e1rio<\/p>\n<blockquote><p><b>31 de maio (s\u00e1bado)<\/b><\/p><\/blockquote>\n<p>20 horas \u2013 Apresenta\u00e7\u00e3o do espet\u00e1culo Inaptos, com a Cia An\u00f4nimo\/RJ (Parceria Sesc). Local: Teatro Universit\u00e1rio<\/p>\n<p><span style=\"line-height: 1.714285714;font-size: 1rem\">\u00a0<\/span><\/p>\n<p><i>Obs.: Todas as atividades culturais s\u00e3o abertas ao p\u00fablico.<\/i><\/p>\n","protected":false},"excerpt":{"rendered":"<p>04 de maio (domingo) 18 horas &#8211; Show musical \u201cGrupo Am\u00e9rica 4 \u2013 25 anos\u201d e divulga\u00e7\u00e3o das atividades da semana comemorativa. Local: Tenda Multicultural 05 de maio (segunda-feira) 12 horas &#8211; Show com Grupo Moxuara. Local: Tenda Multicultural 14:30h &#8211; Abertura de exposi\u00e7\u00e3o fotogr\u00e1fica do Grupo de Foto do curso de Comunica\u00e7\u00e3o Social, varal [&hellip;]<\/p>\n","protected":false},"author":165,"featured_media":0,"parent":0,"menu_order":0,"comment_status":"open","ping_status":"open","template":"","meta":{"_bbp_topic_count":0,"_bbp_reply_count":0,"_bbp_total_topic_count":0,"_bbp_total_reply_count":0,"_bbp_voice_count":0,"_bbp_anonymous_reply_count":0,"_bbp_topic_count_hidden":0,"_bbp_reply_count_hidden":0,"_bbp_forum_subforum_count":0,"_uag_custom_page_level_css":"","footnotes":""},"class_list":["post-2","page","type-page","status-publish","hentry"],"uagb_featured_image_src":{"full":false,"thumbnail":false,"medium":false,"medium_large":false,"large":false,"1536x1536":false,"2048x2048":false,"post-thumbnail":false},"uagb_author_info":{"display_name":"ruth.reis","author_link":"https:\/\/blog.ufes.br\/60anos\/author\/ruth_de-cassia-dos-reis\/"},"uagb_comment_info":14,"uagb_excerpt":"04 de maio (domingo) 18 horas &#8211; Show musical \u201cGrupo Am\u00e9rica 4 \u2013 25 anos\u201d e divulga\u00e7\u00e3o das atividades da semana comemorativa. Local: Tenda Multicultural 05 de maio (segunda-feira) 12 horas &#8211; Show com Grupo Moxuara. Local: Tenda Multicultural 14:30h &#8211; Abertura de exposi\u00e7\u00e3o fotogr\u00e1fica do Grupo de Foto do curso de Comunica\u00e7\u00e3o Social, varal&hellip;","_links":{"self":[{"href":"https:\/\/blog.ufes.br\/60anos\/wp-json\/wp\/v2\/pages\/2","targetHints":{"allow":["GET"]}}],"collection":[{"href":"https:\/\/blog.ufes.br\/60anos\/wp-json\/wp\/v2\/pages"}],"about":[{"href":"https:\/\/blog.ufes.br\/60anos\/wp-json\/wp\/v2\/types\/page"}],"author":[{"embeddable":true,"href":"https:\/\/blog.ufes.br\/60anos\/wp-json\/wp\/v2\/users\/165"}],"replies":[{"embeddable":true,"href":"https:\/\/blog.ufes.br\/60anos\/wp-json\/wp\/v2\/comments?post=2"}],"version-history":[{"count":6,"href":"https:\/\/blog.ufes.br\/60anos\/wp-json\/wp\/v2\/pages\/2\/revisions"}],"predecessor-version":[{"id":87,"href":"https:\/\/blog.ufes.br\/60anos\/wp-json\/wp\/v2\/pages\/2\/revisions\/87"}],"wp:attachment":[{"href":"https:\/\/blog.ufes.br\/60anos\/wp-json\/wp\/v2\/media?parent=2"}],"curies":[{"name":"wp","href":"https:\/\/api.w.org\/{rel}","templated":true}]}}