{"id":26,"date":"2020-02-04T08:44:31","date_gmt":"2020-02-04T11:44:31","guid":{"rendered":"http:\/\/blog.ufes.br\/agromet\/?page_id=26"},"modified":"2020-02-05T12:08:24","modified_gmt":"2020-02-05T15:08:24","slug":"serie-historica","status":"publish","type":"page","link":"https:\/\/blog.ufes.br\/agromet\/serie-historica\/","title":{"rendered":"S\u00c9RIE HIST\u00d3RICA"},"content":{"rendered":"\n<p>A s\u00e9rie hist\u00f3rica apresentada a seguir compreende o per\u00edodo de 01\/01\/2007 a 31\/12\/2019, totalizando 13 anos de dados.<\/p>\n\n\n\n<figure class=\"wp-block-image\"><img loading=\"lazy\" decoding=\"async\" width=\"605\" height=\"340\" src=\"https:\/\/blog.ufes.br\/agromet\/files\/2020\/02\/G1-2.png\" alt=\"\" class=\"wp-image-96\" \/><figcaption> <strong>Figura 1.<\/strong> S\u00e9rie hist\u00f3rica Mensal (2007 &#8211; 2019) da Temperatura M\u00e1xima (TM\u00e1x.), M\u00e9dia (TM\u00e9d.) e M\u00ednima (TM\u00edn.). <\/figcaption><\/figure>\n\n\n\n<figure class=\"wp-block-image\"><img loading=\"lazy\" decoding=\"async\" width=\"605\" height=\"340\" src=\"https:\/\/blog.ufes.br\/agromet\/files\/2020\/02\/G2.png\" alt=\"\" class=\"wp-image-93\" \/><figcaption>  <strong>Figura 2.<\/strong> S\u00e9rie hist\u00f3rica Anual (2007 &#8211; 2019) da Temperatura M\u00e1xima (TM\u00e1x.), M\u00e9dia (TM\u00e9d.) e M\u00ednima (TM\u00edn.). <\/figcaption><\/figure>\n\n\n\n<figure class=\"wp-block-image\"><img loading=\"lazy\" decoding=\"async\" width=\"605\" height=\"340\" src=\"https:\/\/blog.ufes.br\/agromet\/files\/2020\/02\/G3.png\" alt=\"\" class=\"wp-image-98\" \/><figcaption> <strong>Figura 3.<\/strong> S\u00e9rie hist\u00f3rica Mensal (2007 &#8211; 2019) da Umidade Relativa M\u00e9dia (UR).<\/figcaption><\/figure>\n\n\n\n<figure class=\"wp-block-image\"><img loading=\"lazy\" decoding=\"async\" width=\"605\" height=\"340\" src=\"https:\/\/blog.ufes.br\/agromet\/files\/2020\/02\/G4.png\" alt=\"\" class=\"wp-image-100\" \/><figcaption> <strong>Figura 4.<\/strong> S\u00e9rie hist\u00f3rica Mensal (2007 &#8211; 2019) da Chuva (mm) e do N\u00famero de dias com chuva (N). <\/figcaption><\/figure>\n\n\n\n<figure class=\"wp-block-image\"><img loading=\"lazy\" decoding=\"async\" width=\"605\" height=\"340\" src=\"https:\/\/blog.ufes.br\/agromet\/files\/2020\/02\/G5-2.png\" alt=\"\" class=\"wp-image-105\" \/><figcaption>  <strong>Figura 5.<\/strong> S\u00e9rie hist\u00f3rica Anual (2007 &#8211; 2019) da Chuva (mm) e do N\u00famero de dias com chuva (N). <\/figcaption><\/figure>\n\n\n\n<figure class=\"wp-block-image\"><img loading=\"lazy\" decoding=\"async\" width=\"605\" height=\"340\" src=\"https:\/\/blog.ufes.br\/agromet\/files\/2020\/02\/G6.png\" alt=\"\" class=\"wp-image-108\" \/><figcaption>  <strong>Figura 6.<\/strong> S\u00e9rie hist\u00f3rica Mensal (2007 &#8211; 2019) da m\u00e9dia di\u00e1ria de Evapotranspira\u00e7\u00e3o potencial de refer\u00eancia (ETO\/Penman-Monteith).<\/figcaption><\/figure>\n\n\n\n<figure class=\"wp-block-image\"><img loading=\"lazy\" decoding=\"async\" width=\"605\" height=\"340\" src=\"https:\/\/blog.ufes.br\/agromet\/files\/2020\/02\/G7.png\" alt=\"\" class=\"wp-image-110\" \/><figcaption> <strong>Figura 7.<\/strong> S\u00e9rie hist\u00f3rica Mensal (2007 &#8211; 2019) de Evapotranspira\u00e7\u00e3o potencial de refer\u00eancia acumulada (ETO acum\/Penman-Monteith). <\/figcaption><\/figure>\n","protected":false},"excerpt":{"rendered":"<div class=\"mh-excerpt\"><p>A s\u00e9rie hist\u00f3rica apresentada a seguir compreende o per\u00edodo de 01\/01\/2007 a 31\/12\/2019, totalizando 13 anos de dados.<\/p>\n<\/div>","protected":false},"author":379,"featured_media":0,"parent":0,"menu_order":3,"comment_status":"closed","ping_status":"closed","template":"","meta":{"_bbp_topic_count":0,"_bbp_reply_count":0,"_bbp_total_topic_count":0,"_bbp_total_reply_count":0,"_bbp_voice_count":0,"_bbp_anonymous_reply_count":0,"_bbp_topic_count_hidden":0,"_bbp_reply_count_hidden":0,"_bbp_forum_subforum_count":0,"_uag_custom_page_level_css":"","footnotes":""},"class_list":["post-26","page","type-page","status-publish","hentry"],"uagb_featured_image_src":{"full":false,"thumbnail":false,"medium":false,"medium_large":false,"large":false,"1536x1536":false,"2048x2048":false,"mh-magazine-lite-slider":false,"mh-magazine-lite-content":false,"mh-magazine-lite-large":false,"mh-magazine-lite-medium":false,"mh-magazine-lite-small":false},"uagb_author_info":{"display_name":"guilherme.b.reis","author_link":"https:\/\/blog.ufes.br\/agromet\/author\/guilherme_barbosa-reis\/"},"uagb_comment_info":0,"uagb_excerpt":"A s\u00e9rie hist\u00f3rica apresentada a seguir compreende o per\u00edodo de 01\/01\/2007 a 31\/12\/2019, totalizando 13 anos de dados.","_links":{"self":[{"href":"https:\/\/blog.ufes.br\/agromet\/wp-json\/wp\/v2\/pages\/26","targetHints":{"allow":["GET"]}}],"collection":[{"href":"https:\/\/blog.ufes.br\/agromet\/wp-json\/wp\/v2\/pages"}],"about":[{"href":"https:\/\/blog.ufes.br\/agromet\/wp-json\/wp\/v2\/types\/page"}],"author":[{"embeddable":true,"href":"https:\/\/blog.ufes.br\/agromet\/wp-json\/wp\/v2\/users\/379"}],"replies":[{"embeddable":true,"href":"https:\/\/blog.ufes.br\/agromet\/wp-json\/wp\/v2\/comments?post=26"}],"version-history":[{"count":13,"href":"https:\/\/blog.ufes.br\/agromet\/wp-json\/wp\/v2\/pages\/26\/revisions"}],"predecessor-version":[{"id":111,"href":"https:\/\/blog.ufes.br\/agromet\/wp-json\/wp\/v2\/pages\/26\/revisions\/111"}],"wp:attachment":[{"href":"https:\/\/blog.ufes.br\/agromet\/wp-json\/wp\/v2\/media?parent=26"}],"curies":[{"name":"wp","href":"https:\/\/api.w.org\/{rel}","templated":true}]}}