{"id":31,"date":"2020-02-04T08:46:34","date_gmt":"2020-02-04T11:46:34","guid":{"rendered":"http:\/\/blog.ufes.br\/agromet\/?page_id=31"},"modified":"2025-06-19T17:53:05","modified_gmt":"2025-06-19T20:53:05","slug":"inicio","status":"publish","type":"page","link":"https:\/\/blog.ufes.br\/agromet\/inicio\/","title":{"rendered":"O PROJETO"},"content":{"rendered":"\n<h2 class=\"wp-block-heading\">Introdu\u00e7\u00e3o:<\/h2>\n\n\n\n<p>Os dados meteorol\u00f3gicos s\u00e3o extremamente importantes para diversas \u00e1reas do conhecimento, como por exemplo, para a agricultura, engenharia, constru\u00e7\u00e3o civil, transportes e na pr\u00f3pria meteorologia (BAMBINI; FURTADO, 2010).<\/p>\n\n\n\n<p>O clima \u00e9 um recurso natural que exerce influ\u00eancia marcante em praticamente toda a sociedade. Essa influencia \u00e9 evidenciada ainda mais em atividades do setor agr\u00edcola e pecu\u00e1rio. Informa\u00e7\u00f5es como temperatura do ar, precipita\u00e7\u00e3o pluvial, radia\u00e7\u00e3o, velocidade do vento, al\u00e9m de subprodutos como evapotranspira\u00e7\u00e3o e balan\u00e7o h\u00eddrico podem auxiliar no manejo correto de diversas atividades agr\u00edcolas. Pode-se citar irriga\u00e7\u00e3o, preparo do solo, aplica\u00e7\u00e3o de defensivos, plantio, colheita, dentre outros. <\/p>\n\n\n\n<p>Para divulga\u00e7\u00e3o dos dados meteorol\u00f3gicos \u00e9 importante que se crie um Boletim Agrometeorol\u00f3gico, onde estes dados podem ser disponibilizados graficamente e em uma linguagem acess\u00edvel para que a sociedade, principalmente os agricultores, tenha acesso a essas informa\u00e7\u00f5es.<\/p>\n\n\n\n<p>Dessa forma, a reativa\u00e7\u00e3o e manuten\u00e7\u00e3o do Boletim Agrometeorol\u00f3gico de Alegre contribui para o desenvolvimento de atividades de ensino, pesquisa e extens\u00e3o e consiste em uma oportunidade para aqueles que apresentam interesse especial nas \u00e1reas de meteorologia agr\u00edcola e irriga\u00e7\u00e3o, visando o manejo sustent\u00e1vel dos recursos h\u00eddricos.<\/p>\n\n\n\n<h2 class=\"wp-block-heading\">Objetivo:<\/h2>\n\n\n\n<p>A reativa\u00e7\u00e3o do Boletim Agrometeorol\u00f3gico de Alegre \u00e9 um projeto do Departamento de Engenharia Rural da Universidade Federal do Esp\u00edrito Santo &#8211; UFES. Este projeto, tem como objetivo tratar os dados brutos fornecidos pela esta\u00e7\u00e3o meteorol\u00f3gica autom\u00e1tica do Inmet e transform\u00e1-los em informa\u00e7\u00f5es \u00fateis e acess\u00edveis \u00e0 toda a sociedade.<\/p>\n\n\n\n<h2 class=\"wp-block-heading\">Metodologia:<\/h2>\n\n\n\n<p>O projeto de extens\u00e3o foi desenvolvido no laborat\u00f3rio de Hidr\u00e1ulica, Irriga\u00e7\u00e3o e Drenagem do Departamento de Engenharia Rural do Centro de Ci\u00eancias Agr\u00e1rias e Exatas (CCAE-UFES). Os dados meteorol\u00f3gicos m\u00e9dios para o munic\u00edpio de Alegre-ES foram obtidos na esta\u00e7\u00e3o meteorol\u00f3gica autom\u00e1tica do INMET (Esta\u00e7\u00e3o: Alegre-A617; C\u00f3digo OMM: 86828; Coordenadas: Latitude: 20,750412\u00ba S; Longitude: 41,488852\u00baW; Altitude: 129 m), instalada na \u00e1rea experimental do CCAE-UFES.<\/p>\n\n\n\n<p>Os dados foram processados com aux\u00edlio de planilhas eletr\u00f4nicas visando obter, nas escalas di\u00e1ria, mensal e anual, dados de temperatura (m\u00e1xima, m\u00e9dia e m\u00ednima), umidade relativa m\u00e9dia, precipita\u00e7\u00e3o, n\u00famero de dias com chuva e evapotranspita\u00e7\u00e3o. Gr\u00e1ficos referentes a estes dados meteorol\u00f3gicos foram confeccionados.<\/p>\n\n\n\n<p>Conhecer as vari\u00e1veis clim\u00e1ticas registradas nas esta\u00e7\u00f5es meteorol\u00f3gicas convencionais ou autom\u00e1ticas permite a quantificar da evapotranspira\u00e7\u00e3o das culturas, possibilitando, assim, conhecer sua demanda h\u00eddrica (BRAGAN\u00c7A, 2007). A evapotranspira\u00e7\u00e3o potencial de refer\u00eancia (ET0) foi calculada utilizando o m\u00e9todo de Penman-Monteith, considerado como m\u00e9todo-padr\u00e3o indicado pela FAO (ALLEN et al., 1998).<\/p>\n\n\n\n<p>Em casos que houve dados faltantes, estas falhas foram preenchidas adotando-se os seguintes crit\u00e9rios:<\/p>\n\n\n\n<ul class=\"wp-block-list\">\n<li>As falhas de dados ocorridas apenas em uma determinada hora foram preenchida com a m\u00e9dia da hora anterior e posterior \u00e0 esta.<\/li>\n\n\n\n<li>As falhas de dados ocorridas por v\u00e1rias horas foram preenchidas com a m\u00e9dia do hor\u00e1rio do dia anterior e posterior a data de ocorr\u00eancia da falha.<\/li>\n\n\n\n<li>As falhas de dados ocorridas por mais de um dia foram preenchidas com base em dados de grade. Baseado em estudos propostos por Bender (2017) e na grade de dados de Xavier; King e Scanlon (2015).<\/li>\n<\/ul>\n\n\n\n<h2 class=\"wp-block-heading\">Hist\u00f3rico do projeto<\/h2>\n\n\n\n<p>A Esta\u00e7\u00e3o Meteorol\u00f3gica de Alegre iniciou suas atividades em 1991, sendo que a coleta de dados era realizada manualmente. A partir de 2001 passou-se a disponibilizar os boletins agrometeorol\u00f3gicos semanais na internet. Em 2003 foi confeccionado um CD comemorativo das 100 semanas do Boletim Agrometeorol\u00f3gico de Alegre (anos de 2001, 2002 e 2003). Em 2006, em parceria com o Instituto Nacional de Meteorologia (Inmet) foi instalado a Esta\u00e7\u00e3o Meteorol\u00f3gica de Observa\u00e7\u00e3o de Superf\u00edcie Autom\u00e1tica. Est\u00e1 foi aberta, mais precisamente, em 25 de outubro de 2006.<\/p>\n\n\n\n<p>O Boletim Agrometeorol\u00f3gico de Alegre esteve dispon\u00edvel na internet at\u00e9 2009, tendo o papel de divulga\u00e7\u00e3o das informa\u00e7\u00f5es meteorol\u00f3gicas, al\u00e9m de ser tamb\u00e9m uma forma de aproxima\u00e7\u00e3o da universidade com a comunidade. O boletim teve ainda a fun\u00e7\u00e3o de auxiliar a comunidade universit\u00e1ria fornecendo os dados para que sejam utilizados em pesquisas e tamb\u00e9m no manejo da irriga\u00e7\u00e3o de unidades demonstrativas implantadas, principalmente, na \u00e1rea experimental do Centro de Ci\u00eancias Agr\u00e1rias e Engenharias da Universidade Federal do Esp\u00edrito Santo (CCAE-Ufes). Diante da import\u00e2ncia do Boletim Agrometeorol\u00f3gico de Alegre este foi reativado para continuar cumprindo seu papel para sociedade, bem como, para a comunidade acad\u00eamica do Sul do Estado do Esp\u00edrito Santo.<\/p>\n\n\n\n<p>Este projeto chegou at\u00e9 aqui com apoio da Universidade Federal do Esp\u00edrito Santo (Ufes) por meio da Pr\u00f3-Reitoria de Extens\u00e3o (Proex), em parceria com Instituto Nacional de Meteorologia (Inmet), cabendo destacar o empenho do Departamento de Engenharia Rural do CCAE-Ufes em mant\u00ea-lo ao longo desses mais de 20 anos.<\/p>\n\n\n\n<p>Destaca-se ainda os respons\u00e1veis pelo projeto at\u00e9 aqui:<\/p>\n\n\n\n<h4 class=\"wp-block-heading\">Professores<\/h4>\n\n\n\n<ul class=\"wp-block-list\">\n<li>Rosembergue Bragan\u00e7a;<\/li>\n\n\n\n<li>Jos\u00e9 Eduardo Macedo Pezzopane;<\/li>\n\n\n\n<li>Antonio Maria Tulli;<\/li>\n\n\n\n<li>Alexandre Rosa dos Santos;<\/li>\n\n\n\n<li>Edvaldo Fialho dos Reis; <\/li>\n\n\n\n<li>Sidney Sara Zanetti; e<\/li>\n\n\n\n<li>Giovanni de Oliveira Garcia.<\/li>\n<\/ul>\n\n\n\n<h4 class=\"wp-block-heading\">T\u00e9cnicos<\/h4>\n\n\n\n<ul class=\"wp-block-list\">\n<li>Marcos Paulo Mazzeo Mariano<\/li>\n\n\n\n<li>Fl\u00e1vio Neves Celestino; <\/li>\n\n\n\n<li>Guilherme Barbosa Reis;<\/li>\n\n\n\n<li>Venilton Santos Barbosa.<\/li>\n<\/ul>\n\n\n\n<h4 class=\"wp-block-heading\">Estagi\u00e1rios<\/h4>\n\n\n\n<ul class=\"wp-block-list\">\n<li>Ana Paula Almeida Bertossi Souza;<\/li>\n\n\n\n<li>Anderson Lazarini Lima;<\/li>\n\n\n\n<li>Andr\u00e9 Cavalcante Ceotto;<\/li>\n\n\n\n<li>Bianca Vique Fernandes;<\/li>\n\n\n\n<li>Brunno de Oliveira Penna;<\/li>\n\n\n\n<li>Cleir Leco Bertazzo;<\/li>\n\n\n\n<li>Eduardo Machado da Silva;<\/li>\n\n\n\n<li>Ester Ribeiro Aranha;<\/li>\n\n\n\n<li>Ewerton L. Mansur;<\/li>\n\n\n\n<li>Fabiano Loyola Provedel;<\/li>\n\n\n\n<li>Francis Barroso Sarcinelli;<\/li>\n\n\n\n<li>Geovanni Andreon Vi\u00e7osi;<\/li>\n\n\n\n<li>Jo\u00e3o Carlos Madal\u00e3o;<\/li>\n\n\n\n<li>Jo\u00e3o Marcelo da Silva Pereira;<\/li>\n\n\n\n<li>Madlles Queiroz Martins;<\/li>\n\n\n\n<li>Michel de Assis e Silva;<\/li>\n\n\n\n<li>Moacir Costalonga Jr;<\/li>\n\n\n\n<li>Nelsimar Bastos Gon\u00e7alo;<\/li>\n\n\n\n<li>Patrik Colombi;<\/li>\n\n\n\n<li>Rafael Regiani;<\/li>\n\n\n\n<li>Renato Dutra Milholi;<\/li>\n\n\n\n<li>Rodrigo Badar\u00f3 Martinuso;<\/li>\n\n\n\n<li>Tiago Tozetti Lima; e<\/li>\n\n\n\n<li>Rafael de Ara\u00fajo Machado.<\/li>\n<\/ul>\n\n\n\n<h4 class=\"wp-block-heading\">Observadores<\/h4>\n\n\n\n<ul class=\"wp-block-list\">\n<li>Jos\u00e9 Luiz de Souza;<\/li>\n\n\n\n<li>Luiz Carlos Paula da Costa;<\/li>\n\n\n\n<li>Paulo Carlos Ferreira da Silva;<\/li>\n\n\n\n<li>Paulo C\u00e9zar Arpini; e<\/li>\n\n\n\n<li>Wender Vaillant Moulin.<\/li>\n<\/ul>\n\n\n\n<h2 class=\"wp-block-heading\">Refer\u00eancias<\/h2>\n\n\n\n<p>ALLEN, R. G. et al. <strong>Crop evapotranspiration &#8211; Guidelines for computing crop water requirements &#8211; FAO Irrigation and drainage paper 56<\/strong>. [s.l: s.n.].<\/p>\n\n\n\n<p>BAMBINI, M. D.; FURTADO, A. T. <strong>Redes observa\u00e7\u00e3o e a evolu\u00e7\u00e3o tecnol\u00f3gica contribuindo para o desenvolvimento de modelos matem\u00e1ticos na Meteorologia no s\u00e9culo XX<\/strong>. SEMIN\u00c1RIO NACIONAL DE HIST\u00d3RIA DA CI\u00caNCIA E DA TECNOLOGIA, 12.; CONGRESSO LATINO-AMERICANO DE HIST\u00d3RIA<\/p>\n\n\n\n<p><br>BENDER, F. D. <strong>Mudan\u00e7as clim\u00e1ticas e seus impactos na produtividade da cultura de milho e estrat\u00e9gias de manejo para minimiza\u00e7\u00e3o de perdas em diferentes regi\u00f5es brasileiras<\/strong>. Piracicaba: USP Escola Superior de Agricultura Luiz de Queiroz, 2017.<\/p>\n\n\n\n<p>BRAGAN\u00c7A, R. <strong>Estudo comparativo da estimativa da evapotranspira\u00e7\u00e3o de refer\u00eancia para tr\u00eas localidades no estado do Esp\u00edrito Santo<\/strong>. [s.l.] Universidade Federal do Esp\u00edrito Santo, 2007.<\/p>\n\n\n\n<p>XAVIER, A. C.; KING, C. W.; SCANLON, B. R. Daily gridded meteorological variables in Brazil (1980\u20132013). <strong>International Journal of Climatology<\/strong>, v. 36, n. 6, p. 2644\u20132659, 2015.<\/p>\n","protected":false},"excerpt":{"rendered":"<div class=\"mh-excerpt\"><p>Introdu\u00e7\u00e3o: Os dados meteorol\u00f3gicos s\u00e3o extremamente importantes para diversas \u00e1reas do conhecimento, como por exemplo, para a agricultura, engenharia, constru\u00e7\u00e3o civil, transportes e na pr\u00f3pria <a class=\"mh-excerpt-more\" href=\"https:\/\/blog.ufes.br\/agromet\/inicio\/\" title=\"O PROJETO\">[&#8230;]<\/a><\/p>\n<\/div>","protected":false},"author":379,"featured_media":0,"parent":0,"menu_order":2,"comment_status":"closed","ping_status":"closed","template":"","meta":{"_bbp_topic_count":0,"_bbp_reply_count":0,"_bbp_total_topic_count":0,"_bbp_total_reply_count":0,"_bbp_voice_count":0,"_bbp_anonymous_reply_count":0,"_bbp_topic_count_hidden":0,"_bbp_reply_count_hidden":0,"_bbp_forum_subforum_count":0,"_uag_custom_page_level_css":"","footnotes":""},"class_list":["post-31","page","type-page","status-publish","hentry"],"uagb_featured_image_src":{"full":false,"thumbnail":false,"medium":false,"medium_large":false,"large":false,"1536x1536":false,"2048x2048":false,"mh-magazine-lite-slider":false,"mh-magazine-lite-content":false,"mh-magazine-lite-large":false,"mh-magazine-lite-medium":false,"mh-magazine-lite-small":false},"uagb_author_info":{"display_name":"guilherme.b.reis","author_link":"https:\/\/blog.ufes.br\/agromet\/author\/guilherme_barbosa-reis\/"},"uagb_comment_info":0,"uagb_excerpt":"Introdu\u00e7\u00e3o: Os dados meteorol\u00f3gicos s\u00e3o extremamente importantes para diversas \u00e1reas do conhecimento, como por exemplo, para a agricultura, engenharia, constru\u00e7\u00e3o civil, transportes e na pr\u00f3pria [...]","_links":{"self":[{"href":"https:\/\/blog.ufes.br\/agromet\/wp-json\/wp\/v2\/pages\/31","targetHints":{"allow":["GET"]}}],"collection":[{"href":"https:\/\/blog.ufes.br\/agromet\/wp-json\/wp\/v2\/pages"}],"about":[{"href":"https:\/\/blog.ufes.br\/agromet\/wp-json\/wp\/v2\/types\/page"}],"author":[{"embeddable":true,"href":"https:\/\/blog.ufes.br\/agromet\/wp-json\/wp\/v2\/users\/379"}],"replies":[{"embeddable":true,"href":"https:\/\/blog.ufes.br\/agromet\/wp-json\/wp\/v2\/comments?post=31"}],"version-history":[{"count":18,"href":"https:\/\/blog.ufes.br\/agromet\/wp-json\/wp\/v2\/pages\/31\/revisions"}],"predecessor-version":[{"id":7442,"href":"https:\/\/blog.ufes.br\/agromet\/wp-json\/wp\/v2\/pages\/31\/revisions\/7442"}],"wp:attachment":[{"href":"https:\/\/blog.ufes.br\/agromet\/wp-json\/wp\/v2\/media?parent=31"}],"curies":[{"name":"wp","href":"https:\/\/api.w.org\/{rel}","templated":true}]}}