{"id":35,"date":"2020-02-04T09:01:43","date_gmt":"2020-02-04T12:01:43","guid":{"rendered":"http:\/\/blog.ufes.br\/agromet\/?page_id=35"},"modified":"2025-06-23T16:25:56","modified_gmt":"2025-06-23T19:25:56","slug":"estacao","status":"publish","type":"page","link":"https:\/\/blog.ufes.br\/agromet\/estacao\/","title":{"rendered":"ESTA\u00c7\u00c3O METEOROL\u00d3GICA"},"content":{"rendered":"\n<p> No ano de 2006, em parceria com o Instituto Nacional de Meteorologia (Inmet), foi instalada no munic\u00edpio de Alegre &#8211; ES a Esta\u00e7\u00e3o Meteorol\u00f3gica de Observa\u00e7\u00e3o de Superf\u00edcie Autom\u00e1tica. Esta come\u00e7ou a operar, mais precisamente, em 25 de outubro de 2006.  Seu c\u00f3digo de identifica\u00e7\u00e3o \u00e9  Alegre-A617, c\u00f3digo OMM: 86828. A esta\u00e7\u00e3o pode ser observada nas Figuras 1 e 2.<\/p>\n\n\n\n<figure class=\"wp-block-gallery has-nested-images columns-default is-cropped wp-block-gallery-1 is-layout-flex wp-block-gallery-is-layout-flex\">\n<figure class=\"wp-block-image size-large\"><img loading=\"lazy\" decoding=\"async\" width=\"768\" height=\"1024\" data-id=\"7473\" src=\"https:\/\/blog.ufes.br\/agromet\/files\/2025\/06\/WhatsApp-Image-2025-06-23-at-11.03.49-768x1024.jpeg\" alt=\"\" class=\"wp-image-7473\" srcset=\"https:\/\/blog.ufes.br\/agromet\/files\/2025\/06\/WhatsApp-Image-2025-06-23-at-11.03.49-768x1024.jpeg 768w, https:\/\/blog.ufes.br\/agromet\/files\/2025\/06\/WhatsApp-Image-2025-06-23-at-11.03.49-225x300.jpeg 225w, https:\/\/blog.ufes.br\/agromet\/files\/2025\/06\/WhatsApp-Image-2025-06-23-at-11.03.49-1152x1536.jpeg 1152w, https:\/\/blog.ufes.br\/agromet\/files\/2025\/06\/WhatsApp-Image-2025-06-23-at-11.03.49-1536x2048.jpeg 1536w, https:\/\/blog.ufes.br\/agromet\/files\/2025\/06\/WhatsApp-Image-2025-06-23-at-11.03.49-scaled.jpeg 1920w\" sizes=\"auto, (max-width: 768px) 100vw, 768px\" \/><\/figure>\n\n\n\n<figure class=\"wp-block-image size-large\"><img loading=\"lazy\" decoding=\"async\" width=\"768\" height=\"1024\" data-id=\"7474\" src=\"https:\/\/blog.ufes.br\/agromet\/files\/2025\/06\/WhatsApp-Image-2025-06-23-at-11.03.57-1-768x1024.jpeg\" alt=\"\" class=\"wp-image-7474\" srcset=\"https:\/\/blog.ufes.br\/agromet\/files\/2025\/06\/WhatsApp-Image-2025-06-23-at-11.03.57-1-768x1024.jpeg 768w, https:\/\/blog.ufes.br\/agromet\/files\/2025\/06\/WhatsApp-Image-2025-06-23-at-11.03.57-1-225x300.jpeg 225w, https:\/\/blog.ufes.br\/agromet\/files\/2025\/06\/WhatsApp-Image-2025-06-23-at-11.03.57-1-1152x1536.jpeg 1152w, https:\/\/blog.ufes.br\/agromet\/files\/2025\/06\/WhatsApp-Image-2025-06-23-at-11.03.57-1-1536x2048.jpeg 1536w, https:\/\/blog.ufes.br\/agromet\/files\/2025\/06\/WhatsApp-Image-2025-06-23-at-11.03.57-1-scaled.jpeg 1920w\" sizes=\"auto, (max-width: 768px) 100vw, 768px\" \/><\/figure>\n<\/figure>\n\n\n\n<p class=\"has-text-align-left\"><sub><strong>Figura 1.<\/strong> Vista da esta\u00e7\u00e3o meteorol\u00f3gica autom\u00e1tica de Alegre.<\/sub>                  <sub><strong>Figura 2. <\/strong>Equipamentos da esta\u00e7\u00e3o meteorol\u00f3gica. <\/sub><\/p>\n\n\n\n<p>Uma esta\u00e7\u00e3o meteorol\u00f3gica de superf\u00edcie autom\u00e1tica \u00e9 composta de uma unidade de mem\u00f3ria central (&#8220;<em>data logger<\/em>&#8220;), ligada a v\u00e1rios sensores de par\u00e2metros meteorol\u00f3gicos (press\u00e3o atmosf\u00e9rica, temperatura e umidade relativa do ar, precipita\u00e7\u00e3o, radia\u00e7\u00e3o solar, dire\u00e7\u00e3o e velocidade do vento, etc), que integra os valores observados minuto a minuto e os disponibiliza automaticamente a cada hora.<\/p>\n\n\n\n<p>A esta\u00e7\u00e3o est\u00e1 localizada nas coordenadas 20,75\u00ba S de  latitude e  41,49\u00ba W de longitude e a uma altitude de 129 m. <\/p>\n\n\n\n<p><\/p>\n","protected":false},"excerpt":{"rendered":"<div class=\"mh-excerpt\"><p>No ano de 2006, em parceria com o Instituto Nacional de Meteorologia (Inmet), foi instalada no munic\u00edpio de Alegre &#8211; ES a Esta\u00e7\u00e3o Meteorol\u00f3gica de <a class=\"mh-excerpt-more\" href=\"https:\/\/blog.ufes.br\/agromet\/estacao\/\" title=\"ESTA\u00c7\u00c3O METEOROL\u00d3GICA\">[&#8230;]<\/a><\/p>\n<\/div>","protected":false},"author":379,"featured_media":0,"parent":0,"menu_order":4,"comment_status":"closed","ping_status":"closed","template":"","meta":{"_bbp_topic_count":0,"_bbp_reply_count":0,"_bbp_total_topic_count":0,"_bbp_total_reply_count":0,"_bbp_voice_count":0,"_bbp_anonymous_reply_count":0,"_bbp_topic_count_hidden":0,"_bbp_reply_count_hidden":0,"_bbp_forum_subforum_count":0,"_uag_custom_page_level_css":"","footnotes":""},"class_list":["post-35","page","type-page","status-publish","hentry"],"uagb_featured_image_src":{"full":false,"thumbnail":false,"medium":false,"medium_large":false,"large":false,"1536x1536":false,"2048x2048":false,"mh-magazine-lite-slider":false,"mh-magazine-lite-content":false,"mh-magazine-lite-large":false,"mh-magazine-lite-medium":false,"mh-magazine-lite-small":false},"uagb_author_info":{"display_name":"guilherme.b.reis","author_link":"https:\/\/blog.ufes.br\/agromet\/author\/guilherme_barbosa-reis\/"},"uagb_comment_info":0,"uagb_excerpt":"No ano de 2006, em parceria com o Instituto Nacional de Meteorologia (Inmet), foi instalada no munic\u00edpio de Alegre &#8211; ES a Esta\u00e7\u00e3o Meteorol\u00f3gica de [...]","_links":{"self":[{"href":"https:\/\/blog.ufes.br\/agromet\/wp-json\/wp\/v2\/pages\/35","targetHints":{"allow":["GET"]}}],"collection":[{"href":"https:\/\/blog.ufes.br\/agromet\/wp-json\/wp\/v2\/pages"}],"about":[{"href":"https:\/\/blog.ufes.br\/agromet\/wp-json\/wp\/v2\/types\/page"}],"author":[{"embeddable":true,"href":"https:\/\/blog.ufes.br\/agromet\/wp-json\/wp\/v2\/users\/379"}],"replies":[{"embeddable":true,"href":"https:\/\/blog.ufes.br\/agromet\/wp-json\/wp\/v2\/comments?post=35"}],"version-history":[{"count":22,"href":"https:\/\/blog.ufes.br\/agromet\/wp-json\/wp\/v2\/pages\/35\/revisions"}],"predecessor-version":[{"id":7477,"href":"https:\/\/blog.ufes.br\/agromet\/wp-json\/wp\/v2\/pages\/35\/revisions\/7477"}],"wp:attachment":[{"href":"https:\/\/blog.ufes.br\/agromet\/wp-json\/wp\/v2\/media?parent=35"}],"curies":[{"name":"wp","href":"https:\/\/api.w.org\/{rel}","templated":true}]}}