{"id":60,"date":"2020-02-04T12:29:33","date_gmt":"2020-02-04T15:29:33","guid":{"rendered":"http:\/\/blog.ufes.br\/agromet\/?page_id=60"},"modified":"2020-02-07T10:19:29","modified_gmt":"2020-02-07T13:19:29","slug":"boletim","status":"publish","type":"page","link":"https:\/\/blog.ufes.br\/agromet\/boletim\/","title":{"rendered":"BOLETIM"},"content":{"rendered":"\n<figure class=\"wp-block-image\"><img loading=\"lazy\" decoding=\"async\" width=\"570\" height=\"200\" src=\"https:\/\/blog.ufes.br\/agromet\/files\/2020\/02\/Design-sem-nome-2.png\" alt=\"\" class=\"wp-image-175\" \/><\/figure>\n\n\n\n<p>Nesta p\u00e1gina, voc\u00ea pode ter acesso ao resumo dos dados meteorol\u00f3gicos coletados da esta\u00e7\u00e3o meteorol\u00f3gica autom\u00e1tica. Estas informa\u00e7\u00f5es est\u00e3o distribu\u00eddas em escalas di\u00e1ria, semanal e mensal. Para ter acesso aos informes e boletins, basta clicar nos links a baixo.<\/p>\n\n\n\n<ul class=\"wp-block-list\"><li><a href=\"https:\/\/blog.ufes.br\/agromet\/category\/informes-diarios\/\">Informes Di\u00e1rios<\/a><\/li><li><a href=\"https:\/\/blog.ufes.br\/agromet\/category\/boletim-semanal\/\">Boletins Agrometeorol\u00f3gicos Semanais<\/a><\/li><li><a href=\"https:\/\/blog.ufes.br\/agromet\/category\/boletim-mensal\/\">Boletins Agrometeorol\u00f3gicos Mensais<\/a><\/li><\/ul>\n\n\n\n<p><\/p>\n","protected":false},"excerpt":{"rendered":"<div class=\"mh-excerpt\"><p>Nesta p\u00e1gina, voc\u00ea pode ter acesso ao resumo dos dados meteorol\u00f3gicos coletados da esta\u00e7\u00e3o meteorol\u00f3gica autom\u00e1tica. Estas informa\u00e7\u00f5es est\u00e3o distribu\u00eddas em escalas di\u00e1ria, semanal e <a class=\"mh-excerpt-more\" href=\"https:\/\/blog.ufes.br\/agromet\/boletim\/\" title=\"BOLETIM\">[&#8230;]<\/a><\/p>\n<\/div>","protected":false},"author":379,"featured_media":0,"parent":0,"menu_order":1,"comment_status":"closed","ping_status":"closed","template":"","meta":{"_bbp_topic_count":0,"_bbp_reply_count":0,"_bbp_total_topic_count":0,"_bbp_total_reply_count":0,"_bbp_voice_count":0,"_bbp_anonymous_reply_count":0,"_bbp_topic_count_hidden":0,"_bbp_reply_count_hidden":0,"_bbp_forum_subforum_count":0,"_uag_custom_page_level_css":"","footnotes":""},"class_list":["post-60","page","type-page","status-publish","hentry"],"uagb_featured_image_src":{"full":false,"thumbnail":false,"medium":false,"medium_large":false,"large":false,"1536x1536":false,"2048x2048":false,"mh-magazine-lite-slider":false,"mh-magazine-lite-content":false,"mh-magazine-lite-large":false,"mh-magazine-lite-medium":false,"mh-magazine-lite-small":false},"uagb_author_info":{"display_name":"guilherme.b.reis","author_link":"https:\/\/blog.ufes.br\/agromet\/author\/guilherme_barbosa-reis\/"},"uagb_comment_info":0,"uagb_excerpt":"Nesta p\u00e1gina, voc\u00ea pode ter acesso ao resumo dos dados meteorol\u00f3gicos coletados da esta\u00e7\u00e3o meteorol\u00f3gica autom\u00e1tica. Estas informa\u00e7\u00f5es est\u00e3o distribu\u00eddas em escalas di\u00e1ria, semanal e [...]","_links":{"self":[{"href":"https:\/\/blog.ufes.br\/agromet\/wp-json\/wp\/v2\/pages\/60","targetHints":{"allow":["GET"]}}],"collection":[{"href":"https:\/\/blog.ufes.br\/agromet\/wp-json\/wp\/v2\/pages"}],"about":[{"href":"https:\/\/blog.ufes.br\/agromet\/wp-json\/wp\/v2\/types\/page"}],"author":[{"embeddable":true,"href":"https:\/\/blog.ufes.br\/agromet\/wp-json\/wp\/v2\/users\/379"}],"replies":[{"embeddable":true,"href":"https:\/\/blog.ufes.br\/agromet\/wp-json\/wp\/v2\/comments?post=60"}],"version-history":[{"count":12,"href":"https:\/\/blog.ufes.br\/agromet\/wp-json\/wp\/v2\/pages\/60\/revisions"}],"predecessor-version":[{"id":176,"href":"https:\/\/blog.ufes.br\/agromet\/wp-json\/wp\/v2\/pages\/60\/revisions\/176"}],"wp:attachment":[{"href":"https:\/\/blog.ufes.br\/agromet\/wp-json\/wp\/v2\/media?parent=60"}],"curies":[{"name":"wp","href":"https:\/\/api.w.org\/{rel}","templated":true}]}}