{"id":75,"date":"2016-05-15T07:39:41","date_gmt":"2016-05-15T07:39:41","guid":{"rendered":"http:\/\/blog.ufes.br\/alantoribio\/?page_id=75"},"modified":"2016-05-16T01:41:15","modified_gmt":"2016-05-16T01:41:15","slug":"teaching","status":"publish","type":"page","link":"https:\/\/blog.ufes.br\/alantoribio\/teaching\/","title":{"rendered":"Teaching"},"content":{"rendered":"<h4><span style=\"color: #0000ff\"><strong>Mec\u00e2nica Cl\u00e1ssica:<\/strong><\/span><\/h4>\n<h5>\nNossa disciplina tem tr\u00eas partes:<br \/>\n1. Mec\u00e2nica de Newton e leis de conserva\u00e7\u00e3o<br \/>\n2. Mec\u00e2nica do Corpo R\u00edgido e Mec\u00e3nica Lagrangeana.<br \/>\n3. Mec\u00e2nica Hamiltoniana e T\u00f3picos diversos.<\/h5>\n<h5>Livros texto: Classical Mechanics por Tom Kibble and Frank Berkshire<\/h5>\n<p>&nbsp;<\/p>\n<h5><span style=\"color: #0000ff\">Listas:<\/span><br \/>\n* Primeira lista:<br \/>\n<a href=\"http:\/\/blog.ufes.br\/alantoribio\/files\/2016\/05\/listaMC.pdf\">listaMC<\/a><\/h5>\n","protected":false},"excerpt":{"rendered":"<p>Mec\u00e2nica Cl\u00e1ssica:<\/p>\n<p>Nossa disciplina tem tr\u00eas partes:<br \/>\n1. Mec\u00e2nica de Newton e leis de conserva\u00e7\u00e3o<br \/>\n2. Mec\u00e2nica do Corpo R\u00edgido e Mec\u00e3nica Lagrangeana.<br \/>\n3. Mec\u00e2nica Hamiltoniana e T\u00f3picos diversos.<br \/>\nLivros texto: Classical Mechanics por Tom Kibble and Frank Berkshire<br \/>\n&nbsp;<br \/>\nListas:<br \/>\n* Primeira lista:<br \/>\nlistaMC<\/p>\n","protected":false},"author":35,"featured_media":0,"parent":0,"menu_order":0,"comment_status":"closed","ping_status":"closed","template":"","meta":{"_bbp_topic_count":0,"_bbp_reply_count":0,"_bbp_total_topic_count":0,"_bbp_total_reply_count":0,"_bbp_voice_count":0,"_bbp_anonymous_reply_count":0,"_bbp_topic_count_hidden":0,"_bbp_reply_count_hidden":0,"_bbp_forum_subforum_count":0,"_uag_custom_page_level_css":"","footnotes":""},"class_list":["post-75","page","type-page","status-publish","hentry"],"uagb_featured_image_src":{"full":false,"thumbnail":false,"medium":false,"medium_large":false,"large":false,"1536x1536":false,"2048x2048":false,"post-thumbnail":false},"uagb_author_info":{"display_name":"Vel\u00e1squez Toribio","author_link":"https:\/\/blog.ufes.br\/alantoribio\/author\/alan_miguel-velasquez-toribio\/"},"uagb_comment_info":0,"uagb_excerpt":"Mec\u00e2nica Cl\u00e1ssica: Nossa disciplina tem tr\u00eas partes: 1. Mec\u00e2nica de Newton e leis de conserva\u00e7\u00e3o 2. Mec\u00e2nica do Corpo R\u00edgido e Mec\u00e3nica Lagrangeana. 3. Mec\u00e2nica Hamiltoniana e T\u00f3picos diversos. Livros texto: Classical Mechanics por Tom Kibble and Frank Berkshire &nbsp; Listas: * Primeira lista: listaMC","_links":{"self":[{"href":"https:\/\/blog.ufes.br\/alantoribio\/wp-json\/wp\/v2\/pages\/75","targetHints":{"allow":["GET"]}}],"collection":[{"href":"https:\/\/blog.ufes.br\/alantoribio\/wp-json\/wp\/v2\/pages"}],"about":[{"href":"https:\/\/blog.ufes.br\/alantoribio\/wp-json\/wp\/v2\/types\/page"}],"author":[{"embeddable":true,"href":"https:\/\/blog.ufes.br\/alantoribio\/wp-json\/wp\/v2\/users\/35"}],"replies":[{"embeddable":true,"href":"https:\/\/blog.ufes.br\/alantoribio\/wp-json\/wp\/v2\/comments?post=75"}],"version-history":[{"count":5,"href":"https:\/\/blog.ufes.br\/alantoribio\/wp-json\/wp\/v2\/pages\/75\/revisions"}],"predecessor-version":[{"id":101,"href":"https:\/\/blog.ufes.br\/alantoribio\/wp-json\/wp\/v2\/pages\/75\/revisions\/101"}],"wp:attachment":[{"href":"https:\/\/blog.ufes.br\/alantoribio\/wp-json\/wp\/v2\/media?parent=75"}],"curies":[{"name":"wp","href":"https:\/\/api.w.org\/{rel}","templated":true}]}}