{"id":79,"date":"2016-05-15T07:41:22","date_gmt":"2016-05-15T07:41:22","guid":{"rendered":"http:\/\/blog.ufes.br\/alantoribio\/?page_id=79"},"modified":"2016-05-16T01:46:20","modified_gmt":"2016-05-16T01:46:20","slug":"contact","status":"publish","type":"page","link":"https:\/\/blog.ufes.br\/alantoribio\/contact\/","title":{"rendered":"Contact"},"content":{"rendered":"<h2><span style=\"color: #0000ff\"><strong> Contacting Me <\/strong><\/span><\/h2>\n<h5>email: alan.toribio@ufes.br<br \/>\ntwitter: @alanMVT<br \/>\nProf. Dr. Alan MIguel Vel\u00e1squez Toribio<br \/>\nUniversidade Federal do Esp\u00edrito Santo<br \/>\nCentro de Ci\u00eancias Exatas &#8211; Depto. F\u00edsica<br \/>\nGrupo de Cosmologia e Gravita\u00e7\u00e3o<br \/>\nAv. Fernando Ferrari, 514<br \/>\nVit\u00f3ria &#8211; ES &#8211; Brasil<br \/>\nCEP: 29075-910<br \/>\n(27) 4009 7951<\/h5>\n","protected":false},"excerpt":{"rendered":"<p> Contacting Me<br \/>\nemail: alan.toribio@ufes.br<br \/>\ntwitter: @alanMVT<br \/>\nProf. Dr. Alan MIguel Vel\u00e1squez Toribio<br \/>\nUniversidade Federal do Esp\u00edrito Santo<br \/>\nCentro de Ci\u00eancias Exatas &#8211; Depto. F\u00edsica<br \/>\nGrupo de Cosmologia e Gravita\u00e7\u00e3o<br \/>\nAv. Fernando Ferrari, 514<br \/>\nVit\u00f3ria &#8211; ES &#8211; Brasil<br \/>\nCEP: 29075-910<br \/>\n(27) 4009 7951<\/p>\n","protected":false},"author":35,"featured_media":0,"parent":0,"menu_order":0,"comment_status":"closed","ping_status":"closed","template":"","meta":{"_bbp_topic_count":0,"_bbp_reply_count":0,"_bbp_total_topic_count":0,"_bbp_total_reply_count":0,"_bbp_voice_count":0,"_bbp_anonymous_reply_count":0,"_bbp_topic_count_hidden":0,"_bbp_reply_count_hidden":0,"_bbp_forum_subforum_count":0,"_uag_custom_page_level_css":"","footnotes":""},"class_list":["post-79","page","type-page","status-publish","hentry"],"uagb_featured_image_src":{"full":false,"thumbnail":false,"medium":false,"medium_large":false,"large":false,"1536x1536":false,"2048x2048":false,"post-thumbnail":false},"uagb_author_info":{"display_name":"Vel\u00e1squez Toribio","author_link":"https:\/\/blog.ufes.br\/alantoribio\/author\/alan_miguel-velasquez-toribio\/"},"uagb_comment_info":0,"uagb_excerpt":"Contacting Me email: alan.toribio@ufes.br twitter: @alanMVT Prof. Dr. Alan MIguel Vel\u00e1squez Toribio Universidade Federal do Esp\u00edrito Santo Centro de Ci\u00eancias Exatas &#8211; Depto. F\u00edsica Grupo de Cosmologia e Gravita\u00e7\u00e3o Av. Fernando Ferrari, 514 Vit\u00f3ria &#8211; ES &#8211; Brasil CEP: 29075-910 (27) 4009 7951","_links":{"self":[{"href":"https:\/\/blog.ufes.br\/alantoribio\/wp-json\/wp\/v2\/pages\/79","targetHints":{"allow":["GET"]}}],"collection":[{"href":"https:\/\/blog.ufes.br\/alantoribio\/wp-json\/wp\/v2\/pages"}],"about":[{"href":"https:\/\/blog.ufes.br\/alantoribio\/wp-json\/wp\/v2\/types\/page"}],"author":[{"embeddable":true,"href":"https:\/\/blog.ufes.br\/alantoribio\/wp-json\/wp\/v2\/users\/35"}],"replies":[{"embeddable":true,"href":"https:\/\/blog.ufes.br\/alantoribio\/wp-json\/wp\/v2\/comments?post=79"}],"version-history":[{"count":5,"href":"https:\/\/blog.ufes.br\/alantoribio\/wp-json\/wp\/v2\/pages\/79\/revisions"}],"predecessor-version":[{"id":102,"href":"https:\/\/blog.ufes.br\/alantoribio\/wp-json\/wp\/v2\/pages\/79\/revisions\/102"}],"wp:attachment":[{"href":"https:\/\/blog.ufes.br\/alantoribio\/wp-json\/wp\/v2\/media?parent=79"}],"curies":[{"name":"wp","href":"https:\/\/api.w.org\/{rel}","templated":true}]}}