{"id":27,"date":"2011-11-18T18:53:11","date_gmt":"2011-11-18T20:53:11","guid":{"rendered":"http:\/\/blog.ufes.br\/alessandrosarnaglia\/?page_id=27"},"modified":"2011-11-18T18:53:11","modified_gmt":"2011-11-18T20:53:11","slug":"sobre","status":"publish","type":"page","link":"https:\/\/blog.ufes.br\/alessandrosarnaglia\/sobre\/","title":{"rendered":"Sobre"},"content":{"rendered":"<p>Sou Professor Mestre em Estat\u00edstica, vinculado ao departamento de Estat\u00edstica da Universidade Federal do Esp\u00edrito Santo. Atuo, principalmente, na \u00e1rea de s\u00e9ries temporais. Pretendo com esse site fornecer dicas \u00fateis para pessoas que fazem uso da estat\u00edstica.<\/p>\n","protected":false},"excerpt":{"rendered":"<p>Sou Professor Mestre em Estat\u00edstica, vinculado ao departamento de Estat\u00edstica da Universidade Federal do Esp\u00edrito Santo. Atuo, principalmente, na \u00e1rea de s\u00e9ries temporais. Pretendo com esse site fornecer dicas \u00fateis para pessoas que fazem uso da estat\u00edstica.<\/p>\n","protected":false},"author":48,"featured_media":0,"parent":0,"menu_order":0,"comment_status":"open","ping_status":"open","template":"","meta":{"_bbp_topic_count":0,"_bbp_reply_count":0,"_bbp_total_topic_count":0,"_bbp_total_reply_count":0,"_bbp_voice_count":0,"_bbp_anonymous_reply_count":0,"_bbp_topic_count_hidden":0,"_bbp_reply_count_hidden":0,"_bbp_forum_subforum_count":0,"_uag_custom_page_level_css":"","footnotes":""},"class_list":["post-27","page","type-page","status-publish","hentry"],"uagb_featured_image_src":{"full":false,"thumbnail":false,"medium":false,"medium_large":false,"large":false,"1536x1536":false,"2048x2048":false,"post-thumbnail":false},"uagb_author_info":{"display_name":"Alessandro Jos\u00e9 Queiroz Sarnaglia","author_link":"https:\/\/blog.ufes.br\/alessandrosarnaglia\/author\/alessandro-sarnaglia\/"},"uagb_comment_info":3,"uagb_excerpt":"Sou Professor Mestre em Estat\u00edstica, vinculado ao departamento de Estat\u00edstica da Universidade Federal do Esp\u00edrito Santo. Atuo, principalmente, na \u00e1rea de s\u00e9ries temporais. Pretendo com esse site fornecer dicas \u00fateis para pessoas que fazem uso da estat\u00edstica.","_links":{"self":[{"href":"https:\/\/blog.ufes.br\/alessandrosarnaglia\/wp-json\/wp\/v2\/pages\/27","targetHints":{"allow":["GET"]}}],"collection":[{"href":"https:\/\/blog.ufes.br\/alessandrosarnaglia\/wp-json\/wp\/v2\/pages"}],"about":[{"href":"https:\/\/blog.ufes.br\/alessandrosarnaglia\/wp-json\/wp\/v2\/types\/page"}],"author":[{"embeddable":true,"href":"https:\/\/blog.ufes.br\/alessandrosarnaglia\/wp-json\/wp\/v2\/users\/48"}],"replies":[{"embeddable":true,"href":"https:\/\/blog.ufes.br\/alessandrosarnaglia\/wp-json\/wp\/v2\/comments?post=27"}],"version-history":[{"count":1,"href":"https:\/\/blog.ufes.br\/alessandrosarnaglia\/wp-json\/wp\/v2\/pages\/27\/revisions"}],"predecessor-version":[{"id":28,"href":"https:\/\/blog.ufes.br\/alessandrosarnaglia\/wp-json\/wp\/v2\/pages\/27\/revisions\/28"}],"wp:attachment":[{"href":"https:\/\/blog.ufes.br\/alessandrosarnaglia\/wp-json\/wp\/v2\/media?parent=27"}],"curies":[{"name":"wp","href":"https:\/\/api.w.org\/{rel}","templated":true}]}}