{"id":2,"date":"2019-06-27T15:31:29","date_gmt":"2019-06-27T18:31:29","guid":{"rendered":"http:\/\/blog.ufes.br\/arteposmidia\/?page_id=2"},"modified":"2023-03-16T15:15:52","modified_gmt":"2023-03-16T18:15:52","slug":"pagina-exemplo","status":"publish","type":"page","link":"https:\/\/blog.ufes.br\/arteposmidia\/pagina-exemplo\/","title":{"rendered":"sobre"},"content":{"rendered":"\n<p>Documenta\u00e7\u00e3o do trabalho de ensino, pesquisa e extens\u00e3o, desenvolvido por mim (Daniel Hora) na Universidade Federal do Esp\u00edrito Santo. Abrange tamb\u00e9m produ\u00e7\u00e3o te\u00f3rica, cr\u00edtica e curatorial em arte e m\u00eddia.<\/p>\n\n\n\n<hr class=\"wp-block-separator\" \/>\n\n\n\n<p><\/p>\n","protected":false},"excerpt":{"rendered":"<p>Documenta\u00e7\u00e3o do trabalho de ensino, pesquisa e extens\u00e3o, desenvolvido por mim (Daniel Hora) na Universidade [&hellip;]<\/p>\n","protected":false},"author":338,"featured_media":158,"parent":0,"menu_order":0,"comment_status":"closed","ping_status":"closed","template":"template-full.php","meta":{"_bbp_topic_count":0,"_bbp_reply_count":0,"_bbp_total_topic_count":0,"_bbp_total_reply_count":0,"_bbp_voice_count":0,"_bbp_anonymous_reply_count":0,"_bbp_topic_count_hidden":0,"_bbp_reply_count_hidden":0,"_bbp_forum_subforum_count":0,"_uag_custom_page_level_css":"","footnotes":""},"class_list":["post-2","page","type-page","status-publish","has-post-thumbnail","hentry"],"uagb_featured_image_src":{"full":["https:\/\/blog.ufes.br\/arteposmidia\/files\/2020\/11\/floppy-2203262_1280.jpg",1280,663,false],"thumbnail":["https:\/\/blog.ufes.br\/arteposmidia\/files\/2020\/11\/floppy-2203262_1280.jpg",150,78,false],"medium":["https:\/\/blog.ufes.br\/arteposmidia\/files\/2020\/11\/floppy-2203262_1280.jpg",300,155,false],"medium_large":["https:\/\/blog.ufes.br\/arteposmidia\/files\/2020\/11\/floppy-2203262_1280.jpg",635,329,false],"large":["https:\/\/blog.ufes.br\/arteposmidia\/files\/2020\/11\/floppy-2203262_1280.jpg",635,329,false],"1536x1536":["https:\/\/blog.ufes.br\/arteposmidia\/files\/2020\/11\/floppy-2203262_1280.jpg",1280,663,false],"2048x2048":["https:\/\/blog.ufes.br\/arteposmidia\/files\/2020\/11\/floppy-2203262_1280.jpg",1280,663,false],"post-thumbnail":["https:\/\/blog.ufes.br\/arteposmidia\/files\/2020\/11\/floppy-2203262_1280.jpg",50,26,false],"small":["https:\/\/blog.ufes.br\/arteposmidia\/files\/2020\/11\/floppy-2203262_1280.jpg",125,65,false],"blog":["https:\/\/blog.ufes.br\/arteposmidia\/files\/2020\/11\/floppy-2203262_1280.jpg",521,270,false],"portfoliowidget":["https:\/\/blog.ufes.br\/arteposmidia\/files\/2020\/11\/floppy-2203262_1280.jpg",56,29,false],"portfoliosmall":["https:\/\/blog.ufes.br\/arteposmidia\/files\/2020\/11\/floppy-2203262_1280.jpg",480,249,false],"portfoliosmallnc":["https:\/\/blog.ufes.br\/arteposmidia\/files\/2020\/11\/floppy-2203262_1280.jpg",480,249,false],"blogsmall":["https:\/\/blog.ufes.br\/arteposmidia\/files\/2020\/11\/floppy-2203262_1280.jpg",420,218,false],"portfoliolarge":["https:\/\/blog.ufes.br\/arteposmidia\/files\/2020\/11\/floppy-2203262_1280.jpg",1280,663,false],"itg_featured":["https:\/\/blog.ufes.br\/arteposmidia\/files\/2020\/11\/floppy-2203262_1280.jpg",500,259,false],"itg_post":["https:\/\/blog.ufes.br\/arteposmidia\/files\/2020\/11\/floppy-2203262_1280.jpg",250,129,false],"itg_widget":["https:\/\/blog.ufes.br\/arteposmidia\/files\/2020\/11\/floppy-2203262_1280.jpg",40,21,false]},"uagb_author_info":{"display_name":"daniel.hora","author_link":"https:\/\/blog.ufes.br\/arteposmidia\/author\/daniel_de-souza-neves-hora\/"},"uagb_comment_info":0,"uagb_excerpt":"Documenta\u00e7\u00e3o do trabalho de ensino, pesquisa e extens\u00e3o, desenvolvido por mim (Daniel Hora) na Universidade [&hellip;]","_links":{"self":[{"href":"https:\/\/blog.ufes.br\/arteposmidia\/wp-json\/wp\/v2\/pages\/2","targetHints":{"allow":["GET"]}}],"collection":[{"href":"https:\/\/blog.ufes.br\/arteposmidia\/wp-json\/wp\/v2\/pages"}],"about":[{"href":"https:\/\/blog.ufes.br\/arteposmidia\/wp-json\/wp\/v2\/types\/page"}],"author":[{"embeddable":true,"href":"https:\/\/blog.ufes.br\/arteposmidia\/wp-json\/wp\/v2\/users\/338"}],"replies":[{"embeddable":true,"href":"https:\/\/blog.ufes.br\/arteposmidia\/wp-json\/wp\/v2\/comments?post=2"}],"version-history":[{"count":19,"href":"https:\/\/blog.ufes.br\/arteposmidia\/wp-json\/wp\/v2\/pages\/2\/revisions"}],"predecessor-version":[{"id":160,"href":"https:\/\/blog.ufes.br\/arteposmidia\/wp-json\/wp\/v2\/pages\/2\/revisions\/160"}],"wp:featuredmedia":[{"embeddable":true,"href":"https:\/\/blog.ufes.br\/arteposmidia\/wp-json\/wp\/v2\/media\/158"}],"wp:attachment":[{"href":"https:\/\/blog.ufes.br\/arteposmidia\/wp-json\/wp\/v2\/media?parent=2"}],"curies":[{"name":"wp","href":"https:\/\/api.w.org\/{rel}","templated":true}]}}