{"id":41,"date":"2019-08-27T08:10:56","date_gmt":"2019-08-27T11:10:56","guid":{"rendered":"http:\/\/blog.ufes.br\/arteposmidia\/?page_id=41"},"modified":"2023-03-16T15:16:20","modified_gmt":"2023-03-16T18:16:20","slug":"ensino","status":"publish","type":"page","link":"https:\/\/blog.ufes.br\/arteposmidia\/ensino\/","title":{"rendered":"ensino"},"content":{"rendered":"\n<h3 class=\"wp-block-heading\">Programas e produ\u00e7\u00e3o discente<\/h3>\n\n\n\n<!--more-->\n\n\n\n<hr class=\"wp-block-separator\" \/>\n\n\n\n<ul class=\"wp-block-list\"><li><a href=\"https:\/\/blog.ufes.br\/arteposmidia\/files\/2020\/11\/2020-especial_Arte-e-m\u00eddias-contempor\u00e2neas_PPGA.pdf\" target=\"_blank\" rel=\"noreferrer noopener\">Arte e M\u00eddias Contempor\u00e2neas<\/a> (Programa de P\u00f3s-Gradua\u00e7\u00e3o em Artes &#8211; Ufes)<\/li><\/ul>\n\n\n\n<hr class=\"wp-block-separator\" \/>\n\n\n\n<p>Photo by&nbsp;<strong><a href=\"https:\/\/www.pexels.com\/@didsss?utm_content=attributionCopyText&amp;utm_medium=referral&amp;utm_source=pexels\">Dids<\/a><\/strong>&nbsp;from&nbsp;<strong><a href=\"https:\/\/www.pexels.com\/photo\/white-chalks-2675047\/?utm_content=attributionCopyText&amp;utm_medium=referral&amp;utm_source=pexels\">Pexels<\/a><\/strong><\/p>\n","protected":false},"excerpt":{"rendered":"<p>Programas e produ\u00e7\u00e3o discente<\/p>\n","protected":false},"author":338,"featured_media":147,"parent":0,"menu_order":0,"comment_status":"closed","ping_status":"closed","template":"template-full.php","meta":{"_bbp_topic_count":0,"_bbp_reply_count":0,"_bbp_total_topic_count":0,"_bbp_total_reply_count":0,"_bbp_voice_count":0,"_bbp_anonymous_reply_count":0,"_bbp_topic_count_hidden":0,"_bbp_reply_count_hidden":0,"_bbp_forum_subforum_count":0,"_uag_custom_page_level_css":"","footnotes":""},"class_list":["post-41","page","type-page","status-publish","has-post-thumbnail","hentry"],"uagb_featured_image_src":{"full":["https:\/\/blog.ufes.br\/arteposmidia\/files\/2020\/11\/pexels-dids-2675047.jpg",1920,2880,false],"thumbnail":["https:\/\/blog.ufes.br\/arteposmidia\/files\/2020\/11\/pexels-dids-2675047.jpg",100,150,false],"medium":["https:\/\/blog.ufes.br\/arteposmidia\/files\/2020\/11\/pexels-dids-2675047.jpg",200,300,false],"medium_large":["https:\/\/blog.ufes.br\/arteposmidia\/files\/2020\/11\/pexels-dids-2675047.jpg",635,953,false],"large":["https:\/\/blog.ufes.br\/arteposmidia\/files\/2020\/11\/pexels-dids-2675047.jpg",635,953,false],"1536x1536":["https:\/\/blog.ufes.br\/arteposmidia\/files\/2020\/11\/pexels-dids-2675047.jpg",1024,1536,false],"2048x2048":["https:\/\/blog.ufes.br\/arteposmidia\/files\/2020\/11\/pexels-dids-2675047.jpg",1365,2048,false],"post-thumbnail":["https:\/\/blog.ufes.br\/arteposmidia\/files\/2020\/11\/pexels-dids-2675047.jpg",33,50,false],"small":["https:\/\/blog.ufes.br\/arteposmidia\/files\/2020\/11\/pexels-dids-2675047.jpg",125,188,false],"blog":["https:\/\/blog.ufes.br\/arteposmidia\/files\/2020\/11\/pexels-dids-2675047.jpg",180,270,false],"portfoliowidget":["https:\/\/blog.ufes.br\/arteposmidia\/files\/2020\/11\/pexels-dids-2675047.jpg",37,56,false],"portfoliosmall":["https:\/\/blog.ufes.br\/arteposmidia\/files\/2020\/11\/pexels-dids-2675047.jpg",250,375,false],"portfoliosmallnc":["https:\/\/blog.ufes.br\/arteposmidia\/files\/2020\/11\/pexels-dids-2675047.jpg",480,720,false],"blogsmall":["https:\/\/blog.ufes.br\/arteposmidia\/files\/2020\/11\/pexels-dids-2675047.jpg",164,246,false],"portfoliolarge":["https:\/\/blog.ufes.br\/arteposmidia\/files\/2020\/11\/pexels-dids-2675047.jpg",1500,2250,false],"itg_featured":["https:\/\/blog.ufes.br\/arteposmidia\/files\/2020\/11\/pexels-dids-2675047.jpg",200,300,false],"itg_post":["https:\/\/blog.ufes.br\/arteposmidia\/files\/2020\/11\/pexels-dids-2675047.jpg",167,250,false],"itg_widget":["https:\/\/blog.ufes.br\/arteposmidia\/files\/2020\/11\/pexels-dids-2675047.jpg",27,40,false]},"uagb_author_info":{"display_name":"daniel.hora","author_link":"https:\/\/blog.ufes.br\/arteposmidia\/author\/daniel_de-souza-neves-hora\/"},"uagb_comment_info":0,"uagb_excerpt":"Programas e produ\u00e7\u00e3o discente","_links":{"self":[{"href":"https:\/\/blog.ufes.br\/arteposmidia\/wp-json\/wp\/v2\/pages\/41","targetHints":{"allow":["GET"]}}],"collection":[{"href":"https:\/\/blog.ufes.br\/arteposmidia\/wp-json\/wp\/v2\/pages"}],"about":[{"href":"https:\/\/blog.ufes.br\/arteposmidia\/wp-json\/wp\/v2\/types\/page"}],"author":[{"embeddable":true,"href":"https:\/\/blog.ufes.br\/arteposmidia\/wp-json\/wp\/v2\/users\/338"}],"replies":[{"embeddable":true,"href":"https:\/\/blog.ufes.br\/arteposmidia\/wp-json\/wp\/v2\/comments?post=41"}],"version-history":[{"count":12,"href":"https:\/\/blog.ufes.br\/arteposmidia\/wp-json\/wp\/v2\/pages\/41\/revisions"}],"predecessor-version":[{"id":1224,"href":"https:\/\/blog.ufes.br\/arteposmidia\/wp-json\/wp\/v2\/pages\/41\/revisions\/1224"}],"wp:featuredmedia":[{"embeddable":true,"href":"https:\/\/blog.ufes.br\/arteposmidia\/wp-json\/wp\/v2\/media\/147"}],"wp:attachment":[{"href":"https:\/\/blog.ufes.br\/arteposmidia\/wp-json\/wp\/v2\/media?parent=41"}],"curies":[{"name":"wp","href":"https:\/\/api.w.org\/{rel}","templated":true}]}}