{"id":46,"date":"2019-08-27T08:46:57","date_gmt":"2019-08-27T11:46:57","guid":{"rendered":"http:\/\/blog.ufes.br\/arteposmidia\/?page_id=46"},"modified":"2023-03-16T15:20:10","modified_gmt":"2023-03-16T18:20:10","slug":"pesquisa","status":"publish","type":"page","link":"https:\/\/blog.ufes.br\/arteposmidia\/pesquisa\/","title":{"rendered":"pesquisa e extens\u00e3o"},"content":{"rendered":"\n<p>Grupo de Estudos sobre Processos de Cria\u00e7\u00e3o em Curadoria (Ufes).<br><a href=\"https:\/\/www.plataformadecuradoria.com\/\">https:\/\/www.plataformadecuradoria.com\/<\/a><\/p>\n\n\n\n<hr class=\"wp-block-separator has-alpha-channel-opacity\" \/>\n\n\n\n<h1 class=\"wp-block-heading\">SISTEMAS DA ARTE P\u00d3S-DIGITAL:<br>ESTUDOS SOBRE CURADORIA EXPANDIDA EM PLATAFORMAS ON-LINE<br>APOIO: FAPES EDITAL UNIVERSAL 2021-2023\u00a0<\/h1>\n\n\n\n<p>Neste projeto prop\u00f5e-se a execu\u00e7\u00e3o de uma pesquisa destinada a suprir a lacuna e impulsionar a produ\u00e7\u00e3o de conhecimento sistematizado sobre os desdobramentos est\u00e9ticos e socioculturais do uso de plataformas on-line para a circula\u00e7\u00e3o da arte. Como recorte temporal, a pesquisa se concentra no estudo de experi\u00eancias ocorridas entre 2019 e 2022 \u2013 abrangendo, portanto, um per\u00edodo precedente e subsequente \u00e0s restri\u00e7\u00f5es \u00e0 circula\u00e7\u00e3o de pessoas no espa\u00e7o p\u00fablico para conten\u00e7\u00e3o da pandemia do novo coronav\u00edrus. O objetivo da pesquisa \u00e9 organizar uma base de dados, informa\u00e7\u00f5es e an\u00e1lises de casos, para refer\u00eancia do p\u00fablico interessado em pr\u00e1ticas curatoriais expandidas para ambientes baseados na virtualidade da media\u00e7\u00e3o espa\u00e7o-temporal e na articula\u00e7\u00e3o de redes de comunica\u00e7\u00e3o.&nbsp;<\/p>\n\n\n\n<p>\u200b<\/p>\n\n\n\n<p>O trabalho \u00e9 conduzido por meio de metodologia qualitativa, com uso pontual de m\u00e9todos mistos conforme a disponibilidade de dados e a viabilidade de sua estrutura\u00e7\u00e3o e an\u00e1lise quantitativa. S\u00e3o realizados estudos bibliogr\u00e1ficos, mapeamento de experi\u00eancias de curadoria em plataformas on-line, an\u00e1lises conceituais e t\u00e9cnicas de casos e a\u00e7\u00f5es experimentais de participa\u00e7\u00e3o ou organiza\u00e7\u00e3o de exposi\u00e7\u00f5es no ambiente virtual.&nbsp;<\/p>\n\n\n\n<p>Como resultados esperados, a pesquisa ter\u00e1 como principal produto a publica\u00e7\u00e3o da sistematiza\u00e7\u00e3o de dados coletados, informa\u00e7\u00f5es e an\u00e1lises neste site. Al\u00e9m disso, o trabalho ser\u00e1 vertido para publica\u00e7\u00f5es acad\u00eamicas, no formato de artigos ou de comunica\u00e7\u00f5es em eventos promovidos por institui\u00e7\u00f5es e pares da \u00e1rea de artes e outras \u00e1reas afins. Por fim, a pesquisa contribuir\u00e1 para suprir atividades de ensino e extens\u00e3o gerando subs\u00eddios em l\u00edngua portuguesa sobre a tem\u00e1tica emergente abordada.&nbsp;<\/p>\n\n\n\n<p>A pesquisa \u00e9 realizada com financiamento da Fapes &#8211; Edital Universal.<\/p>\n\n\n\n<p>\u200b<\/p>\n\n\n\n<p><strong>PESQUISADORES PRINCIPAIS<\/strong><\/p>\n\n\n\n<p>Prof. Dr. DANIEL HORA<\/p>\n\n\n\n<p>Departamento de Artes Visuais e PPGA da Ufes<\/p>\n\n\n\n<p>\u200b<\/p>\n\n\n\n<p>Profa. Dra. ANANDA CARVALHO<\/p>\n\n\n\n<p>Departamento de Artes Visuais da Ufes<\/p>\n\n\n\n<p>Coordenadora da Galeria de Arte Espa\u00e7o Universit\u00e1rio da Ufes<\/p>\n\n\n\n<p>\u200b<\/p>\n\n\n\n<p>Prof. Dr.&nbsp; MIGUEL GALLY DE ANDRADE<\/p>\n\n\n\n<p>Depto. de Teoria e Hist\u00f3ria da Faculdade de Arquitetura e Urbanismo e<\/p>\n\n\n\n<p>PPGFAU da Universidade de Bras\u00edlia.<\/p>\n\n\n\n<p>\u200b<\/p>\n\n\n\n<p><strong>PESQUISADORES COLABORADORES<\/strong><\/p>\n\n\n\n<p>Prof. Dr.&nbsp; GABRIEL MENOTTI GONRING<\/p>\n\n\n\n<p>Queen&#8217;s University, Canad\u00e1<\/p>\n\n\n\n<p>\u200b<\/p>\n\n\n\n<p>Prof. Dr.&nbsp; MIRO SOARES<\/p>\n\n\n\n<p>Departamento de Artes Visuais da Ufes.<\/p>\n\n\n\n<p>\u200b<\/p>\n\n\n\n<p>Prof. Dr.&nbsp; LEANDRO LESQUEVES COSTALONGA<\/p>\n\n\n\n<p>Departamento de Computa\u00e7\u00e3o e Eletr\u00f4nica, Ceunes, e PPGA da Ufes.\u200b<\/p>\n\n\n\n<p>\u200b<\/p>\n\n\n\n<p><strong>PESQUISADORAS DE MESTRADO<\/strong><\/p>\n\n\n\n<p>KARYNE BERGER MIERTSCHINK (PPGA-UFES)<\/p>\n\n\n\n<p>LARISSA PEREIRA (PPGA-UFES)<\/p>\n\n\n\n<p>VIRGINIA MANFRINATO CAVALCANTE (PPGFAU-UNB)<\/p>\n\n\n\n<figure class=\"wp-block-image\"><img decoding=\"async\" src=\"https:\/\/static.wixstatic.com\/media\/54bcb0_61285a653e0d406ebd15dbedf47279a2~mv2.png\/v1\/fill\/w_971,h_241,al_c,q_85,usm_0.66_1.00_0.01,enc_auto\/54bcb0_61285a653e0d406ebd15dbedf47279a2~mv2.png\" alt=\"\" \/><\/figure>\n\n\n\n<p>Photo by <a href=\"https:\/\/unsplash.com\/@qwitka?utm_source=unsplash&amp;utm_medium=referral&amp;utm_content=creditCopyText\">Maksym Kaharlytskyi<\/a> on <a href=\"https:\/\/unsplash.com\/s\/photos\/cabinet-file?utm_source=unsplash&amp;utm_medium=referral&amp;utm_content=creditCopyText\">Unsplash<\/a><\/p>\n","protected":false},"excerpt":{"rendered":"<p>Grupo de Estudos sobre Processos de Cria\u00e7\u00e3o em Curadoria (Ufes).https:\/\/www.plataformadecuradoria.com\/ SISTEMAS DA ARTE P\u00d3S-DIGITAL:ESTUDOS SOBRE [&hellip;]<\/p>\n","protected":false},"author":338,"featured_media":139,"parent":0,"menu_order":0,"comment_status":"closed","ping_status":"closed","template":"template-full.php","meta":{"_bbp_topic_count":0,"_bbp_reply_count":0,"_bbp_total_topic_count":0,"_bbp_total_reply_count":0,"_bbp_voice_count":0,"_bbp_anonymous_reply_count":0,"_bbp_topic_count_hidden":0,"_bbp_reply_count_hidden":0,"_bbp_forum_subforum_count":0,"_uag_custom_page_level_css":"","footnotes":""},"class_list":["post-46","page","type-page","status-publish","has-post-thumbnail","hentry"],"uagb_featured_image_src":{"full":["https:\/\/blog.ufes.br\/arteposmidia\/files\/2020\/11\/maksym-kaharlytskyi-Q9y3LRuuxmg-unsplash.jpg",2400,1597,false],"thumbnail":["https:\/\/blog.ufes.br\/arteposmidia\/files\/2020\/11\/maksym-kaharlytskyi-Q9y3LRuuxmg-unsplash.jpg",150,100,false],"medium":["https:\/\/blog.ufes.br\/arteposmidia\/files\/2020\/11\/maksym-kaharlytskyi-Q9y3LRuuxmg-unsplash.jpg",300,200,false],"medium_large":["https:\/\/blog.ufes.br\/arteposmidia\/files\/2020\/11\/maksym-kaharlytskyi-Q9y3LRuuxmg-unsplash.jpg",635,423,false],"large":["https:\/\/blog.ufes.br\/arteposmidia\/files\/2020\/11\/maksym-kaharlytskyi-Q9y3LRuuxmg-unsplash.jpg",635,423,false],"1536x1536":["https:\/\/blog.ufes.br\/arteposmidia\/files\/2020\/11\/maksym-kaharlytskyi-Q9y3LRuuxmg-unsplash.jpg",1536,1022,false],"2048x2048":["https:\/\/blog.ufes.br\/arteposmidia\/files\/2020\/11\/maksym-kaharlytskyi-Q9y3LRuuxmg-unsplash.jpg",2048,1363,false],"post-thumbnail":["https:\/\/blog.ufes.br\/arteposmidia\/files\/2020\/11\/maksym-kaharlytskyi-Q9y3LRuuxmg-unsplash.jpg",50,33,false],"small":["https:\/\/blog.ufes.br\/arteposmidia\/files\/2020\/11\/maksym-kaharlytskyi-Q9y3LRuuxmg-unsplash.jpg",125,83,false],"blog":["https:\/\/blog.ufes.br\/arteposmidia\/files\/2020\/11\/maksym-kaharlytskyi-Q9y3LRuuxmg-unsplash.jpg",406,270,false],"portfoliowidget":["https:\/\/blog.ufes.br\/arteposmidia\/files\/2020\/11\/maksym-kaharlytskyi-Q9y3LRuuxmg-unsplash.jpg",56,37,false],"portfoliosmall":["https:\/\/blog.ufes.br\/arteposmidia\/files\/2020\/11\/maksym-kaharlytskyi-Q9y3LRuuxmg-unsplash.jpg",480,319,false],"portfoliosmallnc":["https:\/\/blog.ufes.br\/arteposmidia\/files\/2020\/11\/maksym-kaharlytskyi-Q9y3LRuuxmg-unsplash.jpg",480,319,false],"blogsmall":["https:\/\/blog.ufes.br\/arteposmidia\/files\/2020\/11\/maksym-kaharlytskyi-Q9y3LRuuxmg-unsplash.jpg",370,246,false],"portfoliolarge":["https:\/\/blog.ufes.br\/arteposmidia\/files\/2020\/11\/maksym-kaharlytskyi-Q9y3LRuuxmg-unsplash.jpg",1500,998,false],"itg_featured":["https:\/\/blog.ufes.br\/arteposmidia\/files\/2020\/11\/maksym-kaharlytskyi-Q9y3LRuuxmg-unsplash.jpg",451,300,false],"itg_post":["https:\/\/blog.ufes.br\/arteposmidia\/files\/2020\/11\/maksym-kaharlytskyi-Q9y3LRuuxmg-unsplash.jpg",250,166,false],"itg_widget":["https:\/\/blog.ufes.br\/arteposmidia\/files\/2020\/11\/maksym-kaharlytskyi-Q9y3LRuuxmg-unsplash.jpg",40,27,false]},"uagb_author_info":{"display_name":"daniel.hora","author_link":"https:\/\/blog.ufes.br\/arteposmidia\/author\/daniel_de-souza-neves-hora\/"},"uagb_comment_info":0,"uagb_excerpt":"Grupo de Estudos sobre Processos de Cria\u00e7\u00e3o em Curadoria (Ufes).https:\/\/www.plataformadecuradoria.com\/ SISTEMAS DA ARTE P\u00d3S-DIGITAL:ESTUDOS SOBRE [&hellip;]","_links":{"self":[{"href":"https:\/\/blog.ufes.br\/arteposmidia\/wp-json\/wp\/v2\/pages\/46","targetHints":{"allow":["GET"]}}],"collection":[{"href":"https:\/\/blog.ufes.br\/arteposmidia\/wp-json\/wp\/v2\/pages"}],"about":[{"href":"https:\/\/blog.ufes.br\/arteposmidia\/wp-json\/wp\/v2\/types\/page"}],"author":[{"embeddable":true,"href":"https:\/\/blog.ufes.br\/arteposmidia\/wp-json\/wp\/v2\/users\/338"}],"replies":[{"embeddable":true,"href":"https:\/\/blog.ufes.br\/arteposmidia\/wp-json\/wp\/v2\/comments?post=46"}],"version-history":[{"count":9,"href":"https:\/\/blog.ufes.br\/arteposmidia\/wp-json\/wp\/v2\/pages\/46\/revisions"}],"predecessor-version":[{"id":1277,"href":"https:\/\/blog.ufes.br\/arteposmidia\/wp-json\/wp\/v2\/pages\/46\/revisions\/1277"}],"wp:featuredmedia":[{"embeddable":true,"href":"https:\/\/blog.ufes.br\/arteposmidia\/wp-json\/wp\/v2\/media\/139"}],"wp:attachment":[{"href":"https:\/\/blog.ufes.br\/arteposmidia\/wp-json\/wp\/v2\/media?parent=46"}],"curies":[{"name":"wp","href":"https:\/\/api.w.org\/{rel}","templated":true}]}}