{"id":578,"date":"2017-02-05T17:45:16","date_gmt":"2017-02-05T19:45:16","guid":{"rendered":"http:\/\/blog.ufes.br\/cabio\/?page_id=578"},"modified":"2018-12-09T22:55:06","modified_gmt":"2018-12-10T00:55:06","slug":"gestao-2018-2","status":"publish","type":"page","link":"https:\/\/blog.ufes.br\/cabio\/gestao-2018-2\/","title":{"rendered":"Gest\u00e3o 2018\/2"},"content":{"rendered":"<h1 style=\"text-align: center\"><span style=\"color: #ff0000\">Diretoria de Organiza\u00e7\u00e3o<\/span><\/h1>\n<figure id=\"attachment_620\" aria-describedby=\"caption-attachment-620\" style=\"width: 640px\" class=\"wp-caption aligncenter\"><a href=\"http:\/\/blog.ufes.br\/cabio\/files\/2018\/09\/37106245_998156317007199_583393967685500928_n.jpg\"><img loading=\"lazy\" decoding=\"async\" class=\"size-full wp-image-620\" src=\"http:\/\/blog.ufes.br\/cabio\/files\/2018\/09\/37106245_998156317007199_583393967685500928_n.jpg\" alt=\"\" width=\"640\" height=\"640\" \/><\/a><figcaption id=\"caption-attachment-620\" class=\"wp-caption-text\">Wagner Vitor<\/figcaption><\/figure>\n<figure id=\"attachment_616\" aria-describedby=\"caption-attachment-616\" style=\"width: 603px\" class=\"wp-caption aligncenter\"><a href=\"http:\/\/blog.ufes.br\/cabio\/files\/2018\/09\/16730322_1372220616186430_8347257249899454904_n.jpg\"><img loading=\"lazy\" decoding=\"async\" class=\" wp-image-616\" src=\"http:\/\/blog.ufes.br\/cabio\/files\/2018\/09\/16730322_1372220616186430_8347257249899454904_n.jpg\" alt=\"\" width=\"603\" height=\"606\" \/><\/a><figcaption id=\"caption-attachment-616\" class=\"wp-caption-text\">Inglid Souza<\/figcaption><\/figure>\n<figure id=\"attachment_675\" aria-describedby=\"caption-attachment-675\" style=\"width: 640px\" class=\"wp-caption alignnone\"><a href=\"http:\/\/blog.ufes.br\/cabio\/files\/2018\/10\/pp.jpg\"><img loading=\"lazy\" decoding=\"async\" class=\"wp-image-675 size-full\" src=\"http:\/\/blog.ufes.br\/cabio\/files\/2018\/10\/pp.jpg\" alt=\"Nicole Carraretto\" width=\"640\" height=\"640\" \/><\/a><figcaption id=\"caption-attachment-675\" class=\"wp-caption-text\">Nicole Carraretto<\/figcaption><\/figure>\n<h1 style=\"text-align: center\"><span style=\"color: #ff9900\">Diretoria de Rela\u00e7\u00f5es Institucionais<\/span><\/h1>\n<figure id=\"attachment_615\" aria-describedby=\"caption-attachment-615\" style=\"width: 853px\" class=\"wp-caption aligncenter\"><a href=\"http:\/\/blog.ufes.br\/cabio\/files\/2018\/09\/15135884_914056352059123_2308283252163544235_n.jpg\"><img loading=\"lazy\" decoding=\"async\" class=\"size-full wp-image-615\" src=\"http:\/\/blog.ufes.br\/cabio\/files\/2018\/09\/15135884_914056352059123_2308283252163544235_n.jpg\" alt=\"\" width=\"853\" height=\"853\" \/><\/a><figcaption id=\"caption-attachment-615\" class=\"wp-caption-text\">Henrique Tamanini<\/figcaption><\/figure>\n<figure id=\"attachment_622\" aria-describedby=\"caption-attachment-622\" style=\"width: 958px\" class=\"wp-caption alignnone\"><a href=\"http:\/\/blog.ufes.br\/cabio\/files\/2018\/09\/37861581_1891149054275752_2882839180730171392_n.jpg\"><img loading=\"lazy\" decoding=\"async\" class=\"size-full wp-image-622\" src=\"http:\/\/blog.ufes.br\/cabio\/files\/2018\/09\/37861581_1891149054275752_2882839180730171392_n.jpg\" alt=\"\" width=\"958\" height=\"960\" \/><\/a><figcaption id=\"caption-attachment-622\" class=\"wp-caption-text\">Sabrina Caram<\/figcaption><\/figure>\n<h1 style=\"text-align: center\"><span style=\"color: #ffff00\">Diretoria de Comunica\u00e7\u00e3o<\/span><\/h1>\n<p>Vago<\/p>\n<h1 style=\"text-align: center\"><span style=\"color: #51a836\">Diretoria de Cultura<\/span><\/h1>\n<figure id=\"attachment_623\" aria-describedby=\"caption-attachment-623\" style=\"width: 960px\" class=\"wp-caption aligncenter\"><a href=\"http:\/\/blog.ufes.br\/cabio\/files\/2018\/09\/13882078_1045657035554662_3186394084418826547_n.jpg\"><img loading=\"lazy\" decoding=\"async\" class=\"size-full wp-image-623\" src=\"http:\/\/blog.ufes.br\/cabio\/files\/2018\/09\/13882078_1045657035554662_3186394084418826547_n.jpg\" alt=\"\" width=\"960\" height=\"960\" \/><\/a><figcaption id=\"caption-attachment-623\" class=\"wp-caption-text\">Brendo Santos<\/figcaption><\/figure>\n<figure id=\"attachment_621\" aria-describedby=\"caption-attachment-621\" style=\"width: 960px\" class=\"wp-caption aligncenter\"><a href=\"http:\/\/blog.ufes.br\/cabio\/files\/2018\/09\/37276179_2073582492715344_5642498364403613696_n.jpg\"><img loading=\"lazy\" decoding=\"async\" class=\"size-full wp-image-621\" src=\"http:\/\/blog.ufes.br\/cabio\/files\/2018\/09\/37276179_2073582492715344_5642498364403613696_n.jpg\" alt=\"\" width=\"960\" height=\"960\" \/><\/a><figcaption id=\"caption-attachment-621\" class=\"wp-caption-text\">Breno Ramos<\/figcaption><\/figure>\n<figure id=\"attachment_618\" aria-describedby=\"caption-attachment-618\" style=\"width: 960px\" class=\"wp-caption aligncenter\"><a href=\"http:\/\/blog.ufes.br\/cabio\/files\/2018\/09\/36956168_1497612957009379_2958005399082500096_n.jpg\"><img loading=\"lazy\" decoding=\"async\" class=\"size-full wp-image-618\" src=\"http:\/\/blog.ufes.br\/cabio\/files\/2018\/09\/36956168_1497612957009379_2958005399082500096_n.jpg\" alt=\"\" width=\"960\" height=\"960\" \/><\/a><figcaption id=\"caption-attachment-618\" class=\"wp-caption-text\">Ricieire Melotti<\/figcaption><\/figure>\n<h1 style=\"text-align: center\"><span style=\"color: #33cccc\">Diretoria de Arquivo Hist\u00f3rico<\/span><\/h1>\n<figure id=\"attachment_617\" aria-describedby=\"caption-attachment-617\" style=\"width: 960px\" class=\"wp-caption aligncenter\"><a href=\"http:\/\/blog.ufes.br\/cabio\/files\/2018\/09\/20992596_1111961388948106_6418496788665877494_n.jpg\"><img loading=\"lazy\" decoding=\"async\" class=\"size-full wp-image-617\" src=\"http:\/\/blog.ufes.br\/cabio\/files\/2018\/09\/20992596_1111961388948106_6418496788665877494_n.jpg\" alt=\"\" width=\"960\" height=\"960\" \/><\/a><figcaption id=\"caption-attachment-617\" class=\"wp-caption-text\">Macley Oliveira<\/figcaption><\/figure>\n","protected":false},"excerpt":{"rendered":"<p>Diretoria de Organiza\u00e7\u00e3o Diretoria de Rela\u00e7\u00f5es Institucionais Diretoria de Comunica\u00e7\u00e3o Vago Diretoria de Cultura Diretoria de Arquivo Hist\u00f3rico<\/p>\n","protected":false},"author":203,"featured_media":0,"parent":0,"menu_order":1,"comment_status":"closed","ping_status":"closed","template":"","meta":{"_bbp_topic_count":0,"_bbp_reply_count":0,"_bbp_total_topic_count":0,"_bbp_total_reply_count":0,"_bbp_voice_count":0,"_bbp_anonymous_reply_count":0,"_bbp_topic_count_hidden":0,"_bbp_reply_count_hidden":0,"_bbp_forum_subforum_count":0,"_uag_custom_page_level_css":"","footnotes":""},"class_list":["post-578","page","type-page","status-publish","hentry"],"uagb_featured_image_src":{"full":false,"thumbnail":false,"medium":false,"medium_large":false,"large":false,"1536x1536":false,"2048x2048":false,"post-thumbnail":false},"uagb_author_info":{"display_name":"Patricia Pinheiro","author_link":"https:\/\/blog.ufes.br\/cabio\/author\/patricia-s-pinheiro\/"},"uagb_comment_info":0,"uagb_excerpt":"Diretoria de Organiza\u00e7\u00e3o Diretoria de Rela\u00e7\u00f5es Institucionais Diretoria de Comunica\u00e7\u00e3o Vago Diretoria de Cultura Diretoria de Arquivo Hist\u00f3rico","_links":{"self":[{"href":"https:\/\/blog.ufes.br\/cabio\/wp-json\/wp\/v2\/pages\/578","targetHints":{"allow":["GET"]}}],"collection":[{"href":"https:\/\/blog.ufes.br\/cabio\/wp-json\/wp\/v2\/pages"}],"about":[{"href":"https:\/\/blog.ufes.br\/cabio\/wp-json\/wp\/v2\/types\/page"}],"author":[{"embeddable":true,"href":"https:\/\/blog.ufes.br\/cabio\/wp-json\/wp\/v2\/users\/203"}],"replies":[{"embeddable":true,"href":"https:\/\/blog.ufes.br\/cabio\/wp-json\/wp\/v2\/comments?post=578"}],"version-history":[{"count":13,"href":"https:\/\/blog.ufes.br\/cabio\/wp-json\/wp\/v2\/pages\/578\/revisions"}],"predecessor-version":[{"id":676,"href":"https:\/\/blog.ufes.br\/cabio\/wp-json\/wp\/v2\/pages\/578\/revisions\/676"}],"wp:attachment":[{"href":"https:\/\/blog.ufes.br\/cabio\/wp-json\/wp\/v2\/media?parent=578"}],"curies":[{"name":"wp","href":"https:\/\/api.w.org\/{rel}","templated":true}]}}