{"id":59,"date":"2014-12-28T16:32:53","date_gmt":"2014-12-28T18:32:53","guid":{"rendered":"http:\/\/blog.ufes.br\/cabio\/?page_id=59"},"modified":"2018-12-09T22:52:06","modified_gmt":"2018-12-10T00:52:06","slug":"inicio","status":"publish","type":"page","link":"https:\/\/blog.ufes.br\/cabio\/","title":{"rendered":"In\u00edcio"},"content":{"rendered":"<div class=\"text_exposed_show\">\n<p style=\"text-align: center\">O Centro Acad\u00eamico de Ci\u00eancias Biol\u00f3gicas \u00e9 uma entidade pol\u00edtico estudantil que realiza o di\u00e1logo entre os estudantes de Biologia da UFES e a universidade, fazendo assim uma ponte aproximando os v\u00e1rios setores da Universidade e o corpo estudantil. O CABio, como \u00e9 conhecido, para al\u00e9m do campo pol\u00edtico tamb\u00e9m realiza eventos socioculturais, acad\u00eamicos e de lazer, nos \u00faltimos anos houve estreitamento de la\u00e7os com a Entidade Nacional dos Estudantes de Biologia (ENEBio), onde os alunos do curso se sentiram a vontade para desenvolver projetos maiores como o 35\u00ba Encontro Nacional dos Estudantes de Biologia, realizado em julho de 2015.<\/p>\n<\/div>\n<p style=\"text-align: center\">Por que Paulo C\u00e9sar Vinha?<\/p>\n<p style=\"text-align: center\">Paulo C\u00e9sar foi aluno de Ci\u00eancias Biol\u00f3gicas da UFES sendo colega de classe de v\u00e1rios professores que hoje comp\u00f5em o quadro de docentes do departamento.<\/p>\n<div class=\"text_exposed_show\">\n<p style=\"text-align: center\">&#8220;Paulo C\u00e9sar Vinha foi v\u00edtima de uma armadilha quando fazia fotos no Parque\u00a0 Estadual de Setiba para seu trabalho de bi\u00f3logo. No fim de semana anterior, havia participado na Barra do Jucu, de uma manifesta\u00e7\u00e3o contra extra\u00e7\u00e3o ilegal de areia na regi\u00e3o. No dia em que foi morto, os assassinos estavam extraindo areia ilegalmente na reserva e ao v\u00ea-lo com uma m\u00e1quina fotogr\u00e1fica, acharam que o objetivo dele era registrar o crime. Armaram um cilada e o mataram a tiros.&#8221;<\/p>\n<\/div>\n<p style=\"text-align: center\"><span class=\"text_exposed_show\">&#8220;Onde houver luta, eu estarei ali, incomodando!&#8221;<\/span><\/p>\n<div class=\"text_exposed_show\">\n<p style=\"text-align: center\"><a href=\"http:\/\/blog.ufes.br\/cabio\/files\/2014\/12\/11148374_828219867271055_3358347286630794025_n.jpg\"><img loading=\"lazy\" decoding=\"async\" class=\"aligncenter wp-image-388\" src=\"http:\/\/blog.ufes.br\/cabio\/files\/2014\/12\/11148374_828219867271055_3358347286630794025_n-150x150.jpg\" alt=\"\" width=\"336\" height=\"527\" srcset=\"https:\/\/blog.ufes.br\/cabio\/files\/2014\/12\/11148374_828219867271055_3358347286630794025_n-191x300.jpg 191w, https:\/\/blog.ufes.br\/cabio\/files\/2014\/12\/11148374_828219867271055_3358347286630794025_n.jpg 306w\" sizes=\"auto, (max-width: 336px) 100vw, 336px\" \/><\/a><\/p>\n<p style=\"text-align: center\">(foto de Sergio Martins Filho Lob\u00e3o , utilizada em panfleto de sua candidatura a vereador de Vila Velha\/1992 e no cartaz feito por Otaviano de Carvalho, tamb\u00e9m falecido tragicamente)&#8221;<\/p>\n<\/div>\n","protected":false},"excerpt":{"rendered":"<p>O Centro Acad\u00eamico de Ci\u00eancias Biol\u00f3gicas \u00e9 uma entidade pol\u00edtico estudantil que realiza o di\u00e1logo entre os estudantes de Biologia da UFES e a universidade, fazendo assim uma ponte aproximando os v\u00e1rios setores da Universidade e o corpo estudantil. O CABio, como \u00e9 conhecido, para al\u00e9m do campo pol\u00edtico tamb\u00e9m realiza eventos socioculturais, acad\u00eamicos e &hellip; <a href=\"https:\/\/blog.ufes.br\/cabio\/\" class=\"more-link\">Continue lendo <span class=\"screen-reader-text\">In\u00edcio<\/span> <span class=\"meta-nav\">&rarr;<\/span><\/a><\/p>\n","protected":false},"author":203,"featured_media":0,"parent":0,"menu_order":0,"comment_status":"open","ping_status":"closed","template":"","meta":{"_bbp_topic_count":0,"_bbp_reply_count":0,"_bbp_total_topic_count":0,"_bbp_total_reply_count":0,"_bbp_voice_count":0,"_bbp_anonymous_reply_count":0,"_bbp_topic_count_hidden":0,"_bbp_reply_count_hidden":0,"_bbp_forum_subforum_count":0,"_uag_custom_page_level_css":"","footnotes":""},"class_list":["post-59","page","type-page","status-publish","hentry"],"uagb_featured_image_src":{"full":false,"thumbnail":false,"medium":false,"medium_large":false,"large":false,"1536x1536":false,"2048x2048":false,"post-thumbnail":false},"uagb_author_info":{"display_name":"Patricia Pinheiro","author_link":"https:\/\/blog.ufes.br\/cabio\/author\/patricia-s-pinheiro\/"},"uagb_comment_info":450,"uagb_excerpt":"O Centro Acad\u00eamico de Ci\u00eancias Biol\u00f3gicas \u00e9 uma entidade pol\u00edtico estudantil que realiza o di\u00e1logo entre os estudantes de Biologia da UFES e a universidade, fazendo assim uma ponte aproximando os v\u00e1rios setores da Universidade e o corpo estudantil. O CABio, como \u00e9 conhecido, para al\u00e9m do campo pol\u00edtico tamb\u00e9m realiza eventos socioculturais, acad\u00eamicos e&hellip;","_links":{"self":[{"href":"https:\/\/blog.ufes.br\/cabio\/wp-json\/wp\/v2\/pages\/59","targetHints":{"allow":["GET"]}}],"collection":[{"href":"https:\/\/blog.ufes.br\/cabio\/wp-json\/wp\/v2\/pages"}],"about":[{"href":"https:\/\/blog.ufes.br\/cabio\/wp-json\/wp\/v2\/types\/page"}],"author":[{"embeddable":true,"href":"https:\/\/blog.ufes.br\/cabio\/wp-json\/wp\/v2\/users\/203"}],"replies":[{"embeddable":true,"href":"https:\/\/blog.ufes.br\/cabio\/wp-json\/wp\/v2\/comments?post=59"}],"version-history":[{"count":12,"href":"https:\/\/blog.ufes.br\/cabio\/wp-json\/wp\/v2\/pages\/59\/revisions"}],"predecessor-version":[{"id":569,"href":"https:\/\/blog.ufes.br\/cabio\/wp-json\/wp\/v2\/pages\/59\/revisions\/569"}],"wp:attachment":[{"href":"https:\/\/blog.ufes.br\/cabio\/wp-json\/wp\/v2\/media?parent=59"}],"curies":[{"name":"wp","href":"https:\/\/api.w.org\/{rel}","templated":true}]}}