{"id":36,"date":"2020-01-07T13:24:03","date_gmt":"2020-01-07T16:24:03","guid":{"rendered":"http:\/\/blog.ufes.br\/cafematematico\/?page_id=36"},"modified":"2020-08-12T15:26:41","modified_gmt":"2020-08-12T18:26:41","slug":"2020-2","status":"publish","type":"page","link":"https:\/\/blog.ufes.br\/cafematematico\/palestras\/2020-2\/","title":{"rendered":"2020"},"content":{"rendered":"<hr \/>\n<h3>11\/08\/2020 (Webinar)<\/h3>\n<ul>\n<li><strong>T\u00edtulo:<\/strong> GAMA &#8211; Da s\u00e9rie harm\u00f4nica ao problema da Basileia e algumas considera\u00e7\u00f5es sobre a constante gama de Euler e seus desdobramentos<\/li>\n<li><strong>Palestrante:<\/strong> Prof. Jamil Abreu (Ceunes\/DMA)<\/li>\n<li><strong>Resumo:<\/strong> Nesta palestra apresentamos algumas demonstra\u00e7\u00f5es e consequ\u00eancias da diverg\u00eancia da s\u00e9rie harm\u00f4nica e, passando pela problema da Basileia, apresentamos em seguida a defini\u00e7\u00e3o e propriedades b\u00e1sicas das fun\u00e7\u00f5es gama e zeta (de Riemann) e algumas de suas conex\u00f5es com a constante gama.<\/li>\n<\/ul>\n","protected":false},"excerpt":{"rendered":"<p>11\/08\/2020 (Webinar) T\u00edtulo: GAMA &#8211; Da s\u00e9rie harm\u00f4nica ao problema da Basileia e algumas considera\u00e7\u00f5es sobre a constante gama de Euler e seus desdobramentos Palestrante: Prof. Jamil Abreu (Ceunes\/DMA) Resumo: Nesta palestra apresentamos algumas demonstra\u00e7\u00f5es e consequ\u00eancias da diverg\u00eancia da &hellip; <a href=\"https:\/\/blog.ufes.br\/cafematematico\/palestras\/2020-2\/\">Continue lendo <span class=\"meta-nav\">&rarr;<\/span><\/a><\/p>\n","protected":false},"author":306,"featured_media":0,"parent":29,"menu_order":0,"comment_status":"closed","ping_status":"closed","template":"","meta":{"_bbp_topic_count":0,"_bbp_reply_count":0,"_bbp_total_topic_count":0,"_bbp_total_reply_count":0,"_bbp_voice_count":0,"_bbp_anonymous_reply_count":0,"_bbp_topic_count_hidden":0,"_bbp_reply_count_hidden":0,"_bbp_forum_subforum_count":0,"_uag_custom_page_level_css":"","footnotes":""},"class_list":["post-36","page","type-page","status-publish","hentry"],"uagb_featured_image_src":{"full":false,"thumbnail":false,"medium":false,"medium_large":false,"large":false,"1536x1536":false,"2048x2048":false,"post-thumbnail":false,"large-feature":false,"small-feature":false},"uagb_author_info":{"display_name":"Jamil","author_link":"https:\/\/blog.ufes.br\/cafematematico\/author\/jamil_gomes-de-abreu-junior\/"},"uagb_comment_info":0,"uagb_excerpt":"11\/08\/2020 (Webinar) T\u00edtulo: GAMA &#8211; Da s\u00e9rie harm\u00f4nica ao problema da Basileia e algumas considera\u00e7\u00f5es sobre a constante gama de Euler e seus desdobramentos Palestrante: Prof. Jamil Abreu (Ceunes\/DMA) Resumo: Nesta palestra apresentamos algumas demonstra\u00e7\u00f5es e consequ\u00eancias da diverg\u00eancia da &hellip; Continue lendo &rarr;","_links":{"self":[{"href":"https:\/\/blog.ufes.br\/cafematematico\/wp-json\/wp\/v2\/pages\/36","targetHints":{"allow":["GET"]}}],"collection":[{"href":"https:\/\/blog.ufes.br\/cafematematico\/wp-json\/wp\/v2\/pages"}],"about":[{"href":"https:\/\/blog.ufes.br\/cafematematico\/wp-json\/wp\/v2\/types\/page"}],"author":[{"embeddable":true,"href":"https:\/\/blog.ufes.br\/cafematematico\/wp-json\/wp\/v2\/users\/306"}],"replies":[{"embeddable":true,"href":"https:\/\/blog.ufes.br\/cafematematico\/wp-json\/wp\/v2\/comments?post=36"}],"version-history":[{"count":9,"href":"https:\/\/blog.ufes.br\/cafematematico\/wp-json\/wp\/v2\/pages\/36\/revisions"}],"predecessor-version":[{"id":55,"href":"https:\/\/blog.ufes.br\/cafematematico\/wp-json\/wp\/v2\/pages\/36\/revisions\/55"}],"up":[{"embeddable":true,"href":"https:\/\/blog.ufes.br\/cafematematico\/wp-json\/wp\/v2\/pages\/29"}],"wp:attachment":[{"href":"https:\/\/blog.ufes.br\/cafematematico\/wp-json\/wp\/v2\/media?parent=36"}],"curies":[{"name":"wp","href":"https:\/\/api.w.org\/{rel}","templated":true}]}}