{"id":33,"date":"2014-09-14T18:11:52","date_gmt":"2014-09-14T18:11:52","guid":{"rendered":"http:\/\/blog.ufes.br\/calcso\/?page_id=33"},"modified":"2014-09-14T18:13:43","modified_gmt":"2014-09-14T18:13:43","slug":"gestao-calcso","status":"publish","type":"page","link":"https:\/\/blog.ufes.br\/calcso\/gestao-calcso\/","title":{"rendered":"Gest\u00e3o CALCSO"},"content":{"rendered":"<p>Comiss\u00f5es do Centro Acad\u00eamico Livre de Ci\u00eancias Sociais da UFES<\/p>\n<p><strong>Comiss\u00e3o de Organiza\u00e7\u00e3o Geral:<\/strong> Arthur Almeida, Carol Loureiro, Saulo Sales e Priscila Maria.<br \/>\n<strong>Comiss\u00e3o de Finan\u00e7as:<\/strong> Vinicius Tomaz e Leonardo Muniz<br \/>\n<strong>Comiss\u00e3o de Cultura e Comunica\u00e7\u00e3o:<\/strong> Ana Luiza Ozanan, Gabriel Miranda, Jos\u00e9 Paulo, Kamila Barbosa, Steph\u00e2nia Scarpat, Daniel Gramacho, Caio Falc\u00e3o.<\/p>\n<p>&nbsp;<\/p>\n<p>Obs: para participar de alguma comiss\u00e3o a\/o Estudante de Ci\u00eancias Sociais deve est\u00e1 devidamente matriculado no curso e solicitar em Assembleia Geral a participa\u00e7\u00e3o na Comiss\u00e3o.<\/p>\n","protected":false},"excerpt":{"rendered":"<p>Comiss\u00f5es do Centro Acad\u00eamico Livre de Ci\u00eancias Sociais da UFES Comiss\u00e3o de Organiza\u00e7\u00e3o Geral: Arthur Almeida, Carol Loureiro, Saulo Sales e Priscila Maria. Comiss\u00e3o de Finan\u00e7as: Vinicius Tomaz e Leonardo Muniz Comiss\u00e3o de Cultura e Comunica\u00e7\u00e3o: Ana Luiza Ozanan, Gabriel Miranda, Jos\u00e9 Paulo, Kamila Barbosa, Steph\u00e2nia Scarpat, Daniel Gramacho, Caio Falc\u00e3o. &nbsp; Obs: para participar &hellip; <a href=\"https:\/\/blog.ufes.br\/calcso\/gestao-calcso\/\" class=\"more-link\">Continue lendo <span class=\"screen-reader-text\">Gest\u00e3o CALCSO<\/span> <span class=\"meta-nav\">&rarr;<\/span><\/a><\/p>\n","protected":false},"author":179,"featured_media":0,"parent":0,"menu_order":2,"comment_status":"open","ping_status":"closed","template":"","meta":{"_bbp_topic_count":0,"_bbp_reply_count":0,"_bbp_total_topic_count":0,"_bbp_total_reply_count":0,"_bbp_voice_count":0,"_bbp_anonymous_reply_count":0,"_bbp_topic_count_hidden":0,"_bbp_reply_count_hidden":0,"_bbp_forum_subforum_count":0,"_uag_custom_page_level_css":"","footnotes":""},"class_list":["post-33","page","type-page","status-publish","hentry"],"uagb_featured_image_src":{"full":false,"thumbnail":false,"medium":false,"medium_large":false,"large":false,"1536x1536":false,"2048x2048":false,"post-thumbnail":false},"uagb_author_info":{"display_name":"saulo.sales","author_link":"https:\/\/blog.ufes.br\/calcso\/author\/saulo_felicio-sales\/"},"uagb_comment_info":1,"uagb_excerpt":"Comiss\u00f5es do Centro Acad\u00eamico Livre de Ci\u00eancias Sociais da UFES Comiss\u00e3o de Organiza\u00e7\u00e3o Geral: Arthur Almeida, Carol Loureiro, Saulo Sales e Priscila Maria. Comiss\u00e3o de Finan\u00e7as: Vinicius Tomaz e Leonardo Muniz Comiss\u00e3o de Cultura e Comunica\u00e7\u00e3o: Ana Luiza Ozanan, Gabriel Miranda, Jos\u00e9 Paulo, Kamila Barbosa, Steph\u00e2nia Scarpat, Daniel Gramacho, Caio Falc\u00e3o. &nbsp; Obs: para participar&hellip;","_links":{"self":[{"href":"https:\/\/blog.ufes.br\/calcso\/wp-json\/wp\/v2\/pages\/33","targetHints":{"allow":["GET"]}}],"collection":[{"href":"https:\/\/blog.ufes.br\/calcso\/wp-json\/wp\/v2\/pages"}],"about":[{"href":"https:\/\/blog.ufes.br\/calcso\/wp-json\/wp\/v2\/types\/page"}],"author":[{"embeddable":true,"href":"https:\/\/blog.ufes.br\/calcso\/wp-json\/wp\/v2\/users\/179"}],"replies":[{"embeddable":true,"href":"https:\/\/blog.ufes.br\/calcso\/wp-json\/wp\/v2\/comments?post=33"}],"version-history":[{"count":2,"href":"https:\/\/blog.ufes.br\/calcso\/wp-json\/wp\/v2\/pages\/33\/revisions"}],"predecessor-version":[{"id":35,"href":"https:\/\/blog.ufes.br\/calcso\/wp-json\/wp\/v2\/pages\/33\/revisions\/35"}],"wp:attachment":[{"href":"https:\/\/blog.ufes.br\/calcso\/wp-json\/wp\/v2\/media?parent=33"}],"curies":[{"name":"wp","href":"https:\/\/api.w.org\/{rel}","templated":true}]}}