{"id":37,"date":"2014-09-14T18:18:06","date_gmt":"2014-09-14T18:18:06","guid":{"rendered":"http:\/\/blog.ufes.br\/calcso\/?page_id=37"},"modified":"2014-09-14T18:18:06","modified_gmt":"2014-09-14T18:18:06","slug":"representacao-discente-no-colegiado-e-departamento","status":"publish","type":"page","link":"https:\/\/blog.ufes.br\/calcso\/representacao-discente-no-colegiado-e-departamento\/","title":{"rendered":"Representa\u00e7\u00e3o Discente no Colegiado e Departamento"},"content":{"rendered":"<p>Representantes Discentes no <strong>Colegiado do Curso de Ci\u00eancias Sociais<\/strong>:<br \/>\nTitulares: Tim\u00f3teo Andr\u00e9 de Oliveira e Jos\u00e9 Paulo Bernardes.<br \/>\nSuplentes: Henys Nora e Caio Falc\u00e3o.<\/p>\n<p>Representantes Discentes no <strong>Departamento de Ci\u00eancias Sociais<\/strong>:<br \/>\nTitulares: Vin\u00edcius Tomaz, Carol Loreiro e o Cleverson D&#8217;\u00c1vila de L\u00eau.<br \/>\nSuplentes: Kamila Barbosa, Mariana Lemos, Steph\u00e2nia Scarpat.<\/p>\n","protected":false},"excerpt":{"rendered":"<p>Representantes Discentes no Colegiado do Curso de Ci\u00eancias Sociais: Titulares: Tim\u00f3teo Andr\u00e9 de Oliveira e Jos\u00e9 Paulo Bernardes. Suplentes: Henys Nora e Caio Falc\u00e3o. Representantes Discentes no Departamento de Ci\u00eancias Sociais: Titulares: Vin\u00edcius Tomaz, Carol Loreiro e o Cleverson D&#8217;\u00c1vila de L\u00eau. Suplentes: Kamila Barbosa, Mariana Lemos, Steph\u00e2nia Scarpat.<\/p>\n","protected":false},"author":179,"featured_media":0,"parent":0,"menu_order":3,"comment_status":"open","ping_status":"open","template":"","meta":{"_bbp_topic_count":0,"_bbp_reply_count":0,"_bbp_total_topic_count":0,"_bbp_total_reply_count":0,"_bbp_voice_count":0,"_bbp_anonymous_reply_count":0,"_bbp_topic_count_hidden":0,"_bbp_reply_count_hidden":0,"_bbp_forum_subforum_count":0,"_uag_custom_page_level_css":"","footnotes":""},"class_list":["post-37","page","type-page","status-publish","hentry"],"uagb_featured_image_src":{"full":false,"thumbnail":false,"medium":false,"medium_large":false,"large":false,"1536x1536":false,"2048x2048":false,"post-thumbnail":false},"uagb_author_info":{"display_name":"saulo.sales","author_link":"https:\/\/blog.ufes.br\/calcso\/author\/saulo_felicio-sales\/"},"uagb_comment_info":1,"uagb_excerpt":"Representantes Discentes no Colegiado do Curso de Ci\u00eancias Sociais: Titulares: Tim\u00f3teo Andr\u00e9 de Oliveira e Jos\u00e9 Paulo Bernardes. Suplentes: Henys Nora e Caio Falc\u00e3o. Representantes Discentes no Departamento de Ci\u00eancias Sociais: Titulares: Vin\u00edcius Tomaz, Carol Loreiro e o Cleverson D&#8217;\u00c1vila de L\u00eau. Suplentes: Kamila Barbosa, Mariana Lemos, Steph\u00e2nia Scarpat.","_links":{"self":[{"href":"https:\/\/blog.ufes.br\/calcso\/wp-json\/wp\/v2\/pages\/37","targetHints":{"allow":["GET"]}}],"collection":[{"href":"https:\/\/blog.ufes.br\/calcso\/wp-json\/wp\/v2\/pages"}],"about":[{"href":"https:\/\/blog.ufes.br\/calcso\/wp-json\/wp\/v2\/types\/page"}],"author":[{"embeddable":true,"href":"https:\/\/blog.ufes.br\/calcso\/wp-json\/wp\/v2\/users\/179"}],"replies":[{"embeddable":true,"href":"https:\/\/blog.ufes.br\/calcso\/wp-json\/wp\/v2\/comments?post=37"}],"version-history":[{"count":2,"href":"https:\/\/blog.ufes.br\/calcso\/wp-json\/wp\/v2\/pages\/37\/revisions"}],"predecessor-version":[{"id":39,"href":"https:\/\/blog.ufes.br\/calcso\/wp-json\/wp\/v2\/pages\/37\/revisions\/39"}],"wp:attachment":[{"href":"https:\/\/blog.ufes.br\/calcso\/wp-json\/wp\/v2\/media?parent=37"}],"curies":[{"name":"wp","href":"https:\/\/api.w.org\/{rel}","templated":true}]}}