{"id":40,"date":"2014-09-14T18:45:48","date_gmt":"2014-09-14T18:45:48","guid":{"rendered":"http:\/\/blog.ufes.br\/calcso\/?page_id=40"},"modified":"2014-09-14T18:48:21","modified_gmt":"2014-09-14T18:48:21","slug":"anecs","status":"publish","type":"page","link":"https:\/\/blog.ufes.br\/calcso\/anecs\/","title":{"rendered":"ANECS"},"content":{"rendered":"<p style=\"text-align: left\">O que \u00e9 a <strong><a href=\"https:\/\/www.facebook.com\/AnecsCienciasSociais\">ANECS<\/a><\/strong>?<br \/>\nNo XXVI <strong>Encontro Nacional de Estudantes de Ci\u00eancias Sociais<\/strong>, ocorrido em julho de 2011, em Belo Horizonte, os Estudantes de Ci\u00eancias Sociais decidiram se organizar em uma Articula\u00e7\u00e3o Nacional, a fim de melhor acumular em suas pautas pol\u00edticas e acad\u00eamicas, dando maior consequ\u00eancia \u00e0s suas discuss\u00f5es.<br \/>\n\u00c9 nesse sentido que surgiu, ent\u00e3o, a <strong>Articula\u00e7\u00e3o Nacional dos Estudantes de Ci\u00eancias Sociais \u2013 ANECS<\/strong>! A inten\u00e7\u00e3o da <strong>ANECS<\/strong> \u00e9 ser uma organiza\u00e7\u00e3o cotidiana dos estudantes. Cabe-nos pensar sobre o processo de organiza\u00e7\u00e3o dos estudantes e, o principal, construir lutas por melhores condi\u00e7\u00f5es de forma\u00e7\u00e3o profissional, sempre com muita consequ\u00eancia e criatividade.<\/p>\n<p style=\"text-align: left\">Por que nos organizamos?<br \/>\nPara que exista um movimento estudantil para al\u00e9m dos encontros, nos organizamos para a exist\u00eancia de ac\u00famulo nas pautas que nos tocam e da necessidade de reagir a demandas nacionais, nos organizamos para sair do isolamento. Somos um conjunto de estudantes de Ci\u00eancias Sociais e como tais, temos aspira\u00e7\u00f5es, preocupa\u00e7\u00f5es, demandas e interesses em comum; come\u00e7amos, ent\u00e3o, a identificarmo-nos como portadores de uma mesma identidade, um s\u00f3 sujeito \u2013 o que n\u00e3o quer dizer que n\u00e3o sejamos diferentes, que n\u00e3o exista contradi\u00e7\u00e3o dentre n\u00f3s, mas quer dizer que temos muito em comum, que conseguimos nos constituir enquanto um s\u00f3 corpo, o de estudante de ci\u00eancias sociais, com toda a amplitude que isso significa -, com uma hist\u00f3ria em comum e, fundamentalmente, com um destino em comum e a ser tra\u00e7ado por n\u00f3s em conjunto.<\/p>\n<p style=\"text-align: left\">Quais s\u00e3o nossas tarefas imediatas?<br \/>\nA tarefa central hoje que a <strong>ANECS<\/strong> assume \u00e9 existir de fato no maior n\u00famero de escolas poss\u00edvel. \u00c9 preciso que os estudantes se organizem em seus locais de estudo, que em cada lugar que existir as Ci\u00eancias Sociais exista tamb\u00e9m a ANECS, como a voz e o corpo dos estudantes deste curso.<br \/>\nMas ningu\u00e9m quer ficar organizado \u00e0 toa, ningu\u00e9m quer ter uma bandeira pra ficar guardada no arm\u00e1rio. Os estudantes de Ci\u00eancias Sociais querem fazer lutas, querem voltar a ser perigosos. Se em alguns lugares a t\u00f4nica \u00e9 criar a modalidade de licenciatura, em outros \u00e9 qualificar a forma\u00e7\u00e3o desses futuros professores; em algumas escolas, particulares principalmente, h\u00e1 que defender que o curso n\u00e3o acabe por n\u00e3o ser lucrativo, em outras \u00e9 defender que o curso n\u00e3o seja precarizado. Existe uma infinidade de pautas, um monte de motivos para os estudantes se organizarem para lutar. Em cada uma dessas lutas a <strong>ANECS<\/strong> deve estar presente, deve se posicionar, deve ser o estudante! \u00c9 essa a tarefa que a <strong>ANECS<\/strong> vem a cumprir!<\/p>\n<p style=\"text-align: left\">Sobre os nossos Encontros e Conselhos&#8230;<\/p>\n<p style=\"text-align: left\"><strong>Encontro Regional dos Estudantes de Ci\u00eancias Sociais<\/strong> (ERECS)<br \/>\nTrata-se do maior e mais abrangente evento da entidade a n\u00edvel regional, acontece em cada regional, no 1\u00ba semestre de cada ano. \u00c9 um espa\u00e7o importante para discutir, principalmente, as demandas regionais.<\/p>\n<p style=\"text-align: left\"><strong>Encontro Nacional dos Estudantes de Ci\u00eancias Sociais <\/strong>(ENECS)<br \/>\nCaracteriza-se como o maior e mais importante evento do calend\u00e1rio anual do MECS, sendo um espa\u00e7o de trocas entre os estudantes de Ci\u00eancias Sociais, onde s\u00e3o debatidas a conjuntura nacional, a situa\u00e7\u00e3o das diferentes escolas, as demandas e bandeiras, bem como quest\u00f5es de relev\u00e2ncia acad\u00eamica e pr\u00e1ticas da forma\u00e7\u00e3o do cientista social.<\/p>\n<p style=\"text-align: left\"><strong>Conselho Regional dos Estudantes de Ci\u00eancias Sociais <\/strong>(CORECS)<br \/>\nCaracteriza-se por ser um evento de menor porte que visa reunir representantes de diferentes escolas da regional com a finalidade de discutir e problematizar as pol\u00edticas definidas no ENECS, afim de estabelecer metas e perspectivas para a organiza\u00e7\u00e3o regional no ano seguinte.<\/p>\n<p style=\"text-align: left\"><strong>Conselho Nacional dos Estudantes de Ci\u00eancias Sociais <\/strong>(CONECS)<br \/>\nTrata-se de um evento nacional de menores dimens\u00f5es, composto por representantes de escolas, al\u00e9m de discutir o pr\u00f3ximo encontro nacional, tamb\u00e9m avalia o per\u00edodo p\u00f3s- ENECS. Nesse espa\u00e7o tamb\u00e9m acontece o Curso de Forma\u00e7\u00e3o Pol\u00edtica. No CONECS s\u00e3o dadas as diretrizes pol\u00edticas e metodologias da entidade.<\/p>\n<p style=\"text-align: left\"><strong>Quais s\u00e3o nossas Bandeiras?<\/strong><\/p>\n<ul style=\"text-align: left\">\n<li><em><strong>Ci\u00eancias Sociais ensino m\u00e9dio<\/strong><\/em><\/li>\n<\/ul>\n<p style=\"text-align: left\">Pensar em Sociologia no Ensino M\u00e9dio ainda gera d\u00favidas e questionamentos. Isso se deve pela Sociologia ter voltado \u00e0 grade curricular no ensino m\u00e9dio das escolas, anos ap\u00f3s sua exclus\u00e3o que se deu na ditadura. Compreendemos essencial a exist\u00eancia das Ci\u00eancias Sociais em sala de aula, principalmente para um desenvolver do pensamento cr\u00edtico dos estudantes. Desafios surgiram com o retorno das Ci\u00eancias Sociais no curr\u00edculo do Ensino M\u00e9dio. Nossa preocupa\u00e7\u00e3o central se baseia: Que forma\u00e7\u00e3o ser\u00e1 essa em que transforma saberes cient\u00edficos em saberes escolares? Para tal, defendemos a exclusividade para lecionar a disciplina os licenciados em Ci\u00eancias Sociais e o aumento de sua carga hor\u00e1ria no curr\u00edculo escolar. Vemos como desafio o tempo m\u00ednimo das aulas e o livro did\u00e1tico, para firma\u00e7\u00e3o da disciplina precisamos caminhar para um conte\u00fado curricular m\u00ednimo a n\u00edvel nacional.<\/p>\n<ul style=\"text-align: left\">\n<li><em><strong>Combate as Remo\u00e7\u00f5es urbanas e rurais<\/strong><\/em><\/li>\n<\/ul>\n<p style=\"text-align: left\">Um dos eixos de lutas da ANECS \u00e9 a luta contra as remo\u00e7\u00f5es urbanas e rurais. Lutamos a favor das comunidades pobres e\/ou tradicionais que sofrem um processo criminoso de vulnerabiliza\u00e7\u00e3o tanto por parte do Estado quanto por parte de empresas que visam lucrar com seu territ\u00f3rio.<br \/>\nNos solidarizamos ainda com as comunidades que est\u00e3o sofrendo o processo de remo\u00e7\u00e3o\/desapropria\u00e7\u00e3o com o projeto da copa, olimp\u00edadas, assim como no tocante aos territ\u00f3rios tradicionais, ind\u00edgenas, quilombolas, ribeirinhos, pescadores etc. Sabemos da import\u00e2ncia da demarca\u00e7\u00e3o e manuten\u00e7\u00e3o do territ\u00f3rio dessas comunidades e entendemos que h\u00e1 dois racioc\u00ednios sobre desapropria\u00e7\u00e3o: o dos movimentos sociais e o do Capital. Para os dominantes, a desapropria\u00e7\u00e3o \u00e9 progresso, para n\u00f3s massacre do povo!<\/p>\n<p style=\"text-align: left\"><strong>Mulherada da ANECS<\/strong><br \/>\n\u00c9 um espa\u00e7o auto-gestionado da Articula\u00e7\u00e3o Nacional de Estudantes de Ci\u00eancias Sociais que visa acumulo sobre as pautas feministas e a partir deste espa\u00e7o queremos nos organizar com foco nas lutas das mulheres por um vi\u00e9s classista.<\/p>\n<p style=\"text-align: left\">Para mais informa\u00e7\u00f5es:<br \/>\nSite da ANECS: <a href=\"http:\/\/anecsnacional.wordpress.com\">http:\/\/anecsnacional.wordpress.com<\/a><br \/>\nFacebook da ANECS: <a href=\"https:\/\/www.facebook.com\/AnecsCienciasSociais\">https:\/\/www.facebook.com\/AnecsCienciasSociais<\/a><br \/>\nGrupo da ANECS no Facebook: <a href=\"https:\/\/www.facebook.com\/groups\/AnecsCienciasSociais\">https:\/\/www.facebook.com\/groups\/AnecsCienciasSociais<\/a><br \/>\nGrupo da ANECS Sudeste no Facebook: <a href=\"https:\/\/www.facebook.com\/groups\/AnecsCienciasSociais\">https:\/\/www.facebook.com\/groups\/359147687463988<\/a><\/p>\n","protected":false},"excerpt":{"rendered":"<p>O que \u00e9 a ANECS? No XXVI Encontro Nacional de Estudantes de Ci\u00eancias Sociais, ocorrido em julho de 2011, em Belo Horizonte, os Estudantes de Ci\u00eancias Sociais decidiram se organizar em uma Articula\u00e7\u00e3o Nacional, a fim de melhor acumular em suas pautas pol\u00edticas e acad\u00eamicas, dando maior consequ\u00eancia \u00e0s suas discuss\u00f5es. \u00c9 nesse sentido que &hellip; <a href=\"https:\/\/blog.ufes.br\/calcso\/anecs\/\" class=\"more-link\">Continue lendo <span class=\"screen-reader-text\">ANECS<\/span> <span class=\"meta-nav\">&rarr;<\/span><\/a><\/p>\n","protected":false},"author":179,"featured_media":0,"parent":0,"menu_order":4,"comment_status":"open","ping_status":"open","template":"","meta":{"_bbp_topic_count":0,"_bbp_reply_count":0,"_bbp_total_topic_count":0,"_bbp_total_reply_count":0,"_bbp_voice_count":0,"_bbp_anonymous_reply_count":0,"_bbp_topic_count_hidden":0,"_bbp_reply_count_hidden":0,"_bbp_forum_subforum_count":0,"_uag_custom_page_level_css":"","footnotes":""},"class_list":["post-40","page","type-page","status-publish","hentry"],"uagb_featured_image_src":{"full":false,"thumbnail":false,"medium":false,"medium_large":false,"large":false,"1536x1536":false,"2048x2048":false,"post-thumbnail":false},"uagb_author_info":{"display_name":"saulo.sales","author_link":"https:\/\/blog.ufes.br\/calcso\/author\/saulo_felicio-sales\/"},"uagb_comment_info":0,"uagb_excerpt":"O que \u00e9 a ANECS? No XXVI Encontro Nacional de Estudantes de Ci\u00eancias Sociais, ocorrido em julho de 2011, em Belo Horizonte, os Estudantes de Ci\u00eancias Sociais decidiram se organizar em uma Articula\u00e7\u00e3o Nacional, a fim de melhor acumular em suas pautas pol\u00edticas e acad\u00eamicas, dando maior consequ\u00eancia \u00e0s suas discuss\u00f5es. \u00c9 nesse sentido que&hellip;","_links":{"self":[{"href":"https:\/\/blog.ufes.br\/calcso\/wp-json\/wp\/v2\/pages\/40","targetHints":{"allow":["GET"]}}],"collection":[{"href":"https:\/\/blog.ufes.br\/calcso\/wp-json\/wp\/v2\/pages"}],"about":[{"href":"https:\/\/blog.ufes.br\/calcso\/wp-json\/wp\/v2\/types\/page"}],"author":[{"embeddable":true,"href":"https:\/\/blog.ufes.br\/calcso\/wp-json\/wp\/v2\/users\/179"}],"replies":[{"embeddable":true,"href":"https:\/\/blog.ufes.br\/calcso\/wp-json\/wp\/v2\/comments?post=40"}],"version-history":[{"count":3,"href":"https:\/\/blog.ufes.br\/calcso\/wp-json\/wp\/v2\/pages\/40\/revisions"}],"predecessor-version":[{"id":42,"href":"https:\/\/blog.ufes.br\/calcso\/wp-json\/wp\/v2\/pages\/40\/revisions\/42"}],"wp:attachment":[{"href":"https:\/\/blog.ufes.br\/calcso\/wp-json\/wp\/v2\/media?parent=40"}],"curies":[{"name":"wp","href":"https:\/\/api.w.org\/{rel}","templated":true}]}}