{"id":1338,"date":"2020-10-27T20:58:26","date_gmt":"2020-10-27T23:58:26","guid":{"rendered":"http:\/\/blog.ufes.br\/demografia\/?page_id=1338"},"modified":"2024-05-30T15:57:22","modified_gmt":"2024-05-30T18:57:22","slug":"publicacoes","status":"publish","type":"page","link":"https:\/\/blog.ufes.br\/demografia\/publicacoes\/","title":{"rendered":"PRODU\u00c7\u00d5ES DOS PESQUISADORES DO GPMEP"},"content":{"rendered":"\n<p><strong>2024<\/strong><\/p>\n\n\n\n<p class=\"has-text-align-left\"><strong>Relat\u00f3rios de Pesquisa<\/strong><\/p>\n\n\n\n<p class=\"has-text-align-left\">DOTA, Edneson Mariano; APAR\u00cdCIO, Cimar Alejandro Pietro; OLIVEIRA, Rachel Facundo Vasconcelos de; ANDRADE, \u00cdtala Luzia de; FERREIRA, Francismar Cunha. <strong><a href=\"https:\/\/geografia.ufes.br\/pt-br\/lagedep\">Din\u00e2mica das fam\u00edlias no Brasil: transforma\u00e7\u00f5es em curso<\/a><\/strong>. Relat\u00f3rio de pesquisa, 2024. <\/p>\n\n\n\n<p class=\"has-text-align-left\"><strong>2023<\/strong><\/p>\n\n\n\n<p class=\"has-text-align-left\"><strong>Artigos em Peri\u00f3dicos<\/strong><\/p>\n\n\n\n<p class=\"has-text-align-left\">OLIVEIRA, Rachel Facundo Vasconcelos de; GONRING, Rafael. <a href=\"https:\/\/rcgs.uvanet.br\/index.php\/RCGS\/article\/view\/902\">Quem \u00e9 rico mora na praia? Um estudo comparativo sobre o processo de verticaliza\u00e7\u00e3o imobili\u00e1ria entre as cidades de Vit\u00f3ria-ES e Fortaleza- CE<\/a>. <strong>Revista da Casa da Geografia de Sobral (RCGS)<\/strong>, v. 25, p. 27-51, 2023.<\/p>\n\n\n\n<p class=\"has-text-align-left\"><strong>Artigos em Anais de Eventos<\/strong><\/p>\n\n\n\n<p class=\"has-text-align-left\">ANDRADE, \u00cdtala Luzia de; OLIVEIRA, Rachel Facundo Vasconcelos de; DOTA, Ednelson Mariano. <a href=\"https:\/\/editorarealize.com.br\/editora\/anais\/enanpege\/2023\/TRABALHO__EV187_MD6_ID3254_TB1197_28112023082017.pdf\">Geografia das fam\u00edlias: uma an\u00e1lise comparativa dos arranjos domiciliares dos estados da regi\u00e3o Sudeste, 1991 a 2010<\/a>. In: Encontro Nacional de P\u00f3s-Gradua\u00e7\u00e3o e Pesquisa em Geografia, 15., 2023, Palmas-TO. <strong>Anais do GT 26: Geografia da popula\u00e7\u00e3o: contribui\u00e7\u00f5es te\u00f3rico-metodol\u00f3gicas e perspectivas de interven\u00e7\u00e3o<\/strong>. Campina Grande: Realize Editora, 2023. v. 14. p. 1-16.<\/p>\n\n\n\n<p class=\"has-text-align-left\">GONRING, Rafael; OLIVEIRA, Rachel Facundo Vasconcelos de. <a href=\"http:\/\/GONRING, R. ;&nbsp;OLIVEIRA, R. F. V. O desenvolvimento da cidade de vit\u00f3ria: influ\u00eancia da grande ind\u00fastria e produ\u00e7\u00e3o do espa\u00e7o verticalizado. In: XV ENCONTRO NACIONAL DE P\u00d3S-GRADUA\u00c7\u00c3O E PESQUISA EM GEOGRAFIA, 2023, Palmas-TO. GT 62: METROP\u00d3POLE E METROPOLIZA\u00c7\u00c3O DO ESPA\u00c7O: PROCESSOS E DIN\u00c2MICAS. Campina Grande: Realize Editora, 2023. v. 14. p. 1-14.\">O desenvolvimento da cidade de vit\u00f3ria: influ\u00eancia da grande ind\u00fastria e produ\u00e7\u00e3o do espa\u00e7o verticalizado<\/a>. In: Encontro Nacional de P\u00f3s-Gradua\u00e7\u00e3o e Pesquisa em Geografia &#8211; ENANPEGE, 15., 2023, Palmas-TO. <strong>Anais do GT 62: Metr\u00f3pole e metropoliza\u00e7\u00e3o do espa\u00e7o: processos e din\u00e2micas<\/strong>. Campina Grande: Realize Editora, 2023. v. 14. p. 1-14.<\/p>\n\n\n\n<p class=\"has-text-align-left\">OLIVEIRA, Rachel Facundo Vasconcelos de; DOTA, Ednelson Mariano. <a href=\"http:\/\/OLIVEIRA, R. F. V ; DOTA, E. M. .. Entre partidas e chegadas: uma an\u00e1lise sobre a cultura migrat\u00f3ria e a circula\u00e7\u00e3o de sujeitos da regi\u00e3o nordeste In: XIV Encontro Nacional de P\u00f3s- Gradua\u00e7\u00e3o e Pesquisa em Geografia - ENANPEGE, 2023, Anais Palmas. GT 55: PROCESSOS MIGRAT\u00d3RIOS NO BRASIL E AM\u00c9RICA LATINA: AN\u00c1LISES E TEND\u00caNCIAS. Campina Grande: Realize Editora, 2023. v. 14. p. 1-19.\">Entre partidas e chegadas: uma an\u00e1lise sobre a cultura migrat\u00f3ria e a circula\u00e7\u00e3o de sujeitos da regi\u00e3o nordeste<\/a>. In: Encontro Nacional de P\u00f3s-Gradua\u00e7\u00e3o e Pesquisa em Geografia &#8211; ENANPEGE, 14., 2023, Palmas-TO.<strong> Anais do GT 55: Processos migrat\u00f3rios no Brasil e Am\u00e9rica Latina: an\u00e1lises e tend\u00eancias<\/strong>. Campina Grande: Realize Editora, 2023. v. 14. p. 1-19.<\/p>\n\n\n\n<p class=\"has-text-align-left\">VIANA, Thiago Vasconcelos;&nbsp;OLIVEIRA, Rachel Facundo Vasconcelos de. <a href=\"https:\/\/www.falaprofessor2023.agb.org.br\/anais\/trabalhos\/lista?simposio=34#V\">Uma an\u00e1lise sobre a forma\u00e7\u00e3o de professores continuada: os impactos da segunda licenciatura em pedagogia no ensino da disciplina de Geografia<\/a>. In: X Fala Professor, 2023, Fortaleza. <strong>Anais Eletr\u00f4nicos do Encontro Nacional de Ensino de Geografia<\/strong>. Fortaleza: AGB, 2023. v. 10. p. 1-11.<\/p>\n\n\n\n<p class=\"has-text-align-left\"><strong>Trabalhos de Conclus\u00e3o de Curso<\/strong><\/p>\n\n\n\n<p class=\"has-text-align-left\">RIBEIRO, Jhonatan Telles. <strong><a href=\"https:\/\/www.researchgate.net\/publication\/374472425_A_extensao_universitaria_na_formacao_docente_e_na_pratica_escolar_o_caso_do_DEMOGRAFIA_UFES\">A extens\u00e3o universit\u00e1ria na forma\u00e7\u00e3o docente e na pr\u00e1tica escolar: o caso do \u201cDEMOGRAFIA UFES\u201d<\/a><\/strong>. 2023. 64p. Monografia (Licenciatura em Geografia) \u2013 Universidade Federal do Esp\u00edrito Santo, Centro de Ci\u00eancias Humanas e Naturais, Departamento de Geografia, 2023. Orientador: Ednelson Mariano Dota.<\/p>\n\n\n\n<p class=\"has-text-align-left\"><strong>Relat\u00f3rios de Pesquisa<\/strong><\/p>\n\n\n\n<p class=\"has-text-align-left\">RIBEIRO, Jhonatan Telles. <a href=\"https:\/\/www.researchgate.net\/publication\/376017882_Aspiracao_por_nova_mobilidade_entre_familias_migrantes_na_RMGV\">Aspira\u00e7\u00e3o por nova mobilidade entre fam\u00edlias migrantes na RMGV<\/a>. In: Jornada de Inicia\u00e7\u00e3o Cient\u00edfica da UFES, 2023, Vit\u00f3ria. <strong>Anais da XXXIII Jornada de Inicia\u00e7\u00e3o Cient\u00edfica da UFES<\/strong>. Vit\u00f3ria: UFES, 2023. v. 14.<\/p>\n\n\n\n<p class=\"has-text-align-left\"><strong>Trabalhos T\u00e9cnicos<\/strong><\/p>\n\n\n\n<p class=\"has-text-align-left\">DOTA, Ednelson Mariano; RIBEIRO, Jhonatan Telles; AD\u00c3O, Matheus de Oliveira Fernandes; SANTOS, Nathan Vilela; MARTINS, Isis do Mar Marques; APAR\u00cdCIO, Cimar Alejandro Pietro; DADALTO, Maria Cristina.<strong> <a href=\"https:\/\/www.researchgate.net\/publication\/374472365_Trajetorias_habitacionais_alguns_elementos_de_geografia_da_populacao_da_RMGV\">Trajet\u00f3rias habitacionais: alguns elementos de geografia da popula\u00e7\u00e3o da RMGV<\/a><\/strong>. Desenvolvimento de material did\u00e1tico ou instrucional &#8211; Material instrucional, 2023. <\/p>\n\n\n\n<p class=\"has-text-align-left\">FERREIRA, Francismar Cunha; DOTA, Ednelson Mariano; APARICIO, Cimar Alejandro Pietro; RIBEIRO, Jhonatan Telles. <strong><a href=\"https:\/\/app.powerbi.com\/view?r=eyJrIjoiYjdjNDk4YTgtYzdhOC00Y2NkLWFiNTYtMDAxMmRkNjQyMGFmIiwidCI6ImEyYTU0MTFlLTE5OGUtNDMzMC1hNWMzLTJiYjAyYmM2OTVkYSJ9\">Trajet\u00f3rias: indicadores da popula\u00e7\u00e3o brasileira<\/a><\/strong>. Banco de dados, 2023.<\/p>\n\n\n\n<p class=\"has-text-align-left\"><strong>2022<\/strong><\/p>\n\n\n\n<p class=\"has-text-align-left\"><strong>Artigos em Peri\u00f3dicos<\/strong><\/p>\n\n\n\n<p class=\"has-text-align-left\">OLIVEIRA, Rachel Facundo Vasconcelos de; RODRIGUES, Rennan Moraes; SANTOS, Yago Oliveira. <a href=\"https:\/\/periodicos.uff.br\/ensaios_posgeo\/article\/view\/55045\">A din\u00e2mica do fluxo migrat\u00f3rio de popula\u00e7\u00e3o com alto grau de instru\u00e7\u00e3o em duas Regi\u00f5es Metropolitanas brasileiras<\/a>. <strong>Ensaios de Geografia<\/strong>, v. 9, p. 143-172, 2022.<\/p>\n\n\n\n<p class=\"has-text-align-left\"><strong>2021<\/strong><\/p>\n\n\n\n<p class=\"has-text-align-left\"><strong>Livros<\/strong><\/p>\n\n\n\n<p class=\"has-text-align-left\">DOTA, Ednelson Mariano; COELHO, Andr\u00e9 Luiz Nascentes; RODRIGUES, Rennan Moraes; FREITAS, Marcone Henrique. <strong><a href=\"https:\/\/edufes.ufes.br\/items\/show\/590\">Envelhecimento e migra\u00e7\u00e3o no Esp\u00edrito Santo: din\u00e2mica espacial e sociodemogr\u00e1fica para pol\u00edticas p\u00fablicas<\/a><\/strong>. 1. ed. Vit\u00f3ria: MC&amp;G\/EDUFES, 2021. v. 1. 120p.<\/p>\n\n\n\n<p class=\"has-text-align-left\"><strong>Artigos em Peri\u00f3dicos<\/strong><\/p>\n\n\n\n<p class=\"has-text-align-left\">LEIT\u00c3O, Felipe Rodrigues; OLIVEIRA, Rachel Facundo Vasconcelos de; NASCIMENTO, Rian Kelvin do. <a href=\"https:\/\/periodicos.ufsm.br\/geografia\/article\/view\/43511\">O ensino de Geografia como meio de leitura cr\u00edtica na realidade: um estudo a partir das pr\u00e1ticas do est\u00e1gio supervisionado em Geografia<\/a>. <strong>Geografia Ensino &amp; Pesquisa<\/strong>, v. 25, p. 1-28, 2021.<\/p>\n\n\n\n<p class=\"has-text-align-left\"><strong>Artigos em Anais de Eventos<\/strong><\/p>\n\n\n\n<p class=\"has-text-align-left\">DOTA, Ednelson Mariano; APAR\u00cdCIO, Cimar Alejandro Pietro.&nbsp;<a href=\"https:\/\/editorarealize.com.br\/artigo\/visualizar\/77656\">Mobilidade residencial e as novas din\u00e2micas familiares no Brasil<\/a>. <strong>Anais do XIV ENANPEGE<\/strong>. Campina Grande: Realize Editora, 2021.<\/p>\n\n\n\n<p class=\"has-text-align-left\">FREITAS, Marcone Henrique de.&nbsp;<a href=\"https:\/\/editorarealize.com.br\/artigo\/visualizar\/77563\">Perfil epidemiol\u00f3gico da mortalidade por suic\u00eddio no estado do esp\u00edrito santo, entre 2001 a 2019<\/a>. <strong>Anais do XIV ENANPEGE<\/strong>. Campina Grande: Realize Editora, 2021. <\/p>\n\n\n\n<p class=\"has-text-align-left\">OLIVEIRA, Rachel Facundo Vasconcelos de; DOTA, Ednelson Mariano. <a href=\"https:\/\/editorarealize.com.br\/artigo\/visualizar\/77726\">&#8220;As idas e vindas&#8221;: Um estudo sociodemogr\u00e1fico sobre a migra\u00e7\u00e3o de retorno da Regi\u00e3o Nordeste e as suas representa\u00e7\u00f5es no cinema a partir da d\u00e9cada de 2000<\/a>. <strong>Anais do XIV ENANPEGE<\/strong>. Campina Grande: Realize Editora, 2021.<\/p>\n\n\n\n<p class=\"has-text-align-left\"><strong>Cap\u00edtulos de Livros <\/strong><\/p>\n\n\n\n<p class=\"has-text-align-left\">ANDRADE, \u00cdtala Luzia. Os deslocamentos pendulares como express\u00e3o das desigualdades regionais das cidades m\u00e9dias.&nbsp;In: FUSCO, Wilson; MYRRHA, Luana Junqueira Dias; JESUS, Jordana Cristina.&nbsp;<strong><a href=\"https:\/\/www.researchgate.net\/publication\/351109230_Migracao_trabalho_e_genero_textos_selecionados\">Migra\u00e7\u00e3o, trabalho e g\u00eanero: textos selecionados<\/a><\/strong>. Belo Horizonte, MG: ABEP, 2021. p. 603-614. ISBN 978-65-991483-2-3.&nbsp;E-book.<\/p>\n\n\n\n<p class=\"has-text-align-left\">DOTA, Ednelson Mariano; FERREIRA, Francismar Cunha. Reestrutura\u00e7\u00e3o produtiva, divis\u00e3o territorial do trabalho e migra\u00e7\u00e3o: um olhar sobre o Esp\u00edrito Santo no s\u00e9culo XXI.&nbsp;In: FUSCO, Wilson; MYRRHA, Luana Junqueira Dias; JESUS, Jordana Cristina.&nbsp;<strong><a href=\"https:\/\/www.researchgate.net\/publication\/351109230_Migracao_trabalho_e_genero_textos_selecionados\">Migra\u00e7\u00e3o, trabalho e g\u00eanero: textos selecionados<\/a><\/strong>. Belo Horizonte, MG: ABEP, 2021. p. 642-656. ISBN 978-65-991483-2-3.&nbsp;E-book.<\/p>\n\n\n\n<p class=\"has-text-align-left\"><strong>2020<\/strong><\/p>\n\n\n\n<p class=\"has-text-align-left\"><strong>Artigos em Peri\u00f3dicos<\/strong><\/p>\n\n\n\n<p class=\"has-text-align-left\">OLIVEIRA, Rachel Facundo Vasconcelos de; TELES, Glauciana Alves; VASCONCELOS, Tereza Sandra Loiola. <a href=\"https:\/\/revista.fct.unesp.br\/index.php\/cpg\/article\/view\/7012\">As escolas de tempo integral em Fortaleza\/CE, no contexto das reformas educacionais brasileiras<\/a>.<strong> Caderno Prudentino de Geografia<\/strong>, v. 3, n.42, p. 6-30, 2020.<\/p>\n\n\n\n<p class=\"has-text-align-left\">ZANOTELLI, Cl\u00e1udio Luiz; DOTA, Ednelson Mariano. <a href=\"https:\/\/journals.openedition.org\/espacoeconomia\/10207\">A quest\u00e3o da desigualdade territorial municipal no Esp\u00edrito Santo face \u00e0 pandemia do coronav\u00edrus e a import\u00e2ncia da exist\u00eancia de um estado de bem-estar social em defesa da sociedade<\/a>. <strong>Espa\u00e7o e Economia<\/strong>, n. 17, 2020.<\/p>\n\n\n\n<p class=\"has-text-align-left\"><strong>Disserta\u00e7\u00f5es<\/strong><\/p>\n\n\n\n<p class=\"has-text-align-left\">SILVA, Malena Ramos. <strong><a href=\"http:\/\/geografia.ufes.br\/pt-br\/pos-graduacao\/PPGG\/detalhes-da-tese?id=14475\">Mobilidade pendular para o trabalho com o uso da bicicleta em Vit\u00f3ria-ES: perfil e distribui\u00e7\u00e3o espacial de potenciais usu\u00e1rios<\/a><\/strong>. 2020. 125 f. Disserta\u00e7\u00e3o (Mestrado em Geografia) &#8211; Centro de Ci\u00eancias Humanas e Naturais, Universidade Federal do Esp\u00edrito Santo.<\/p>\n\n\n\n<p class=\"has-text-align-left\"><strong>Relat\u00f3rios de Pesquisa<\/strong><\/p>\n\n\n\n<p class=\"has-text-align-left\">COSTA, Leonardo Louren\u00e7o. <a href=\"https:\/\/anaisjornadaic.sappg.ufes.br\/desc.php?&amp;id=15157\">Mobilidade pendular na regi\u00e3o de Laranjeiras-Serra-ES<\/a>. In:<strong> <\/strong>Jornada de Inicia\u00e7\u00e3o Cient\u00edfica da UFES, 2020, Vit\u00f3ria. <strong>Anais da XXX Jornada de Inicia\u00e7\u00e3o Cient\u00edfica da UFES<\/strong>. Vit\u00f3ria: PRPPG, 2020. v. 11.<\/p>\n\n\n\n<p class=\"has-text-align-left\">SANTOS, Y. O. <a href=\"https:\/\/www.researchgate.net\/publication\/350791104_Dinamica_migratoria_das_cidades_medias_no_interior_do_Espirito_Santo_o_caso_de_Cachoeiro_de_Itapemirim_e_Colatina\">Din\u00e2mica migrat\u00f3ria das cidades m\u00e9dias no interior do Esp\u00edrito Santo: o caso de Cachoeiro de Itapemirim e Colatina<\/a>. In:<strong> <\/strong>Jornada de Inicia\u00e7\u00e3o Cient\u00edfica da UFES, 2020, Vit\u00f3ria. <strong>Anais da XXX Jornada de Inicia\u00e7\u00e3o Cient\u00edfica da UFES<\/strong>. Vit\u00f3ria: PRPPG, 2020. v. 11.<\/p>\n\n\n\n<p class=\"has-text-align-left\"><strong>2019<\/strong>:&nbsp;<\/p>\n\n\n\n<p class=\"has-text-align-left\"><strong><strong>Artigos em Peri\u00f3dicos<\/strong><\/strong><\/p>\n\n\n\n<p class=\"has-text-align-left\">DOTA, Ednelson Mariano. <a href=\"https:\/\/periodicos.ufpe.br\/revistas\/ruralurbano\/article\/view\/241093\">Oportunidades de trabalho e a migra\u00e7\u00e3o rural-urbana no Esp\u00edrito Santo<\/a>. <strong>Revista Rural &amp; Urbano<\/strong>, v. 04, p. 37-56, 2019.<\/p>\n\n\n\n<p class=\"has-text-align-left\">DOTA, Ednelson Mariano; QUEIROZ, Silvana Nunes de. <a href=\"https:\/\/rbeur.anpur.org.br\/rbeur\/article\/view\/5854\">Migra\u00e7\u00e3o interna em tempos de crise no Brasil|Internal migration in times of crisis in Brazil<\/a>. <strong>Revista Brasileira de Estudos Urbanos e Regionais<\/strong>, [S. l.], v. 21, n. 2, p. 415, 2019.<\/p>\n\n\n\n<p class=\"has-text-align-left\"><strong><strong>Artigos em Anais de Eventos<\/strong><\/strong><\/p>\n\n\n\n<p class=\"has-text-align-left\">BARBOSA, K. C.  Movimentos migrat\u00f3rios na Amaz\u00f4nia: o caso das reservas de desenvolvimento sustent\u00e1vel Aman\u00e3 e Mamirau\u00e1 no M\u00e9dio Solim\u00f5es. In: Simp\u00f3sio brasileiro de Geografia Urbana, 2019, Vit\u00f3ria.<strong> Anais do XVI Simp\u00f3sio Nacional de Geografia Urbana<\/strong>. Vit\u00f3ria: Editora Milfontes, 2019. v. 1.<\/p>\n\n\n\n<p class=\"has-text-align-left\">DOTA, Ednelson M. <a href=\"https:\/\/www.researchgate.net\/publication\/338826034_MIGRACAO_E_O_SETOR_DE_PETROLEO_E_GAS_NO_ESPIRITO_SANTO\">Migra\u00e7\u00e3o e o setor de petr\u00f3leo e g\u00e1s no Esp\u00edrito Santo<\/a>. In: Simp\u00f3sio brasileiro de Geografia Urbana, 2019, Vit\u00f3ria.<strong> Anais do XVI Simp\u00f3sio Nacional de Geografia Urbana<\/strong>. Vit\u00f3ria: Editora Milfontes, 2019. v. 1. p. 1257-1272.<\/p>\n\n\n\n<p class=\"has-text-align-left\">SILVA, Malena Ramos; SALVALAIO, Renata. Perfil socioecon\u00f4mico de potenciais usu\u00e1rios de bicicleta nos movimentos pendulares no munic\u00edpio de Vit\u00f3ria. ES. In: Simp\u00f3sio brasileiro de Geografia Urbana, 2019, Vit\u00f3ria.<strong> Anais do XVI Simp\u00f3sio Nacional de Geografia Urbana<\/strong>. Vit\u00f3ria: Editora Milfontes, 2019. v. 1.<\/p>\n\n\n\n<p class=\"has-text-align-left\">SILVA, Malena Ramos; DOTA, Ednelson M. Distribui\u00e7\u00e3o espacial de potenciais usu\u00e1rios de bicicleta em deslocamentos pendulares para o trabalho no munic\u00edpio de Vit\u00f3ria \u2013 ES. In: II Congresso Internacional de Arquitetura e Cidade &amp; X Colet\u00e2nea Arqurb, 2019, Vila Velha.<strong><a href=\"https:\/\/drive.google.com\/drive\/folders\/1ToNWho6v098XZovamJDtvpmJeaEZzTqc\"> Anais do II Congresso Internacional de Arquitetura e Cidade &amp; X Colet\u00e2nea Arqurb<\/a><\/strong>. Vila Velha: SEDES\/UVV-ES, 2019. v. 1. p. 528-541.<\/p>\n\n\n\n<p class=\"has-text-align-left\"><strong>Cap\u00edtulos de Livros<\/strong><\/p>\n\n\n\n<p class=\"has-text-align-left\">DOTA, Ednelson Mariano; FERREIRA, Fracismar Cunha. Mobilidade espacial da popula\u00e7\u00e3o e planejamento: considera\u00e7\u00f5es sobre a Regi\u00e3o Metropolitana da Grande Vit\u00f3ria (RMGV). In: Ana Paula Rabello Lyra; Gilton Luis Ferreira; Giovanilton Andre Carreta Ferreira; Pablo Silva Lira. (Org.).<strong> Cidade e metr\u00f3pole<\/strong>. 1ed.Rio de Janeiro: Letra Capital, 2019, v. 1, p. 1-354.<\/p>\n\n\n\n<p class=\"has-text-align-left\"><strong>Disserta\u00e7\u00f5es<\/strong><\/p>\n\n\n\n<p class=\"has-text-align-left\">ANDRADE, \u00cdtala Luzia de. <strong><a href=\"http:\/\/portais4.ufes.br\/posgrad\/teses\/tese_13790_%CDTALA_final.pdf\">A mobilidade pendular como indicador na caracteriza\u00e7\u00e3o de cidades m\u00e9dias<\/a><\/strong>. 2019. 102 f. Disserta\u00e7\u00e3o (Mestrado em Geografia) &#8211; Centro de Ci\u00eancias Humanas e Naturais, Universidade Federal do Esp\u00edrito Santo.<\/p>\n\n\n\n<p class=\"has-text-align-left\"><strong>Relat\u00f3rios de Pesquisa<\/strong><\/p>\n\n\n\n<p class=\"has-text-align-left\">RODRIGUES, Rennan Moraes. <a href=\"https:\/\/anaisjornadaic.sappg.ufes.br\/desc.php?&amp;id=13999\">O impacto dos investimentos econ\u00f4micos do petr\u00f3leo na din\u00e2mica migrat\u00f3ria do Esp\u00edrito Santo p\u00f3s-2000<\/a>. In: Jornada de Inicia\u00e7\u00e3o Cient\u00edfica da UFES, 2019, Vit\u00f3ria. <strong>Anais da XXIX Jornada de Inicia\u00e7\u00e3o Cient\u00edfica da UFES<\/strong>. Vit\u00f3ria: PRPPG, 2019. v. 10. p. 1-15.<\/p>\n\n\n\n<p class=\"has-text-align-left\">SANTOS, Yago Oliveira. <a href=\"https:\/\/anaisjornadaic.sappg.ufes.br\/desc.php?&amp;id=14552\">An\u00e1lise dos fatores de estagna\u00e7\u00e3o e moderniza\u00e7\u00e3o na migra\u00e7\u00e3o recente: o caso dos munic\u00edpios de Santa Maria de Jetib\u00e1 e Santa Teres<\/a>a. In: <strong>J<\/strong>ornada de Inicia\u00e7\u00e3o Cient\u00edfica da UFES, 2019, Vit\u00f3ria. <strong>Anais da XXIX Jornada de Inicia\u00e7\u00e3o Cient\u00edfica da UFES<\/strong>. Vit\u00f3ria: UFES, 2019. v. 10.<\/p>\n\n\n\n<p class=\"has-text-align-left\"><strong>2018<\/strong>:&nbsp;<\/p>\n\n\n\n<p class=\"has-text-align-left\"><strong><strong>Artigos em Peri\u00f3dicos<\/strong><\/strong><\/p>\n\n\n\n<p class=\"has-text-align-left\">DOTA, Ednelson Mariano; RODRIGUES, Rennan Moraes; BARROS, Ana Maria Leite; FERREIRA, Francismar Cunha. <a href=\"https:\/\/www.researchgate.net\/publication\/329372060_Os_dados_sobre_atividades_e_ocupacao_numa_perspectiva_comparada_Censo_Demografico_PNAD_e_RAIS\">Os dados sobre atividades e ocupa\u00e7\u00e3o numa perspectiva comparada: Censo Demogr\u00e1fico, PNAD e RAIS<\/a>. <strong>Revista Geografares<\/strong>, v. 1, p. 201-221, 2018.<\/p>\n\n\n\n<p class=\"has-text-align-left\">DOTA, Ednelson Mariano; COELHO, Andr\u00e9 Luiz Nascentes; CAMARGO, Danilo Mangaba de.  <a href=\"https:\/\/www.researchgate.net\/publication\/326017655_A_dinamica_migratoria_no_Espirito_Santo_e_as_politicas_publicas\">A din\u00e2mica migrat\u00f3ria no Esp\u00edrito Santo e as pol\u00edticas p\u00fablicas<\/a>. <strong>Revista Guar\u00e1<\/strong>, v. 6, p. 9-18, 2018.<\/p>\n\n\n\n<p class=\"has-text-align-left\"><strong><strong>Artigos em Anais de Eventos<\/strong><\/strong><\/p>\n\n\n\n<p class=\"has-text-align-left\">RODRIGUES, Rennan Moraes. <a href=\"https:\/\/www.researchgate.net\/publication\/329781791_IMPACTOS_DOS_INVESTIMENTOS_DO_SETOR_PETROLIFERO_NA_POPULACAO_OCUPADA_DO_ESPIRITO_SANTO_ENFOQUE_NO_MERCADO_DE_TRABALHO_FORMAL\">Impactos do setor petrol\u00edfero na popula\u00e7\u00e3o ocupada do Esp\u00edrito Santo: Enfoque no Mercado de Trabalho Formal<\/a>. In: Encontro Nacional de Ge\u00f3grafos, 2018, Jo\u00e3o Pessoa. <strong>Anais Eletr\u00f4nicos do ENG 2018<\/strong>, v. 1.<\/p>\n\n\n\n<p class=\"has-text-align-left\">RODRIGUES, Rennan Moraes. <a href=\"https:\/\/revistaalabastro.fespsp.org.br\/index.php?journal=alabastro&amp;page=article&amp;op=download&amp;path%5B%5D=205&amp;path%5B%5D=123\">Diagn\u00f3stico S\u00f3cio-Econ\u00f4mico-Espacial das Denomina\u00e7\u00f5es Religiosas e Denomina\u00e7\u00f5es Evang\u00e9licas no Esp\u00edrito Santo em 2000 e 2010<\/a>. <strong>Revista ALABASTRO<\/strong>, v. 2, n. 11, p. 52-65, 2018.<\/p>\n","protected":false},"excerpt":{"rendered":"<p>2024 Relat\u00f3rios de Pesquisa DOTA, Edneson Mariano; APAR\u00cdCIO, Cimar Alejandro Pietro; OLIVEIRA, Rachel Facundo Vasconcelos de; ANDRADE, \u00cdtala Luzia de; FERREIRA, Francismar Cunha. Din\u00e2mica das fam\u00edlias no Brasil: transforma\u00e7\u00f5es em curso. Relat\u00f3rio de pesquisa, 2024. 2023 Artigos em Peri\u00f3dicos OLIVEIRA, Rachel Facundo Vasconcelos de; GONRING, Rafael. Quem \u00e9 rico mora na praia? Um estudo comparativo [&hellip;]<\/p>\n","protected":false},"author":400,"featured_media":0,"parent":0,"menu_order":0,"comment_status":"closed","ping_status":"closed","template":"","meta":{"_bbp_topic_count":0,"_bbp_reply_count":0,"_bbp_total_topic_count":0,"_bbp_total_reply_count":0,"_bbp_voice_count":0,"_bbp_anonymous_reply_count":0,"_bbp_topic_count_hidden":0,"_bbp_reply_count_hidden":0,"_bbp_forum_subforum_count":0,"_uag_custom_page_level_css":"","footnotes":""},"class_list":["post-1338","page","type-page","status-publish","hentry"],"uagb_featured_image_src":{"full":false,"thumbnail":false,"medium":false,"medium_large":false,"large":false,"1536x1536":false,"2048x2048":false,"post-thumbnail":false},"uagb_author_info":{"display_name":"yago.o.santos","author_link":"https:\/\/blog.ufes.br\/demografia\/author\/yago_oliveira-dos-santos\/"},"uagb_comment_info":0,"uagb_excerpt":"2024 Relat\u00f3rios de Pesquisa DOTA, Edneson Mariano; APAR\u00cdCIO, Cimar Alejandro Pietro; OLIVEIRA, Rachel Facundo Vasconcelos de; ANDRADE, \u00cdtala Luzia de; FERREIRA, Francismar Cunha. Din\u00e2mica das fam\u00edlias no Brasil: transforma\u00e7\u00f5es em curso. Relat\u00f3rio de pesquisa, 2024. 2023 Artigos em Peri\u00f3dicos OLIVEIRA, Rachel Facundo Vasconcelos de; GONRING, Rafael. Quem \u00e9 rico mora na praia? Um estudo comparativo&hellip;","_links":{"self":[{"href":"https:\/\/blog.ufes.br\/demografia\/wp-json\/wp\/v2\/pages\/1338","targetHints":{"allow":["GET"]}}],"collection":[{"href":"https:\/\/blog.ufes.br\/demografia\/wp-json\/wp\/v2\/pages"}],"about":[{"href":"https:\/\/blog.ufes.br\/demografia\/wp-json\/wp\/v2\/types\/page"}],"author":[{"embeddable":true,"href":"https:\/\/blog.ufes.br\/demografia\/wp-json\/wp\/v2\/users\/400"}],"replies":[{"embeddable":true,"href":"https:\/\/blog.ufes.br\/demografia\/wp-json\/wp\/v2\/comments?post=1338"}],"version-history":[{"count":17,"href":"https:\/\/blog.ufes.br\/demografia\/wp-json\/wp\/v2\/pages\/1338\/revisions"}],"predecessor-version":[{"id":1857,"href":"https:\/\/blog.ufes.br\/demografia\/wp-json\/wp\/v2\/pages\/1338\/revisions\/1857"}],"wp:attachment":[{"href":"https:\/\/blog.ufes.br\/demografia\/wp-json\/wp\/v2\/media?parent=1338"}],"curies":[{"name":"wp","href":"https:\/\/api.w.org\/{rel}","templated":true}]}}