{"id":19,"date":"2017-09-12T11:35:47","date_gmt":"2017-09-12T14:35:47","guid":{"rendered":"http:\/\/blog.ufes.br\/demografia\/?page_id=19"},"modified":"2018-05-17T14:28:21","modified_gmt":"2018-05-17T17:28:21","slug":"educacao","status":"publish","type":"page","link":"https:\/\/blog.ufes.br\/demografia\/educacao\/","title":{"rendered":"EDUCA\u00c7\u00c3O"},"content":{"rendered":"<p>Os estudos populacionais nos permitem entender o comportamento, as caracter\u00edsticas e as transforma\u00e7\u00f5es sociais da popula\u00e7\u00e3o no espa\u00e7o e no tempo. Os indicadores sociodemogr\u00e1ficos e de sa\u00fade s\u00e3o importantes instrumentos neste processo, potencializando a capacidade cr\u00edtica dos alunos em rela\u00e7\u00e3o \u00e0 sociedade e aos fen\u00f4menos relacionados \u00e0 vida cotidiana. A se\u00e7\u00e3o Educa\u00e7\u00e3o ir\u00e1 disponibilizar, portanto, planos de aulas, tutorias, v\u00eddeos, imagens e sugest\u00f5es de sites que possam subsidiar professores e alunos nos estudos populacionais.<\/p>\n<h2 style=\"text-align: center\"><strong>P\u00c1GINAS<\/strong><\/h2>\n<p><a href=\"https:\/\/blog.ufes.br\/demografia\/abnt\/\"><strong>ABNT<\/strong><\/a><\/p>\n<p><strong><a href=\"https:\/\/blog.ufes.br\/demografia\/apoio-orientacao\/\">APOIO\/ORIENTA\u00c7\u00c3O<\/a><\/strong><strong>\u00a0 \u00a0 \u00a0 \u00a0\u00a0<\/strong><\/p>\n<p><strong><a href=\"https:\/\/blog.ufes.br\/demografia\/planos-de-aula-2\/\">PLANOS DE AULA<\/a>\u00a0 \u00a0 \u00a0 \u00a0 \u00a0 <\/strong><\/p>\n<p><strong><a href=\"https:\/\/blog.ufes.br\/demografia\/recursos-tecnologicos\/\">RECURSOS EDUCACIONAIS<\/a><\/strong><\/p>\n<p><strong><a href=\"https:\/\/blog.ufes.br\/demografia\/tutoriais\/\">TUTORIAIS<\/a>\u00a0 \u00a0 <\/strong><\/p>\n","protected":false},"excerpt":{"rendered":"<p>Os estudos populacionais nos permitem entender o comportamento, as caracter\u00edsticas e as transforma\u00e7\u00f5es sociais da popula\u00e7\u00e3o no espa\u00e7o e no tempo. Os indicadores sociodemogr\u00e1ficos e de sa\u00fade s\u00e3o importantes instrumentos neste processo, potencializando a capacidade cr\u00edtica dos alunos em rela\u00e7\u00e3o \u00e0 sociedade e aos fen\u00f4menos relacionados \u00e0 vida cotidiana. A se\u00e7\u00e3o Educa\u00e7\u00e3o ir\u00e1 disponibilizar, portanto, [&hellip;]<\/p>\n","protected":false},"author":314,"featured_media":0,"parent":0,"menu_order":0,"comment_status":"closed","ping_status":"closed","template":"sidebar-page.php","meta":{"_bbp_topic_count":0,"_bbp_reply_count":0,"_bbp_total_topic_count":0,"_bbp_total_reply_count":0,"_bbp_voice_count":0,"_bbp_anonymous_reply_count":0,"_bbp_topic_count_hidden":0,"_bbp_reply_count_hidden":0,"_bbp_forum_subforum_count":0,"_uag_custom_page_level_css":"","footnotes":""},"class_list":["post-19","page","type-page","status-publish","hentry"],"uagb_featured_image_src":{"full":false,"thumbnail":false,"medium":false,"medium_large":false,"large":false,"1536x1536":false,"2048x2048":false,"post-thumbnail":false},"uagb_author_info":{"display_name":"ednelson.dota","author_link":"https:\/\/blog.ufes.br\/demografia\/author\/ednelson_mariano-dota\/"},"uagb_comment_info":0,"uagb_excerpt":"Os estudos populacionais nos permitem entender o comportamento, as caracter\u00edsticas e as transforma\u00e7\u00f5es sociais da popula\u00e7\u00e3o no espa\u00e7o e no tempo. Os indicadores sociodemogr\u00e1ficos e de sa\u00fade s\u00e3o importantes instrumentos neste processo, potencializando a capacidade cr\u00edtica dos alunos em rela\u00e7\u00e3o \u00e0 sociedade e aos fen\u00f4menos relacionados \u00e0 vida cotidiana. A se\u00e7\u00e3o Educa\u00e7\u00e3o ir\u00e1 disponibilizar, portanto,&hellip;","_links":{"self":[{"href":"https:\/\/blog.ufes.br\/demografia\/wp-json\/wp\/v2\/pages\/19","targetHints":{"allow":["GET"]}}],"collection":[{"href":"https:\/\/blog.ufes.br\/demografia\/wp-json\/wp\/v2\/pages"}],"about":[{"href":"https:\/\/blog.ufes.br\/demografia\/wp-json\/wp\/v2\/types\/page"}],"author":[{"embeddable":true,"href":"https:\/\/blog.ufes.br\/demografia\/wp-json\/wp\/v2\/users\/314"}],"replies":[{"embeddable":true,"href":"https:\/\/blog.ufes.br\/demografia\/wp-json\/wp\/v2\/comments?post=19"}],"version-history":[{"count":29,"href":"https:\/\/blog.ufes.br\/demografia\/wp-json\/wp\/v2\/pages\/19\/revisions"}],"predecessor-version":[{"id":1018,"href":"https:\/\/blog.ufes.br\/demografia\/wp-json\/wp\/v2\/pages\/19\/revisions\/1018"}],"wp:attachment":[{"href":"https:\/\/blog.ufes.br\/demografia\/wp-json\/wp\/v2\/media?parent=19"}],"curies":[{"name":"wp","href":"https:\/\/api.w.org\/{rel}","templated":true}]}}