{"id":21,"date":"2017-09-12T11:36:27","date_gmt":"2017-09-12T14:36:27","guid":{"rendered":"http:\/\/blog.ufes.br\/demografia\/?page_id=21"},"modified":"2017-10-23T15:46:18","modified_gmt":"2017-10-23T17:46:18","slug":"fecundidade","status":"publish","type":"page","link":"https:\/\/blog.ufes.br\/demografia\/fecundidade\/","title":{"rendered":"FECUNDIDADE"},"content":{"rendered":"<p>Desde a d\u00e9cada de 1960 observa-se um cont\u00ednuo decl\u00ednio nas taxas de fecundidade no Brasil, acarretando altera\u00e7\u00f5es significativas na composi\u00e7\u00e3o et\u00e1ria da popula\u00e7\u00e3o brasileira. Suscitada pelas transforma\u00e7\u00f5es na sociedade de maneira geral e especialmente na estrutura produtiva, no planejamento familiar e na modifica\u00e7\u00e3o do papel da mulher na sociedade, a fecundidade continua a se modificar. Os indicadores de fecundidade e as an\u00e1lises da literatura especializada, aqui divulgadas, podem auxiliar na compreens\u00e3o desse fen\u00f4meno necess\u00e1rio na forma\u00e7\u00e3o e valida\u00e7\u00e3o das pol\u00edticas p\u00fablicas.<\/p>\n","protected":false},"excerpt":{"rendered":"<p>Desde a d\u00e9cada de 1960 observa-se um cont\u00ednuo decl\u00ednio nas taxas de fecundidade no Brasil, acarretando altera\u00e7\u00f5es significativas na composi\u00e7\u00e3o et\u00e1ria da popula\u00e7\u00e3o brasileira. Suscitada pelas transforma\u00e7\u00f5es na sociedade de maneira geral e especialmente na estrutura produtiva, no planejamento familiar e na modifica\u00e7\u00e3o do papel da mulher na sociedade, a fecundidade continua a se modificar. [&hellip;]<\/p>\n","protected":false},"author":314,"featured_media":0,"parent":0,"menu_order":0,"comment_status":"closed","ping_status":"closed","template":"sidebar-page.php","meta":{"_bbp_topic_count":0,"_bbp_reply_count":0,"_bbp_total_topic_count":0,"_bbp_total_reply_count":0,"_bbp_voice_count":0,"_bbp_anonymous_reply_count":0,"_bbp_topic_count_hidden":0,"_bbp_reply_count_hidden":0,"_bbp_forum_subforum_count":0,"_uag_custom_page_level_css":"","footnotes":""},"class_list":["post-21","page","type-page","status-publish","hentry"],"uagb_featured_image_src":{"full":false,"thumbnail":false,"medium":false,"medium_large":false,"large":false,"1536x1536":false,"2048x2048":false,"post-thumbnail":false},"uagb_author_info":{"display_name":"ednelson.dota","author_link":"https:\/\/blog.ufes.br\/demografia\/author\/ednelson_mariano-dota\/"},"uagb_comment_info":0,"uagb_excerpt":"Desde a d\u00e9cada de 1960 observa-se um cont\u00ednuo decl\u00ednio nas taxas de fecundidade no Brasil, acarretando altera\u00e7\u00f5es significativas na composi\u00e7\u00e3o et\u00e1ria da popula\u00e7\u00e3o brasileira. Suscitada pelas transforma\u00e7\u00f5es na sociedade de maneira geral e especialmente na estrutura produtiva, no planejamento familiar e na modifica\u00e7\u00e3o do papel da mulher na sociedade, a fecundidade continua a se modificar.&hellip;","_links":{"self":[{"href":"https:\/\/blog.ufes.br\/demografia\/wp-json\/wp\/v2\/pages\/21","targetHints":{"allow":["GET"]}}],"collection":[{"href":"https:\/\/blog.ufes.br\/demografia\/wp-json\/wp\/v2\/pages"}],"about":[{"href":"https:\/\/blog.ufes.br\/demografia\/wp-json\/wp\/v2\/types\/page"}],"author":[{"embeddable":true,"href":"https:\/\/blog.ufes.br\/demografia\/wp-json\/wp\/v2\/users\/314"}],"replies":[{"embeddable":true,"href":"https:\/\/blog.ufes.br\/demografia\/wp-json\/wp\/v2\/comments?post=21"}],"version-history":[{"count":4,"href":"https:\/\/blog.ufes.br\/demografia\/wp-json\/wp\/v2\/pages\/21\/revisions"}],"predecessor-version":[{"id":264,"href":"https:\/\/blog.ufes.br\/demografia\/wp-json\/wp\/v2\/pages\/21\/revisions\/264"}],"wp:attachment":[{"href":"https:\/\/blog.ufes.br\/demografia\/wp-json\/wp\/v2\/media?parent=21"}],"curies":[{"name":"wp","href":"https:\/\/api.w.org\/{rel}","templated":true}]}}