{"id":229,"date":"2017-10-20T21:21:57","date_gmt":"2017-10-20T23:21:57","guid":{"rendered":"http:\/\/blog.ufes.br\/demografia\/?page_id=229"},"modified":"2025-04-30T07:47:51","modified_gmt":"2025-04-30T10:47:51","slug":"equipe","status":"publish","type":"page","link":"https:\/\/blog.ufes.br\/demografia\/equipe\/","title":{"rendered":"INTEGRANTES DO GPMEP"},"content":{"rendered":"<p><strong>EDNELSON MARIANO DOTA<\/strong><\/p>\n<h3><a href=\"http:\/\/lattes.cnpq.br\/9655853731005120\" target=\"_blank\" rel=\"noopener noreferrer\">CURR\u00cdCULO LATTES<\/a> \/ <a href=\"http:\/\/www.geo.ufes.br\/pt-br\/pos-graduacao\/PPGG\/detalhes-de-pessoal?id=29875\" target=\"_blank\" rel=\"noopener noreferrer\">P\u00c1GINA DO PROFESSOR \/ CONTATO<\/a><a href=\"http:\/\/www.geo.ufes.br\/pt-br\/ufes-email-contact\/PPGG\/29875\">\u00a0\/<\/a><a href=\"https:\/\/www.researchgate.net\/profile\/Ednelson_Dota\"> RESEARCH GATE \/<\/a><a href=\"https:\/\/ufes.academia.edu\/EdnelsonDota\"> ACADEMIA.EDU<\/a><\/h3>\n<p>Pesquisador do NEPO &#8220;Elza Berqu\u00f3&#8221;, \u00e9 professor do Departamento de Demografia (IFCH) e do Programa de P\u00f3s-Gradua\u00e7\u00e3o em Demografia da Universidade de Campinas, do Programa de P\u00f3s-Gradua\u00e7\u00e3o em Geografia da Universidade Federal do Esp\u00edrito Santo. \u00c9 ge\u00f3grafo, mestre e doutor em Demografia.<\/p>\n<p><strong>JHONATAN TELLES RIBEIRO<\/strong><\/p>\n<h3><a href=\"http:\/\/lattes.cnpq.br\/6126867522617654\">CURR\u00cdCULO LATTES<\/a> \/ <a href=\"https:\/\/www.researchgate.net\/profile\/Jhonatan-Ribeiro-2\">RESEARCH GATE<\/a><\/h3>\n<p>Mestrando em Geografia na Universidade Federal do Esp\u00edrito Santo. Possui Licenciatura em Geografia, Bacharelado em Contabilidade e Tecn\u00f3logo em Gest\u00e3o Financeira.\u00a0<\/p>\n<p><strong>RACHEL FACUNDO VASCONCELOS DE OLIVEIRA\u00a0<\/strong><\/p>\n<h3><a href=\"http:\/\/lattes.cnpq.br\/1166905404623942\">CURR\u00cdCULO LATTES<\/a> \/ <a href=\"https:\/\/www.researchgate.net\/profile\/Rachel-Facundo-Vasconcelos-De-Oliveira\">RESEARCH GATE<\/a><\/h3>\n<p>Doutoranda em Geografia na Universidade Federal do Esp\u00edrito Santo. Mestre em Geografia. Possui Licenciatura e Bacharelado em Geografia, Bacharelado em Comunica\u00e7\u00e3o Social.\u00a0<\/p>\n<p><strong>RENNAN MORAES RODRIGUES<\/strong><\/p>\n<p>Doutorando em Geografia na Universidade Federal do Esp\u00edrito Santo. Mestre em Geografia. Bacharelado e Licenciatura em Geografia.\u00a0<\/p>\n<p><strong>YAGO OLIVEIRA DOS SANTOS<\/strong><\/p>\n<p>Doutorando em Geografia na Universidade Federal do Esp\u00edrito Santo. Mestre em Geografia. Bacharelado e Licenciatura em Geografia.\u00a0<\/p>\n<p><strong>\u00cdTALA LUZIA DE ANDRADE<\/strong><\/p>\n<p>Doutoranda em Geografia na Universidade Federal do Esp\u00edrito Santo. Mestre em Geografia. Bacharelado e Licenciatura em Geografia.\u00a0<\/p>\n<p><strong>J\u00d3ICE DE OLIVEIRA SANTOS DOMENICONI<\/strong><\/p>\n<p>P\u00f3s-Doutoranda em Demografia na Universidade Estadual de Campinas. Doutora e Mestre em Demografia. Bacharelado em Economia e em Rela\u00e7\u00f5es Internacionais.\u00a0<\/p>\n\n\n<p><a href=\"http:\/\/dgp.cnpq.br\/dgp\/espelhogrupo\/1819122708929814\"><strong>GRUPO DE PESQUISA MOBILIDADE ESPACIAL DA POPULA\u00c7\u00c3O<\/strong><\/a><br>O Grupo de Pesquisa Mobilidade Espacial da Popula\u00e7\u00e3o foi formado em 2019, e formalizado enquanto grupo de pesquisa do CNPQ em 2020. \u00c9 coordenado pelo Prof\u00ba Dr\u00ba Ednelson Mariano Dota, e composto por estudantes de gradua\u00e7\u00e3o, mestrado e doutorado.<\/p>\n\n\n\n<p><strong>INSTAGRAM DO PROJETO<\/strong><\/p>\n\n\n\n<p>instagram.com\/demografiapop<\/p>\n","protected":false},"excerpt":{"rendered":"<p>EDNELSON MARIANO DOTA CURR\u00cdCULO LATTES \/ P\u00c1GINA DO PROFESSOR \/ CONTATO\u00a0\/ RESEARCH GATE \/ ACADEMIA.EDU Pesquisador do NEPO &#8220;Elza Berqu\u00f3&#8221;, \u00e9 professor do Departamento de Demografia (IFCH) e do Programa de P\u00f3s-Gradua\u00e7\u00e3o em Demografia da Universidade de Campinas, do Programa de P\u00f3s-Gradua\u00e7\u00e3o em Geografia da Universidade Federal do Esp\u00edrito Santo. \u00c9 ge\u00f3grafo, mestre e doutor [&hellip;]<\/p>\n","protected":false},"author":323,"featured_media":0,"parent":0,"menu_order":0,"comment_status":"closed","ping_status":"closed","template":"","meta":{"_bbp_topic_count":0,"_bbp_reply_count":0,"_bbp_total_topic_count":0,"_bbp_total_reply_count":0,"_bbp_voice_count":0,"_bbp_anonymous_reply_count":0,"_bbp_topic_count_hidden":0,"_bbp_reply_count_hidden":0,"_bbp_forum_subforum_count":0,"_uag_custom_page_level_css":"","footnotes":""},"class_list":["post-229","page","type-page","status-publish","hentry"],"uagb_featured_image_src":{"full":false,"thumbnail":false,"medium":false,"medium_large":false,"large":false,"1536x1536":false,"2048x2048":false,"post-thumbnail":false},"uagb_author_info":{"display_name":"lais.lovate","author_link":"https:\/\/blog.ufes.br\/demografia\/author\/lais-lovate\/"},"uagb_comment_info":0,"uagb_excerpt":"EDNELSON MARIANO DOTA CURR\u00cdCULO LATTES \/ P\u00c1GINA DO PROFESSOR \/ CONTATO\u00a0\/ RESEARCH GATE \/ ACADEMIA.EDU Pesquisador do NEPO &#8220;Elza Berqu\u00f3&#8221;, \u00e9 professor do Departamento de Demografia (IFCH) e do Programa de P\u00f3s-Gradua\u00e7\u00e3o em Demografia da Universidade de Campinas, do Programa de P\u00f3s-Gradua\u00e7\u00e3o em Geografia da Universidade Federal do Esp\u00edrito Santo. \u00c9 ge\u00f3grafo, mestre e doutor&hellip;","_links":{"self":[{"href":"https:\/\/blog.ufes.br\/demografia\/wp-json\/wp\/v2\/pages\/229","targetHints":{"allow":["GET"]}}],"collection":[{"href":"https:\/\/blog.ufes.br\/demografia\/wp-json\/wp\/v2\/pages"}],"about":[{"href":"https:\/\/blog.ufes.br\/demografia\/wp-json\/wp\/v2\/types\/page"}],"author":[{"embeddable":true,"href":"https:\/\/blog.ufes.br\/demografia\/wp-json\/wp\/v2\/users\/323"}],"replies":[{"embeddable":true,"href":"https:\/\/blog.ufes.br\/demografia\/wp-json\/wp\/v2\/comments?post=229"}],"version-history":[{"count":43,"href":"https:\/\/blog.ufes.br\/demografia\/wp-json\/wp\/v2\/pages\/229\/revisions"}],"predecessor-version":[{"id":1867,"href":"https:\/\/blog.ufes.br\/demografia\/wp-json\/wp\/v2\/pages\/229\/revisions\/1867"}],"wp:attachment":[{"href":"https:\/\/blog.ufes.br\/demografia\/wp-json\/wp\/v2\/media?parent=229"}],"curies":[{"name":"wp","href":"https:\/\/api.w.org\/{rel}","templated":true}]}}