{"id":23,"date":"2017-09-12T11:36:43","date_gmt":"2017-09-12T14:36:43","guid":{"rendered":"http:\/\/blog.ufes.br\/demografia\/?page_id=23"},"modified":"2019-05-10T09:11:46","modified_gmt":"2019-05-10T12:11:46","slug":"migracao","status":"publish","type":"page","link":"https:\/\/blog.ufes.br\/demografia\/migracao\/","title":{"rendered":"MIGRA\u00c7\u00c3O"},"content":{"rendered":"<p>A migra\u00e7\u00e3o \u00e9 um fen\u00f4meno din\u00e2mico e apresenta-se heterog\u00eaneo no territ\u00f3rio, sendo resultado das diferen\u00e7as regionais, a partir dos fatores sociais, econ\u00f4micos e pol\u00edticos que influenciam no direcionamento dos fluxos populacionais e, ao mesmo tempo, contribui para o aprofundamento dessas diferen\u00e7as. A elabora\u00e7\u00e3o de estudos sobre a din\u00e2mica migrat\u00f3ria interna brasileira tem sido extensa e rica na disponibiliza\u00e7\u00e3o de dados a partir da segunda metade do s\u00e9culo XX. Da mesma maneira e, para alguns lugares, a imigra\u00e7\u00e3o internacional se destaca, sendo uma das modalidades com maior volume de estudos no Esp\u00edrito Santo.<\/p>\n<p>_____________________<\/p>\n<p><strong>Ponto de vista:<\/strong><\/p>\n<p><a href=\"https:\/\/www.youtube.com\/watch?v=9r7AR4TmUq8\" target=\"_blank\" rel=\"noopener noreferrer\">Migra\u00e7\u00f5es na Europa<\/a><\/p>\n<p><a href=\"https:\/\/www.youtube.com\/watch?v=cG6415_AVPI&amp;t=60s\" target=\"_blank\" rel=\"noopener noreferrer\">Imigra\u00e7\u00e3o no sul da It\u00e1lia<\/a><\/p>\n<h1 class=\"title style-scope ytd-video-primary-info-renderer\"><a href=\"https:\/\/www.youtube.com\/watch?v=RZ0Pfh_kxHM\" target=\"_blank\" rel=\"noopener noreferrer\">Di\u00e1logo sem Fronteira &#8211; Migra\u00e7\u00e3o e mobilidade residencial<\/a><\/h1>\n<p><strong>Teses e disserta\u00e7\u00f5es:<\/strong><\/p>\n<p><strong>2016:<\/strong><\/p>\n<p><a href=\"http:\/\/www.geografia.ufes.br\/pt-br\/pos-graduacao\/PPGG\/detalhes-da-tese?id=9998\" target=\"_blank\" rel=\"noopener noreferrer\">UM ESTUDO DE CASO DA MIGRA\u00c7\u00c3O BAIANA NA RMGV &#8211; O FLUXO MIGRAT\u00d3RIO ENTRE O DISTRITO DE PIMENTA (MASCOTE-BA) E O BAIRRO JESUS DE NAZARETH (VIT\u00d3RIA-ES) A PARTIR DA D\u00c9CADA DE 1980<\/a><\/p>\n<p><strong>2015:<\/strong><\/p>\n<p><a href=\"http:\/\/www.historia.ufes.br\/pt-br\/pos-graduacao\/PPGHIS\/detalhes-da-tese?id=7642\" target=\"_blank\" rel=\"noopener noreferrer\">LABORIOSOS E MORIGERADOS OU INDOLENTES E VADIOS: AS M\u00daLTIPLAS IMAGENS DO IMIGRANTE E DO TRABALHADOR LIVRE NACIONAL NOS RELAT\u00d3RIOS GOVERNAMENTAIS ENTRE 1847 E 1882 NO ESP\u00cdRITO SANTO<\/a><\/p>\n<p><a href=\"http:\/\/www.historia.ufes.br\/pt-br\/pos-graduacao\/PPGHIS\/detalhes-da-tese?id=7647\" target=\"_blank\" rel=\"noopener noreferrer\">CRESCIMENTO URBANO-INDUSTRIAL E A DIN\u00c2MICA MIGRAT\u00d3RIA NA REGI\u00c3O METROPOLITANA DA GRANDE VIT\u00d3RIA (1960-2010): AS PARTICULARIDADES SOCIOESPACIAIS DOS IMPACTOS NO MUNIC\u00cdPIO DA SERRA<\/a><\/p>\n<p><strong>2014:<\/strong><\/p>\n<p><a href=\"http:\/\/www.economia.ufes.br\/pt-br\/pos-graduacao\/PPGECO\/detalhes-da-tese?id=6159\" target=\"_blank\" rel=\"noopener noreferrer\">MOBILIDADE GEOGR\u00c1FICA DE TRABALHADORES QUALIFICADOS: PRINCIPAIS EVID\u00caNCIAS PARA O BRASIL E O ESP\u00cdRITO SANTO<\/a><\/p>\n<p><a href=\"http:\/\/www.geografia.ufes.br\/pt-br\/pos-graduacao\/PPGG\/detalhes-da-tese?id=8456\" target=\"_blank\" rel=\"noopener noreferrer\">IMIGRA\u00c7\u00c3O ITALIANA EM ANCHIETA-ES: CARACTERIZA\u00c7\u00c3O E CONTRIBUI\u00c7\u00d5ES PARA O DESENVOLVIMENTO LOCAL<\/a><\/p>\n<p><strong>2008:<\/strong><\/p>\n<p><a href=\"http:\/\/www.historia.ufes.br\/pt-br\/pos-graduacao\/PPGHIS\/detalhes-da-tese?id=3211\" target=\"_blank\" rel=\"noopener noreferrer\">POL\u00cdTICA DE IMIGRA\u00c7\u00c3O ESTRANGEIRA NO JORNAL A PROV\u00cdNCIA DO ESP\u00cdRITO SANTO (1882\/1889)<\/a><\/p>\n<p><a href=\"http:\/\/www.historia.ufes.br\/pt-br\/pos-graduacao\/PPGHIS\/detalhes-da-tese?id=3263\" target=\"_blank\" rel=\"noopener noreferrer\">O PAPEL SOCIAL E ECON\u00d4MICA DA MULHER IMIGRANTE NA REGI\u00c3O DE VENDA NOVA DO IMIGRANTE (ES) &#8211; 1891 A 1927<\/a><\/p>\n<p><strong>Outras publica\u00e7\u00f5es:<\/strong><\/p>\n<p><strong>2014:<\/strong><\/p>\n<p><a href=\"https:\/\/ape.es.gov.br\/Media\/ape\/PDF\/Livros\/italianos.pdf\" target=\"_blank\" rel=\"noopener noreferrer\">BASE DE DADOS DA IMIGRA\u00c7\u00c3O ITALIANA NO ESP\u00cdRITO SANTO NOS S\u00c9CULOS XIX E XX<\/a><\/p>\n<p><a href=\"https:\/\/revistas.ufrj.br\/index.php\/dilemas\/article\/view\/7245\/5827\" target=\"_blank\" rel=\"noopener noreferrer\">MIGRA\u00c7\u00c3O E VIOL\u00caNCIA: O \u2018BAIANO\u2019 NA CONSTRU\u00c7\u00c3O DA SUJEI\u00c7\u00c3O CRIMINAL NA RMGV DO ESP\u00cdRITO SANTO<\/a><\/p>\n<p><a href=\"http:\/\/periodicos.ufes.br\/agora\/article\/view\/8312\" target=\"_blank\" rel=\"noopener noreferrer\">ASPECTOS LINGU\u00cdSTICOS E CULTURAIS DA IMIGRA\u00c7\u00c3O ITALIANA NA ZONA RURAL DE MARECHAL FLORIANO, ES<\/a><\/p>\n<p><strong>2013:<\/strong><\/p>\n<p><a href=\"http:\/\/ojs.unica.it\/index.php\/anuac\/article\/view\/1636\" target=\"_blank\" rel=\"noopener noreferrer\">RETORNO \u00c0S RA\u00cdZES? NARRATIVAS DE INTEGRA\u00c7\u00c3O DE ESP\u00cdRITO-SANTENSES NA E\/IMIGRA\u00c7\u00c3O CONTEMPOR\u00c2NEA NA IT\u00c1LIA<\/a><\/p>\n<p><a href=\"http:\/\/periodicos.ufes.br\/sinais\/article\/view\/8589\" target=\"_blank\" rel=\"noopener noreferrer\">MOVIMENTOS MIGRAT\u00d3RIOS, CRIMINALIDADE E DIREITOS CIVIS NO ESP\u00cdRITO SANTO<\/a><\/p>\n<p><strong>2011:<\/strong><\/p>\n<p><a href=\"http:\/\/www.bocc.ubi.pt\/pag\/dadalto-maria-vestigios-da-imigracao-de-estrangeiros-e-nacionais.pdf\" target=\"_blank\" rel=\"noopener noreferrer\">VEST\u00cdGIOS DA IMIGRA\u00c7\u00c3O DE ESTRANGEIROS E NACIONAIS NA M\u00cdDIA DO ESP\u00cdRITO SANTO<\/a><\/p>\n<p><a href=\"http:\/\/www.redalyc.org\/pdf\/4517\/451744820291.pdf\" target=\"_blank\" rel=\"noopener noreferrer\">AN\u00c1LISE COMPARATIVA DA IMIGRA\u00c7\u00c3O ITALIANA DIRIGIDA PARA O ESP\u00cdRITO SANTO E PARA A AMAZ\u00d4NIA DURANTE A SEGUNDA METADE DO S\u00c9CULO XIX E PRIMEIRA METADE DO S\u00c9CULO XX<\/a><\/p>\n<p><strong>2010:<\/strong><\/p>\n<p><a href=\"http:\/\/portcom.intercom.org.br\/revistas\/index.php\/iniciacom\/article\/view\/692\" target=\"_blank\" rel=\"noopener noreferrer\">IMIGRANTES JAPONESES NO ESP\u00cdRITO SANTO E A M\u00cdDIA CAPIXABA<\/a><\/p>\n<p><strong>2009:<\/strong><\/p>\n<p><a href=\"http:\/\/periodicos.ufes.br\/geografares\/article\/view\/153\/79\" target=\"_blank\" rel=\"noopener noreferrer\">MUDAN\u00c7AS NA ESTRUTURA DEMOGR\u00c1FICA DO ESP\u00cdRITO SANTO OCORRIDAS DURANTE A SEGUNDA METADE DO S\u00c9CULO XX<\/a><\/p>\n","protected":false},"excerpt":{"rendered":"<p>A migra\u00e7\u00e3o \u00e9 um fen\u00f4meno din\u00e2mico e apresenta-se heterog\u00eaneo no territ\u00f3rio, sendo resultado das diferen\u00e7as regionais, a partir dos fatores sociais, econ\u00f4micos e pol\u00edticos que influenciam no direcionamento dos fluxos populacionais e, ao mesmo tempo, contribui para o aprofundamento dessas diferen\u00e7as. A elabora\u00e7\u00e3o de estudos sobre a din\u00e2mica migrat\u00f3ria interna brasileira tem sido extensa e [&hellip;]<\/p>\n","protected":false},"author":314,"featured_media":0,"parent":0,"menu_order":0,"comment_status":"closed","ping_status":"closed","template":"sidebar-page.php","meta":{"_bbp_topic_count":0,"_bbp_reply_count":0,"_bbp_total_topic_count":0,"_bbp_total_reply_count":0,"_bbp_voice_count":0,"_bbp_anonymous_reply_count":0,"_bbp_topic_count_hidden":0,"_bbp_reply_count_hidden":0,"_bbp_forum_subforum_count":0,"_uag_custom_page_level_css":"","footnotes":""},"class_list":["post-23","page","type-page","status-publish","hentry"],"uagb_featured_image_src":{"full":false,"thumbnail":false,"medium":false,"medium_large":false,"large":false,"1536x1536":false,"2048x2048":false,"post-thumbnail":false},"uagb_author_info":{"display_name":"ednelson.dota","author_link":"https:\/\/blog.ufes.br\/demografia\/author\/ednelson_mariano-dota\/"},"uagb_comment_info":0,"uagb_excerpt":"A migra\u00e7\u00e3o \u00e9 um fen\u00f4meno din\u00e2mico e apresenta-se heterog\u00eaneo no territ\u00f3rio, sendo resultado das diferen\u00e7as regionais, a partir dos fatores sociais, econ\u00f4micos e pol\u00edticos que influenciam no direcionamento dos fluxos populacionais e, ao mesmo tempo, contribui para o aprofundamento dessas diferen\u00e7as. A elabora\u00e7\u00e3o de estudos sobre a din\u00e2mica migrat\u00f3ria interna brasileira tem sido extensa e&hellip;","_links":{"self":[{"href":"https:\/\/blog.ufes.br\/demografia\/wp-json\/wp\/v2\/pages\/23","targetHints":{"allow":["GET"]}}],"collection":[{"href":"https:\/\/blog.ufes.br\/demografia\/wp-json\/wp\/v2\/pages"}],"about":[{"href":"https:\/\/blog.ufes.br\/demografia\/wp-json\/wp\/v2\/types\/page"}],"author":[{"embeddable":true,"href":"https:\/\/blog.ufes.br\/demografia\/wp-json\/wp\/v2\/users\/314"}],"replies":[{"embeddable":true,"href":"https:\/\/blog.ufes.br\/demografia\/wp-json\/wp\/v2\/comments?post=23"}],"version-history":[{"count":11,"href":"https:\/\/blog.ufes.br\/demografia\/wp-json\/wp\/v2\/pages\/23\/revisions"}],"predecessor-version":[{"id":1094,"href":"https:\/\/blog.ufes.br\/demografia\/wp-json\/wp\/v2\/pages\/23\/revisions\/1094"}],"wp:attachment":[{"href":"https:\/\/blog.ufes.br\/demografia\/wp-json\/wp\/v2\/media?parent=23"}],"curies":[{"name":"wp","href":"https:\/\/api.w.org\/{rel}","templated":true}]}}