{"id":27,"date":"2017-09-12T11:41:40","date_gmt":"2017-09-12T14:41:40","guid":{"rendered":"http:\/\/blog.ufes.br\/demografia\/?page_id=27"},"modified":"2024-04-26T17:21:28","modified_gmt":"2024-04-26T20:21:28","slug":"inicio","status":"publish","type":"page","link":"https:\/\/blog.ufes.br\/demografia\/","title":{"rendered":"HOME"},"content":{"rendered":"<h1>Acesse nossa nova publica\u00e7\u00e3o, o livro \u201cFam\u00edlia, habita\u00e7\u00e3o e mobilidade residencial na metr\u00f3pole: perspectivas a partir da Geografia da popula\u00e7\u00e3o\u201d<a href=\"https:\/\/geo.ufes.br\/sites\/geografia.ufes.br\/files\/field\/anexo\/978-85-7785-889-7_familia_habitacao_e_mobilidade_residencial_na_metropole_pdf.pdf\"><img loading=\"lazy\" decoding=\"async\" class=\"wp-image-1788 aligncenter\" src=\"http:\/\/blog.ufes.br\/demografia\/files\/2024\/01\/capa-livro-migrafamilia.png\" alt=\"\" width=\"220\" height=\"323\" \/><\/a><\/h1>\n<p>O livro &#8220;Fam\u00edlia, habita\u00e7\u00e3o e mobilidade residencial na metr\u00f3pole: perspectivas a partir da Geografia da popula\u00e7\u00e3o&#8221; \u00e9 resultado da pesquisa &#8220;Din\u00e2mica demogr\u00e1fica familiar e padr\u00e3o migrat\u00f3rio no Brasil&#8221;, coordenado pelo professor Ednelson e sediada no Laborat\u00f3rio de an\u00e1lises geogr\u00e1ficas, demogr\u00e1ficas e da popula\u00e7\u00e3o (LAGEDEP) do Departamento de Geografia da UFES.<\/p>\n<p>O livro, organizado em conjunto com o professor Igor Martins Medeiros Robaina, o\u00a0Dr. Cimar Alejandro Prieto Apar\u00edcio e Dra. Isis do Mar Marques Martins,\u00a0conta com nove cap\u00edtulos, congregando resultados da pesquisa e reflex\u00f5es te\u00f3ricas e metodol\u00f3gicas.<\/p>\n<h1>Acesse nossa publica\u00e7\u00e3o, o documento \u201cTrajet\u00f3rias habitacionais: alguns elementos de geografia da popula\u00e7\u00e3o da RMGV\u201d<\/h1>\n<p><a href=\"https:\/\/geo.ufes.br\/sites\/geografia.ufes.br\/files\/field\/anexo\/trajetorias_habitacionais_rmgv_144dpi.pdf\"><img loading=\"lazy\" decoding=\"async\" class=\"wp-image-1768 aligncenter\" src=\"http:\/\/blog.ufes.br\/demografia\/files\/2023\/06\/Trajetorias-habitacionais-alguns-elementos-da-geografia-da-populacao-da-RMGV.png\" alt=\"\" width=\"199\" height=\"347\" \/><\/a><\/p>\n<p>Gostar\u00edamos de convid\u00e1-lo a explorar um documento especial que aborda quest\u00f5es essenciais sobre as trajet\u00f3rias migrat\u00f3rias na Regi\u00e3o Metropolitana da Grande Vit\u00f3ria (RMGV). Intitulado &#8220;Trajet\u00f3rias habitacionais: alguns elementos de geografia da popula\u00e7\u00e3o da RMGV&#8221;, esse trabalho foi produzido pelo Laborat\u00f3rio de An\u00e1lises Geogr\u00e1ficas, Demogr\u00e1ficas e da Popula\u00e7\u00e3o (Lagedep\/UFES), no \u00e2mbito do projeto &#8220;Din\u00e2mica Demogr\u00e1fica Familiar e Padr\u00e3o Migrat\u00f3rio no Brasil: Transforma\u00e7\u00f5es desde os anos 1990&#8221;, que recebeu financiamento da CAPES\/SNF por meio do Programa Fam\u00edlia e Pol\u00edticas P\u00fablicas no Brasil.<\/p>\n<p>O documento \u00e9 uma apresenta\u00e7\u00e3o com an\u00e1lises breves, que visam caracterizar alguns bairros visitados pela equipe do projeto MigraFam\u00edlia. Seu objetivo principal \u00e9 fornecer informa\u00e7\u00f5es relevantes \u00e0s comunidades visitadas durante a realiza\u00e7\u00e3o das atividades, trazendo \u00e0 tona an\u00e1lises que geralmente s\u00e3o restritas ao meio acad\u00eamico, mas que desempenham um papel crucial na din\u00e2mica das cidades.<\/p>\n<h1>Acesse nossa nova publica\u00e7\u00e3o, o painel &#8220;Trajet\u00f3rias: indicadores da popula\u00e7\u00e3o brasileira&#8221;<\/h1>\n<p><a href=\"https:\/\/app.powerbi.com\/view?r=eyJrIjoiYjdjNDk4YTgtYzdhOC00Y2NkLWFiNTYtMDAxMmRkNjQyMGFmIiwidCI6ImEyYTU0MTFlLTE5OGUtNDMzMC1hNWMzLTJiYjAyYmM2OTVkYSJ9\"><img loading=\"lazy\" decoding=\"async\" class=\"alignnone size-full wp-image-1756\" src=\"http:\/\/blog.ufes.br\/demografia\/files\/2023\/03\/Capa-power-bi.png\" alt=\"\" width=\"1046\" height=\"596\" srcset=\"https:\/\/blog.ufes.br\/demografia\/files\/2023\/03\/Capa-power-bi.png 1046w, https:\/\/blog.ufes.br\/demografia\/files\/2023\/03\/Capa-power-bi-300x171.png 300w, https:\/\/blog.ufes.br\/demografia\/files\/2023\/03\/Capa-power-bi-1024x583.png 1024w, https:\/\/blog.ufes.br\/demografia\/files\/2023\/03\/Capa-power-bi-768x438.png 768w, https:\/\/blog.ufes.br\/demografia\/files\/2023\/03\/Capa-power-bi-500x285.png 500w\" sizes=\"auto, (max-width: 1046px) 100vw, 1046px\" \/><\/a><\/p>\n<p>O painel visa fomentar o debate sobre as transforma\u00e7\u00f5es a popula\u00e7\u00e3o residente no Brasil por meio de indicadores consagrados na literatura internacional, estando \u00e0 disposi\u00e7\u00e3o da comunidade atrav\u00e9s da internet, permitindo f\u00e1cil acesso a interessados.<\/p>\n<p>\u00c9 resultado de projetos de pesquisa e extens\u00e3o do Departamento de Geografia da Universidade Federal do Esp\u00edrito Santo, com financiamento da CAPES e CNPq, realizado no Laborat\u00f3rio de an\u00e1lises geogr\u00e1ficas, demogr\u00e1ficas e da popula\u00e7\u00e3o (Lagedep\/UFES).<\/p>\n<p style=\"text-align: center\">&#8212;&#8212;&#8212;&#8212;&#8212;&#8212;&#8212;&#8212;&#8212;&#8212;&#8212;&#8212;&#8212;<\/p>\n<p><strong>O blog<\/strong> \u00e9 desenvolvido no \u00e2mbito do <strong>Laborat\u00f3rio de an\u00e1lises geogr\u00e1ficas, demogr\u00e1ficas e da popula\u00e7\u00e3o (Lagedep)<\/strong>\u00a0do Departamento de Geografia (DGEO) da Universidade Federal do Esp\u00edrito Santo (UFES), com tr\u00eas objetivos:<\/p>\n<ul>\n<li>Divulgar e tornar acess\u00edvel aos gestores p\u00fablicos links de textos, artigos, revistas e bancos de dados sobre fen\u00f4menos demogr\u00e1ficos importantes para compreens\u00e3o das transforma\u00e7\u00f5es na din\u00e2mica populacional de modo a subsidiar a formula\u00e7\u00e3o e valida\u00e7\u00e3o de pol\u00edticas p\u00fablicas;<\/li>\n<li>Disponibilizar materiais e links que contribuam no processo de ensino-aprendizagem referente aos estudos populacionais, tanto ao n\u00edvel de gradua\u00e7\u00e3o quanto no ensino b\u00e1sico;<\/li>\n<li>Postagens de not\u00edcias relevantes sobre a quest\u00e3o populacional, que permitam conhecer an\u00e1lises e leituras sobre o fen\u00f4meno demogr\u00e1fico no Brasil e no mundo.<\/li>\n<\/ul>\n<p>Seja bem-vindo(a) ao blog, aproveite e participe conosco da sua constru\u00e7\u00e3o.<\/p>\n<p><a href=\"https:\/\/www.instagram.com\/demografiapop\/\"><img loading=\"lazy\" decoding=\"async\" class=\"wp-image-1805 aligncenter\" src=\"http:\/\/blog.ufes.br\/demografia\/files\/2024\/01\/Capa-demografiapop-blog-1.png\" alt=\"\" width=\"428\" height=\"245\" \/><\/a><\/p>\n<hr \/>\n<h2><strong>Conhe\u00e7a nossas produ\u00e7\u00f5es:<\/strong><\/h2>\n<h2><strong>Indicadores de envelhecimento dos munic\u00edpios do Esp\u00edrito Santo<\/strong><\/h2>\n<p>Trata-se de um banco de dados com informa\u00e7\u00f5es sobre o envelhecimento no \u00e2mbito dos munic\u00edpios do Esp\u00edrito Santo, pertindo conhecer as diferen\u00e7as verificadas em cada um deles.<\/p>\n<p><a class=\"ext\" href=\"https:\/\/www.researchgate.net\/publication\/338855900_Indicadores_de_envelhecimento_dos_municipios_do_Espirito_Santo\" target=\"_blank\" rel=\"nofollow noopener noreferrer\">Download aqui<\/a><\/p>\n<h2><strong>Atlas da migra\u00e7\u00e3o no Esp\u00edrito Santo<\/strong><\/h2>\n<p class=\"rtejustify\">O Atlas da migra\u00e7\u00e3o no Esp\u00edrito Santo apresenta uma s\u00e9rie de mapas sobre a din\u00e2mica migrat\u00f3ria no Estado, analisando a din\u00e2mica espacial dos fluxos migrat\u00f3rios ao longo da d\u00e9cada de 2000. Ele apresenta as informa\u00e7\u00f5es ao n\u00edvel de munic\u00edpio e gerado a partir dos microdados do Censo Demogr\u00e1fico brasileiro de 2010.<\/p>\n<p class=\"rtejustify\"><a href=\"http:\/\/www.geo.ufes.br\/sites\/geografia.ufes.br\/files\/field\/anexo\/atlas3.pdf\">Download aqui<\/a><\/p>\n<h2><strong>Indicadores de migra\u00e7\u00e3o dos munic\u00edpios do Esp\u00edrito Santo: o per\u00edodo 2000-2010<\/strong><\/h2>\n<p class=\"rtejustify\">Trata-se de um banco de dados com informa\u00e7\u00f5es sobre a din\u00e2mica demogr\u00e1fica e migrat\u00f3ria dos 78 munic\u00edpios do Esp\u00edrito Santo. Os dados est\u00e3o divididos em tr\u00eas partes: na primeira est\u00e3o dados da popula\u00e7\u00e3o residente; na segunda (dados data-fixa \u2013 2005\/2010) e na terceira (dados \u00faltima-etapa \u2013 2000-2010) s\u00e3o apresentados dados de imigra\u00e7\u00e3o, emigra\u00e7\u00e3o e saldo migrat\u00f3rio nas trocas intra e interestaduais dos munic\u00edpios, possibilitando conhecer as din\u00e2micas de cada um deles no per\u00edodo.<\/p>\n<p class=\"rtejustify\"><a class=\"ext\" href=\"https:\/\/www.researchgate.net\/profile\/Ednelson_Dota\/publication\/311678454_Indicadores_de_migracao_dos_municipios_do_Espirito_Santo\/links\/5854059708ae8f695553ccfb\" target=\"_blank\" rel=\"nofollow noopener noreferrer\">Download aqui<\/a><\/p>\n<h2>Envelhecimento e migra\u00e7\u00e3o no Esp\u00edrito Santo: din\u00e2mica espacial e sociodemogr\u00e1fica para pol\u00edticas p\u00fablicas (e-book)<\/h2>\n<p class=\"element-text\">O envelhecimento populacional \u00e9 uma nova realidade em progress\u00e3o no Brasil e se coloca como um dos grandes desafios das pol\u00edticas p\u00fablicas para os pr\u00f3ximos anos. O crescimento absoluto e relativo da popula\u00e7\u00e3o idosa destaca a necessidade de planejar as pol\u00edticas de aten\u00e7\u00e3o aos idosos considerando as especificidades locais, sobretudo quanto \u00e0 distribui\u00e7\u00e3o espacial e a pr\u00f3pria din\u00e2mica de envelhecimento da popula\u00e7\u00e3o. Neste livro apresentamos e debatemos a din\u00e2mica espacial do envelhecimento entre 1970 e 2010 nas escalas do estado, dos munic\u00edpios e intramunicipal, usando como recorte espacial o estado do Esp\u00edrito Santo, a Regi\u00e3o Metropolitana da Grande Vit\u00f3ria e o munic\u00edpio de Vit\u00f3ria. Os dados dos Censos Demogr\u00e1ficos de 1970 a 2010 foram utilizados na constru\u00e7\u00e3o de indicadores e mapas, permitindo acompanhar a evolu\u00e7\u00e3o do envelhecimento, refor\u00e7ando os elementos que incidem diretamente na velocidade do fen\u00f4meno nos diferentes munic\u00edpios. O livro contribui para a compreens\u00e3o dos processos de transforma\u00e7\u00e3o demogr\u00e1fica em curso no Esp\u00edrito Santo e suas diferencia\u00e7\u00f5es espaciais, e em particular para a percep\u00e7\u00e3o dos desafios decorrentes do envelhecimento da popula\u00e7\u00e3o, processo que estar\u00e1 cada vez mais presente nas reflex\u00f5es, preocupa\u00e7\u00f5es e cuidados de toda sociedade nas pr\u00f3ximas d\u00e9cadas, com demandas crescentes de servi\u00e7os de sa\u00fade e sociais de alto custo.<\/p>\n<div class=\"element-text\"><a class=\"ext\" href=\"https:\/\/edufes.ufes.br\/items\/show\/590\" target=\"_blank\" rel=\"nofollow noopener noreferrer\">Download aqui<\/a><\/div>\n","protected":false},"excerpt":{"rendered":"<p>Acesse nossa nova publica\u00e7\u00e3o, o livro \u201cFam\u00edlia, habita\u00e7\u00e3o e mobilidade residencial na metr\u00f3pole: perspectivas a partir da Geografia da popula\u00e7\u00e3o\u201d O livro &#8220;Fam\u00edlia, habita\u00e7\u00e3o e mobilidade residencial na metr\u00f3pole: perspectivas a partir da Geografia da popula\u00e7\u00e3o&#8221; \u00e9 resultado da pesquisa &#8220;Din\u00e2mica demogr\u00e1fica familiar e padr\u00e3o migrat\u00f3rio no Brasil&#8221;, coordenado pelo professor Ednelson e sediada no [&hellip;]<\/p>\n","protected":false},"author":314,"featured_media":0,"parent":0,"menu_order":0,"comment_status":"closed","ping_status":"closed","template":"","meta":{"_bbp_topic_count":0,"_bbp_reply_count":0,"_bbp_total_topic_count":0,"_bbp_total_reply_count":0,"_bbp_voice_count":0,"_bbp_anonymous_reply_count":0,"_bbp_topic_count_hidden":0,"_bbp_reply_count_hidden":0,"_bbp_forum_subforum_count":0,"_uag_custom_page_level_css":"","footnotes":""},"class_list":["post-27","page","type-page","status-publish","hentry"],"uagb_featured_image_src":{"full":false,"thumbnail":false,"medium":false,"medium_large":false,"large":false,"1536x1536":false,"2048x2048":false,"post-thumbnail":false},"uagb_author_info":{"display_name":"ednelson.dota","author_link":"https:\/\/blog.ufes.br\/demografia\/author\/ednelson_mariano-dota\/"},"uagb_comment_info":0,"uagb_excerpt":"Acesse nossa nova publica\u00e7\u00e3o, o livro \u201cFam\u00edlia, habita\u00e7\u00e3o e mobilidade residencial na metr\u00f3pole: perspectivas a partir da Geografia da popula\u00e7\u00e3o\u201d O livro &#8220;Fam\u00edlia, habita\u00e7\u00e3o e mobilidade residencial na metr\u00f3pole: perspectivas a partir da Geografia da popula\u00e7\u00e3o&#8221; \u00e9 resultado da pesquisa &#8220;Din\u00e2mica demogr\u00e1fica familiar e padr\u00e3o migrat\u00f3rio no Brasil&#8221;, coordenado pelo professor Ednelson e sediada no&hellip;","_links":{"self":[{"href":"https:\/\/blog.ufes.br\/demografia\/wp-json\/wp\/v2\/pages\/27","targetHints":{"allow":["GET"]}}],"collection":[{"href":"https:\/\/blog.ufes.br\/demografia\/wp-json\/wp\/v2\/pages"}],"about":[{"href":"https:\/\/blog.ufes.br\/demografia\/wp-json\/wp\/v2\/types\/page"}],"author":[{"embeddable":true,"href":"https:\/\/blog.ufes.br\/demografia\/wp-json\/wp\/v2\/users\/314"}],"replies":[{"embeddable":true,"href":"https:\/\/blog.ufes.br\/demografia\/wp-json\/wp\/v2\/comments?post=27"}],"version-history":[{"count":98,"href":"https:\/\/blog.ufes.br\/demografia\/wp-json\/wp\/v2\/pages\/27\/revisions"}],"predecessor-version":[{"id":1824,"href":"https:\/\/blog.ufes.br\/demografia\/wp-json\/wp\/v2\/pages\/27\/revisions\/1824"}],"wp:attachment":[{"href":"https:\/\/blog.ufes.br\/demografia\/wp-json\/wp\/v2\/media?parent=27"}],"curies":[{"name":"wp","href":"https:\/\/api.w.org\/{rel}","templated":true}]}}