{"id":285,"date":"2017-10-29T23:09:31","date_gmt":"2017-10-30T01:09:31","guid":{"rendered":"http:\/\/blog.ufes.br\/demografia\/?page_id=285"},"modified":"2017-10-29T23:21:06","modified_gmt":"2017-10-30T01:21:06","slug":"outros","status":"publish","type":"page","link":"https:\/\/blog.ufes.br\/demografia\/outros\/","title":{"rendered":"OUTROS"},"content":{"rendered":"<p style=\"text-align: left\">__________________<\/p>\n<p style=\"text-align: left\"><strong>Teses e disserta\u00e7\u00f5es<\/strong><\/p>\n<p style=\"text-align: left\"><strong>2017:<\/strong><\/p>\n<p style=\"text-align: left\"><a href=\"http:\/\/www.geografia.ufes.br\/pt-br\/pos-graduacao\/PPGG\/detalhes-da-tese?id=11438\" target=\"_blank\" rel=\"noopener\">O ENVELHECIMENTO DA POPULA\u00c7\u00c3O NA MICRORREGI\u00c3O SUDOESTE SERRANA E NO MUNIC\u00cdPIO DE DOMINGOS MARTINS- ES<\/a><\/p>\n<p style=\"text-align: left\"><strong>2016:<\/strong><\/p>\n<p style=\"text-align: left\"><a href=\"http:\/\/www.economia.ufes.br\/pt-br\/pos-graduacao\/PPGECO\/detalhes-da-tese?id=8243\" target=\"_blank\" rel=\"noopener\">A TRANSI\u00c7\u00c3O DEMOGR\u00c1FICA NO BRASIL E SUAS CONSEQU\u00caNCIAS PARA A PREVID\u00caNCIA SOCIAL<\/a><\/p>\n<p style=\"text-align: left\"><strong>2015:<\/strong><\/p>\n<p style=\"text-align: left\"><a href=\"http:\/\/www.geografia.ufes.br\/pt-br\/pos-graduacao\/PPGG\/detalhes-da-tese?id=8944\" target=\"_blank\" rel=\"noopener\">ENVELHECIMENTO POPULACIONAL E O SURGIMENTO DE NOVAS DEMANDAS DE POL\u00cdTICAS P\u00daBLICAS EN VIANA\/ES<\/a><\/p>\n<p style=\"text-align: left\"><strong>2014:<\/strong><\/p>\n<p style=\"text-align: left\"><a href=\"http:\/\/www.economia.ufes.br\/pt-br\/pos-graduacao\/PPGECO\/detalhes-da-tese?id=4430\" target=\"_blank\" rel=\"noopener\">AN\u00c1LISE DO DESENVOLVIMENTO ECON\u00d4MICO E SOCIAL DO ESP\u00cdRITO SANTO \u00c0 LUZ DA TRANSI\u00c7\u00c3O DEMOGR\u00c1FICA<\/a><\/p>\n<p style=\"text-align: left\"><strong>2013:<\/strong><\/p>\n<p style=\"text-align: left\"><a href=\"http:\/\/www.geografia.ufes.br\/pt-br\/pos-graduacao\/PPGG\/detalhes-da-tese?id=6816\" target=\"_blank\" rel=\"noopener\">DIN\u00c2MICA POPULACIONAL E CONSUMO DE \u00c1GUA NA SERRA-ES: PANORAMA ATUAL E CEN\u00c1RIO FUTURO<\/a><\/p>\n<p style=\"text-align: left\"><strong>2008:<\/strong><\/p>\n<p style=\"text-align: left\"><a href=\"http:\/\/www.saudecoletiva.ufes.br\/pt-br\/pos-graduacao\/PPGSC\/detalhes-da-tese?id=5001\" target=\"_blank\" rel=\"noopener\">PERFIL SOCIODEMOGR\u00c1FICO E ACESSO AO SISTEMA DE SA\u00daDE DE IDOSOS DO MUNIC\u00cdPIO DE VIT\u00d3RIA: ESTUDO POPULACIONAL<\/a><\/p>\n<p style=\"text-align: left\"><strong>2006:<\/strong><\/p>\n<p style=\"text-align: left\"><a href=\"http:\/\/www.historia.ufes.br\/pt-br\/pos-graduacao\/PPGHIS\/detalhes-da-tese?id=3411\" target=\"_blank\" rel=\"noopener\">A POL\u00cdTICA NACIONAL DO IDOSO: O CASO DE VIT\u00d3RIA (1994-2004)<\/a><\/p>\n<p>&nbsp;<\/p>\n<p style=\"text-align: left\"><strong>Outras publica\u00e7\u00f5es:<\/strong><\/p>\n<p style=\"text-align: left\"><strong>2013:<\/strong><\/p>\n<p style=\"text-align: left\"><a href=\"http:\/\/www.ijsn.es.gov.br\/component\/attachments\/download\/4475\" target=\"_blank\" rel=\"noopener\">PROJE\u00c7\u00d5ES POPULACIONAIS PARA O ESP\u00cdRITO SANTO: 2030<\/a><\/p>\n<p style=\"text-align: left\"><strong>2012:<\/strong><\/p>\n<p style=\"text-align: left\"><a href=\"http:\/\/www.cariacica.es.gov.br\/wp-content\/uploads\/2014\/05\/Agenda_DinamicaPopulacional.pdf\" target=\"_blank\" rel=\"noopener\">DIN\u00c2MICA POPULACIONAL DE CARIACICA DIAGN\u00d3STICO E CONSTRU\u00c7\u00c3O DE CEN\u00c1RIOS<\/a><\/p>\n<p style=\"text-align: left\"><strong>2008:<\/strong><\/p>\n<p style=\"text-align: left\"><a href=\"http:\/\/m.vitoria.es.gov.br\/arquivos\/20110511_agendavix_populacao_diag.pdf\" target=\"_blank\" rel=\"noopener\">DIN\u00c2MICA POPULACIONAL DE VIT\u00d3RIA<\/a><\/p>\n<p style=\"text-align: left\"><strong>1994:<\/strong><\/p>\n<p style=\"text-align: left\"><a href=\"http:\/\/www.ijsn.es.gov.br\/ConteudoDigital\/20121128_rijsn_a7_n1_dez_1994.pdf\" target=\"_blank\" rel=\"noopener\">PROCESSO DE CRESCIMENTO DA GRANDE VITORIA<\/a><\/p>\n","protected":false},"excerpt":{"rendered":"<p>__________________ Teses e disserta\u00e7\u00f5es 2017: O ENVELHECIMENTO DA POPULA\u00c7\u00c3O NA MICRORREGI\u00c3O SUDOESTE SERRANA E NO MUNIC\u00cdPIO DE DOMINGOS MARTINS- ES 2016: A TRANSI\u00c7\u00c3O DEMOGR\u00c1FICA NO BRASIL E SUAS CONSEQU\u00caNCIAS PARA A PREVID\u00caNCIA SOCIAL 2015: ENVELHECIMENTO POPULACIONAL E O SURGIMENTO DE NOVAS DEMANDAS DE POL\u00cdTICAS P\u00daBLICAS EN VIANA\/ES 2014: AN\u00c1LISE DO DESENVOLVIMENTO ECON\u00d4MICO E SOCIAL DO [&hellip;]<\/p>\n","protected":false},"author":323,"featured_media":0,"parent":0,"menu_order":0,"comment_status":"closed","ping_status":"closed","template":"sidebar-page.php","meta":{"_bbp_topic_count":0,"_bbp_reply_count":0,"_bbp_total_topic_count":0,"_bbp_total_reply_count":0,"_bbp_voice_count":0,"_bbp_anonymous_reply_count":0,"_bbp_topic_count_hidden":0,"_bbp_reply_count_hidden":0,"_bbp_forum_subforum_count":0,"_uag_custom_page_level_css":"","footnotes":""},"class_list":["post-285","page","type-page","status-publish","hentry"],"uagb_featured_image_src":{"full":false,"thumbnail":false,"medium":false,"medium_large":false,"large":false,"1536x1536":false,"2048x2048":false,"post-thumbnail":false},"uagb_author_info":{"display_name":"lais.lovate","author_link":"https:\/\/blog.ufes.br\/demografia\/author\/lais-lovate\/"},"uagb_comment_info":0,"uagb_excerpt":"__________________ Teses e disserta\u00e7\u00f5es 2017: O ENVELHECIMENTO DA POPULA\u00c7\u00c3O NA MICRORREGI\u00c3O SUDOESTE SERRANA E NO MUNIC\u00cdPIO DE DOMINGOS MARTINS- ES 2016: A TRANSI\u00c7\u00c3O DEMOGR\u00c1FICA NO BRASIL E SUAS CONSEQU\u00caNCIAS PARA A PREVID\u00caNCIA SOCIAL 2015: ENVELHECIMENTO POPULACIONAL E O SURGIMENTO DE NOVAS DEMANDAS DE POL\u00cdTICAS P\u00daBLICAS EN VIANA\/ES 2014: AN\u00c1LISE DO DESENVOLVIMENTO ECON\u00d4MICO E SOCIAL DO&hellip;","_links":{"self":[{"href":"https:\/\/blog.ufes.br\/demografia\/wp-json\/wp\/v2\/pages\/285","targetHints":{"allow":["GET"]}}],"collection":[{"href":"https:\/\/blog.ufes.br\/demografia\/wp-json\/wp\/v2\/pages"}],"about":[{"href":"https:\/\/blog.ufes.br\/demografia\/wp-json\/wp\/v2\/types\/page"}],"author":[{"embeddable":true,"href":"https:\/\/blog.ufes.br\/demografia\/wp-json\/wp\/v2\/users\/323"}],"replies":[{"embeddable":true,"href":"https:\/\/blog.ufes.br\/demografia\/wp-json\/wp\/v2\/comments?post=285"}],"version-history":[{"count":3,"href":"https:\/\/blog.ufes.br\/demografia\/wp-json\/wp\/v2\/pages\/285\/revisions"}],"predecessor-version":[{"id":290,"href":"https:\/\/blog.ufes.br\/demografia\/wp-json\/wp\/v2\/pages\/285\/revisions\/290"}],"wp:attachment":[{"href":"https:\/\/blog.ufes.br\/demografia\/wp-json\/wp\/v2\/media?parent=285"}],"curies":[{"name":"wp","href":"https:\/\/api.w.org\/{rel}","templated":true}]}}