{"id":355,"date":"2017-12-13T16:59:20","date_gmt":"2017-12-13T18:59:20","guid":{"rendered":"http:\/\/blog.ufes.br\/demografia\/?page_id=355"},"modified":"2018-08-02T09:46:12","modified_gmt":"2018-08-02T12:46:12","slug":"planos-de-aula-2","status":"publish","type":"page","link":"https:\/\/blog.ufes.br\/demografia\/planos-de-aula-2\/","title":{"rendered":"PLANOS DE AULA"},"content":{"rendered":"<p><strong>\u2058<a href=\"http:\/\/blog.ufes.br\/demografia\/files\/2017\/12\/Distribui\u00e7\u00e3o-espacial-da-popula\u00e7\u00e3o-no-Esp\u00edrito-Santo.pdf\" target=\"_blank\" rel=\"noopener\">\u00a0Distribui\u00e7\u00e3o espacial da popula\u00e7\u00e3o no Esp\u00edrito Santo<\/a><\/strong><\/p>\n<p><strong>\u2058\u00a0<a href=\"http:\/\/blog.ufes.br\/demografia\/files\/2017\/12\/Migra\u00e7\u00e3o-no-Brasil.pdf\" target=\"_blank\" rel=\"noopener\">Migra\u00e7\u00e3o no Brasil<\/a><\/strong><\/p>\n<p><strong>\u2058 <a href=\"http:\/\/blog.ufes.br\/demografia\/files\/2017\/12\/Movimentos-populacionais.pdf\" target=\"_blank\" rel=\"noopener\">Movimentos populacionais<\/a><\/strong><\/p>\n<p><strong>\u2058\u00a0<a href=\"http:\/\/blog.ufes.br\/demografia\/files\/2017\/12\/Quiz-Geogr\u00e1fico.pdf\" target=\"_blank\" rel=\"noopener\">Quiz Geogr\u00e1fico<\/a><\/strong><\/p>\n<p><a href=\"https:\/\/www.pandabooks.com.br\/uploads\/SD%20Imigrandes.pdf\" target=\"_blank\" rel=\"noopener\"><strong>\u2058 Cole\u00e7\u00e3o imigrantes do Brasil<\/strong><\/a><\/p>\n<p>&nbsp;<\/p>\n<h3><\/h3>\n<p>&nbsp;<\/p>\n<p>&nbsp;<\/p>\n<p>&nbsp;<\/p>\n<p>&nbsp;<\/p>\n<h3>Colaboradores:<\/h3>\n<h3>\u00e9len r\u00fabia de andrade silva<\/h3>\n<h3>jo\u00e3o Vitor de oliveira<\/h3>\n<h3>Vin\u00edcius viera pontini<\/h3>\n","protected":false},"excerpt":{"rendered":"<p>\u2058\u00a0Distribui\u00e7\u00e3o espacial da popula\u00e7\u00e3o no Esp\u00edrito Santo \u2058\u00a0Migra\u00e7\u00e3o no Brasil \u2058 Movimentos populacionais \u2058\u00a0Quiz Geogr\u00e1fico \u2058 Cole\u00e7\u00e3o imigrantes do Brasil &nbsp; &nbsp; &nbsp; &nbsp; &nbsp; Colaboradores: \u00e9len r\u00fabia de andrade silva jo\u00e3o Vitor de oliveira Vin\u00edcius viera pontini<\/p>\n","protected":false},"author":323,"featured_media":0,"parent":0,"menu_order":0,"comment_status":"closed","ping_status":"closed","template":"sidebar-page.php","meta":{"_bbp_topic_count":0,"_bbp_reply_count":0,"_bbp_total_topic_count":0,"_bbp_total_reply_count":0,"_bbp_voice_count":0,"_bbp_anonymous_reply_count":0,"_bbp_topic_count_hidden":0,"_bbp_reply_count_hidden":0,"_bbp_forum_subforum_count":0,"_uag_custom_page_level_css":"","footnotes":""},"class_list":["post-355","page","type-page","status-publish","hentry"],"uagb_featured_image_src":{"full":false,"thumbnail":false,"medium":false,"medium_large":false,"large":false,"1536x1536":false,"2048x2048":false,"post-thumbnail":false},"uagb_author_info":{"display_name":"lais.lovate","author_link":"https:\/\/blog.ufes.br\/demografia\/author\/lais-lovate\/"},"uagb_comment_info":0,"uagb_excerpt":"\u2058\u00a0Distribui\u00e7\u00e3o espacial da popula\u00e7\u00e3o no Esp\u00edrito Santo \u2058\u00a0Migra\u00e7\u00e3o no Brasil \u2058 Movimentos populacionais \u2058\u00a0Quiz Geogr\u00e1fico \u2058 Cole\u00e7\u00e3o imigrantes do Brasil &nbsp; &nbsp; &nbsp; &nbsp; &nbsp; Colaboradores: \u00e9len r\u00fabia de andrade silva jo\u00e3o Vitor de oliveira Vin\u00edcius viera pontini","_links":{"self":[{"href":"https:\/\/blog.ufes.br\/demografia\/wp-json\/wp\/v2\/pages\/355","targetHints":{"allow":["GET"]}}],"collection":[{"href":"https:\/\/blog.ufes.br\/demografia\/wp-json\/wp\/v2\/pages"}],"about":[{"href":"https:\/\/blog.ufes.br\/demografia\/wp-json\/wp\/v2\/types\/page"}],"author":[{"embeddable":true,"href":"https:\/\/blog.ufes.br\/demografia\/wp-json\/wp\/v2\/users\/323"}],"replies":[{"embeddable":true,"href":"https:\/\/blog.ufes.br\/demografia\/wp-json\/wp\/v2\/comments?post=355"}],"version-history":[{"count":10,"href":"https:\/\/blog.ufes.br\/demografia\/wp-json\/wp\/v2\/pages\/355\/revisions"}],"predecessor-version":[{"id":841,"href":"https:\/\/blog.ufes.br\/demografia\/wp-json\/wp\/v2\/pages\/355\/revisions\/841"}],"wp:attachment":[{"href":"https:\/\/blog.ufes.br\/demografia\/wp-json\/wp\/v2\/media?parent=355"}],"curies":[{"name":"wp","href":"https:\/\/api.w.org\/{rel}","templated":true}]}}