{"id":376,"date":"2017-12-14T19:36:33","date_gmt":"2017-12-14T21:36:33","guid":{"rendered":"http:\/\/blog.ufes.br\/demografia\/?page_id=376"},"modified":"2021-08-05T09:56:06","modified_gmt":"2021-08-05T12:56:06","slug":"tutoriais","status":"publish","type":"page","link":"https:\/\/blog.ufes.br\/demografia\/tutoriais\/","title":{"rendered":"TUTORIAIS"},"content":{"rendered":"<p><strong>\u2058 <a href=\"https:\/\/datasus.saude.gov.br\/wp-content\/uploads\/2020\/02\/Tutorial-TABNET-2020.pdf\">TUTORIAL ACESSO \u00c0 BASE DE DADOS DO TABNET<\/a><\/strong><\/p>\n<p><strong>\u2058\u00a0<a href=\"http:\/\/blog.ufes.br\/demografia\/files\/2018\/03\/CONSTRUINDO-PIR\u00c2MIDE-ET\u00c1RIA.pdf\" target=\"_blank\" rel=\"noopener noreferrer\">CONSTRUINDO PIR\u00c2MIDE ET\u00c1RIA<\/a><\/strong><\/p>\n<p><strong>\u2058\u00a0<a href=\"http:\/\/blog.ufes.br\/demografia\/files\/2018\/03\/TAXA-BRUTA-DE-NATALIDADE.pdf\" target=\"_blank\" rel=\"noopener noreferrer\">TAXA BRUTA DE NATALIDADE<\/a><\/strong><\/p>\n<p><strong>\u2058\u00a0<a href=\"http:\/\/blog.ufes.br\/demografia\/files\/2018\/03\/TAXA-BRUTA-DE-MORTALIDADE-2.pdf\" target=\"_blank\" rel=\"noopener noreferrer\">TAXA BRUTA DE MORTALIDADE<\/a><\/strong><\/p>\n<p><strong>\u2058\u00a0<a href=\"http:\/\/blog.ufes.br\/demografia\/files\/2018\/03\/\u00cdndice-de-Envelhecimento.pdf\" target=\"_blank\" rel=\"noopener noreferrer\">\u00cdNDICE DE ENVELHECIMENTO<\/a><\/strong><\/p>\n<p><strong>\u2058\u00a0<a href=\"http:\/\/blog.ufes.br\/demografia\/files\/2017\/12\/DADOS-DE-FECUNDIDADE.pdf\" target=\"_blank\" rel=\"noopener noreferrer\">TAXA DE FECUNDIDADE TOTAL E TAXA ESPEC\u00cdFICA DE FECUNDIDADE<\/a><\/strong><\/p>\n<p><strong>\u2058\u00a0<a href=\"http:\/\/blog.ufes.br\/demografia\/files\/2017\/12\/ACESSO-AOS-DADOS-DE-MIGRA\u00c7\u00c3O-POR-IBGE-CIDADES@.pdf\" target=\"_blank\" rel=\"noopener noreferrer\">ACESSO AOS DADOS DE MIGRA\u00c7\u00c3O POR IBGE &#8211; CIDADES@<\/a><\/strong><\/p>\n<p><a href=\"https:\/\/drive.google.com\/file\/d\/1E2CeMySzT3-U3u1qOCbel9RIhOnqGhio\/view?usp=sharing\" target=\"_blank\" rel=\"noopener\"><strong>\u2058 TUTORIAL SIDRA TREINAMENTO<\/strong><\/a><\/p>\n<h1 style=\"text-align: center\">V\u00cdDEOS<\/h1>\n<p><a href=\"https:\/\/www.youtube.com\/channel\/UC_H4yj_oJ6GFmBHBu6UuFIw\" target=\"_blank\" rel=\"noopener\"><strong>Canal Demografia UFES no YouTube<\/strong><\/a><\/p>\n<p><a href=\"https:\/\/www.youtube.com\/watch?v=J6frVYYTJNc\" target=\"_blank\" rel=\"noopener\"><strong>Capacita\u00e7\u00e3o &#8220;Treinamento para uso do SIDRA-IBGE&#8221;<\/strong><\/a><\/p>\n<p><a href=\"https:\/\/www.youtube.com\/watch?v=utDMcuNwHt0\"><strong>Tutorial no youtube: Como fazer PIR\u00c2MIDE ET\u00c1RIA<\/strong><\/a><\/p>\n<p>____________________<\/p>\n<p><strong>Conhe\u00e7a o<\/strong>\u00a0<strong><a href=\"https:\/\/bit.ly\/2JbrfCC\">Canal Descomplicado (UFVJM)<\/a>\u00a0e acompanhe dicas e explica\u00e7\u00f5es simples de coisas que muitas vezes parecem complexas na vida acad\u00eamica.<\/strong><\/p>\n","protected":false},"excerpt":{"rendered":"<p>\u2058 TUTORIAL ACESSO \u00c0 BASE DE DADOS DO TABNET \u2058\u00a0CONSTRUINDO PIR\u00c2MIDE ET\u00c1RIA \u2058\u00a0TAXA BRUTA DE NATALIDADE \u2058\u00a0TAXA BRUTA DE MORTALIDADE \u2058\u00a0\u00cdNDICE DE ENVELHECIMENTO \u2058\u00a0TAXA DE FECUNDIDADE TOTAL E TAXA ESPEC\u00cdFICA DE FECUNDIDADE \u2058\u00a0ACESSO AOS DADOS DE MIGRA\u00c7\u00c3O POR IBGE &#8211; CIDADES@ \u2058 TUTORIAL SIDRA TREINAMENTO V\u00cdDEOS Canal Demografia UFES no YouTube Capacita\u00e7\u00e3o &#8220;Treinamento para uso [&hellip;]<\/p>\n","protected":false},"author":323,"featured_media":0,"parent":0,"menu_order":0,"comment_status":"closed","ping_status":"closed","template":"sidebar-page.php","meta":{"_bbp_topic_count":0,"_bbp_reply_count":0,"_bbp_total_topic_count":0,"_bbp_total_reply_count":0,"_bbp_voice_count":0,"_bbp_anonymous_reply_count":0,"_bbp_topic_count_hidden":0,"_bbp_reply_count_hidden":0,"_bbp_forum_subforum_count":0,"_uag_custom_page_level_css":"","footnotes":""},"class_list":["post-376","page","type-page","status-publish","hentry"],"uagb_featured_image_src":{"full":false,"thumbnail":false,"medium":false,"medium_large":false,"large":false,"1536x1536":false,"2048x2048":false,"post-thumbnail":false},"uagb_author_info":{"display_name":"lais.lovate","author_link":"https:\/\/blog.ufes.br\/demografia\/author\/lais-lovate\/"},"uagb_comment_info":0,"uagb_excerpt":"\u2058 TUTORIAL ACESSO \u00c0 BASE DE DADOS DO TABNET \u2058\u00a0CONSTRUINDO PIR\u00c2MIDE ET\u00c1RIA \u2058\u00a0TAXA BRUTA DE NATALIDADE \u2058\u00a0TAXA BRUTA DE MORTALIDADE \u2058\u00a0\u00cdNDICE DE ENVELHECIMENTO \u2058\u00a0TAXA DE FECUNDIDADE TOTAL E TAXA ESPEC\u00cdFICA DE FECUNDIDADE \u2058\u00a0ACESSO AOS DADOS DE MIGRA\u00c7\u00c3O POR IBGE &#8211; CIDADES@ \u2058 TUTORIAL SIDRA TREINAMENTO V\u00cdDEOS Canal Demografia UFES no YouTube Capacita\u00e7\u00e3o &#8220;Treinamento para uso&hellip;","_links":{"self":[{"href":"https:\/\/blog.ufes.br\/demografia\/wp-json\/wp\/v2\/pages\/376","targetHints":{"allow":["GET"]}}],"collection":[{"href":"https:\/\/blog.ufes.br\/demografia\/wp-json\/wp\/v2\/pages"}],"about":[{"href":"https:\/\/blog.ufes.br\/demografia\/wp-json\/wp\/v2\/types\/page"}],"author":[{"embeddable":true,"href":"https:\/\/blog.ufes.br\/demografia\/wp-json\/wp\/v2\/users\/323"}],"replies":[{"embeddable":true,"href":"https:\/\/blog.ufes.br\/demografia\/wp-json\/wp\/v2\/comments?post=376"}],"version-history":[{"count":26,"href":"https:\/\/blog.ufes.br\/demografia\/wp-json\/wp\/v2\/pages\/376\/revisions"}],"predecessor-version":[{"id":1530,"href":"https:\/\/blog.ufes.br\/demografia\/wp-json\/wp\/v2\/pages\/376\/revisions\/1530"}],"wp:attachment":[{"href":"https:\/\/blog.ufes.br\/demografia\/wp-json\/wp\/v2\/media?parent=376"}],"curies":[{"name":"wp","href":"https:\/\/api.w.org\/{rel}","templated":true}]}}