{"id":455,"date":"2018-03-19T13:13:57","date_gmt":"2018-03-19T16:13:57","guid":{"rendered":"http:\/\/blog.ufes.br\/demografia\/?page_id=455"},"modified":"2018-08-02T09:44:29","modified_gmt":"2018-08-02T12:44:29","slug":"apoio-orientacao","status":"publish","type":"page","link":"https:\/\/blog.ufes.br\/demografia\/apoio-orientacao\/","title":{"rendered":"APOIO\/ORIENTA\u00c7\u00c3O"},"content":{"rendered":"<p style=\"text-align: center\"><strong>Orienta\u00e7\u00e3o e apoio para o desenvolvimento de atividades de cunho populacional<\/strong><\/p>\n<p><b>Aguardar orienta\u00e7\u00e3o do professor.<\/b><\/p>\n<p>&nbsp;<\/p>\n","protected":false},"excerpt":{"rendered":"<p>Orienta\u00e7\u00e3o e apoio para o desenvolvimento de atividades de cunho populacional Aguardar orienta\u00e7\u00e3o do professor. &nbsp;<\/p>\n","protected":false},"author":314,"featured_media":0,"parent":0,"menu_order":0,"comment_status":"closed","ping_status":"closed","template":"sidebar-page.php","meta":{"_bbp_topic_count":0,"_bbp_reply_count":0,"_bbp_total_topic_count":0,"_bbp_total_reply_count":0,"_bbp_voice_count":0,"_bbp_anonymous_reply_count":0,"_bbp_topic_count_hidden":0,"_bbp_reply_count_hidden":0,"_bbp_forum_subforum_count":0,"_uag_custom_page_level_css":"","footnotes":""},"class_list":["post-455","page","type-page","status-publish","hentry"],"uagb_featured_image_src":{"full":false,"thumbnail":false,"medium":false,"medium_large":false,"large":false,"1536x1536":false,"2048x2048":false,"post-thumbnail":false},"uagb_author_info":{"display_name":"ednelson.dota","author_link":"https:\/\/blog.ufes.br\/demografia\/author\/ednelson_mariano-dota\/"},"uagb_comment_info":0,"uagb_excerpt":"Orienta\u00e7\u00e3o e apoio para o desenvolvimento de atividades de cunho populacional Aguardar orienta\u00e7\u00e3o do professor. &nbsp;","_links":{"self":[{"href":"https:\/\/blog.ufes.br\/demografia\/wp-json\/wp\/v2\/pages\/455","targetHints":{"allow":["GET"]}}],"collection":[{"href":"https:\/\/blog.ufes.br\/demografia\/wp-json\/wp\/v2\/pages"}],"about":[{"href":"https:\/\/blog.ufes.br\/demografia\/wp-json\/wp\/v2\/types\/page"}],"author":[{"embeddable":true,"href":"https:\/\/blog.ufes.br\/demografia\/wp-json\/wp\/v2\/users\/314"}],"replies":[{"embeddable":true,"href":"https:\/\/blog.ufes.br\/demografia\/wp-json\/wp\/v2\/comments?post=455"}],"version-history":[{"count":10,"href":"https:\/\/blog.ufes.br\/demografia\/wp-json\/wp\/v2\/pages\/455\/revisions"}],"predecessor-version":[{"id":839,"href":"https:\/\/blog.ufes.br\/demografia\/wp-json\/wp\/v2\/pages\/455\/revisions\/839"}],"wp:attachment":[{"href":"https:\/\/blog.ufes.br\/demografia\/wp-json\/wp\/v2\/media?parent=455"}],"curies":[{"name":"wp","href":"https:\/\/api.w.org\/{rel}","templated":true}]}}