{"id":49,"date":"2017-09-25T16:41:26","date_gmt":"2017-09-25T19:41:26","guid":{"rendered":"http:\/\/blog.ufes.br\/demografia\/?page_id=49"},"modified":"2017-10-26T01:54:52","modified_gmt":"2017-10-26T03:54:52","slug":"mortalidade","status":"publish","type":"page","link":"https:\/\/blog.ufes.br\/demografia\/mortalidade\/","title":{"rendered":"MORTALIDADE"},"content":{"rendered":"<p>Como resultado da transi\u00e7\u00e3o epidemiol\u00f3gica, as doen\u00e7as infecciosas deixaram de ser as principais causas de mortalidade no Brasil. Destacam-se atualmente as doen\u00e7as cr\u00f4nico-degenerativas, al\u00e9m das mortes por causas externas, resultados dos diversos tipos de viol\u00eancia que caracterizam nossa sociedade. Nesse sentido, busca-se tornar acess\u00edvel aos gestores p\u00fablicos refer\u00eancias importantes que possam corroborar nas pol\u00edticas p\u00fablicas vigentes, de acordo com as demandas populacionais de cada localidade.<\/p>\n<p>__________________<\/p>\n<p><strong>Teses e Disserta\u00e7\u00f5es<\/strong><\/p>\n<p><strong>2011:<\/strong><\/p>\n<p><a href=\"http:\/\/www.saudecoletiva.ufes.br\/pt-br\/pos-graduacao\/PPGSC\/detalhes-da-tese?id=4811\" target=\"_blank\" rel=\"noopener\">MORTALIDADE POR CAUSAS EXTERNAS NO SEXO FEMININO NO ES- ESTUDO ECOL\u00d3GICO<\/a><\/p>\n<p><strong>2009:<\/strong><\/p>\n<p><a href=\"http:\/\/www.saudecoletiva.ufes.br\/pt-br\/pos-graduacao\/PPGSC\/detalhes-da-tese?id=3607\" target=\"_blank\" rel=\"noopener\">MORTALIDADE POR RA\u00c7A\/COR EM VIT\u00d3RIA: AN\u00c1LISE DA INFORMA\u00c7\u00c3O E DAS DESIGUALDADES EM SA\u00daDE<\/a><\/p>\n<p><strong>2008:<\/strong><\/p>\n<p><a href=\"http:\/\/www.saudecoletiva.ufes.br\/pt-br\/pos-graduacao\/PPGSC\/detalhes-da-tese?id=3005\" target=\"_blank\" rel=\"noopener\">MORTALIDADE INFANTIL POR CAUSAS E PRINCIPAIS DETERMINANTES NO ESTADO DO ESP\u00cdRITO SANTO: UMA AN\u00c1LISE ESPACIAL<\/a><\/p>\n<p><a href=\"http:\/\/www.saudecoletiva.ufes.br\/pt-br\/pos-graduacao\/PPGSC\/detalhes-da-tese?id=2612\" target=\"_blank\" rel=\"noopener\">\u00d3BITOS POR CAUSAS EXTERNAS E ACIDENTES DE TRABALHO NO MUNIC\u00cdPIO DA SERRA-ES<\/a><\/p>\n<p><strong>2005:<\/strong><\/p>\n<p><a href=\"http:\/\/www.saudecoletiva.ufes.br\/pt-br\/pos-graduacao\/PPGSC\/detalhes-da-tese?id=2596\" target=\"_blank\" rel=\"noopener\">A MORTALIDADE POR CAUSAS EXTERNAS NO ESP\u00cdRITO SANTO DE 1979 A 2003<\/a><\/p>\n<p>&nbsp;<\/p>\n<p><strong>Outras Publica\u00e7\u00f5es:<\/strong><\/p>\n<p><strong>2012:<\/strong><\/p>\n<p><a href=\"http:\/\/periodicos.ufes.br\/RBPS\/article\/view\/5113\" target=\"_blank\" rel=\"noopener\">PERFIL EPIDEMIOL\u00d3GICO DA MORTALIDADE POR CAUSAS EXTERNAS NO ESP\u00cdRITO SANTO: S\u00c9RIE HIST\u00d3RICA DE 1979 A 2003<\/a><\/p>\n","protected":false},"excerpt":{"rendered":"<p>Como resultado da transi\u00e7\u00e3o epidemiol\u00f3gica, as doen\u00e7as infecciosas deixaram de ser as principais causas de mortalidade no Brasil. Destacam-se atualmente as doen\u00e7as cr\u00f4nico-degenerativas, al\u00e9m das mortes por causas externas, resultados dos diversos tipos de viol\u00eancia que caracterizam nossa sociedade. Nesse sentido, busca-se tornar acess\u00edvel aos gestores p\u00fablicos refer\u00eancias importantes que possam corroborar nas pol\u00edticas p\u00fablicas [&hellip;]<\/p>\n","protected":false},"author":314,"featured_media":0,"parent":0,"menu_order":0,"comment_status":"closed","ping_status":"closed","template":"sidebar-page.php","meta":{"_bbp_topic_count":0,"_bbp_reply_count":0,"_bbp_total_topic_count":0,"_bbp_total_reply_count":0,"_bbp_voice_count":0,"_bbp_anonymous_reply_count":0,"_bbp_topic_count_hidden":0,"_bbp_reply_count_hidden":0,"_bbp_forum_subforum_count":0,"_uag_custom_page_level_css":"","footnotes":""},"class_list":["post-49","page","type-page","status-publish","hentry"],"uagb_featured_image_src":{"full":false,"thumbnail":false,"medium":false,"medium_large":false,"large":false,"1536x1536":false,"2048x2048":false,"post-thumbnail":false},"uagb_author_info":{"display_name":"ednelson.dota","author_link":"https:\/\/blog.ufes.br\/demografia\/author\/ednelson_mariano-dota\/"},"uagb_comment_info":0,"uagb_excerpt":"Como resultado da transi\u00e7\u00e3o epidemiol\u00f3gica, as doen\u00e7as infecciosas deixaram de ser as principais causas de mortalidade no Brasil. Destacam-se atualmente as doen\u00e7as cr\u00f4nico-degenerativas, al\u00e9m das mortes por causas externas, resultados dos diversos tipos de viol\u00eancia que caracterizam nossa sociedade. Nesse sentido, busca-se tornar acess\u00edvel aos gestores p\u00fablicos refer\u00eancias importantes que possam corroborar nas pol\u00edticas p\u00fablicas&hellip;","_links":{"self":[{"href":"https:\/\/blog.ufes.br\/demografia\/wp-json\/wp\/v2\/pages\/49","targetHints":{"allow":["GET"]}}],"collection":[{"href":"https:\/\/blog.ufes.br\/demografia\/wp-json\/wp\/v2\/pages"}],"about":[{"href":"https:\/\/blog.ufes.br\/demografia\/wp-json\/wp\/v2\/types\/page"}],"author":[{"embeddable":true,"href":"https:\/\/blog.ufes.br\/demografia\/wp-json\/wp\/v2\/users\/314"}],"replies":[{"embeddable":true,"href":"https:\/\/blog.ufes.br\/demografia\/wp-json\/wp\/v2\/comments?post=49"}],"version-history":[{"count":8,"href":"https:\/\/blog.ufes.br\/demografia\/wp-json\/wp\/v2\/pages\/49\/revisions"}],"predecessor-version":[{"id":281,"href":"https:\/\/blog.ufes.br\/demografia\/wp-json\/wp\/v2\/pages\/49\/revisions\/281"}],"wp:attachment":[{"href":"https:\/\/blog.ufes.br\/demografia\/wp-json\/wp\/v2\/media?parent=49"}],"curies":[{"name":"wp","href":"https:\/\/api.w.org\/{rel}","templated":true}]}}