{"id":520,"date":"2018-03-29T19:02:40","date_gmt":"2018-03-29T22:02:40","guid":{"rendered":"http:\/\/blog.ufes.br\/demografia\/?page_id=520"},"modified":"2018-07-02T23:56:35","modified_gmt":"2018-07-03T02:56:35","slug":"recursos-tecnologicos","status":"publish","type":"page","link":"https:\/\/blog.ufes.br\/demografia\/recursos-tecnologicos\/","title":{"rendered":"RECURSOS EDUCACIONAIS"},"content":{"rendered":"<p><em><strong>P\u00e1ginas Recomendadas<\/strong><\/em><\/p>\n<p><strong><a href=\"http:\/\/sedac.ciesin.columbia.edu\/mapping\/popest\/gpw-v4\/\" target=\"_blank\" rel=\"noopener\">App Web Estimador de Popula\u00e7\u00e3o\u00a0<\/a><\/strong><\/p>\n<p><strong><a href=\"http:\/\/objetoseducacionais2.mec.gov.br\/\" target=\"_blank\" rel=\"noopener\">Banco Internacional de Objetos Educacionais<\/a><\/strong><\/p>\n<p><strong><a href=\"https:\/\/www.wdl.org\/pt\/\" target=\"_blank\" rel=\"noopener\">Biblioteca Digital Mundial<\/a><\/strong><\/p>\n<p><strong><a href=\"http:\/\/bndigital.bn.gov.br\/\" target=\"_blank\" rel=\"noopener\">Biblioteca Nacional Digital Brasil<\/a><\/strong><\/p>\n<p><strong><a href=\"https:\/\/canalcederj.cecierj.edu.br\/\" target=\"_blank\" rel=\"noopener\">Canal CEDERJ<\/a><\/strong><\/p>\n<p><strong><a href=\"http:\/\/www.uff.br\/cdme\/\" target=\"_blank\" rel=\"noopener\">Conte\u00fados Digitais<\/a><\/strong><\/p>\n<p><strong><a href=\"http:\/\/curriculomais.educacao.sp.gov.br\/\" target=\"_blank\" rel=\"noopener\">Curr\u00edculo+ : Recursos digitais articulados com o Curr\u00edculo do Estado de S\u00e3o Paulo<\/a><\/strong><\/p>\n<p><strong><a href=\"http:\/\/curriculointerativo.sedu.es.gov.br\/\" target=\"_blank\" rel=\"noopener\">Curr\u00edculo Interativo &#8211; Sedu<\/a><\/strong><\/p>\n<p><strong><a href=\"http:\/\/www.diaadia.pr.gov.br\/index.php\" target=\"_blank\" rel=\"noopener\">Dia a Dia Educa\u00e7\u00e3o &#8211; Portal Educacional do Estado do Paran\u00e1<\/a><\/strong><\/p>\n<p><strong><a href=\"http:\/\/www.ggte.unicamp.br\/e-unicamp\/public\/\" target=\"_blank\" rel=\"noopener\">E-Unicamp<\/a><\/strong><\/p>\n<p><strong><a href=\"https:\/\/educapes.capes.gov.br\/\" target=\"_blank\" rel=\"noopener\">EduCAPES<\/a><\/strong><\/p>\n<p><strong><a href=\"https:\/\/escola.britannica.com.br\/levels\/fundamental\" target=\"_blank\" rel=\"noopener\">Escola Britannica &#8211; CAPES<\/a><\/strong><\/p>\n<p><strong><a href=\"http:\/\/escoladigital.org.br\/\" target=\"_blank\" rel=\"noopener\">Escola Digital<\/a><\/strong><\/p>\n<p><strong><a href=\"http:\/\/www.escolainterativa.diaadia.pr.gov.br\/\" target=\"_blank\" rel=\"noopener\">Escola Interativa &#8211; Recursos Digitais<\/a><\/strong><\/p>\n<p><strong><a href=\"http:\/\/www.hippocampus.org\/\" target=\"_blank\" rel=\"noopener\">Hippocampus<\/a><\/strong><\/p>\n<p><strong><a href=\"https:\/\/ww2.ibge.gov.br\/apps\/populacao\/projecao\/\" target=\"_blank\" rel=\"noopener\">IBGE &#8211; Pir\u00e2mide Et\u00e1ria 2000-2030 em Anima\u00e7\u00e3o<\/a><\/strong><\/p>\n<p><strong><a href=\"https:\/\/mapas.ibge.gov.br\/\" target=\"_blank\" rel=\"noopener\">IBGE &#8211; Mapas<\/a><\/strong><\/p>\n<p><strong><a href=\"https:\/\/7a12.ibge.gov.br\/\" target=\"_blank\" rel=\"noopener\">IBGE &#8211; 7 a 12<\/a><\/strong><\/p>\n<p><strong><a href=\"https:\/\/teen.ibge.gov.br\/\" target=\"_blank\" rel=\"noopener\">IBGE &#8211; Teen<\/a><\/strong><\/p>\n<p><strong><a href=\"https:\/\/pt.khanacademy.org\/\" target=\"_blank\" rel=\"noopener\">Khan Academy<\/a><\/strong><\/p>\n<p><strong><a href=\"http:\/\/www.labvirtq.fe.usp.br\/\" target=\"_blank\" rel=\"noopener\">Laborat\u00f3rio Did\u00e1tico Virtual &#8211; Universidade de S\u00e3o Paulo &#8211; USP<\/a><\/strong><\/p>\n<p><strong><a href=\"http:\/\/www.openstreetmap.org\/#map=4\/-15.16\/-53.17\" target=\"_blank\" rel=\"noopener\">OpenStreetMap<\/a><\/strong><\/p>\n<p><strong><a href=\"http:\/\/pat.educacao.ba.gov.br\/\" target=\"_blank\" rel=\"noopener\">Plataforma An\u00edsio Teixeira<\/a><\/strong><\/p>\n<p><strong><a href=\"http:\/\/livroaberto.ibict.br\/\" target=\"_blank\" rel=\"noopener\">Portal do Livro Aberto<\/a><\/strong><\/p>\n<p><strong><a href=\"http:\/\/portaldoprofessor.mec.gov.br\/index.html\" target=\"_blank\" rel=\"noopener\">Portal do Professor &#8211; MEC<\/a><\/strong><\/p>\n<p><strong><a href=\"http:\/\/www.rea.net.br\/site\/mao-na-massa\/usar-buscar\/\" target=\"_blank\" rel=\"noopener\">Recursos Educacionais Abertos<\/a><\/strong><\/p>\n<p><strong><a href=\"http:\/\/geored.dge.mec.pt\/\" target=\"_blank\" rel=\"noopener\">Recursos Educativos Digitais para o Ensino de Geografia<\/a><\/strong><\/p>\n<p><strong><a href=\"http:\/\/rived.mec.gov.br\/\" target=\"_blank\" rel=\"noopener\"> Rede Interativa Virtual de Educa\u00e7\u00e3o (RIVED)<\/a><\/strong><\/p>\n<p><strong><a href=\"http:\/\/sedac.ciesin.columbia.edu\/mapping\/viewer\/#\" target=\"_blank\" rel=\"noopener\">SEDAC Map Viewer<\/a><\/strong><\/p>\n","protected":false},"excerpt":{"rendered":"<p>P\u00e1ginas Recomendadas App Web Estimador de Popula\u00e7\u00e3o\u00a0 Banco Internacional de Objetos Educacionais Biblioteca Digital Mundial Biblioteca Nacional Digital Brasil Canal CEDERJ Conte\u00fados Digitais Curr\u00edculo+ : Recursos digitais articulados com o Curr\u00edculo do Estado de S\u00e3o Paulo Curr\u00edculo Interativo &#8211; Sedu Dia a Dia Educa\u00e7\u00e3o &#8211; Portal Educacional do Estado do Paran\u00e1 E-Unicamp EduCAPES Escola Britannica [&hellip;]<\/p>\n","protected":false},"author":323,"featured_media":0,"parent":0,"menu_order":0,"comment_status":"closed","ping_status":"closed","template":"sidebar-page.php","meta":{"_bbp_topic_count":0,"_bbp_reply_count":0,"_bbp_total_topic_count":0,"_bbp_total_reply_count":0,"_bbp_voice_count":0,"_bbp_anonymous_reply_count":0,"_bbp_topic_count_hidden":0,"_bbp_reply_count_hidden":0,"_bbp_forum_subforum_count":0,"_uag_custom_page_level_css":"","footnotes":""},"class_list":["post-520","page","type-page","status-publish","hentry"],"uagb_featured_image_src":{"full":false,"thumbnail":false,"medium":false,"medium_large":false,"large":false,"1536x1536":false,"2048x2048":false,"post-thumbnail":false},"uagb_author_info":{"display_name":"lais.lovate","author_link":"https:\/\/blog.ufes.br\/demografia\/author\/lais-lovate\/"},"uagb_comment_info":0,"uagb_excerpt":"P\u00e1ginas Recomendadas App Web Estimador de Popula\u00e7\u00e3o\u00a0 Banco Internacional de Objetos Educacionais Biblioteca Digital Mundial Biblioteca Nacional Digital Brasil Canal CEDERJ Conte\u00fados Digitais Curr\u00edculo+ : Recursos digitais articulados com o Curr\u00edculo do Estado de S\u00e3o Paulo Curr\u00edculo Interativo &#8211; Sedu Dia a Dia Educa\u00e7\u00e3o &#8211; Portal Educacional do Estado do Paran\u00e1 E-Unicamp EduCAPES Escola Britannica&hellip;","_links":{"self":[{"href":"https:\/\/blog.ufes.br\/demografia\/wp-json\/wp\/v2\/pages\/520","targetHints":{"allow":["GET"]}}],"collection":[{"href":"https:\/\/blog.ufes.br\/demografia\/wp-json\/wp\/v2\/pages"}],"about":[{"href":"https:\/\/blog.ufes.br\/demografia\/wp-json\/wp\/v2\/types\/page"}],"author":[{"embeddable":true,"href":"https:\/\/blog.ufes.br\/demografia\/wp-json\/wp\/v2\/users\/323"}],"replies":[{"embeddable":true,"href":"https:\/\/blog.ufes.br\/demografia\/wp-json\/wp\/v2\/comments?post=520"}],"version-history":[{"count":21,"href":"https:\/\/blog.ufes.br\/demografia\/wp-json\/wp\/v2\/pages\/520\/revisions"}],"predecessor-version":[{"id":832,"href":"https:\/\/blog.ufes.br\/demografia\/wp-json\/wp\/v2\/pages\/520\/revisions\/832"}],"wp:attachment":[{"href":"https:\/\/blog.ufes.br\/demografia\/wp-json\/wp\/v2\/media?parent=520"}],"curies":[{"name":"wp","href":"https:\/\/api.w.org\/{rel}","templated":true}]}}