{"id":593,"date":"2018-03-31T18:06:53","date_gmt":"2018-03-31T21:06:53","guid":{"rendered":"http:\/\/blog.ufes.br\/demografia\/?page_id=593"},"modified":"2018-06-25T23:04:31","modified_gmt":"2018-06-26T02:04:31","slug":"paginas-de-acesso-a-dados","status":"publish","type":"page","link":"https:\/\/blog.ufes.br\/demografia\/paginas-de-acesso-a-dados\/","title":{"rendered":"P\u00c1GINAS DE ACESSO A DADOS"},"content":{"rendered":"<p><strong><a href=\"http:\/\/www.armazemdedados.rio.rj.gov.br\/\" target=\"_blank\" rel=\"noopener\">Armaz\u00e9m de Dados &#8211; Estat\u00edsticas Municipais (RJ)<\/a><\/strong><\/p>\n<p><strong><a href=\"http:\/\/www.geo.ufes.br\/sites\/geografia.ufes.br\/files\/field\/anexo\/atlas3.pdf\" target=\"_blank\" rel=\"noopener\">Atlas da Migra\u00e7\u00e3o no Esp\u00edrito Santo<\/a><\/strong><\/p>\n<p><strong><a href=\"http:\/\/www.atlasbrasil.org.br\/2013\/\" target=\"_blank\" rel=\"noopener\">Atlas do Desenvolvimento Humano no Brasil<\/a><\/strong><\/p>\n<p><strong><a href=\"http:\/\/www.cariacica.es.gov.br\/prefeitura\/secretarias\/semgeplan\/estatisticas\/\" target=\"_blank\" rel=\"noopener\">Cariacica &#8211; Estat\u00edsticas<\/a><\/strong><\/p>\n<p><strong><a href=\"http:\/\/provabrasil.inep.gov.br\/web\/guest\/resultados-e-resumos\" target=\"_blank\" rel=\"noopener\">Censo Escolar<\/a><\/strong><\/p>\n<p><strong><a href=\"http:\/\/www.ceperj.rj.gov.br\/ceep\/ent\/ind_economicos.html\" target=\"_blank\" rel=\"noopener\">CEPERJ &#8211; Indicadores Econ\u00f4micos<\/a><\/strong><\/p>\n<p><strong><a href=\"https:\/\/blog.ufes.br\/demografia\/dados-demograficos-dos-municipios-do-estado-do-es\/\">Dados demogr\u00e1ficos dos munic\u00edpios do Estado do Esp\u00edrito Santo<\/a><\/strong><\/p>\n<p><strong><a href=\"http:\/\/datasus.saude.gov.br\/informacoes-de-saude\/tabnet\" target=\"_blank\" rel=\"noopener\">DATASUS &#8211; Acesso \u00e0 Informa\u00e7\u00e3o<\/a><\/strong><\/p>\n<p><strong><a href=\"http:\/\/hdr.undp.org\/en\/data\" target=\"_blank\" rel=\"noopener\">Human Development Data (1990 &#8211; 2015)<\/a><\/strong><\/p>\n<p><strong><a href=\"https:\/\/www.fertilitydata.org\/cgi-bin\/data.php\" target=\"_blank\" rel=\"noopener\">Human Fertility Collection<\/a><\/strong><\/p>\n<p><strong><a href=\"https:\/\/cidades.ibge.gov.br\/\" target=\"_blank\" rel=\"noopener\">IBGE &#8211; Cidades@<\/a><\/strong><\/p>\n<p><strong><a href=\"https:\/\/paises.ibge.gov.br\/#\/pt\" target=\"_blank\" rel=\"noopener\">IBGE &#8211; Pa\u00edses@<\/a><\/strong><\/p>\n<p><strong><a href=\"https:\/\/www.ibge.gov.br\/estatisticas-novoportal\/todos-os-produtos-estatisticas.html\" target=\"_blank\" rel=\"noopener\">IBGE &#8211; Estat\u00edsticas<\/a><\/strong><\/p>\n<p><strong><a href=\"http:\/\/www.ijsn.es.gov.br\/indicadores\/\" target=\"_blank\" rel=\"noopener\">IJSN &#8211; Indicadores<\/a><\/strong><\/p>\n<p><strong><a href=\"http:\/\/www.geo.ufes.br\/projeto-de-extens%C3%A3o-%E2%80%9Cos-perfis-sociais-dos-fluxos-migrat%C3%B3rios-no-esp%C3%ADrito-santo%E2%80%9D\" target=\"_blank\" rel=\"noopener\">Indicadores de migra\u00e7\u00e3o dos munic\u00edpios do Esp\u00edrito Santo &#8211; per\u00edodo 2000-2010<\/a><\/strong><\/p>\n<p><strong><a href=\"http:\/\/portal.inep.gov.br\/web\/guest\/dados\" target=\"_blank\" rel=\"noopener\">INEP &#8211; Dados<\/a><\/strong><\/p>\n<p><strong><a href=\"http:\/\/www.ipea.gov.br\/ipeageo\/bases.html\" target=\"_blank\" rel=\"noopener\">IpeaGEO<\/a><\/strong><\/p>\n<p><strong><a href=\"http:\/\/www.ipeadata.gov.br\/Default.aspx\" target=\"_blank\" rel=\"noopener\">Ipea Data<\/a><\/strong><\/p>\n<p><strong><a href=\"https:\/\/international.ipums.org\/international\/index.shtml\" target=\"_blank\" rel=\"noopener\">IPUMS Internacional<\/a><\/strong><\/p>\n<p><strong><a href=\"http:\/\/www.lamortalidad.org\/\" target=\"_blank\" rel=\"noopener\">Latin American Human Mortality Database<\/a><\/strong><\/p>\n<p><strong><a href=\"https:\/\/www.ssc.wisc.edu\/cdha\/latinmortality\/?page_id=11\" target=\"_blank\" rel=\"noopener\">Latin America Mortality Database<\/a><\/strong><\/p>\n<p><strong><a href=\"https:\/\/migrationdataportal.org\/data?i=stock_abs_&amp;t=2017\" target=\"_blank\" rel=\"noopener\">Migration Data Portal<\/a><\/strong><\/p>\n<p><strong><a href=\"https:\/\/missingmigrants.iom.int\/\" target=\"_blank\" rel=\"noopener\">Missing Migrants<\/a><\/strong><\/p>\n<p><strong><a href=\"http:\/\/www.vilavelha.es.gov.br\/paginas\/planejamento-e-projetos-estrategicos-perfil-socioeconomico-por-bairros\" target=\"_blank\" rel=\"noopener\">Perfil Socioecon\u00f4mico por Bairros &#8211; Vila Velha<\/a><\/strong><\/p>\n<p><strong><a href=\"http:\/\/bvsms.saude.gov.br\/bvs\/pnds\/banco_dados.php\" target=\"_blank\" rel=\"noopener\">Pesquisa Nacional de Demografia e Sa\u00fade da Crian\u00e7a e da Mulher<\/a><\/strong><\/p>\n<p><strong><a href=\"http:\/\/migracao.fjp.mg.gov.br\/\" target=\"_blank\" rel=\"noopener\">Plataforma Movimentos Migrat\u00f3rios no Brasil<\/a><\/strong><\/p>\n<p><strong><a href=\"http:\/\/www.seade.gov.br\/\" target=\"_blank\" rel=\"noopener\">Portal de Estat\u00edsticas do Estado de S\u00e3o Paulo<\/a><\/strong><\/p>\n<p><strong><a href=\"http:\/\/sedac.ciesin.columbia.edu\/\" target=\"_blank\" rel=\"noopener\">SEDAC &#8211; Socioeconomic Data end Applications Center<\/a><\/strong><\/p>\n<p><strong><a href=\"https:\/\/sidra.ibge.gov.br\/home\/ipca15\/brasil\" target=\"_blank\" rel=\"noopener\">SIDRA &#8211; Banco de Tabelas Estat\u00edsticas<\/a><\/strong><\/p>\n<p><strong><a href=\"http:\/\/www.mortality.org\/\" target=\"_blank\" rel=\"noopener\">The Human Mortality Database (HMD)<\/a><\/strong><\/p>\n<p><strong><a href=\"https:\/\/www.unfpa.org\/es\/data\/world-population-dashboard\" target=\"_blank\" rel=\"noopener\">UNFPA &#8211; Fondo de Poblaci\u00f3n de las Naciones Unidas<\/a><\/strong><\/p>\n<p><strong><a href=\"https:\/\/esa.un.org\/unpd\/wpp\/Download\/Standard\/Population\/\" target=\"_blank\" rel=\"noopener\">United Nation &#8211; DESA\/ Population Division<\/a><\/strong><\/p>\n<p><strong><a href=\"http:\/\/legado.vitoria.es.gov.br\/regionais\/home.asp\" target=\"_blank\" rel=\"noopener\">Vit\u00f3ria em Dados<\/a><\/strong><\/p>\n<p><strong>MAIS LINKS DE INTERESSE &#8211; <a href=\"http:\/\/www.uff.br\/geoden\/docs\/GeoLISTA.pdf\" target=\"_blank\" rel=\"noopener\">GeoLISTA<\/a><\/strong><\/p>\n","protected":false},"excerpt":{"rendered":"<p>Armaz\u00e9m de Dados &#8211; Estat\u00edsticas Municipais (RJ) Atlas da Migra\u00e7\u00e3o no Esp\u00edrito Santo Atlas do Desenvolvimento Humano no Brasil Cariacica &#8211; Estat\u00edsticas Censo Escolar CEPERJ &#8211; Indicadores Econ\u00f4micos Dados demogr\u00e1ficos dos munic\u00edpios do Estado do Esp\u00edrito Santo DATASUS &#8211; Acesso \u00e0 Informa\u00e7\u00e3o Human Development Data (1990 &#8211; 2015) Human Fertility Collection IBGE &#8211; Cidades@ IBGE [&hellip;]<\/p>\n","protected":false},"author":323,"featured_media":0,"parent":0,"menu_order":0,"comment_status":"closed","ping_status":"closed","template":"sidebar-page.php","meta":{"_bbp_topic_count":0,"_bbp_reply_count":0,"_bbp_total_topic_count":0,"_bbp_total_reply_count":0,"_bbp_voice_count":0,"_bbp_anonymous_reply_count":0,"_bbp_topic_count_hidden":0,"_bbp_reply_count_hidden":0,"_bbp_forum_subforum_count":0,"_uag_custom_page_level_css":"","footnotes":""},"class_list":["post-593","page","type-page","status-publish","hentry"],"uagb_featured_image_src":{"full":false,"thumbnail":false,"medium":false,"medium_large":false,"large":false,"1536x1536":false,"2048x2048":false,"post-thumbnail":false},"uagb_author_info":{"display_name":"lais.lovate","author_link":"https:\/\/blog.ufes.br\/demografia\/author\/lais-lovate\/"},"uagb_comment_info":0,"uagb_excerpt":"Armaz\u00e9m de Dados &#8211; Estat\u00edsticas Municipais (RJ) Atlas da Migra\u00e7\u00e3o no Esp\u00edrito Santo Atlas do Desenvolvimento Humano no Brasil Cariacica &#8211; Estat\u00edsticas Censo Escolar CEPERJ &#8211; Indicadores Econ\u00f4micos Dados demogr\u00e1ficos dos munic\u00edpios do Estado do Esp\u00edrito Santo DATASUS &#8211; Acesso \u00e0 Informa\u00e7\u00e3o Human Development Data (1990 &#8211; 2015) Human Fertility Collection IBGE &#8211; Cidades@ IBGE&hellip;","_links":{"self":[{"href":"https:\/\/blog.ufes.br\/demografia\/wp-json\/wp\/v2\/pages\/593","targetHints":{"allow":["GET"]}}],"collection":[{"href":"https:\/\/blog.ufes.br\/demografia\/wp-json\/wp\/v2\/pages"}],"about":[{"href":"https:\/\/blog.ufes.br\/demografia\/wp-json\/wp\/v2\/types\/page"}],"author":[{"embeddable":true,"href":"https:\/\/blog.ufes.br\/demografia\/wp-json\/wp\/v2\/users\/323"}],"replies":[{"embeddable":true,"href":"https:\/\/blog.ufes.br\/demografia\/wp-json\/wp\/v2\/comments?post=593"}],"version-history":[{"count":26,"href":"https:\/\/blog.ufes.br\/demografia\/wp-json\/wp\/v2\/pages\/593\/revisions"}],"predecessor-version":[{"id":824,"href":"https:\/\/blog.ufes.br\/demografia\/wp-json\/wp\/v2\/pages\/593\/revisions\/824"}],"wp:attachment":[{"href":"https:\/\/blog.ufes.br\/demografia\/wp-json\/wp\/v2\/media?parent=593"}],"curies":[{"name":"wp","href":"https:\/\/api.w.org\/{rel}","templated":true}]}}