{"id":736,"date":"2018-05-17T14:20:42","date_gmt":"2018-05-17T17:20:42","guid":{"rendered":"http:\/\/blog.ufes.br\/demografia\/?page_id=736"},"modified":"2018-08-02T09:47:41","modified_gmt":"2018-08-02T12:47:41","slug":"abnt","status":"publish","type":"page","link":"https:\/\/blog.ufes.br\/demografia\/abnt\/","title":{"rendered":"ABNT"},"content":{"rendered":"<h1>NORMALIZA\u00c7\u00c3O E APRESENTA\u00c7\u00c3O DE TRABALHOS CIENT\u00cdFICOS E ACAD\u00caMICOS<\/h1>\n<h1><a href=\"http:\/\/edufes.ufes.br\/items\/show\/325\" target=\"_blank\" rel=\"noopener\">ACESSE AQUI as normas da UFES<\/a><\/h1>\n<h3>AUTORIA: UNIVERSIDADE FEDERAL DO ESP\u00cdRITO SANTO &#8211; BIBLIOTECA CENTRAL<\/h3>\n<div class=\"element-text\"><\/div>\n","protected":false},"excerpt":{"rendered":"<p>NORMALIZA\u00c7\u00c3O E APRESENTA\u00c7\u00c3O DE TRABALHOS CIENT\u00cdFICOS E ACAD\u00caMICOS ACESSE AQUI as normas da UFES AUTORIA: UNIVERSIDADE FEDERAL DO ESP\u00cdRITO SANTO &#8211; BIBLIOTECA CENTRAL<\/p>\n","protected":false},"author":323,"featured_media":0,"parent":0,"menu_order":0,"comment_status":"closed","ping_status":"closed","template":"sidebar-page.php","meta":{"_bbp_topic_count":0,"_bbp_reply_count":0,"_bbp_total_topic_count":0,"_bbp_total_reply_count":0,"_bbp_voice_count":0,"_bbp_anonymous_reply_count":0,"_bbp_topic_count_hidden":0,"_bbp_reply_count_hidden":0,"_bbp_forum_subforum_count":0,"_uag_custom_page_level_css":"","footnotes":""},"class_list":["post-736","page","type-page","status-publish","hentry"],"uagb_featured_image_src":{"full":false,"thumbnail":false,"medium":false,"medium_large":false,"large":false,"1536x1536":false,"2048x2048":false,"post-thumbnail":false},"uagb_author_info":{"display_name":"lais.lovate","author_link":"https:\/\/blog.ufes.br\/demografia\/author\/lais-lovate\/"},"uagb_comment_info":0,"uagb_excerpt":"NORMALIZA\u00c7\u00c3O E APRESENTA\u00c7\u00c3O DE TRABALHOS CIENT\u00cdFICOS E ACAD\u00caMICOS ACESSE AQUI as normas da UFES AUTORIA: UNIVERSIDADE FEDERAL DO ESP\u00cdRITO SANTO &#8211; BIBLIOTECA CENTRAL","_links":{"self":[{"href":"https:\/\/blog.ufes.br\/demografia\/wp-json\/wp\/v2\/pages\/736","targetHints":{"allow":["GET"]}}],"collection":[{"href":"https:\/\/blog.ufes.br\/demografia\/wp-json\/wp\/v2\/pages"}],"about":[{"href":"https:\/\/blog.ufes.br\/demografia\/wp-json\/wp\/v2\/types\/page"}],"author":[{"embeddable":true,"href":"https:\/\/blog.ufes.br\/demografia\/wp-json\/wp\/v2\/users\/323"}],"replies":[{"embeddable":true,"href":"https:\/\/blog.ufes.br\/demografia\/wp-json\/wp\/v2\/comments?post=736"}],"version-history":[{"count":3,"href":"https:\/\/blog.ufes.br\/demografia\/wp-json\/wp\/v2\/pages\/736\/revisions"}],"predecessor-version":[{"id":842,"href":"https:\/\/blog.ufes.br\/demografia\/wp-json\/wp\/v2\/pages\/736\/revisions\/842"}],"wp:attachment":[{"href":"https:\/\/blog.ufes.br\/demografia\/wp-json\/wp\/v2\/media?parent=736"}],"curies":[{"name":"wp","href":"https:\/\/api.w.org\/{rel}","templated":true}]}}