{"id":778,"date":"2018-06-22T18:07:42","date_gmt":"2018-06-22T21:07:42","guid":{"rendered":"http:\/\/blog.ufes.br\/demografia\/?page_id=778"},"modified":"2018-06-22T18:15:08","modified_gmt":"2018-06-22T21:15:08","slug":"acesso-a-dados","status":"publish","type":"page","link":"https:\/\/blog.ufes.br\/demografia\/acesso-a-dados\/","title":{"rendered":"ACESSO A DADOS"},"content":{"rendered":"<p><strong><a href=\"https:\/\/blog.ufes.br\/demografia\/paginas-de-acesso-a-dados\/\">P\u00c1GINAS DE ACESSO A DADOS<\/a><\/strong><\/p>\n<p><a href=\"https:\/\/blog.ufes.br\/demografia\/dados-demograficos-dos-municipios-do-estado-do-es\/\"><strong>DADOS DEMOGR\u00c1FICOS DOS MUNIC\u00cdPIOS DO ESTADO DO ES<\/strong><\/a><\/p>\n","protected":false},"excerpt":{"rendered":"<p>P\u00c1GINAS DE ACESSO A DADOS DADOS DEMOGR\u00c1FICOS DOS MUNIC\u00cdPIOS DO ESTADO DO ES<\/p>\n","protected":false},"author":323,"featured_media":0,"parent":0,"menu_order":0,"comment_status":"closed","ping_status":"closed","template":"sidebar-page.php","meta":{"_bbp_topic_count":0,"_bbp_reply_count":0,"_bbp_total_topic_count":0,"_bbp_total_reply_count":0,"_bbp_voice_count":0,"_bbp_anonymous_reply_count":0,"_bbp_topic_count_hidden":0,"_bbp_reply_count_hidden":0,"_bbp_forum_subforum_count":0,"_uag_custom_page_level_css":"","footnotes":""},"class_list":["post-778","page","type-page","status-publish","hentry"],"uagb_featured_image_src":{"full":false,"thumbnail":false,"medium":false,"medium_large":false,"large":false,"1536x1536":false,"2048x2048":false,"post-thumbnail":false},"uagb_author_info":{"display_name":"lais.lovate","author_link":"https:\/\/blog.ufes.br\/demografia\/author\/lais-lovate\/"},"uagb_comment_info":0,"uagb_excerpt":"P\u00c1GINAS DE ACESSO A DADOS DADOS DEMOGR\u00c1FICOS DOS MUNIC\u00cdPIOS DO ESTADO DO ES","_links":{"self":[{"href":"https:\/\/blog.ufes.br\/demografia\/wp-json\/wp\/v2\/pages\/778","targetHints":{"allow":["GET"]}}],"collection":[{"href":"https:\/\/blog.ufes.br\/demografia\/wp-json\/wp\/v2\/pages"}],"about":[{"href":"https:\/\/blog.ufes.br\/demografia\/wp-json\/wp\/v2\/types\/page"}],"author":[{"embeddable":true,"href":"https:\/\/blog.ufes.br\/demografia\/wp-json\/wp\/v2\/users\/323"}],"replies":[{"embeddable":true,"href":"https:\/\/blog.ufes.br\/demografia\/wp-json\/wp\/v2\/comments?post=778"}],"version-history":[{"count":3,"href":"https:\/\/blog.ufes.br\/demografia\/wp-json\/wp\/v2\/pages\/778\/revisions"}],"predecessor-version":[{"id":784,"href":"https:\/\/blog.ufes.br\/demografia\/wp-json\/wp\/v2\/pages\/778\/revisions\/784"}],"wp:attachment":[{"href":"https:\/\/blog.ufes.br\/demografia\/wp-json\/wp\/v2\/media?parent=778"}],"curies":[{"name":"wp","href":"https:\/\/api.w.org\/{rel}","templated":true}]}}