{"id":2,"date":"2017-06-21T09:20:20","date_gmt":"2017-06-21T12:20:20","guid":{"rendered":"http:\/\/blog.ufes.br\/dinheiroecapital\/?page_id=2"},"modified":"2017-07-19T15:00:39","modified_gmt":"2017-07-19T18:00:39","slug":"publicacoes","status":"publish","type":"page","link":"https:\/\/blog.ufes.br\/dinheiroecapital\/publicacoes\/","title":{"rendered":"Publica\u00e7\u00f5es"},"content":{"rendered":"<ul>\n<li>Sobre a caracteriza\u00e7\u00e3o geral do Capital Fict\u00edcio<\/li>\n<\/ul>\n<p><a href=\"http:\/\/www.scielo.br\/pdf\/ecos\/v22n3\/01.pdf\">Especula\u00e7\u00e3o financeira e capitalismo contempor\u00e2neo: uma proposi\u00e7\u00e3o te\u00f3rica a partir de Marx,\u00a0Economia e Sociedade, Campinas, v. 22, n.\u00a0\u200b3, 12\/2013.<\/a><\/p>\n","protected":false},"excerpt":{"rendered":"<p>Sobre a caracteriza\u00e7\u00e3o geral do Capital Fict\u00edcio Especula\u00e7\u00e3o financeira e capitalismo contempor\u00e2neo: uma proposi\u00e7\u00e3o te\u00f3rica a partir de Marx,\u00a0Economia e Sociedade, Campinas, v. 22, n.\u00a0\u200b3, 12\/2013.<\/p>\n","protected":false},"author":311,"featured_media":0,"parent":0,"menu_order":0,"comment_status":"closed","ping_status":"open","template":"","meta":{"_bbp_topic_count":0,"_bbp_reply_count":0,"_bbp_total_topic_count":0,"_bbp_total_reply_count":0,"_bbp_voice_count":0,"_bbp_anonymous_reply_count":0,"_bbp_topic_count_hidden":0,"_bbp_reply_count_hidden":0,"_bbp_forum_subforum_count":0,"_uag_custom_page_level_css":"","footnotes":""},"class_list":["post-2","page","type-page","status-publish","hentry"],"uagb_featured_image_src":{"full":false,"thumbnail":false,"medium":false,"medium_large":false,"large":false,"1536x1536":false,"2048x2048":false,"post-thumbnail":false,"large-feature":false,"small-feature":false},"uagb_author_info":{"display_name":"adriana.silva","author_link":"https:\/\/blog.ufes.br\/dinheiroecapital\/author\/adriana-silva\/"},"uagb_comment_info":0,"uagb_excerpt":"Sobre a caracteriza\u00e7\u00e3o geral do Capital Fict\u00edcio Especula\u00e7\u00e3o financeira e capitalismo contempor\u00e2neo: uma proposi\u00e7\u00e3o te\u00f3rica a partir de Marx,\u00a0Economia e Sociedade, Campinas, v. 22, n.\u00a0\u200b3, 12\/2013.","_links":{"self":[{"href":"https:\/\/blog.ufes.br\/dinheiroecapital\/wp-json\/wp\/v2\/pages\/2","targetHints":{"allow":["GET"]}}],"collection":[{"href":"https:\/\/blog.ufes.br\/dinheiroecapital\/wp-json\/wp\/v2\/pages"}],"about":[{"href":"https:\/\/blog.ufes.br\/dinheiroecapital\/wp-json\/wp\/v2\/types\/page"}],"author":[{"embeddable":true,"href":"https:\/\/blog.ufes.br\/dinheiroecapital\/wp-json\/wp\/v2\/users\/311"}],"replies":[{"embeddable":true,"href":"https:\/\/blog.ufes.br\/dinheiroecapital\/wp-json\/wp\/v2\/comments?post=2"}],"version-history":[{"count":3,"href":"https:\/\/blog.ufes.br\/dinheiroecapital\/wp-json\/wp\/v2\/pages\/2\/revisions"}],"predecessor-version":[{"id":27,"href":"https:\/\/blog.ufes.br\/dinheiroecapital\/wp-json\/wp\/v2\/pages\/2\/revisions\/27"}],"wp:attachment":[{"href":"https:\/\/blog.ufes.br\/dinheiroecapital\/wp-json\/wp\/v2\/media?parent=2"}],"curies":[{"name":"wp","href":"https:\/\/api.w.org\/{rel}","templated":true}]}}