{"id":2,"date":"2014-09-17T19:44:21","date_gmt":"2014-09-17T19:44:21","guid":{"rendered":"http:\/\/blog.ufes.br\/ecosmostra\/?page_id=2"},"modified":"2015-09-21T02:35:16","modified_gmt":"2015-09-21T02:35:16","slug":"pagina-exemplo","status":"publish","type":"page","link":"https:\/\/blog.ufes.br\/ecosmostra\/pagina-exemplo\/","title":{"rendered":"Regulamento"},"content":{"rendered":"<p>A Ecos Mostra \u00e9 um concurso aberto aos alunos de Comunica\u00e7\u00e3o Social de toda Grande Vit\u00f3ria.<\/p>\n<p>Para <strong>Jornalismo<\/strong>, as categorias premiadas ser\u00e3o cr\u00f4nica e jornalismo universit\u00e1rio. Leio o regulamento <a href=\"http:\/\/blog.ufes.br\/ecosmostra\/files\/2015\/09\/EDITAL-JORNAL.pdf\">Aqui<\/a>\u00a0e se inscreva\u00a0<a href=\"https:\/\/docs.google.com\/forms\/d\/1eARtrXlSeFBZZTMktcLLDe9qTHsa6QgynXxE6fn_P_E\/viewform\" target=\"_blank\">Aqui<\/a>.<\/p>\n<p>Para <strong>Publicidade e Propaganda<\/strong>, ser\u00e3o premiadas a melhor campanha e foto publicit\u00e1ria. Leia o regulamento <a href=\"http:\/\/blog.ufes.br\/ecosmostra\/files\/2015\/09\/EDITAL-PP.pdf\">Aqui<\/a>\u00a0e se inscreva\u00a0<a href=\"https:\/\/docs.google.com\/forms\/d\/141gLEu8xT9YrGeMEQ55vkr6ECLgzHtdytUSUOrm4MSw\/viewform\" target=\"_blank\">Aqui<\/a>\u00a0.<a href=\"http:\/\/goo.gl\/19vL4u\" target=\"_blank\" rel=\"nofollow nofollow\"><br \/>\n<\/a><\/p>\n<p>E para a galera que estuda <strong>Audiovisual<\/strong>, al\u00e9m dos curta-metragens, ser\u00e3o premiados videoclipes.\u00a0Leia o regulamento\u00a0<a href=\"http:\/\/blog.ufes.br\/ecosmostra\/files\/2015\/09\/EDITAL-AUDIOVISUAL.pdf\">Aqui<\/a>\u00a0e se inscreva <a href=\"https:\/\/docs.google.com\/forms\/d\/1eurKZIGYf0v5f0edDINJEPIDBYAJyF0N61V8TFYlpXc\/viewform\" target=\"_blank\">Aqui<\/a>.<\/p>\n<p>O evento de premia\u00e7\u00e3o ser\u00e1 realizado no Cine Metr\u00f3polis, localizado na Universidade Federal do Espirito Santo, \u00a0campus Goiabeiras, nos dias 11 e 12 de novembro a partir das 19h.<\/p>\n<p style=\"text-align: center\">As inscri\u00e7\u00f5es v\u00e3o at\u00e9 o dia 02 de outubro.<\/p>\n<p style=\"text-align: left\">\n","protected":false},"excerpt":{"rendered":"<p>A Ecos Mostra \u00e9 um concurso aberto aos alunos de Comunica\u00e7\u00e3o Social de toda Grande Vit\u00f3ria. Para Jornalismo, as categorias premiadas ser\u00e3o cr\u00f4nica e jornalismo universit\u00e1rio. Leio o regulamento Aqui\u00a0e se inscreva\u00a0Aqui. Para Publicidade e Propaganda, ser\u00e3o premiadas a melhor campanha e foto publicit\u00e1ria. Leia o regulamento Aqui\u00a0e se inscreva\u00a0Aqui\u00a0. E para a galera que &hellip; <a href=\"https:\/\/blog.ufes.br\/ecosmostra\/pagina-exemplo\/\" class=\"more-link\">Continue lendo <span class=\"screen-reader-text\">Regulamento<\/span> <span class=\"meta-nav\">&rarr;<\/span><\/a><\/p>\n","protected":false},"author":171,"featured_media":0,"parent":0,"menu_order":0,"comment_status":"open","ping_status":"open","template":"","meta":{"_bbp_topic_count":0,"_bbp_reply_count":0,"_bbp_total_topic_count":0,"_bbp_total_reply_count":0,"_bbp_voice_count":0,"_bbp_anonymous_reply_count":0,"_bbp_topic_count_hidden":0,"_bbp_reply_count_hidden":0,"_bbp_forum_subforum_count":0,"_uag_custom_page_level_css":"","footnotes":""},"class_list":["post-2","page","type-page","status-publish","hentry"],"uagb_featured_image_src":{"full":false,"thumbnail":false,"medium":false,"medium_large":false,"large":false,"1536x1536":false,"2048x2048":false,"post-thumbnail":false},"uagb_author_info":{"display_name":"rosane.zanotti","author_link":"https:\/\/blog.ufes.br\/ecosmostra\/author\/rosane-zanotti\/"},"uagb_comment_info":1,"uagb_excerpt":"A Ecos Mostra \u00e9 um concurso aberto aos alunos de Comunica\u00e7\u00e3o Social de toda Grande Vit\u00f3ria. Para Jornalismo, as categorias premiadas ser\u00e3o cr\u00f4nica e jornalismo universit\u00e1rio. Leio o regulamento Aqui\u00a0e se inscreva\u00a0Aqui. Para Publicidade e Propaganda, ser\u00e3o premiadas a melhor campanha e foto publicit\u00e1ria. Leia o regulamento Aqui\u00a0e se inscreva\u00a0Aqui\u00a0. E para a galera que&hellip;","_links":{"self":[{"href":"https:\/\/blog.ufes.br\/ecosmostra\/wp-json\/wp\/v2\/pages\/2","targetHints":{"allow":["GET"]}}],"collection":[{"href":"https:\/\/blog.ufes.br\/ecosmostra\/wp-json\/wp\/v2\/pages"}],"about":[{"href":"https:\/\/blog.ufes.br\/ecosmostra\/wp-json\/wp\/v2\/types\/page"}],"author":[{"embeddable":true,"href":"https:\/\/blog.ufes.br\/ecosmostra\/wp-json\/wp\/v2\/users\/171"}],"replies":[{"embeddable":true,"href":"https:\/\/blog.ufes.br\/ecosmostra\/wp-json\/wp\/v2\/comments?post=2"}],"version-history":[{"count":6,"href":"https:\/\/blog.ufes.br\/ecosmostra\/wp-json\/wp\/v2\/pages\/2\/revisions"}],"predecessor-version":[{"id":127,"href":"https:\/\/blog.ufes.br\/ecosmostra\/wp-json\/wp\/v2\/pages\/2\/revisions\/127"}],"wp:attachment":[{"href":"https:\/\/blog.ufes.br\/ecosmostra\/wp-json\/wp\/v2\/media?parent=2"}],"curies":[{"name":"wp","href":"https:\/\/api.w.org\/{rel}","templated":true}]}}