{"id":129,"date":"2013-04-08T04:32:35","date_gmt":"2013-04-08T13:32:35","guid":{"rendered":"http:\/\/blog.ufes.br\/enearte\/?page_id=129"},"modified":"2013-04-13T17:06:26","modified_gmt":"2013-04-14T02:06:26","slug":"um-pouco-sobre-a-ufes","status":"publish","type":"page","link":"https:\/\/blog.ufes.br\/enearte\/onde-sera\/um-pouco-sobre-a-ufes\/","title":{"rendered":"Um Pouco sobre a UFES"},"content":{"rendered":"<h3>O 17\u00ba Encontro Nacional dos Estudantes de Artes acontecer\u00e1 na UFES, Campus Goiabeiras, Vit\u00f3ria, ES.<\/h3>\n<h3>Mas ter\u00e1 suas a\u00e7\u00f5es\u00a0disseminadas em toda a capital Vit\u00f3ria. Aqui vai um pouco da nossa Ilha.<\/h3>\n<h3>\u00a0<strong>A\u00a0UFES\u00a0em\u00a0n\u00fameros:\u00a0<\/strong><\/h3>\n<p>\u2013 A\u00a0UFES\u00a0foi fundada em 1954.<\/p>\n<p>\u2013 Possui quatro campi universit\u00e1rios: Goiabeiras e Maru\u00edpe, em Vit\u00f3ria; e em Alegre, sul do Estado; e S\u00e3o Mateus, ao norte.<\/p>\n<p>\u2013 S\u00e3o 1.532 professores, sendo 1.034 mestre e 403 doutores.<\/p>\n<p>\u2013 Possui 2.200 servidores t\u00e9cnico-administrativos.<\/p>\n<p>\u2013 S\u00e3o 17 mil estudantes matriculados nos cursos de gradua\u00e7\u00e3o.<\/p>\n<p>\u2013 Tr\u00eas mil estudantes est\u00e3o matriculados nos cursos de p\u00f3s-gradua\u00e7\u00e3o.<\/p>\n<p>\u2013 A Ufes possui o Hospital Universit\u00e1rio Cassiano Antonio Moraes (Hucam), com 320 leitos e 1 mil profissionais. O Hucam realiza, anualmente, 10 mil interna\u00e7\u00f5es, 6 mil cirurgias, 1,5 mil partos, 200 mil consultas, 15 mil atendimentos de urg\u00eancia e emerg\u00eancia, e 250 mil exames laboratoriais.<\/p>\n<p>\u2013 O Sistema Integrado de Bibliotecas da Ufes possui oito unidades distribu\u00eddas nos quatro campi universit\u00e1rios, com um acervo de 438 mil exemplares e 143 mil t\u00edtulos.<\/p>\n<p>\u2013 A Ufes mant\u00e9m 94 cursos de gradua\u00e7\u00e3o, com 5 mil vagas.<\/p>\n<p>\u2013 Na modalidade a dist\u00e2ncia, a Ufes possui 26 polos e tr\u00eas centros regionais no Estado, com 4,2 mil estudantes matriculados.<\/p>\n<p>\u2013 A Ufes possui 48 cursos de mestrado, sendo 41 acad\u00eamicos e sete profissionais, e 19 cursos de doutorado.<\/p>\n<p>\u2013 Na extens\u00e3o universit\u00e1ria a Ufes desenvolve 700 programas e projetos, contemplando uma popula\u00e7\u00e3o de 1,5 mil de pessoas.<\/p>\n<p>\u2013 A \u00e1rea constru\u00edda total nos quatro campi da Ufes mede 271 mil metros quadrados.<\/p>\n<p><a href=\"http:\/\/blog.ufes.br\/enearte\/?attachment_id=42\" rel=\"attachment wp-att-42\"><img loading=\"lazy\" decoding=\"async\" src=\"http:\/\/blog.ufes.br\/enearte\/files\/2013\/04\/visita-ufes2.png\" alt=\"\" width=\"315\" height=\"236\" \/><\/a><\/p>\n<p>&nbsp;<\/p>\n<p><a href=\"http:\/\/blog.ufes.br\/enearte\/?attachment_id=37\" rel=\"attachment wp-att-37\"><img loading=\"lazy\" decoding=\"async\" src=\"http:\/\/blog.ufes.br\/enearte\/files\/2013\/04\/laisa-buffon-mod2.jpg\" alt=\"\" width=\"640\" height=\"157\" \/><\/a><\/p>\n<p><a href=\"http:\/\/blog.ufes.br\/enearte\/?attachment_id=35\" rel=\"attachment wp-att-35\"><img loading=\"lazy\" decoding=\"async\" src=\"http:\/\/blog.ufes.br\/enearte\/files\/2013\/04\/biblioteca-da-ufes.jpg\" alt=\"\" width=\"620\" height=\"465\" \/><\/a><\/p>\n<p><a href=\"http:\/\/blog.ufes.br\/enearte\/?attachment_id=33\" rel=\"attachment wp-att-33\"><img loading=\"lazy\" decoding=\"async\" src=\"http:\/\/blog.ufes.br\/enearte\/files\/2013\/04\/56567047bdbf3243abc89498af0804b3.jpg\" alt=\"\" width=\"327\" height=\"245\" \/><\/a><\/p>\n<p><a href=\"http:\/\/blog.ufes.br\/enearte\/?attachment_id=41\" rel=\"attachment wp-att-41\"><img loading=\"lazy\" decoding=\"async\" src=\"http:\/\/blog.ufes.br\/enearte\/files\/2013\/04\/ufes.jpg\" alt=\"\" width=\"800\" height=\"531\" \/><\/a><a href=\"http:\/\/blog.ufes.br\/enearte\/?attachment_id=40\" rel=\"attachment wp-att-40\"><img loading=\"lazy\" decoding=\"async\" src=\"http:\/\/blog.ufes.br\/enearte\/files\/2013\/04\/ufes-1.jpg\" alt=\"\" width=\"620\" height=\"465\" \/><\/a><a href=\"http:\/\/blog.ufes.br\/enearte\/?attachment_id=34\" rel=\"attachment wp-att-34\"><img loading=\"lazy\" decoding=\"async\" src=\"http:\/\/blog.ufes.br\/enearte\/files\/2013\/04\/8103327557_ab7285a48f.jpg\" alt=\"\" width=\"500\" height=\"270\" \/><\/a><\/p>\n<p>foto: portal ufes<\/p>\n<h1><a href=\"http:\/\/ufes.br\" target=\"_blank\">\u00a0Saiba mais.<\/a><\/h1>\n<p>&nbsp;<\/p>\n<p>&nbsp;<\/p>\n","protected":false},"excerpt":{"rendered":"<p>O 17\u00ba Encontro Nacional dos Estudantes de Artes acontecer\u00e1 na UFES, Campus Goiabeiras, Vit\u00f3ria, ES. Mas ter\u00e1 suas a\u00e7\u00f5es\u00a0disseminadas em toda a capital Vit\u00f3ria. Aqui vai um pouco da nossa Ilha. \u00a0A\u00a0UFES\u00a0em\u00a0n\u00fameros:\u00a0 \u2013 A\u00a0UFES\u00a0foi fundada em 1954. \u2013 Possui quatro campi universit\u00e1rios: Goiabeiras e Maru\u00edpe, em Vit\u00f3ria; e em Alegre, sul do Estado; e S\u00e3o &hellip; <a href=\"https:\/\/blog.ufes.br\/enearte\/onde-sera\/um-pouco-sobre-a-ufes\/\" class=\"more-link\">Continue lendo <span class=\"screen-reader-text\">Um Pouco sobre a UFES<\/span> <span class=\"meta-nav\">&rarr;<\/span><\/a><\/p>\n","protected":false},"author":114,"featured_media":0,"parent":71,"menu_order":0,"comment_status":"open","ping_status":"open","template":"","meta":{"_bbp_topic_count":0,"_bbp_reply_count":0,"_bbp_total_topic_count":0,"_bbp_total_reply_count":0,"_bbp_voice_count":0,"_bbp_anonymous_reply_count":0,"_bbp_topic_count_hidden":0,"_bbp_reply_count_hidden":0,"_bbp_forum_subforum_count":0,"_uag_custom_page_level_css":"","ngg_post_thumbnail":0,"footnotes":""},"class_list":["post-129","page","type-page","status-publish","hentry"],"uagb_featured_image_src":{"full":false,"thumbnail":false,"medium":false,"medium_large":false,"large":false,"1536x1536":false,"2048x2048":false,"post-thumbnail":false},"uagb_author_info":{"display_name":"bruna.wandekoken","author_link":"https:\/\/blog.ufes.br\/enearte\/author\/bruna-wandekoken\/"},"uagb_comment_info":4,"uagb_excerpt":"O 17\u00ba Encontro Nacional dos Estudantes de Artes acontecer\u00e1 na UFES, Campus Goiabeiras, Vit\u00f3ria, ES. Mas ter\u00e1 suas a\u00e7\u00f5es\u00a0disseminadas em toda a capital Vit\u00f3ria. Aqui vai um pouco da nossa Ilha. \u00a0A\u00a0UFES\u00a0em\u00a0n\u00fameros:\u00a0 \u2013 A\u00a0UFES\u00a0foi fundada em 1954. \u2013 Possui quatro campi universit\u00e1rios: Goiabeiras e Maru\u00edpe, em Vit\u00f3ria; e em Alegre, sul do Estado; e S\u00e3o&hellip;","_links":{"self":[{"href":"https:\/\/blog.ufes.br\/enearte\/wp-json\/wp\/v2\/pages\/129","targetHints":{"allow":["GET"]}}],"collection":[{"href":"https:\/\/blog.ufes.br\/enearte\/wp-json\/wp\/v2\/pages"}],"about":[{"href":"https:\/\/blog.ufes.br\/enearte\/wp-json\/wp\/v2\/types\/page"}],"author":[{"embeddable":true,"href":"https:\/\/blog.ufes.br\/enearte\/wp-json\/wp\/v2\/users\/114"}],"replies":[{"embeddable":true,"href":"https:\/\/blog.ufes.br\/enearte\/wp-json\/wp\/v2\/comments?post=129"}],"version-history":[{"count":13,"href":"https:\/\/blog.ufes.br\/enearte\/wp-json\/wp\/v2\/pages\/129\/revisions"}],"predecessor-version":[{"id":146,"href":"https:\/\/blog.ufes.br\/enearte\/wp-json\/wp\/v2\/pages\/129\/revisions\/146"}],"up":[{"embeddable":true,"href":"https:\/\/blog.ufes.br\/enearte\/wp-json\/wp\/v2\/pages\/71"}],"wp:attachment":[{"href":"https:\/\/blog.ufes.br\/enearte\/wp-json\/wp\/v2\/media?parent=129"}],"curies":[{"name":"wp","href":"https:\/\/api.w.org\/{rel}","templated":true}]}}