{"id":16,"date":"2013-04-05T13:38:02","date_gmt":"2013-04-05T22:38:02","guid":{"rendered":"http:\/\/blog.ufes.br\/enearte\/?page_id=16"},"modified":"2013-04-19T12:15:45","modified_gmt":"2013-04-19T21:15:45","slug":"downloads","status":"publish","type":"page","link":"https:\/\/blog.ufes.br\/enearte\/downloads\/","title":{"rendered":"Downloads"},"content":{"rendered":"<p>&nbsp;<\/p>\n<h1><a href=\"http:\/\/blog.ufes.br\/enearte\/files\/2013\/04\/fa\u00e7a-seu-cartaz.jpg\" target=\"_blank\"><img loading=\"lazy\" decoding=\"async\" class=\"alignleft size-full wp-image-337\" src=\"http:\/\/blog.ufes.br\/enearte\/files\/2013\/04\/cartaz-para-cria\u00e7\u00e3o-bot\u00e3o.jpg\" alt=\"\" width=\"326\" height=\"68\" srcset=\"https:\/\/blog.ufes.br\/enearte\/files\/2013\/04\/cartaz-para-cria\u00e7\u00e3o-bot\u00e3o.jpg 326w, https:\/\/blog.ufes.br\/enearte\/files\/2013\/04\/cartaz-para-cria\u00e7\u00e3o-bot\u00e3o-300x62.jpg 300w\" sizes=\"auto, (max-width: 326px) 100vw, 326px\" \/><\/a><\/h1>\n<p>&nbsp;<\/p>\n<p>&nbsp;<\/p>\n<p>&nbsp;<\/p>\n<p>&nbsp;<\/p>\n<p><a href=\"http:\/\/blog.ufes.br\/enearte\/files\/2013\/04\/CARTA-CONVITE.pdf\" target=\"_blank\"><img loading=\"lazy\" decoding=\"async\" class=\"alignleft size-full wp-image-336\" src=\"http:\/\/blog.ufes.br\/enearte\/files\/2013\/04\/carta-convite-bot\u00e3o.jpg\" alt=\"\" width=\"326\" height=\"68\" srcset=\"https:\/\/blog.ufes.br\/enearte\/files\/2013\/04\/carta-convite-bot\u00e3o.jpg 326w, https:\/\/blog.ufes.br\/enearte\/files\/2013\/04\/carta-convite-bot\u00e3o-300x62.jpg 300w\" sizes=\"auto, (max-width: 326px) 100vw, 326px\" \/><\/a><\/p>\n<p>&nbsp;<\/p>\n<p>&nbsp;<\/p>\n<p>&nbsp;<\/p>\n<p>&nbsp;<\/p>\n<p>&nbsp;<\/p>\n<p>&nbsp;<\/p>\n<p>&nbsp;<\/p>\n<p>&nbsp;<\/p>\n<p>&nbsp;<\/p>\n<p>&nbsp;<\/p>\n<p>&nbsp;<\/p>\n<p>&nbsp;<\/p>\n<p>&nbsp;<\/p>\n<p>&nbsp;<\/p>\n","protected":false},"excerpt":{"rendered":"<p>&nbsp; &nbsp; &nbsp; &nbsp; &nbsp; &nbsp; &nbsp; &nbsp; &nbsp; &nbsp; &nbsp; &nbsp; &nbsp; &nbsp; &nbsp; &nbsp; &nbsp; &nbsp; &nbsp;<\/p>\n","protected":false},"author":114,"featured_media":66,"parent":0,"menu_order":6,"comment_status":"open","ping_status":"open","template":"","meta":{"_bbp_topic_count":0,"_bbp_reply_count":0,"_bbp_total_topic_count":0,"_bbp_total_reply_count":0,"_bbp_voice_count":0,"_bbp_anonymous_reply_count":0,"_bbp_topic_count_hidden":0,"_bbp_reply_count_hidden":0,"_bbp_forum_subforum_count":0,"_uag_custom_page_level_css":"","ngg_post_thumbnail":0,"footnotes":""},"class_list":["post-16","page","type-page","status-publish","has-post-thumbnail","hentry"],"uagb_featured_image_src":{"full":["https:\/\/blog.ufes.br\/enearte\/files\/2013\/04\/enearte3.jpg",3556,4967,false],"thumbnail":["https:\/\/blog.ufes.br\/enearte\/files\/2013\/04\/enearte3-150x150.jpg",150,150,true],"medium":["https:\/\/blog.ufes.br\/enearte\/files\/2013\/04\/enearte3-214x300.jpg",214,300,true],"medium_large":["https:\/\/blog.ufes.br\/enearte\/files\/2013\/04\/enearte3.jpg",604,844,false],"large":["https:\/\/blog.ufes.br\/enearte\/files\/2013\/04\/enearte3-733x1024.jpg",604,844,true],"1536x1536":["https:\/\/blog.ufes.br\/enearte\/files\/2013\/04\/enearte3.jpg",1100,1536,false],"2048x2048":["https:\/\/blog.ufes.br\/enearte\/files\/2013\/04\/enearte3.jpg",1466,2048,false],"post-thumbnail":["https:\/\/blog.ufes.br\/enearte\/files\/2013\/04\/enearte3-960x198.jpg",604,125,true]},"uagb_author_info":{"display_name":"bruna.wandekoken","author_link":"https:\/\/blog.ufes.br\/enearte\/author\/bruna-wandekoken\/"},"uagb_comment_info":0,"uagb_excerpt":"&nbsp; &nbsp; &nbsp; &nbsp; &nbsp; &nbsp; &nbsp; &nbsp; &nbsp; &nbsp; &nbsp; &nbsp; &nbsp; &nbsp; &nbsp; &nbsp; &nbsp; &nbsp; &nbsp;","_links":{"self":[{"href":"https:\/\/blog.ufes.br\/enearte\/wp-json\/wp\/v2\/pages\/16","targetHints":{"allow":["GET"]}}],"collection":[{"href":"https:\/\/blog.ufes.br\/enearte\/wp-json\/wp\/v2\/pages"}],"about":[{"href":"https:\/\/blog.ufes.br\/enearte\/wp-json\/wp\/v2\/types\/page"}],"author":[{"embeddable":true,"href":"https:\/\/blog.ufes.br\/enearte\/wp-json\/wp\/v2\/users\/114"}],"replies":[{"embeddable":true,"href":"https:\/\/blog.ufes.br\/enearte\/wp-json\/wp\/v2\/comments?post=16"}],"version-history":[{"count":35,"href":"https:\/\/blog.ufes.br\/enearte\/wp-json\/wp\/v2\/pages\/16\/revisions"}],"predecessor-version":[{"id":22,"href":"https:\/\/blog.ufes.br\/enearte\/wp-json\/wp\/v2\/pages\/16\/revisions\/22"}],"wp:featuredmedia":[{"embeddable":true,"href":"https:\/\/blog.ufes.br\/enearte\/wp-json\/wp\/v2\/media\/66"}],"wp:attachment":[{"href":"https:\/\/blog.ufes.br\/enearte\/wp-json\/wp\/v2\/media?parent=16"}],"curies":[{"name":"wp","href":"https:\/\/api.w.org\/{rel}","templated":true}]}}