{"id":2,"date":"2013-04-05T19:37:07","date_gmt":"2013-04-05T19:37:07","guid":{"rendered":"http:\/\/blog.ufes.br\/enearte\/?page_id=2"},"modified":"2013-04-14T07:12:42","modified_gmt":"2013-04-14T16:12:42","slug":"encontro","status":"publish","type":"page","link":"https:\/\/blog.ufes.br\/enearte\/","title":{"rendered":"ENEARTE VIX"},"content":{"rendered":"<h3>Paradoxo, travessia e frui\u00e7\u00e3o.<\/h3>\n<h3>Eis o territ\u00f3rio do 17\u00ba Encontro Nacional dos Estudantes de Artes.<\/h3>\n<h3>Reminiscente o tema quando se trata de arte, em que os paradoxos s\u00e3o frequentes, as frui\u00e7\u00f5es, inevit\u00e1veis, e as travessias surgem ante a possibilidade de se articular a realidade corrente, de modo a transform\u00e1-la.<\/h3>\n<h3>No encal\u00e7o dos meios paradoxais da arte, que por vezes traz a efemeridade como \u00e1pice da obra, mas ao mesmo torna perene o artista que a produz, o encontro pretende estimular o debate acerca dos processos\/travessias da produ\u00e7\u00e3o contempor\u00e2nea, que \u00e9 permeada de contradi\u00e7\u00f5es sociais, pol\u00edticas e \u00e9ticas.<\/h3>\n<h3>A despeito da estranheza que uma obra possa causar, a frui\u00e7\u00e3o \u00e9 inevit\u00e1vel, da parte do espectador ou do profissional das artes, seja por que meio for, quando menos pelo debate.<\/h3>\n<h3>Essa, sem d\u00favida, \u00e9 uma das facetas da arte do nosso tempo em sua ininterrupta travessia.<\/h3>\n<h3>Paradoxal? \u00c9 o que se pretende discutir.<\/h3>\n<h3>Travessia? \u00c9 da ess\u00eancia, n\u00e3o s\u00f3 da arte, mas tamb\u00e9m da sede do evento.<\/h3>\n<h3>Frui\u00e7\u00e3o? Uma das consequ\u00eancias do encontro.<\/h3>\n<h3>Sejam bem vindos \u00e0 ilha de Vit\u00f3ria.<\/h3>\n<h3><strong>\u00a0<\/strong><\/h3>\n<h3><strong>\u00a0<\/strong><\/h3>\n<p><iframe loading=\"lazy\" title=\"Vai Come\u00e7ar ENEARTE VIX 2013\" width=\"604\" height=\"453\" src=\"https:\/\/www.youtube.com\/embed\/zH-wjI7MgLY?feature=oembed\" frameborder=\"0\" allow=\"accelerometer; autoplay; clipboard-write; encrypted-media; gyroscope; picture-in-picture; web-share\" referrerpolicy=\"strict-origin-when-cross-origin\" allowfullscreen><\/iframe><\/p>\n","protected":false},"excerpt":{"rendered":"<p>Paradoxo, travessia e frui\u00e7\u00e3o. Eis o territ\u00f3rio do 17\u00ba Encontro Nacional dos Estudantes de Artes. Reminiscente o tema quando se trata de arte, em que os paradoxos s\u00e3o frequentes, as frui\u00e7\u00f5es, inevit\u00e1veis, e as travessias surgem ante a possibilidade de se articular a realidade corrente, de modo a transform\u00e1-la. No encal\u00e7o dos meios paradoxais da &hellip; <a href=\"https:\/\/blog.ufes.br\/enearte\/\" class=\"more-link\">Continue lendo <span class=\"screen-reader-text\">ENEARTE VIX<\/span> <span class=\"meta-nav\">&rarr;<\/span><\/a><\/p>\n","protected":false},"author":113,"featured_media":0,"parent":0,"menu_order":1,"comment_status":"open","ping_status":"open","template":"","meta":{"_bbp_topic_count":0,"_bbp_reply_count":0,"_bbp_total_topic_count":0,"_bbp_total_reply_count":0,"_bbp_voice_count":0,"_bbp_anonymous_reply_count":0,"_bbp_topic_count_hidden":0,"_bbp_reply_count_hidden":0,"_bbp_forum_subforum_count":0,"_uag_custom_page_level_css":"","ngg_post_thumbnail":0,"footnotes":""},"class_list":["post-2","page","type-page","status-publish","hentry"],"uagb_featured_image_src":{"full":false,"thumbnail":false,"medium":false,"medium_large":false,"large":false,"1536x1536":false,"2048x2048":false,"post-thumbnail":false},"uagb_author_info":{"display_name":"enearte","author_link":"https:\/\/blog.ufes.br\/enearte\/author\/enearte\/"},"uagb_comment_info":72,"uagb_excerpt":"Paradoxo, travessia e frui\u00e7\u00e3o. Eis o territ\u00f3rio do 17\u00ba Encontro Nacional dos Estudantes de Artes. Reminiscente o tema quando se trata de arte, em que os paradoxos s\u00e3o frequentes, as frui\u00e7\u00f5es, inevit\u00e1veis, e as travessias surgem ante a possibilidade de se articular a realidade corrente, de modo a transform\u00e1-la. No encal\u00e7o dos meios paradoxais da&hellip;","_links":{"self":[{"href":"https:\/\/blog.ufes.br\/enearte\/wp-json\/wp\/v2\/pages\/2","targetHints":{"allow":["GET"]}}],"collection":[{"href":"https:\/\/blog.ufes.br\/enearte\/wp-json\/wp\/v2\/pages"}],"about":[{"href":"https:\/\/blog.ufes.br\/enearte\/wp-json\/wp\/v2\/types\/page"}],"author":[{"embeddable":true,"href":"https:\/\/blog.ufes.br\/enearte\/wp-json\/wp\/v2\/users\/113"}],"replies":[{"embeddable":true,"href":"https:\/\/blog.ufes.br\/enearte\/wp-json\/wp\/v2\/comments?post=2"}],"version-history":[{"count":12,"href":"https:\/\/blog.ufes.br\/enearte\/wp-json\/wp\/v2\/pages\/2\/revisions"}],"predecessor-version":[{"id":254,"href":"https:\/\/blog.ufes.br\/enearte\/wp-json\/wp\/v2\/pages\/2\/revisions\/254"}],"wp:attachment":[{"href":"https:\/\/blog.ufes.br\/enearte\/wp-json\/wp\/v2\/media?parent=2"}],"curies":[{"name":"wp","href":"https:\/\/api.w.org\/{rel}","templated":true}]}}