{"id":217,"date":"2013-04-13T17:59:34","date_gmt":"2013-04-14T02:59:34","guid":{"rendered":"http:\/\/blog.ufes.br\/enearte\/?page_id=217"},"modified":"2013-04-13T18:38:28","modified_gmt":"2013-04-14T03:38:28","slug":"um-pouco-sobre-o-espirito-santo-2","status":"publish","type":"page","link":"https:\/\/blog.ufes.br\/enearte\/onde-sera\/um-pouco-sobre-o-espirito-santo-2\/","title":{"rendered":"Um pouco sobre o Esp\u00edrito Santo"},"content":{"rendered":"<p>&nbsp;<\/p>\n<h2 style=\"text-align: center\">\u201cTrabalha como se tudo dependesse de ti,<br \/>\ne confia, como se tudo dependesse de Deus\u201d.<br \/>\nLema jesu\u00edta adaptado<br \/>\npara o lema que se l\u00ea em sua bandeira<br \/>\nEste Estado de alma brasileira<br \/>\nOnde vivia Aimor\u00e9s e goitac\u00e1s<br \/>\nE no interior os botocudos<br \/>\nCujo convite para jantar<br \/>\nEra um mau sinal<br \/>\nJ\u00e1 que poderias ser tu<br \/>\nServido como prato principal<br \/>\nMas na Serra do Capara\u00f3<br \/>\nOutros costumes, outros \u00edndios<br \/>\nTinham o bonito costume<br \/>\nDe chamar aos homens<br \/>\npara o silencio escutar<br \/>\nEsp\u00edrito Santo \u00e9 seu nome<br \/>\nInspirado no dia da chegada dos portugueses<br \/>\nChegaram depois<br \/>\nAlem\u00e3es, italianos e poloneses<br \/>\nE desta magn\u00edfica mistura<br \/>\nUm povo se formou<br \/>\nSuas florestas foram tiradas<br \/>\nOutra paisagem foi forjada<br \/>\nDistinta daquela que Deus nos deixou<br \/>\nPetr\u00f3leo, g\u00e1s e min\u00e9rios radiativos<br \/>\nNo ver\u00e3o se enche de mineiros muito ativos<br \/>\nQuem vem de suas praias desfrutar<br \/>\nTerra de lindos vales e colinas<br \/>\nDe gente alegre e belas meninas<br \/>\nVale a pena visitar<br \/>\nEsp\u00edrito Santo, lindo nome<br \/>\nPara nomear este belo lugar<\/h2>\n<h2 style=\"text-align: center\">Cassio Lopes<\/h2>\n<p><iframe loading=\"lazy\" title=\"Apresenta\u00e7\u00e3o do ES - ENEARTE VIX 2013\" width=\"604\" height=\"453\" src=\"https:\/\/www.youtube.com\/embed\/L6r7r3FPXgw?feature=oembed\" frameborder=\"0\" allow=\"accelerometer; autoplay; clipboard-write; encrypted-media; gyroscope; picture-in-picture; web-share\" referrerpolicy=\"strict-origin-when-cross-origin\" allowfullscreen><\/iframe><\/p>\n<p><a href=\"http:\/\/blog.ufes.br\/enearte\/files\/2013\/04\/8305017468_1ec6b6d2cf.jpg\"><img loading=\"lazy\" decoding=\"async\" class=\"alignleft size-medium wp-image-206\" src=\"http:\/\/blog.ufes.br\/enearte\/files\/2013\/04\/8305017468_1ec6b6d2cf-300x198.jpg\" alt=\"\" width=\"300\" height=\"198\" srcset=\"https:\/\/blog.ufes.br\/enearte\/files\/2013\/04\/8305017468_1ec6b6d2cf-300x198.jpg 300w, https:\/\/blog.ufes.br\/enearte\/files\/2013\/04\/8305017468_1ec6b6d2cf.jpg 500w\" sizes=\"auto, (max-width: 300px) 100vw, 300px\" \/><\/a><a href=\"http:\/\/blog.ufes.br\/enearte\/files\/2013\/04\/8305028728_b1789013e7.jpg\"><img loading=\"lazy\" decoding=\"async\" class=\"alignleft size-medium wp-image-207\" src=\"http:\/\/blog.ufes.br\/enearte\/files\/2013\/04\/8305028728_b1789013e7-300x198.jpg\" alt=\"\" width=\"300\" height=\"198\" srcset=\"https:\/\/blog.ufes.br\/enearte\/files\/2013\/04\/8305028728_b1789013e7-300x198.jpg 300w, https:\/\/blog.ufes.br\/enearte\/files\/2013\/04\/8305028728_b1789013e7.jpg 500w\" sizes=\"auto, (max-width: 300px) 100vw, 300px\" \/><\/a><\/p>\n<p>&nbsp;<\/p>\n<p>&nbsp;<\/p>\n<p>&nbsp;<\/p>\n<p>&nbsp;<\/p>\n<p>&nbsp;<\/p>\n<p>&nbsp;<\/p>\n<p><a href=\"http:\/\/blog.ufes.br\/enearte\/files\/2013\/04\/8304974024_6669b4905e.jpg\"><img loading=\"lazy\" decoding=\"async\" class=\"alignleft size-medium wp-image-205\" src=\"http:\/\/blog.ufes.br\/enearte\/files\/2013\/04\/8304974024_6669b4905e-300x198.jpg\" alt=\"\" width=\"300\" height=\"198\" srcset=\"https:\/\/blog.ufes.br\/enearte\/files\/2013\/04\/8304974024_6669b4905e-300x198.jpg 300w, https:\/\/blog.ufes.br\/enearte\/files\/2013\/04\/8304974024_6669b4905e.jpg 500w\" sizes=\"auto, (max-width: 300px) 100vw, 300px\" \/><\/a><a href=\"http:\/\/blog.ufes.br\/enearte\/files\/2013\/04\/2630_20090624_135214.jpg\"><img loading=\"lazy\" decoding=\"async\" class=\"alignleft size-medium wp-image-223\" src=\"http:\/\/blog.ufes.br\/enearte\/files\/2013\/04\/2630_20090624_135214-300x225.jpg\" alt=\"\" width=\"300\" height=\"225\" srcset=\"https:\/\/blog.ufes.br\/enearte\/files\/2013\/04\/2630_20090624_135214-300x225.jpg 300w, https:\/\/blog.ufes.br\/enearte\/files\/2013\/04\/2630_20090624_135214-1024x768.jpg 1024w, https:\/\/blog.ufes.br\/enearte\/files\/2013\/04\/2630_20090624_135214.jpg 1200w\" sizes=\"auto, (max-width: 300px) 100vw, 300px\" \/><\/a><\/p>\n<p>&nbsp;<\/p>\n<p>&nbsp;<\/p>\n<p>&nbsp;<\/p>\n<p>&nbsp;<\/p>\n<p>&nbsp;<\/p>\n<p>&nbsp;<\/p>\n<p><a href=\"http:\/\/blog.ufes.br\/enearte\/files\/2013\/04\/alemaes.jpg\"><img loading=\"lazy\" decoding=\"async\" class=\"alignleft size-medium wp-image-224\" src=\"http:\/\/blog.ufes.br\/enearte\/files\/2013\/04\/alemaes-300x237.jpg\" alt=\"\" width=\"300\" height=\"237\" srcset=\"https:\/\/blog.ufes.br\/enearte\/files\/2013\/04\/alemaes-300x237.jpg 300w, https:\/\/blog.ufes.br\/enearte\/files\/2013\/04\/alemaes.jpg 750w\" sizes=\"auto, (max-width: 300px) 100vw, 300px\" \/><\/a><\/p>\n<p><a href=\"http:\/\/blog.ufes.br\/enearte\/files\/2013\/04\/SECULT_Quilombola2_jpg.jpg\"><img loading=\"lazy\" decoding=\"async\" class=\"alignleft size-medium wp-image-228\" src=\"http:\/\/blog.ufes.br\/enearte\/files\/2013\/04\/SECULT_Quilombola2_jpg-300x210.jpg\" alt=\"\" width=\"300\" height=\"210\" srcset=\"https:\/\/blog.ufes.br\/enearte\/files\/2013\/04\/SECULT_Quilombola2_jpg-300x210.jpg 300w, https:\/\/blog.ufes.br\/enearte\/files\/2013\/04\/SECULT_Quilombola2_jpg.jpg 640w\" sizes=\"auto, (max-width: 300px) 100vw, 300px\" \/><\/a><\/p>\n<p>&nbsp;<\/p>\n<p>&nbsp;<\/p>\n<p>&nbsp;<\/p>\n<p>&nbsp;<\/p>\n<p>&nbsp;<\/p>\n<p>&nbsp;<\/p>\n<p>&nbsp;<\/p>\n<p>&nbsp;<\/p>\n<p><a href=\"http:\/\/blog.ufes.br\/enearte\/files\/2013\/04\/Oquestra-Filarm\u00f4nica-do-Estado-do-Esp\u00edrito-Santo-Ofes-2.jpg\"><img loading=\"lazy\" decoding=\"async\" class=\"alignnone size-medium wp-image-227\" src=\"http:\/\/blog.ufes.br\/enearte\/files\/2013\/04\/Oquestra-Filarm\u00f4nica-do-Estado-do-Esp\u00edrito-Santo-Ofes-2-300x199.jpg\" alt=\"\" width=\"300\" height=\"199\" srcset=\"https:\/\/blog.ufes.br\/enearte\/files\/2013\/04\/Oquestra-Filarm\u00f4nica-do-Estado-do-Esp\u00edrito-Santo-Ofes-2-300x199.jpg 300w, https:\/\/blog.ufes.br\/enearte\/files\/2013\/04\/Oquestra-Filarm\u00f4nica-do-Estado-do-Esp\u00edrito-Santo-Ofes-2.jpg 800w\" sizes=\"auto, (max-width: 300px) 100vw, 300px\" \/><\/a>\u00a0 \u00a0 \u00a0<a href=\"http:\/\/blog.ufes.br\/enearte\/files\/2013\/04\/4649bd96-4.jpg\"><img loading=\"lazy\" decoding=\"async\" class=\"alignnone size-medium wp-image-225\" src=\"http:\/\/blog.ufes.br\/enearte\/files\/2013\/04\/4649bd96-4-300x141.jpg\" alt=\"\" width=\"300\" height=\"141\" srcset=\"https:\/\/blog.ufes.br\/enearte\/files\/2013\/04\/4649bd96-4-300x141.jpg 300w, https:\/\/blog.ufes.br\/enearte\/files\/2013\/04\/4649bd96-4.jpg 640w\" sizes=\"auto, (max-width: 300px) 100vw, 300px\" \/><\/a><\/p>\n<p>&nbsp;<\/p>\n<p>&nbsp;<\/p>\n<h1><span style=\"color: #0000ff\"><a href=\"http:\/\/www.es.gov.br\/EspiritoSanto\/default.aspx\" target=\"_blank\">Saiba Mais<\/a><\/span><\/h1>\n","protected":false},"excerpt":{"rendered":"<p>&nbsp; \u201cTrabalha como se tudo dependesse de ti, e confia, como se tudo dependesse de Deus\u201d. Lema jesu\u00edta adaptado para o lema que se l\u00ea em sua bandeira Este Estado de alma brasileira Onde vivia Aimor\u00e9s e goitac\u00e1s E no interior os botocudos Cujo convite para jantar Era um mau sinal J\u00e1 que poderias ser &hellip; <a href=\"https:\/\/blog.ufes.br\/enearte\/onde-sera\/um-pouco-sobre-o-espirito-santo-2\/\" class=\"more-link\">Continue lendo <span class=\"screen-reader-text\">Um pouco sobre o Esp\u00edrito Santo<\/span> <span class=\"meta-nav\">&rarr;<\/span><\/a><\/p>\n","protected":false},"author":114,"featured_media":207,"parent":71,"menu_order":3,"comment_status":"open","ping_status":"open","template":"","meta":{"_bbp_topic_count":0,"_bbp_reply_count":0,"_bbp_total_topic_count":0,"_bbp_total_reply_count":0,"_bbp_voice_count":0,"_bbp_anonymous_reply_count":0,"_bbp_topic_count_hidden":0,"_bbp_reply_count_hidden":0,"_bbp_forum_subforum_count":0,"_uag_custom_page_level_css":"","ngg_post_thumbnail":0,"footnotes":""},"class_list":["post-217","page","type-page","status-publish","has-post-thumbnail","hentry"],"uagb_featured_image_src":{"full":["https:\/\/blog.ufes.br\/enearte\/files\/2013\/04\/8305028728_b1789013e7.jpg",500,331,false],"thumbnail":["https:\/\/blog.ufes.br\/enearte\/files\/2013\/04\/8305028728_b1789013e7-150x150.jpg",150,150,true],"medium":["https:\/\/blog.ufes.br\/enearte\/files\/2013\/04\/8305028728_b1789013e7-300x198.jpg",300,198,true],"medium_large":["https:\/\/blog.ufes.br\/enearte\/files\/2013\/04\/8305028728_b1789013e7.jpg",500,331,false],"large":["https:\/\/blog.ufes.br\/enearte\/files\/2013\/04\/8305028728_b1789013e7.jpg",500,331,false],"1536x1536":["https:\/\/blog.ufes.br\/enearte\/files\/2013\/04\/8305028728_b1789013e7.jpg",500,331,false],"2048x2048":["https:\/\/blog.ufes.br\/enearte\/files\/2013\/04\/8305028728_b1789013e7.jpg",500,331,false],"post-thumbnail":["https:\/\/blog.ufes.br\/enearte\/files\/2013\/04\/8305028728_b1789013e7-500x198.jpg",500,198,true]},"uagb_author_info":{"display_name":"bruna.wandekoken","author_link":"https:\/\/blog.ufes.br\/enearte\/author\/bruna-wandekoken\/"},"uagb_comment_info":11,"uagb_excerpt":"&nbsp; \u201cTrabalha como se tudo dependesse de ti, e confia, como se tudo dependesse de Deus\u201d. Lema jesu\u00edta adaptado para o lema que se l\u00ea em sua bandeira Este Estado de alma brasileira Onde vivia Aimor\u00e9s e goitac\u00e1s E no interior os botocudos Cujo convite para jantar Era um mau sinal J\u00e1 que poderias ser&hellip;","_links":{"self":[{"href":"https:\/\/blog.ufes.br\/enearte\/wp-json\/wp\/v2\/pages\/217","targetHints":{"allow":["GET"]}}],"collection":[{"href":"https:\/\/blog.ufes.br\/enearte\/wp-json\/wp\/v2\/pages"}],"about":[{"href":"https:\/\/blog.ufes.br\/enearte\/wp-json\/wp\/v2\/types\/page"}],"author":[{"embeddable":true,"href":"https:\/\/blog.ufes.br\/enearte\/wp-json\/wp\/v2\/users\/114"}],"replies":[{"embeddable":true,"href":"https:\/\/blog.ufes.br\/enearte\/wp-json\/wp\/v2\/comments?post=217"}],"version-history":[{"count":12,"href":"https:\/\/blog.ufes.br\/enearte\/wp-json\/wp\/v2\/pages\/217\/revisions"}],"predecessor-version":[{"id":219,"href":"https:\/\/blog.ufes.br\/enearte\/wp-json\/wp\/v2\/pages\/217\/revisions\/219"}],"up":[{"embeddable":true,"href":"https:\/\/blog.ufes.br\/enearte\/wp-json\/wp\/v2\/pages\/71"}],"wp:featuredmedia":[{"embeddable":true,"href":"https:\/\/blog.ufes.br\/enearte\/wp-json\/wp\/v2\/media\/207"}],"wp:attachment":[{"href":"https:\/\/blog.ufes.br\/enearte\/wp-json\/wp\/v2\/media?parent=217"}],"curies":[{"name":"wp","href":"https:\/\/api.w.org\/{rel}","templated":true}]}}