{"id":295,"date":"2013-04-16T05:16:43","date_gmt":"2013-04-16T14:16:43","guid":{"rendered":"http:\/\/blog.ufes.br\/enearte\/?page_id=295"},"modified":"2013-05-05T15:40:51","modified_gmt":"2013-05-06T00:40:51","slug":"duvidas","status":"publish","type":"page","link":"https:\/\/blog.ufes.br\/enearte\/duvidas\/","title":{"rendered":"D\u00favidas"},"content":{"rendered":"<h2><strong>\u00a0<\/strong><strong>Verifique se a sua duvida esta aqui, antes de enviar e-mail para a Comiss\u00e3o Organizadora.<\/strong><\/h2>\n<h2><strong>Caso sua pergunta n\u00e3o esteja aqui, mande para <\/strong><a href=\"mailto:eneartevix2013@gmail.com\"><strong>eneartevix2013@gmail.com<\/strong><\/a><strong>, com o Assunto: \u201cD\u00favida\u201d.<\/strong><\/h2>\n<p>&nbsp;<\/p>\n<h3><span style=\"color: #0000ff\"><strong>\u00a0 Quem pode participar? Estudante de outros cursos? Artistas j\u00e1 conceituados ou n\u00e3o?<\/strong><\/span><\/h3>\n<p>Estudantes de quaisquer cursos, artistas em forma\u00e7\u00e3o, pesquisadores em arte formados ou n\u00e3o, futuros estudantes de artes, secundaristas, artistas de todos os setores e conceitos, ativistas da cultura digital\u2026 todos ser\u00e3o bem-vindos!<\/p>\n<h3><span style=\"color: #0000ff\"><strong>\u00a0 Como me inscrevo no ENEARTE VIX 2013?<\/strong><\/span><\/h3>\n<p>O interessado em participar do encontro poder\u00e1 se inscrever nas seguintes categorias: Agente; Suporte e Ouvinte. A defini\u00e7\u00e3o do papel de cada categoria est\u00e1 no Edital. O interessado s\u00f3 poder\u00e1 se inscrever em UMA categoria.<\/p>\n<h3><span style=\"color: #0000ff\"><strong>\u00a0Posso me inscrever como Agente e Suporte?<\/strong><\/span><\/h3>\n<p>N\u00e3o. O encontrista que submeter projeto (seja Agente ou Suporte) somente poder\u00e1 faz\u00ea-lo uma \u00daNICA vez. Caso esse projeto (para Agentes) n\u00e3o seja aprovado pela Comiss\u00e3o Curatorial e\/ou o pleito para chefe de arquivo vivo|delega\u00e7\u00e3o|Monitor (Suportes) seja indeferido. Poder\u00e1 se inscrever novamente na categoria Ouvinte.<\/p>\n<h3><span style=\"color: #0000ff\"><strong>\u00a0Onde tem material do ENEARTE VIX 2013 para eu poder divulgar na minha faculdade e\/ou cidade?<\/strong><\/span><\/h3>\n<p>Na nossa p\u00e1gina de Downloads h\u00e1 cartazes para serem impressos e divulgados! Al\u00e9m do compartilhamento do site e pagina oficial do facebook.<\/p>\n<h3><span style=\"color: #0000ff\"><strong>\u00a0Onde eu consigo a carta de dispensa do trabalho\/faculdade?<\/strong><\/span><\/h3>\n<p>Atrav\u00e9s da nossa p\u00e1gina de Downloads. Esta carta dir\u00e1 ao seu chefe\/professor\/m\u00e3e\/amigo a import\u00e2ncia de comparecer e participar do ENEARTE VIX 2013. A partir da\u00ed, deve haver uma negocia\u00e7\u00e3o entre voc\u00eas.<\/p>\n<h3><span style=\"color: #0000ff\"><strong>\u00a0 Onde consigo a carta de aceite dizendo que meu projeto o foi aceito?<\/strong><\/span><\/h3>\n<p>Disponibilizaremos ap\u00f3s a sele\u00e7\u00e3o dos projetos enviados a listagem dos resultados. E o passo a passo para aquisi\u00e7\u00e3o da mensagem de aceite.<\/p>\n<h3><span style=\"color: #0000ff\"><strong>\u00a0 O ENEARTE VIX 2013 d\u00e1 certificado de participa\u00e7\u00e3o do evento?<\/strong><\/span><\/h3>\n<p>Sim, para a retirada pessoalmente durante os dias 28 e 29 de setembro, e ap\u00f3s esse per\u00edodo os certificados ser\u00e3o disponibilizados online atrav\u00e9s do site, conforme previsto no Edital, estipulando cada categoria e conforme a frequ\u00eancia de participa\u00e7\u00e3o nas atividades.<\/p>\n<h3><span style=\"color: #0000ff\">\u00a0<strong>\u00a0Quanto custa ir ao ENEARTE VIX 2013?<\/strong><\/span><\/h3>\n<p>Os valores da inscri\u00e7\u00e3o b\u00e1sica e dos pacotes de alojamento e alimenta\u00e7\u00e3o podem ser encontrados na p\u00e1gina Valores.<\/p>\n<h3><span style=\"color: #0000ff\"><strong>\u00a0 As inscri\u00e7\u00f5es ser\u00e3o feitas apenas via site?<\/strong><\/span><\/h3>\n<p>Sim. As inscri\u00e7\u00f5es ser\u00e3o efetuadas somente pela internet, exclusivamente no site do ENEARTE VIX 2013, no endere\u00e7o (eneartevix.ufes.br). O encontrista dever\u00e1 aderir \u00e0 inscri\u00e7\u00e3o b\u00e1sica, podendo optar pelos pacotes extras de alojamento e\/ou alimenta\u00e7\u00e3o.<\/p>\n<h3><span style=\"color: #0000ff\"><strong>\u00a0Moro no Vit\u00f3ria, terei benef\u00edcio?<\/strong><\/span><\/h3>\n<p>As inscri\u00e7\u00f5es dos encontristas do Estado do Esp\u00edrito Santo, que quiserem receber o benef\u00edcio, dever\u00e3o ser feitas de forma presencial no escrit\u00f3rio do encontro, sediado na UFES; Centro de Artes &#8211; CEMUNI I &#8211; Sala 28 \u2013 Av. Fernando Ferrari, 514 \u2013 Goiabeiras \u2013 Vit\u00f3ria \u2013 ES. Munidos de comprovante de resid\u00eancia ou comprovante de matricula em institui\u00e7\u00e3o de ensino situada no Estado.<\/p>\n<h3><span style=\"color: #0000ff\"><strong>\u00a0Me inscrevi, paguei e n\u00e3o recebi nenhum e-mail de confirma\u00e7\u00e3o.<\/strong><\/span><\/h3>\n<p>Conclu\u00eddo o preenchimento do formul\u00e1rio e finalizado este processo, a inscri\u00e7\u00e3o ser\u00e1 confirmada no prazo de 2 a 5 dias \u00fateis ap\u00f3s o pagamento, quando ser\u00e1 enviada uma mensagem ao e-mail fornecido pelo encontrista. Provavelmente o seu pagamento est\u00e1 em fase de transi\u00e7\u00e3o e logo ser\u00e1 confirmado.<\/p>\n<h3><span style=\"color: #0000ff\"><strong>\u00a0 Como que funciona o alojamento?<\/strong><\/span><\/h3>\n<p>O alojamento \u00e9 um espa\u00e7o aberto ou fechado que disponibilizaremos para o encontrista se alojar com colchonete ou barraca (ambos levados pelo encontrista). O alojamento conta tamb\u00e9m com banheiros, chuveiros e seguran\u00e7a 24 horas.<\/p>\n<h3><span style=\"color: #0000ff\"><strong>\u00a0Onde vai ser o alojamento?<\/strong><\/span><\/h3>\n<p>O alojamento ser\u00e1 nas depend\u00eancias da UFES, Campos Goiabeiras, Vit\u00f3ria, ES. Voc\u00ea pode saber mais atrav\u00e9s do nosso site (eneartevix.ufes.br).<\/p>\n<h3><span style=\"color: #0000ff\"><strong>\u00a0A organiza\u00e7\u00e3o do evento ser\u00e1 respons\u00e1vel pela estacionamento do \u00f4nibus?<\/strong><\/span><\/h3>\n<p>A delega\u00e7\u00e3o que dispuser de \u00f4nibus como transporte at\u00e9 o evento dever\u00e1 combinar previamente com o motorista o local para que o mesmo estacione o ve\u00edculo. A UFES campus Goiabeiras disp\u00f5e de amplo local pra o mesmo, mas fica a cargo da delega\u00e7\u00e3o fazer contato pr\u00e9vio solicitando a possibilidade de garantir o estacionamento do \u00f4nibus.<\/p>\n<h3><span style=\"color: #0000ff\"><strong>\u00a0 Como formar uma delega\u00e7\u00e3o para o ENEARTE VIX 2013?<\/strong><\/span><\/h3>\n<p>Uma delega\u00e7\u00e3o para o ENEARTE VIX 2013 precisa ter no m\u00ednimo 20 pessoas. Ap\u00f3s juntar essas pessoas inscreva-se no t\u00f3pico Chefe de Delega\u00e7\u00e3o, na hora de efetuar sua inscri\u00e7\u00e3o voc\u00ea dever\u00e1 acrescentar a lista com os membros da sua delega\u00e7\u00e3o. Sua inscri\u00e7\u00e3o somente ser\u00e1 validada quando 20 (vinte) pessoas *m\u00ednimo da sua lista estiverem com sua inscri\u00e7\u00e3o e pagamento confirmados.<\/p>\n<h3><span style=\"color: #0000ff\"><strong>\u00a0 A isen\u00e7\u00e3o de Chefe de Delega\u00e7\u00e3o se estende a todos os membros da delega\u00e7\u00e3o?<\/strong><\/span><\/h3>\n<p>N\u00e3o. A isen\u00e7\u00e3o vale apenas para o Chefe da Delega\u00e7\u00e3o. Ressaltando que h\u00e1 apenas um Chefe para cada delega\u00e7\u00e3o com no m\u00ednimo 20 pessoas (vide resposta anterior e Edital).<\/p>\n<h3><span style=\"color: #0000ff\"><strong>\u00a0 Quais s\u00e3o os hor\u00e1rios do evento? Que horas come\u00e7a e termina a programa\u00e7\u00e3o de cada dia?<\/strong><\/span><\/h3>\n<p>As atividades do ENEARTE VIX 2013 acontecem de 21 a 29 de setembro e variam de acordo com o dia do evento. Consequentemente os hor\u00e1rios s\u00e3o diferentes. Mas, durante todos os dias, teremos atividades nos turnos manh\u00e3, tarde e noite. A programa\u00e7\u00e3o ser\u00e1 divulgada pelo site e distribu\u00edda junto ao material entregue no ato do credenciamento.<\/p>\n<h3><span style=\"color: #0000ff\"><strong>\u00a0 Fa\u00e7o parte de um Coletivo, como inscreve-lo?<\/strong><\/span><\/h3>\n<p style=\"text-align: justify\">Como previsto no edital:<\/p>\n<p>3.6 \u2013 O encontrista poder\u00e1 inscrever-se individualmente ou como parte\u00a0integrante de um coletivo. Nas inscri\u00e7\u00f5es de coletivos dever\u00e3o constar na ficha\u00a0t\u00e9cnica todos os integrantes do projeto.<br \/>\n3.6.1 \u2013 Caso o coletivo seja selecionado, tanto o proponente quanto os\u00a0participantes dever\u00e3o firmar os termos de licenciamento previstos no termo de\u00a0compromisso.<\/p>\n<p>Nesse momento as inscri\u00e7\u00f5es s\u00e3o apenas para os projetos, sabendo que todos os nomes dos integrantes do coletivo devem constar, mas apenas um deve inscrever o projeto, pois apos a sele\u00e7\u00e3o n\u00e3o ser\u00e1 permitido o acr\u00e9scimo dos mesmos. Findada a fase de envio de projetos, abriremos para os pagamentos e inscri\u00e7\u00f5es para ouvintes.<\/p>\n<p>Os membros do coletivo se inscrever\u00e3o e pagar\u00e3o como projeto aprovado, caso esse o seja.<\/p>\n<p>&nbsp;<\/p>\n<p>&nbsp;<\/p>\n","protected":false},"excerpt":{"rendered":"<p>\u00a0Verifique se a sua duvida esta aqui, antes de enviar e-mail para a Comiss\u00e3o Organizadora. Caso sua pergunta n\u00e3o esteja aqui, mande para eneartevix2013@gmail.com, com o Assunto: \u201cD\u00favida\u201d. &nbsp; \u00a0 Quem pode participar? Estudante de outros cursos? Artistas j\u00e1 conceituados ou n\u00e3o? Estudantes de quaisquer cursos, artistas em forma\u00e7\u00e3o, pesquisadores em arte formados ou n\u00e3o, &hellip; <a href=\"https:\/\/blog.ufes.br\/enearte\/duvidas\/\" class=\"more-link\">Continue lendo <span class=\"screen-reader-text\">D\u00favidas<\/span> <span class=\"meta-nav\">&rarr;<\/span><\/a><\/p>\n","protected":false},"author":114,"featured_media":0,"parent":0,"menu_order":7,"comment_status":"open","ping_status":"open","template":"","meta":{"_bbp_topic_count":0,"_bbp_reply_count":0,"_bbp_total_topic_count":0,"_bbp_total_reply_count":0,"_bbp_voice_count":0,"_bbp_anonymous_reply_count":0,"_bbp_topic_count_hidden":0,"_bbp_reply_count_hidden":0,"_bbp_forum_subforum_count":0,"_uag_custom_page_level_css":"","ngg_post_thumbnail":0,"footnotes":""},"class_list":["post-295","page","type-page","status-publish","hentry"],"uagb_featured_image_src":{"full":false,"thumbnail":false,"medium":false,"medium_large":false,"large":false,"1536x1536":false,"2048x2048":false,"post-thumbnail":false},"uagb_author_info":{"display_name":"bruna.wandekoken","author_link":"https:\/\/blog.ufes.br\/enearte\/author\/bruna-wandekoken\/"},"uagb_comment_info":6,"uagb_excerpt":"\u00a0Verifique se a sua duvida esta aqui, antes de enviar e-mail para a Comiss\u00e3o Organizadora. Caso sua pergunta n\u00e3o esteja aqui, mande para eneartevix2013@gmail.com, com o Assunto: \u201cD\u00favida\u201d. &nbsp; \u00a0 Quem pode participar? Estudante de outros cursos? Artistas j\u00e1 conceituados ou n\u00e3o? Estudantes de quaisquer cursos, artistas em forma\u00e7\u00e3o, pesquisadores em arte formados ou n\u00e3o,&hellip;","_links":{"self":[{"href":"https:\/\/blog.ufes.br\/enearte\/wp-json\/wp\/v2\/pages\/295","targetHints":{"allow":["GET"]}}],"collection":[{"href":"https:\/\/blog.ufes.br\/enearte\/wp-json\/wp\/v2\/pages"}],"about":[{"href":"https:\/\/blog.ufes.br\/enearte\/wp-json\/wp\/v2\/types\/page"}],"author":[{"embeddable":true,"href":"https:\/\/blog.ufes.br\/enearte\/wp-json\/wp\/v2\/users\/114"}],"replies":[{"embeddable":true,"href":"https:\/\/blog.ufes.br\/enearte\/wp-json\/wp\/v2\/comments?post=295"}],"version-history":[{"count":10,"href":"https:\/\/blog.ufes.br\/enearte\/wp-json\/wp\/v2\/pages\/295\/revisions"}],"predecessor-version":[{"id":298,"href":"https:\/\/blog.ufes.br\/enearte\/wp-json\/wp\/v2\/pages\/295\/revisions\/298"}],"wp:attachment":[{"href":"https:\/\/blog.ufes.br\/enearte\/wp-json\/wp\/v2\/media?parent=295"}],"curies":[{"name":"wp","href":"https:\/\/api.w.org\/{rel}","templated":true}]}}