{"id":386,"date":"2013-04-26T04:54:04","date_gmt":"2013-04-26T13:54:04","guid":{"rendered":"http:\/\/blog.ufes.br\/enearte\/?page_id=386"},"modified":"2013-04-26T04:56:15","modified_gmt":"2013-04-26T13:56:15","slug":"o-que-e-o-enearte","status":"publish","type":"page","link":"https:\/\/blog.ufes.br\/enearte\/o-que-e-o-enearte\/","title":{"rendered":"O que \u00e9 o ENEARTE ?"},"content":{"rendered":"<p style=\"text-align: justify\"><strong>O que \u00e9 o ENEARTE?<\/strong><\/p>\n<p style=\"text-align: justify\">O Encontro Nacional dos Estudantes de Artes &#8211; ENEARTE \u00e9 um evento itinerante realizado desde 1988, de cunho cient\u00edfico, pol\u00edtico, acad\u00eamico e cultural. Constitu\u00eddo por estudantes de Licenciatura e\/ou Bacharelado das diversas \u00e1reas de Artes, em todo o pa\u00eds. Tem por objetivo promover a discuss\u00e3o e a reflex\u00e3o sobre a Arte e a sociedade, e apresenta-se como um espa\u00e7o de interc\u00e2mbio cultural.<\/p>\n<p style=\"text-align: justify\">A troca de experi\u00eancias e a divulga\u00e7\u00e3o de trabalhos cient\u00edficos dos alunos de artes de todo o pa\u00eds s\u00e3o sempre privilegiadas neste encontro, pois, assim, objetiva-se tamb\u00e9m o fortalecimento e o reconhecimento dos cursos nas universidades e a valoriza\u00e7\u00e3o da arte como campo de pesquisa e conhecimento cient\u00edfico. Essa \u00e9 uma das raz\u00f5es pelas quais este encontro visa construir um diversificado painel da produ\u00e7\u00e3o art\u00edstica-acad\u00eamica em \u00e2mbito nacional.<\/p>\n<p style=\"text-align: justify\"><strong>Ao que se prop\u00f5e?<\/strong><\/p>\n<p style=\"text-align: justify\">O encontro visa trazer a tona as discuss\u00f5es acad\u00eamicas relativas ou n\u00e3o as artes; criar visibilidade para os resultados das produ\u00e7\u00f5es culturais e art\u00edsticas estudantis de todo pa\u00eds, no qual o estudante vem se posicionando de maneira ativa enquanto artista, pesquisador e cidad\u00e3o.<\/p>\n<p style=\"text-align: justify\">Para tanto, h\u00e1 a necessidade da realiza\u00e7\u00e3o de eventos que promovam a intera\u00e7\u00e3o entre esses estudantes; assim como o levantamento de dados sobre a forma\u00e7\u00e3o e a produ\u00e7\u00e3o art\u00edstica nacional e a sua consolida\u00e7\u00e3o no mercado profissional da arte, tanto no que se refere as licenciaturas, como aos cursos de bacharelado.<\/p>\n<p style=\"text-align: justify\">O ENEARTE VIX 2013 tem como inten\u00e7\u00e3o ampliar a express\u00e3o, a converg\u00eancia, o di\u00e1logo e a intera\u00e7\u00e3o de novos conceitos, sanar d\u00favidas, derrubar tabus, conectar circuitos, partilhar conhecimentos, vivenciar experi\u00eancias, reunir informa\u00e7\u00f5es, superar limites, agregar valores, ampliar tecnologias, unir pessoas entre outras intera\u00e7\u00f5es de novos conceitos.<\/p>\n<p style=\"text-align: justify\"><strong>ENEARTES Anteriores<\/strong><\/p>\n<p style=\"text-align: justify\">O primeiro Encontro Nacional de Estudantes de Artes \u2013 ENEARTE ocorreu em 1988 na Universidade Federal do Rio Grande do Sul, tendo a participa\u00e7\u00e3o de cerca de 1200 estudantes. Devido a problemas estruturais, o 2\u00ba ENEARTE ocorreu somente sete anos depois na Universidade Federal do Mato Grosso do Sul, tendo ent\u00e3o sequ\u00eancia at\u00e9 2002 em diferentes universidades do pa\u00eds. Em 2003 o ENEARTE n\u00e3o aconteceu, por\u00e9m em 2004, visando a continuidade do Encontro a Universidade Federal de Minas Gerais realizou o 8\u00ba ENEARTE. Da\u00ed em diante retomou-se a periodicidade dos encontros.<\/p>\n<p style=\"text-align: justify\">\u2022 5\u00ba ENEARTE \u201cArte pra que ?\u201d Campinas. SP, 1999, UNICAMP<\/p>\n<p style=\"text-align: justify\">\u2022 6\u00ba ENEARTE \u201cArte \u2013 Agente de transforma\u00e7\u00e3o do homem\u201d S\u00e3o Luiz. MA, 2001, UFMA<\/p>\n<p style=\"text-align: justify\">\u2022 7\u00ba ENEARTE \u201cArte em a\u00e7\u00e3o\u201d S\u00e3o Carlos. SP, 2002, UFSCAR<\/p>\n<p style=\"text-align: justify\">\u2022 8\u00ba ENEARTE \u201cConvivendo com arte e \u00e9tica\u201d Belo Horizonte. MG, 2004, UFMG<\/p>\n<p style=\"text-align: justify\">\u2022 9\u00ba ENEARTE \u201cArte S.A pela valoriza\u00e7\u00e3o da Arte\u201d. Aracaju. SE, 2005, UFSE.<\/p>\n<p style=\"text-align: justify\">\u2022 10\u00ba ENEARTE \u201cPopular e Erudito: Desmistificando Conceitos\u201d S\u00e3o Lu\u00eds. MA, 2006, UFMA.<\/p>\n<p style=\"text-align: justify\">\u2022 11\u00ba ENEARTE \u201cEntre o po\u00e9ticos e o explicito: discutindo preconceitos\u201d Rio de Janeiro. RJ, 2007,UFRJ.<\/p>\n<p style=\"text-align: justify\">\u2022 12\u00ba ENEARTE \u201cM\u00faltiplas interven\u00e7\u00f5es art\u00edsticas: arte e cidade na cena contempor\u00e2nea.\u201d Bel\u00e9m. PA, 2008, UFPA.<\/p>\n<p style=\"text-align: justify\">\u2022 13\u00ba ENEARTE \u201cAtitude Art\u00edstica\u201d Salvador. BA, 2009, UFBA.<\/p>\n<p style=\"text-align: justify\">\u2022 14\u00ba ENEARTE \u201cUm Olhar transgressor: Das origens a Atualidade\u201d Ouro Preto. MG, 2010, UFOP<\/p>\n<p style=\"text-align: justify\">\u2022 15\u00ba ENEARTE \u201cCaldeir\u00e3o de Identidades\u201d Natal. RN, 2011, UFRN<\/p>\n<p style=\"text-align: justify\">\u2022 16\u00ba N ARTE Rio 2012 \u201cTerrit\u00f3rio do \u00cdntimo, Mat\u00e9ria do Coletivo\u201d Rio de Janeiro, 2012, UERJ<\/p>\n","protected":false},"excerpt":{"rendered":"<p>O que \u00e9 o ENEARTE? O Encontro Nacional dos Estudantes de Artes &#8211; ENEARTE \u00e9 um evento itinerante realizado desde 1988, de cunho cient\u00edfico, pol\u00edtico, acad\u00eamico e cultural. Constitu\u00eddo por estudantes de Licenciatura e\/ou Bacharelado das diversas \u00e1reas de Artes, em todo o pa\u00eds. Tem por objetivo promover a discuss\u00e3o e a reflex\u00e3o sobre a &hellip; <a href=\"https:\/\/blog.ufes.br\/enearte\/o-que-e-o-enearte\/\" class=\"more-link\">Continue lendo <span class=\"screen-reader-text\">O que \u00e9 o ENEARTE ?<\/span> <span class=\"meta-nav\">&rarr;<\/span><\/a><\/p>\n","protected":false},"author":114,"featured_media":0,"parent":0,"menu_order":6,"comment_status":"open","ping_status":"open","template":"","meta":{"_bbp_topic_count":0,"_bbp_reply_count":0,"_bbp_total_topic_count":0,"_bbp_total_reply_count":0,"_bbp_voice_count":0,"_bbp_anonymous_reply_count":0,"_bbp_topic_count_hidden":0,"_bbp_reply_count_hidden":0,"_bbp_forum_subforum_count":0,"_uag_custom_page_level_css":"","ngg_post_thumbnail":0,"footnotes":""},"class_list":["post-386","page","type-page","status-publish","hentry"],"uagb_featured_image_src":{"full":false,"thumbnail":false,"medium":false,"medium_large":false,"large":false,"1536x1536":false,"2048x2048":false,"post-thumbnail":false},"uagb_author_info":{"display_name":"bruna.wandekoken","author_link":"https:\/\/blog.ufes.br\/enearte\/author\/bruna-wandekoken\/"},"uagb_comment_info":12,"uagb_excerpt":"O que \u00e9 o ENEARTE? O Encontro Nacional dos Estudantes de Artes &#8211; ENEARTE \u00e9 um evento itinerante realizado desde 1988, de cunho cient\u00edfico, pol\u00edtico, acad\u00eamico e cultural. Constitu\u00eddo por estudantes de Licenciatura e\/ou Bacharelado das diversas \u00e1reas de Artes, em todo o pa\u00eds. Tem por objetivo promover a discuss\u00e3o e a reflex\u00e3o sobre a&hellip;","_links":{"self":[{"href":"https:\/\/blog.ufes.br\/enearte\/wp-json\/wp\/v2\/pages\/386","targetHints":{"allow":["GET"]}}],"collection":[{"href":"https:\/\/blog.ufes.br\/enearte\/wp-json\/wp\/v2\/pages"}],"about":[{"href":"https:\/\/blog.ufes.br\/enearte\/wp-json\/wp\/v2\/types\/page"}],"author":[{"embeddable":true,"href":"https:\/\/blog.ufes.br\/enearte\/wp-json\/wp\/v2\/users\/114"}],"replies":[{"embeddable":true,"href":"https:\/\/blog.ufes.br\/enearte\/wp-json\/wp\/v2\/comments?post=386"}],"version-history":[{"count":3,"href":"https:\/\/blog.ufes.br\/enearte\/wp-json\/wp\/v2\/pages\/386\/revisions"}],"predecessor-version":[{"id":388,"href":"https:\/\/blog.ufes.br\/enearte\/wp-json\/wp\/v2\/pages\/386\/revisions\/388"}],"wp:attachment":[{"href":"https:\/\/blog.ufes.br\/enearte\/wp-json\/wp\/v2\/media?parent=386"}],"curies":[{"name":"wp","href":"https:\/\/api.w.org\/{rel}","templated":true}]}}