{"id":530,"date":"2013-07-29T09:45:00","date_gmt":"2013-07-29T18:45:00","guid":{"rendered":"http:\/\/blog.ufes.br\/enearte\/?page_id=530"},"modified":"2013-07-29T09:45:00","modified_gmt":"2013-07-29T18:45:00","slug":"declaracao-de-venda-de-inscricao","status":"publish","type":"page","link":"https:\/\/blog.ufes.br\/enearte\/downloads\/declaracao-de-venda-de-inscricao\/","title":{"rendered":"Declara\u00e7\u00e3o de venda de Inscri\u00e7\u00e3o"},"content":{"rendered":"<h3>Para todos aqueles que realiza\u00e7\u00e3o a inscri\u00e7\u00e3o e n\u00e3o poder\u00e3o comparecer, conforme previsto em edital, o valor pago n\u00e3o \u00e9 restitu\u00eddo, mas voc\u00ea pode vender a sua inscri\u00e7\u00e3o.<\/h3>\n<h3>Imprima e preencha a Declara\u00e7\u00e3o, caso necessite.<\/h3>\n<p>&nbsp;<\/p>\n<h1><span style=\"color: #0000ff\"><a href=\"http:\/\/blog.ufes.br\/enearte\/files\/2013\/07\/DECLARA\u00c7\u00c3O-DE-VENDA-DE-INSCRI\u00c7\u00c3O.pdf\" target=\"_blank\">Declara\u00e7\u00e3o de Venda de Inscri\u00e7\u00e3o<\/a>\u00a0<\/span><\/h1>\n<h1><\/h1>\n","protected":false},"excerpt":{"rendered":"<p>Para todos aqueles que realiza\u00e7\u00e3o a inscri\u00e7\u00e3o e n\u00e3o poder\u00e3o comparecer, conforme previsto em edital, o valor pago n\u00e3o \u00e9 restitu\u00eddo, mas voc\u00ea pode vender a sua inscri\u00e7\u00e3o. Imprima e preencha a Declara\u00e7\u00e3o, caso necessite. &nbsp; Declara\u00e7\u00e3o de Venda de Inscri\u00e7\u00e3o\u00a0<\/p>\n","protected":false},"author":114,"featured_media":0,"parent":16,"menu_order":0,"comment_status":"open","ping_status":"open","template":"","meta":{"_bbp_topic_count":0,"_bbp_reply_count":0,"_bbp_total_topic_count":0,"_bbp_total_reply_count":0,"_bbp_voice_count":0,"_bbp_anonymous_reply_count":0,"_bbp_topic_count_hidden":0,"_bbp_reply_count_hidden":0,"_bbp_forum_subforum_count":0,"_uag_custom_page_level_css":"","ngg_post_thumbnail":0,"footnotes":""},"class_list":["post-530","page","type-page","status-publish","hentry"],"uagb_featured_image_src":{"full":false,"thumbnail":false,"medium":false,"medium_large":false,"large":false,"1536x1536":false,"2048x2048":false,"post-thumbnail":false},"uagb_author_info":{"display_name":"bruna.wandekoken","author_link":"https:\/\/blog.ufes.br\/enearte\/author\/bruna-wandekoken\/"},"uagb_comment_info":2,"uagb_excerpt":"Para todos aqueles que realiza\u00e7\u00e3o a inscri\u00e7\u00e3o e n\u00e3o poder\u00e3o comparecer, conforme previsto em edital, o valor pago n\u00e3o \u00e9 restitu\u00eddo, mas voc\u00ea pode vender a sua inscri\u00e7\u00e3o. Imprima e preencha a Declara\u00e7\u00e3o, caso necessite. &nbsp; Declara\u00e7\u00e3o de Venda de Inscri\u00e7\u00e3o\u00a0","_links":{"self":[{"href":"https:\/\/blog.ufes.br\/enearte\/wp-json\/wp\/v2\/pages\/530","targetHints":{"allow":["GET"]}}],"collection":[{"href":"https:\/\/blog.ufes.br\/enearte\/wp-json\/wp\/v2\/pages"}],"about":[{"href":"https:\/\/blog.ufes.br\/enearte\/wp-json\/wp\/v2\/types\/page"}],"author":[{"embeddable":true,"href":"https:\/\/blog.ufes.br\/enearte\/wp-json\/wp\/v2\/users\/114"}],"replies":[{"embeddable":true,"href":"https:\/\/blog.ufes.br\/enearte\/wp-json\/wp\/v2\/comments?post=530"}],"version-history":[{"count":2,"href":"https:\/\/blog.ufes.br\/enearte\/wp-json\/wp\/v2\/pages\/530\/revisions"}],"predecessor-version":[{"id":533,"href":"https:\/\/blog.ufes.br\/enearte\/wp-json\/wp\/v2\/pages\/530\/revisions\/533"}],"up":[{"embeddable":true,"href":"https:\/\/blog.ufes.br\/enearte\/wp-json\/wp\/v2\/pages\/16"}],"wp:attachment":[{"href":"https:\/\/blog.ufes.br\/enearte\/wp-json\/wp\/v2\/media?parent=530"}],"curies":[{"name":"wp","href":"https:\/\/api.w.org\/{rel}","templated":true}]}}