{"id":25,"date":"2025-12-26T15:54:09","date_gmt":"2025-12-26T18:54:09","guid":{"rendered":"https:\/\/blog.ufes.br\/enps\/?page_id=25"},"modified":"2026-02-13T20:11:13","modified_gmt":"2026-02-13T23:11:13","slug":"apresentacao","status":"publish","type":"page","link":"https:\/\/blog.ufes.br\/enps\/apresentacao\/","title":{"rendered":"Apresenta\u00e7\u00e3o"},"content":{"rendered":"\t\t<div data-elementor-type=\"wp-page\" data-elementor-id=\"25\" class=\"elementor elementor-25\">\n\t\t\t\t<div class=\"elementor-element elementor-element-e380094 e-flex e-con-boxed e-con e-parent\" data-id=\"e380094\" data-element_type=\"container\" data-e-type=\"container\">\n\t\t\t\t\t<div class=\"e-con-inner\">\n\t\t\t\t<div class=\"elementor-element elementor-element-93927c2 elementor-widget elementor-widget-heading\" data-id=\"93927c2\" data-element_type=\"widget\" data-e-type=\"widget\" data-widget_type=\"heading.default\">\n\t\t\t\t\t<h1 class=\"elementor-heading-title elementor-size-default\">Apresenta\u00e7\u00e3o<\/h1>\t\t\t\t<\/div>\n\t\t\t\t\t<\/div>\n\t\t\t\t<\/div>\n\t\t<div class=\"elementor-element elementor-element-312d9e68 e-flex e-con-boxed e-con e-parent\" data-id=\"312d9e68\" data-element_type=\"container\" data-e-type=\"container\">\n\t\t\t\t\t<div class=\"e-con-inner\">\n\t\t\t\t<div class=\"elementor-element elementor-element-5a9c5d5e elementor-widget elementor-widget-text-editor\" data-id=\"5a9c5d5e\" data-element_type=\"widget\" data-e-type=\"widget\" data-widget_type=\"text-editor.default\">\n\t\t\t\t\t\t\t\t\t\n<p><img fetchpriority=\"high\" decoding=\"async\" class=\"size-medium wp-image-238 alignleft\" src=\"https:\/\/blog.ufes.br\/enps\/files\/2026\/02\/Copia-de-ID-Visual-EIPSENPS-225x300.png\" alt=\"\" width=\"225\" height=\"300\" srcset=\"https:\/\/blog.ufes.br\/enps\/files\/2026\/02\/Copia-de-ID-Visual-EIPSENPS-225x300.png 225w, https:\/\/blog.ufes.br\/enps\/files\/2026\/02\/Copia-de-ID-Visual-EIPSENPS-767x1024.png 767w, https:\/\/blog.ufes.br\/enps\/files\/2026\/02\/Copia-de-ID-Visual-EIPSENPS-768x1025.png 768w, https:\/\/blog.ufes.br\/enps\/files\/2026\/02\/Copia-de-ID-Visual-EIPSENPS.png 1080w\" sizes=\"(max-width: 225px) 100vw, 225px\" \/>Em 2026 o 11\u00ba Encontro Internacional de Pol\u00edtica Social e o 18\u00ba Encontro Nacional de Pol\u00edtica Social tem como tema central \u201c<strong>Entre o capital e a vida: quest\u00e3o social, crise ambiental e resist\u00eancias\u201d.<\/strong><\/p>\n\n<p>O tema deste ano surge no contexto de crise capitalista que se agudizou drasticamente a partir da pandemia por Covid 19, com in\u00edcio no final de 2019. A crise estrutural do capital, para al\u00e9m da crise econ\u00f4mica, \u00e9 tamb\u00e9m uma crise social, pol\u00edtica, cultural, urbana e ambiental, ou seja, uma crise civilizat\u00f3ria. Revelam-se, no mundo das trocas e da propriedade privada, avan\u00e7os no desemprego, na precariza\u00e7\u00e3o, nas p\u00e9ssimas condi\u00e7\u00f5es de vida da classe trabalhadora, nas desigualdades, na pauperiza\u00e7\u00e3o, na criminaliza\u00e7\u00e3o da pobreza, na educa\u00e7\u00e3o, dentre outros processos que aprofundam a contradi\u00e7\u00e3o entre o capital e o trabalho e entre a economia e a sociedade. Podemos falar de diferentes processos que agudizam as express\u00f5es da quest\u00e3o social, que se apresenta na (re)produ\u00e7\u00e3o da barb\u00e1rie, da viol\u00eancia sistem\u00e1tica e em um racismo estrutural. Tal din\u00e2mica escancara tamb\u00e9m o ataque aos recursos ambientais do nosso planeta. Para os pa\u00edses da Am\u00e9rica Latina e do continente africano tais ataques s\u00e3o ainda mais graves, pois tais territ\u00f3rios al\u00e9m de serem alvo hist\u00f3rico de coloniza\u00e7\u00e3o, re\u00fanem uma verdadeira riqueza de biodiversidade, fauna e recursos minerais.<\/p>\n\n<p>Nesse sentido, vivemos um contexto duro de avan\u00e7o da extrema direita, no qual completamos mais de uma d\u00e9cada do maior crime socioambiental da hist\u00f3ria do Brasil, o rompimento da Barragem em Mariana (2015), tivemos tamb\u00e9m a realiza\u00e7\u00e3o da Confer\u00eancia Clim\u00e1tica da ONU (COP30) em novembro na cidade de Bel\u00e9m; e \u00e0 revelia das lutas e mobiliza\u00e7\u00f5es da sociedade, dentre esses dos povos origin\u00e1rios,\u00a0\u00a0 tivemos a aprova\u00e7\u00e3o do Projeto de Lei de licenciamento ambiental, mais conhecido como \u201cPL da devasta\u00e7\u00e3o\u201d, entendido como o maior retrocesso ambiental do pa\u00eds.<\/p>\n\n<p>Convidamos a todes a participarem e somarem conosco nos 11\u00b0 EIPS e 18\u00b0 ENPS, refletindo e analisando tal realidade complexa e desafiadora. E, conforme elucida Jos\u00e9 Carlos Mari\u00e1tegui, \u00e9 mister entender que o \u201cproletariado precisa, agora mais do que nunca, saber ler o que se passa no mundo. E n\u00e3o pode sab\u00ea-lo atrav\u00e9s das informa\u00e7\u00f5es fragment\u00e1rias, epis\u00f3dicas, mal traduzidas e pessimamente redigidas, na maioria dos casos, e sempre proveniente de ag\u00eancias reacion\u00e1rias\u201d (Mari\u00e1tegui, 2011). O marxista peruano nos desafia a partir de \u201cnossa pr\u00f3pria realidade, na nossa pr\u00f3pria linguagem\u201d (Mari\u00e1tegui, 2011) darmos vida a um instrumento cr\u00edtico e intelectual revolucion\u00e1rio.<\/p>\n\n<p>\u00a0<\/p>\n\t\t\t\t\t\t\t\t<\/div>\n\t\t\t\t\t<\/div>\n\t\t\t\t<\/div>\n\t\t\t\t<\/div>\n\t\t","protected":false},"excerpt":{"rendered":"<p>Apresenta\u00e7\u00e3o Em 2026 o 11\u00ba Encontro Internacional de Pol\u00edtica Social e o 18\u00ba Encontro Nacional de Pol\u00edtica Social tem como tema central \u201cEntre o capital e a vida: quest\u00e3o social, crise ambiental e resist\u00eancias\u201d. O tema deste ano surge no &hellip; <a href=\"https:\/\/blog.ufes.br\/enps\/apresentacao\/\">Continue lendo <span class=\"meta-nav\">&rarr;<\/span><\/a><\/p>\n","protected":false},"author":492,"featured_media":0,"parent":0,"menu_order":0,"comment_status":"closed","ping_status":"closed","template":"","meta":{"_bbp_topic_count":0,"_bbp_reply_count":0,"_bbp_total_topic_count":0,"_bbp_total_reply_count":0,"_bbp_voice_count":0,"_bbp_anonymous_reply_count":0,"_bbp_topic_count_hidden":0,"_bbp_reply_count_hidden":0,"_bbp_forum_subforum_count":0,"_uag_custom_page_level_css":"","footnotes":""},"class_list":["post-25","page","type-page","status-publish","hentry"],"uagb_featured_image_src":{"full":false,"thumbnail":false,"medium":false,"medium_large":false,"large":false,"1536x1536":false,"2048x2048":false,"post-thumbnail":false,"large-feature":false,"small-feature":false},"uagb_author_info":{"display_name":"admindoenps","author_link":"https:\/\/blog.ufes.br\/enps\/author\/admindoenps\/"},"uagb_comment_info":0,"uagb_excerpt":"Apresenta\u00e7\u00e3o Em 2026 o 11\u00ba Encontro Internacional de Pol\u00edtica Social e o 18\u00ba Encontro Nacional de Pol\u00edtica Social tem como tema central \u201cEntre o capital e a vida: quest\u00e3o social, crise ambiental e resist\u00eancias\u201d. O tema deste ano surge no &hellip; Continue lendo &rarr;","_links":{"self":[{"href":"https:\/\/blog.ufes.br\/enps\/wp-json\/wp\/v2\/pages\/25","targetHints":{"allow":["GET"]}}],"collection":[{"href":"https:\/\/blog.ufes.br\/enps\/wp-json\/wp\/v2\/pages"}],"about":[{"href":"https:\/\/blog.ufes.br\/enps\/wp-json\/wp\/v2\/types\/page"}],"author":[{"embeddable":true,"href":"https:\/\/blog.ufes.br\/enps\/wp-json\/wp\/v2\/users\/492"}],"replies":[{"embeddable":true,"href":"https:\/\/blog.ufes.br\/enps\/wp-json\/wp\/v2\/comments?post=25"}],"version-history":[{"count":5,"href":"https:\/\/blog.ufes.br\/enps\/wp-json\/wp\/v2\/pages\/25\/revisions"}],"predecessor-version":[{"id":241,"href":"https:\/\/blog.ufes.br\/enps\/wp-json\/wp\/v2\/pages\/25\/revisions\/241"}],"wp:attachment":[{"href":"https:\/\/blog.ufes.br\/enps\/wp-json\/wp\/v2\/media?parent=25"}],"curies":[{"name":"wp","href":"https:\/\/api.w.org\/{rel}","templated":true}]}}