{"id":26,"date":"2025-12-26T15:54:09","date_gmt":"2025-12-26T18:54:09","guid":{"rendered":"https:\/\/blog.ufes.br\/enps\/?page_id=26"},"modified":"2026-02-13T20:12:47","modified_gmt":"2026-02-13T23:12:47","slug":"comissao-organizadora","status":"publish","type":"page","link":"https:\/\/blog.ufes.br\/enps\/comissao-organizadora\/","title":{"rendered":"Comiss\u00e3o Organizadora"},"content":{"rendered":"\t\t<div data-elementor-type=\"wp-page\" data-elementor-id=\"26\" class=\"elementor elementor-26\">\n\t\t\t\t<div class=\"elementor-element elementor-element-15ae5065 e-flex e-con-boxed e-con e-parent\" data-id=\"15ae5065\" data-element_type=\"container\" data-e-type=\"container\">\n\t\t\t\t\t<div class=\"e-con-inner\">\n\t\t\t\t<div class=\"elementor-element elementor-element-4fbb59f elementor-widget elementor-widget-heading\" data-id=\"4fbb59f\" data-element_type=\"widget\" data-e-type=\"widget\" data-widget_type=\"heading.default\">\n\t\t\t\t\t<h1 class=\"elementor-heading-title elementor-size-default\">Comiss\u00e3o Organizadora<\/h1>\t\t\t\t<\/div>\n\t\t\t\t<div class=\"elementor-element elementor-element-658c08a elementor-widget elementor-widget-text-editor\" data-id=\"658c08a\" data-element_type=\"widget\" data-e-type=\"widget\" data-widget_type=\"text-editor.default\">\n\t\t\t\t\t\t\t\t\t\n<p><strong>Coordena\u00e7\u00e3o Geral<\/strong><\/p>\n\n\n\n<p>Salyanna de Souza Silva \u2013 UFES \u2013 Coordenadora \u2013 Presidente<br>Rog\u00e9rio Naques Faleiros \u2013 UFES \u2013 Coordenador \u2013 Vice-presidente<\/p>\n\n\n\n<p><strong>Secretaria<\/strong><\/p>\n\n\n\n<p>L\u00edvia de C\u00e1ssia Godoi Moraes \u2013 UFES &#8211; Coordena\u00e7\u00e3o<br>Daniel Moratti \u2013 UFES<br>Micaela Moreira Silva &#8211; UFES<br>Yasmin Silva Gomes Pinheiro &#8211; UFES<\/p>\n\n\n\n<p><strong>Comiss\u00e3o Cient\u00edfica<\/strong><\/p>\n\n\n\n<p>Arelys Esquenazi Borrego \u2013 UFES &#8211; Coordena\u00e7\u00e3o<br>Maur\u00edcio de Souza Sabadini \u2013 UFES &#8211; Coordena\u00e7\u00e3o<br>Fab\u00edola Xavier Leal \u2013 UFES<br>Elis\u00e2ngela Maria Marchesi \u2013 UFES<br>Lara da Silva Campanharo &#8211; UFES<\/p>\n\n\n\n<p><strong>Comiss\u00e3o Log\u00edstica<\/strong><\/p>\n\n\n\n<p>Camilla Nogueira \u2013 UFES &#8211; Coordena\u00e7\u00e3o<br>Aline Fardin Pandolfi \u2013 UFES &#8211; Coordena\u00e7\u00e3o<br>Jannayna Ayres Silva &#8211; UFES<br>Marineia Kohler \u2013 UFES<br>Bruna Cavati Rossi &#8211; UFES<\/p>\n\n\n\n<p><strong>Comiss\u00e3o Financeira:<\/strong><\/p>\n\n\n\n<p>Daniel Pereira Sampaio \u2013 UFES<br>Rog\u00e9rio Naques Faleiros \u2013 UFES &#8211; Coordena\u00e7\u00e3o<\/p>\n\n\n\n<p><strong>Comiss\u00e3o de Comunica\u00e7\u00e3o<\/strong><\/p>\n\n\n\n<p>Maria Helena Elp\u00eddio &#8211; UFES<br>La\u00eds Carvalho de Sousa &#8211; UFES<br>Isaac de Sousa Ribeiro &#8211; UFES<br>Ana Clara de Pl\u00e1 Loeffler &#8211; UFES<\/p>\n\n\n\n<p><strong>Comiss\u00e3o de site\/sistemas<\/strong><\/p>\n\n\n\n<p>Daniel Pereira Sampaio \u2013 UFES \u2013 Coordenador<br>Salyanna de Souza Silva &#8211; UFES<br>Yasmin Silva Gomes Pinheiro &#8211; UFES<\/p>\n\t\t\t\t\t\t\t\t<\/div>\n\t\t\t\t\t<\/div>\n\t\t\t\t<\/div>\n\t\t\t\t<\/div>\n\t\t","protected":false},"excerpt":{"rendered":"<p>Comiss\u00e3o Organizadora Coordena\u00e7\u00e3o Geral Salyanna de Souza Silva \u2013 UFES \u2013 Coordenadora \u2013 PresidenteRog\u00e9rio Naques Faleiros \u2013 UFES \u2013 Coordenador \u2013 Vice-presidente Secretaria L\u00edvia de C\u00e1ssia Godoi Moraes \u2013 UFES &#8211; Coordena\u00e7\u00e3oDaniel Moratti \u2013 UFESMicaela Moreira Silva &#8211; UFESYasmin Silva &hellip; <a href=\"https:\/\/blog.ufes.br\/enps\/comissao-organizadora\/\">Continue lendo <span class=\"meta-nav\">&rarr;<\/span><\/a><\/p>\n","protected":false},"author":492,"featured_media":0,"parent":0,"menu_order":0,"comment_status":"closed","ping_status":"closed","template":"","meta":{"_bbp_topic_count":0,"_bbp_reply_count":0,"_bbp_total_topic_count":0,"_bbp_total_reply_count":0,"_bbp_voice_count":0,"_bbp_anonymous_reply_count":0,"_bbp_topic_count_hidden":0,"_bbp_reply_count_hidden":0,"_bbp_forum_subforum_count":0,"_uag_custom_page_level_css":"","footnotes":""},"class_list":["post-26","page","type-page","status-publish","hentry"],"uagb_featured_image_src":{"full":false,"thumbnail":false,"medium":false,"medium_large":false,"large":false,"1536x1536":false,"2048x2048":false,"post-thumbnail":false,"large-feature":false,"small-feature":false},"uagb_author_info":{"display_name":"admindoenps","author_link":"https:\/\/blog.ufes.br\/enps\/author\/admindoenps\/"},"uagb_comment_info":0,"uagb_excerpt":"Comiss\u00e3o Organizadora Coordena\u00e7\u00e3o Geral Salyanna de Souza Silva \u2013 UFES \u2013 Coordenadora \u2013 PresidenteRog\u00e9rio Naques Faleiros \u2013 UFES \u2013 Coordenador \u2013 Vice-presidente Secretaria L\u00edvia de C\u00e1ssia Godoi Moraes \u2013 UFES &#8211; Coordena\u00e7\u00e3oDaniel Moratti \u2013 UFESMicaela Moreira Silva &#8211; UFESYasmin Silva &hellip; Continue lendo &rarr;","_links":{"self":[{"href":"https:\/\/blog.ufes.br\/enps\/wp-json\/wp\/v2\/pages\/26","targetHints":{"allow":["GET"]}}],"collection":[{"href":"https:\/\/blog.ufes.br\/enps\/wp-json\/wp\/v2\/pages"}],"about":[{"href":"https:\/\/blog.ufes.br\/enps\/wp-json\/wp\/v2\/types\/page"}],"author":[{"embeddable":true,"href":"https:\/\/blog.ufes.br\/enps\/wp-json\/wp\/v2\/users\/492"}],"replies":[{"embeddable":true,"href":"https:\/\/blog.ufes.br\/enps\/wp-json\/wp\/v2\/comments?post=26"}],"version-history":[{"count":5,"href":"https:\/\/blog.ufes.br\/enps\/wp-json\/wp\/v2\/pages\/26\/revisions"}],"predecessor-version":[{"id":244,"href":"https:\/\/blog.ufes.br\/enps\/wp-json\/wp\/v2\/pages\/26\/revisions\/244"}],"wp:attachment":[{"href":"https:\/\/blog.ufes.br\/enps\/wp-json\/wp\/v2\/media?parent=26"}],"curies":[{"name":"wp","href":"https:\/\/api.w.org\/{rel}","templated":true}]}}