{"id":362,"date":"2026-03-02T10:15:25","date_gmt":"2026-03-02T13:15:25","guid":{"rendered":"https:\/\/blog.ufes.br\/enps\/?page_id=362"},"modified":"2026-03-28T15:19:57","modified_gmt":"2026-03-28T18:19:57","slug":"areas-tematicas","status":"publish","type":"page","link":"https:\/\/blog.ufes.br\/enps\/areas-tematicas\/","title":{"rendered":"\u00c1reas tem\u00e1ticas"},"content":{"rendered":"\t\t<div data-elementor-type=\"wp-page\" data-elementor-id=\"362\" class=\"elementor elementor-362\">\n\t\t\t\t<div class=\"elementor-element elementor-element-036c852 e-flex e-con-boxed e-con e-parent\" data-id=\"036c852\" data-element_type=\"container\" data-e-type=\"container\">\n\t\t\t\t\t<div class=\"e-con-inner\">\n\t\t\t\t<div class=\"elementor-element elementor-element-f5dcd19 elementor-widget elementor-widget-heading\" data-id=\"f5dcd19\" data-element_type=\"widget\" data-e-type=\"widget\" data-widget_type=\"heading.default\">\n\t\t\t\t\t<h1 class=\"elementor-heading-title elementor-size-default\">\u00c1reas tem\u00e1ticas<\/h1>\t\t\t\t<\/div>\n\t\t\t\t\t<\/div>\n\t\t\t\t<\/div>\n\t\t<div class=\"elementor-element elementor-element-69e5657 e-flex e-con-boxed e-con e-parent\" data-id=\"69e5657\" data-element_type=\"container\" data-e-type=\"container\">\n\t\t\t\t\t<div class=\"e-con-inner\">\n\t\t\t\t<div class=\"elementor-element elementor-element-f3c03fa elementor-widget elementor-widget-text-editor\" data-id=\"f3c03fa\" data-element_type=\"widget\" data-e-type=\"widget\" data-widget_type=\"text-editor.default\">\n\t\t\t\t\t\t\t\t\t<p>O 11\u00ba EIPS\/18\u00ba ENPS traz algumas novidades em rela\u00e7\u00e3o as \u00e1reas tem\u00e1ticas do evento. Al\u00e9m da agrega\u00e7\u00e3o de tem\u00e1ticas afins, as ementas de todas as \u00e1reas tem\u00e1ticas ampliadas.\u00a0 Confira as principais novidades a continua\u00e7\u00e3o:<\/p>\t\t\t\t\t\t\t\t<\/div>\n\t\t\t\t\t<\/div>\n\t\t\t\t<\/div>\n\t\t<div class=\"elementor-element elementor-element-3e7fa5c e-flex e-con-boxed e-con e-parent\" data-id=\"3e7fa5c\" data-element_type=\"container\" data-e-type=\"container\">\n\t\t\t\t\t<div class=\"e-con-inner\">\n\t\t\t\t<div class=\"elementor-element elementor-element-e4c2135 elementor-widget elementor-widget-text-editor\" data-id=\"e4c2135\" data-element_type=\"widget\" data-e-type=\"widget\" data-widget_type=\"text-editor.default\">\n\t\t\t\t\t\t\t\t\t<table style=\"width:100% !important\">\n<tbody>\n<tr style=\"background-color:#00FFFF;text-align:center !important;font-weight: bold\">\n<td><strong>1. Democracia, participa\u00e7\u00e3o e movimentos sociais<\/strong><\/td>\n<\/tr>\n<tr>\n<td>Nesta \u00e1rea tem\u00e1tica ser\u00e3o recebidos trabalhos que busquem refletir sobre aspectos te\u00f3ricos da democracia. Democracia representativa e democracia participativa. A atua\u00e7\u00e3o da sociedade civil na redefini\u00e7\u00e3o da democracia e da cidadania. Organiza\u00e7\u00e3o, luta de classes e movimentos sociais no Brasil e no mundo. Formas de mobiliza\u00e7\u00e3o social utilizadas pelos movimentos sociais. Uso e apropria\u00e7\u00e3o das tecnologias da informa\u00e7\u00e3o e da comunica\u00e7\u00e3o pelos movimentos sociais. Os movimentos de trabalhadoras\/es, feministas, ambientalistas, negros, ind\u00edgenas, anticapacitistas, antimanicomiais, LGBTQIAPN+, de luta pela terra, por direitos humanos, entre outros. Quest\u00e3o \u00e9tnico-racial que envolve as din\u00e2micas sobre participa\u00e7\u00e3o, controle social e movimentos sociais. Racismo, antirracismo e forma\u00e7\u00e3o social brasileira. Sujeitos, territ\u00f3rios afroind\u00edgenas e suas lutas pela garantia dos seus direitos e participa\u00e7\u00e3o. Estado e Mito da democracia racial. Crise do capitalismo e crise pol\u00edtica: avan\u00e7o conservador reacion\u00e1rio, extrema direita, fascismo e as lutas e as resist\u00eancias dos movimentos sociais e da classe trabalhadora.<\/td>\n<\/tr>\n<tr style=\"background-color:#00FFFF;text-align:center !important;font-weight: bold\">\n<td><strong>2. Classe trabalhadora e mundo do trabalho<\/strong><\/td>\n<\/tr>\n<tr>\n<td><span style=\"font-family: Roboto, sans-serif;font-size: 15px;font-style: normal;font-weight: 400\">Nesta \u00e1rea tem\u00e1tica<\/span>&nbsp;ser\u00e3o recebidos trabalhos que dialoguem em torno das transforma\u00e7\u00f5es contempor\u00e2neas do mundo do trabalho e dos seus impactos sobre as\/os trabalhadoras\/es e as pol\u00edticas sociais. Trabalho, a\u00e7\u00f5es coletivas, organiza\u00e7\u00f5es sindicais e lutas de classes. Economia solid\u00e1ria e outras formas associativas. Reestrutura\u00e7\u00e3o produtiva, flexibilidade, informalidade, precariza\u00e7\u00e3o, terceiriza\u00e7\u00e3o. Sa\u00fade e trabalho. Mundo do trabalho e financeiriza\u00e7\u00e3o. Pol\u00edticas p\u00fablicas no \u00e2mbito do trabalho. Educa\u00e7\u00e3o e trabalho. Direito do trabalho e direitos das\/os trabalhadoras\/es. Processos e rela\u00e7\u00f5es de trabalho no centro e na periferia do capitalismo. Quest\u00e3o \u00e9tnico-racial e as desigualdades na sociedade capitalista contempor\u00e2nea e as rela\u00e7\u00f5es com o mundo do trabalho. Divis\u00e3o social, racial, sexual e territorial do trabalho. Explora\u00e7\u00e3o do trabalho e capitalismo dependente.<\/td>\n<\/tr>\n<tr style=\"background-color:#00FFFF;text-align:center !important;font-weight: bold\">\n<td><strong>3. Direitos geracionais<\/strong><\/td>\n<\/tr>\n<tr>\n<td><span style=\"font-family: Roboto, sans-serif;font-size: 15px;font-style: normal;font-weight: 400\">Nesta \u00e1rea tem\u00e1tica<\/span>&nbsp;ser\u00e3o recebidos trabalhos sobre as quest\u00f5es geracionais no mundo contempor\u00e2neo. Processos que envolvem inf\u00e2ncia, juventude e velhice enquanto express\u00f5es da quest\u00e3o social. Indicadores socioecon\u00f4micos, prote\u00e7\u00e3o social e protagonismo pol\u00edtico. Quest\u00e3o \u00e9tnico-racial e as desigualdades na sociedade capitalista contempor\u00e2nea que envolvem os direitos geracionais. As demandas pela reconfigura\u00e7\u00e3o do espa\u00e7o urbano e de equipamentos sociais. O trabalho dos\/as profissionais junto \u00e0 inf\u00e2ncia, \u00e0 juventude e \u00e0 velhice. <\/td>\n<\/tr>\n<tr style=\"background-color:#00FFFF;text-align:center !important;font-weight: bold\">\n<td><strong>4. Direitos humanos, seguran\u00e7a p\u00fablica e sistema jur\u00eddico<\/strong><\/td>\n<\/tr>\n<tr>\n<td><span style=\"font-family: Roboto, sans-serif;font-size: 15px;font-style: normal;font-weight: 400\">Nesta \u00e1rea tem\u00e1tica<\/span>&nbsp;ser\u00e3o recebidos trabalhos sobre \u00e9tica, pol\u00edtica social e direitos humanos, incluindo an\u00e1lises da realidade em contextos de globaliza\u00e7\u00e3o neoliberal, fragmenta\u00e7\u00e3o social, conservadorismo e fundamentalismo religioso. Impactos da criminalidade e das pol\u00edticas de seguran\u00e7a p\u00fablica; lutas sociais por reconhecimento, direitos e enfrentamento das viol\u00eancias &#8211; da anistia pol\u00edtica \u00e0 diversidade sexual e de g\u00eanero. Democracia e governabilidade na globaliza\u00e7\u00e3o econ\u00f4mica. Militariza\u00e7\u00e3o da vida social. Novas sociabilidades, conflitos e direitos. Quest\u00e3o \u00e9tnico-racial e as desigualdades na sociedade capitalista contempor\u00e2nea que envolvem o debate sobre as pol\u00edticas de seguran\u00e7a p\u00fablica e sistema sociojur\u00eddico. Racismo e antirracismo. Estado penal. Capitalismo e controle penal da for\u00e7a de trabalho, Judicializa\u00e7\u00e3o da vida e da pol\u00edtica. Politiza\u00e7\u00e3o do judici\u00e1rio no Brasil contempor\u00e2neo. Fun\u00e7\u00e3o social e pol\u00edtica do sistema jur\u00eddico. Universaliza\u00e7\u00e3o da forma mercantil das normas jur\u00eddicas e dos direitos sociais no Brasil.<\/td>\n<\/tr>\n<tr style=\"background-color:#00FFFF;text-align:center !important;font-weight: bold\">\n<td><strong>5. Territ\u00f3rios, quest\u00e3o agr\u00e1ria e colapso ambiental<\/strong><\/td>\n<\/tr>\n<tr>\n<td><span style=\"font-family: Roboto, sans-serif;font-size: 15px;font-style: normal;font-weight: 400\">Nesta \u00e1rea tem\u00e1tica<\/span>&nbsp;ser\u00e3o recebidos trabalhos sobre as rela\u00e7\u00f5es entre o desenvolvimento do capitalismo, organiza\u00e7\u00e3o espacial do capital e suas determina\u00e7\u00f5es hist\u00f3ricas nas formas de posse, propriedade, uso e ocupa\u00e7\u00e3o dos solos, nas \u00e1reas rurais e urbanas. Conflitos territoriais (miner\u00e1rios, rurais, urbanos, portu\u00e1rios, outros), lutas camponesas, quilombolas, ind\u00edgenas e de trabalhadoras\/es rurais e urbanos. Produ\u00e7\u00e3o de alimentos, agroecologia, soberania alimentar. Desastres ambientais e tecnol\u00f3gicos. Pol\u00edticas p\u00fablicas e seus impactos territoriais e regionais (agr\u00edcola, ambiental, regional, urbana, fundi\u00e1ria, habitacional e social). Quest\u00e3o \u00e9tnico-racial e as desigualdades na sociedade capitalista contempor\u00e2nea que envolvem o debate sobre quest\u00f5es agr\u00e1rias e ambientais. Sujeitos e territ\u00f3rios afroind\u00edgenas. Racismo ambiental. Expropria\u00e7\u00f5es, antropoceno, crise clim\u00e1tica e colapso ambiental. <\/td>\n<\/tr>\n<tr style=\"background-color:#00FFFF;text-align:center !important;font-weight: bold\">\n<td><strong>6. Explora\u00e7\u00e3o e Opress\u00f5es no capitalismo<\/strong><\/td>\n<\/tr>\n<tr>\n<td><span style=\"font-family: Roboto, sans-serif;font-size: 15px;font-style: normal;font-weight: 400\">Nesta \u00e1rea tem\u00e1tica<\/span>&nbsp;ser\u00e3o recebidos trabalhos sobre as rela\u00e7\u00f5es de opress\u00e3o, domina\u00e7\u00e3o, expropria\u00e7\u00e3o, aliena\u00e7\u00e3o e explora\u00e7\u00e3o a partir de uma perspectiva da totalidade, compreendendo-as como necess\u00e1rias e constitutivas da l\u00f3gica do capital. G\u00eanero, sexualidades, defici\u00eancia, ra\u00e7a, etnia e nacionalidade \u00e0s lutas de classes. Divis\u00e3o s\u00f3cio-sexo-racial do trabalho. Crises do capital e da reprodu\u00e7\u00e3o social. Trabalho dom\u00e9stico, de cuidado e de reprodu\u00e7\u00e3o social. An\u00e1lises sobre imperialismo, coloniza\u00e7\u00e3o e escraviza\u00e7\u00e3o, especialmente em sua rela\u00e7\u00e3o com a reprodu\u00e7\u00e3o da for\u00e7a de trabalho generificada e racializada. Sujeitos e territ\u00f3rios afroind\u00edgenas. Pol\u00edticas afirmativas. Lutas antirracista, antipatriarcal e anticapitalista e as organiza\u00e7\u00f5es da classe trabalhadora frente \u00e0s opress\u00f5es no capitalismo. Xenofobia, racismo e migra\u00e7\u00f5es, considerando a rela\u00e7\u00e3o entre centro e periferia do capitalismo. Movimentos de luta e resist\u00eancias que unifiquem pautas contra as opress\u00f5es e a explora\u00e7\u00e3o.<\/td>\n<\/tr>\n<tr style=\"background-color:#00FFFF;text-align:center !important;font-weight: bold\">\n<td><strong>7. Servi\u00e7o Social: fundamentos, forma\u00e7\u00e3o e trabalho profissional<\/strong><\/td>\n<\/tr>\n<tr>\n<td><span style=\"font-family: Roboto, sans-serif;font-size: 15px;font-style: normal;font-weight: 400\">Nesta \u00e1rea tem\u00e1tica<\/span>&nbsp;ser\u00e3o recebidos trabalhos sobre o Servi\u00e7o Social em rela\u00e7\u00e3o aos fundamentos, forma\u00e7\u00e3o e trabalho profissional. Os fundamentos hist\u00f3ricos e te\u00f3rico-metodol\u00f3gicos que orientam o Servi\u00e7o Social latino-americano e brasileiro na contemporaneidade. O significado s\u00f3cio-hist\u00f3rico do Servi\u00e7o Social. O processo de renova\u00e7\u00e3o profissional: conservadorismo e ruptura. A teoria social marxiana e sua apropria\u00e7\u00e3o pelo Servi\u00e7o Social. Trabalho e forma\u00e7\u00e3o profissional. O Projeto \u00c9tico Pol\u00edtico do Servi\u00e7o Social: instrumentalidade e dimens\u00e3o t\u00e9cnico-operativa. A quest\u00e3o social como objeto do Servi\u00e7o Social e os aspectos te\u00f3ricos e\/ou emp\u00edricos em rela\u00e7\u00e3o \u00e0s suas express\u00f5es. Quest\u00e3o \u00e9tnico-racial, quest\u00e3o social e suas express\u00f5es e desigualdades na sociedade capitalista contempor\u00e2nea. Respostas profissionais \u00e0s demandas sociais e institucionais contempor\u00e2neas. Estrat\u00e9gias profissionais na efetiva\u00e7\u00e3o dos direitos.<\/td>\n<\/tr>\n<tr style=\"background-color:#00FFFF;text-align:center !important;font-weight: bold\">\n<td><strong>8. Pol\u00edtica Social: fundamentos hist\u00f3rico-te\u00f3ricos, an\u00e1lise, avalia\u00e7\u00e3o e financiamento<\/strong><\/td>\n<\/tr>\n<tr>\n<td><span style=\"font-family: Roboto, sans-serif;font-size: 15px;font-style: normal;font-weight: 400\">Nesta \u00e1rea tem\u00e1tica<\/span>&nbsp;ser\u00e3o recebidos trabalhos sobre o campo das pol\u00edticas sociais e p\u00fablicas, considerando seus fundamentos hist\u00f3rico-te\u00f3ricos. Determinantes hist\u00f3ricos do surgimento da pol\u00edtica social na sociedade capitalista. Abordagens te\u00f3ricas da pol\u00edtica social. A rela\u00e7\u00e3o entre quest\u00e3o social, pol\u00edtica social, classes sociais e luta de classes. Diferentes contextos s\u00f3cio-hist\u00f3ricos da pol\u00edtica social. Tend\u00eancias contempor\u00e2neas da pol\u00edtica social. Modelos e fontes de financiamento. Disputas pela aplica\u00e7\u00e3o dos recursos. Disputas em torno do fundo p\u00fablico. Formula\u00e7\u00e3o, execu\u00e7\u00e3o, financiamento, avalia\u00e7\u00e3o e financeiriza\u00e7\u00e3o das pol\u00edticas sociais. Indicadores e modelos de avalia\u00e7\u00e3o. Impactos e resultados das e nas pol\u00edticas sociais. Atua\u00e7\u00e3o de sujeitos pol\u00edticos como organismos internacionais, funda\u00e7\u00f5es e ONGs.  Etnia\/ra\u00e7a, g\u00eanero e sexualidade no campo das pol\u00edticas sociais. Quest\u00e3o \u00e9tnico-racial e as desigualdades na sociedade capitalista contempor\u00e2nea no campo das pol\u00edticas sociais. Mito da democracia racial, eugenia e higienismo das pol\u00edticas sociais no Brasil. Pol\u00edticas de Educa\u00e7\u00e3o, Sa\u00fade, Assist\u00eancia Social, entre outras, nos \u00e2mbitos federal, estadual e municipal. Pol\u00edticas p\u00fablicas para a educa\u00e7\u00e3o, educa\u00e7\u00e3o e inclus\u00e3o. Projetos pedag\u00f3gicos e curr\u00edculo. Educa\u00e7\u00e3o popular. Atua\u00e7\u00e3o de aparelhos privados de hegemonia na educa\u00e7\u00e3o; educa\u00e7\u00e3o superior e forma\u00e7\u00e3o de professoras\/es. Ensino tecnol\u00f3gico. Educa\u00e7\u00e3o do\/no campo. Educa\u00e7\u00e3o e socialismo, <\/td>\n<\/tr>\n<tr style=\"background-color:#00FFFF;text-align:center !important;font-weight: bold\">\n<td><strong>9. Acumula\u00e7\u00e3o, Estado e financeiriza\u00e7\u00e3o: perspectivas cr\u00edticas sobre o desenvolvimento<\/strong><\/td>\n<\/tr>\n<tr>\n<td><span style=\"font-family: Roboto, sans-serif;font-size: 15px;font-style: normal;font-weight: 400\">Nesta \u00e1rea tem\u00e1tica<\/span>&nbsp;ser\u00e3o recebidos trabalhos sobre as teorias do imperialismo, da financeiriza\u00e7\u00e3o, do desenvolvimento, do subdesenvolvimento e da depend\u00eancia, privilegiando reflex\u00f5es sobre os padr\u00f5es hist\u00f3ricos e contempor\u00e2neos de acumula\u00e7\u00e3o, industrializa\u00e7\u00e3o e reestrutura\u00e7\u00e3o produtiva. Imperialismo, economia perif\u00e9rica (\u00c1frica, \u00c1sia, Am\u00e9rica Latina, Caribe e Brasil), considerando as especificidades estruturais, trajet\u00f3rias, forma\u00e7\u00f5es hist\u00f3ricas e inser\u00e7\u00e3o subordinada na economia mundial. Quest\u00e3o \u00e9tnico-racial e as desigualdades na sociedade capitalista contempor\u00e2nea no contexto da conforma\u00e7\u00e3o do Estado brasileiro e do Sul global. Rela\u00e7\u00f5es entre o racismo e o capitalismo dependente. Crises na economia brasileira e latino-americana, seus condicionantes internos e externos. Transforma\u00e7\u00f5es contempor\u00e2neas do sistema monet\u00e1rio-financeiro internacional. Rela\u00e7\u00f5es entre Estado e pol\u00edtica econ\u00f4mica. Neoliberalismo, austeridade e novas formas de reorganiza\u00e7\u00e3o da domina\u00e7\u00e3o, explora\u00e7\u00e3o e expropria\u00e7\u00e3o econ\u00f4mica no contexto contempor\u00e2neo.<\/td>\n<\/tr>\n<tr style=\"background-color:#00FFFF;text-align:center !important;font-weight: bold\">\n<td><strong>10. Teoria do valor, crise capitalista e a cr\u00edtica da economia pol\u00edtica<\/strong><\/td>\n<\/tr>\n<tr>\n<td><span style=\"font-family: Roboto, sans-serif;font-size: 15px;font-style: normal;font-weight: 400\">Nesta \u00e1rea tem\u00e1tica<\/span>&nbsp;ser\u00e3o recebidos trabalhos sobre o acervo heur\u00edstico do marxismo como foco da investiga\u00e7\u00e3o. Teoria do valor-trabalho e a cr\u00edtica da economia pol\u00edtica. As formula\u00e7\u00f5es te\u00f3ricos-metodol\u00f3gicas em Marx e os marxismos. O processo de acumula\u00e7\u00e3o capitalista, escravismo e colonialismo. A divis\u00e3o internacional, social, sexual, racial e territorial do trabalho e suas transforma\u00e7\u00f5es na processualidade hist\u00f3rica do capitalismo. As formas funcionais do capital e suas autonomiza\u00e7\u00f5es. Capitalismo contempor\u00e2neo: especula\u00e7\u00e3o e contradi\u00e7\u00f5es. As crises capitalistas contempor\u00e2neas e suas consequ\u00eancias econ\u00f4micas, sociais, pol\u00edticas e ecol\u00f3gicas.<\/td>\n<\/tr>\n<\/tbody>\n<\/table>\t\t\t\t\t\t\t\t<\/div>\n\t\t\t\t\t<\/div>\n\t\t\t\t<\/div>\n\t\t\t\t<\/div>\n\t\t","protected":false},"excerpt":{"rendered":"<p>\u00c1reas tem\u00e1ticas O 11\u00ba EIPS\/18\u00ba ENPS traz algumas novidades em rela\u00e7\u00e3o as \u00e1reas tem\u00e1ticas do evento. Al\u00e9m da agrega\u00e7\u00e3o de tem\u00e1ticas afins, as ementas de todas as \u00e1reas tem\u00e1ticas ampliadas.\u00a0 Confira as principais novidades a continua\u00e7\u00e3o: 1. Democracia, participa\u00e7\u00e3o e &hellip; <a href=\"https:\/\/blog.ufes.br\/enps\/areas-tematicas\/\">Continue lendo <span class=\"meta-nav\">&rarr;<\/span><\/a><\/p>\n","protected":false},"author":492,"featured_media":0,"parent":0,"menu_order":0,"comment_status":"closed","ping_status":"closed","template":"","meta":{"_bbp_topic_count":0,"_bbp_reply_count":0,"_bbp_total_topic_count":0,"_bbp_total_reply_count":0,"_bbp_voice_count":0,"_bbp_anonymous_reply_count":0,"_bbp_topic_count_hidden":0,"_bbp_reply_count_hidden":0,"_bbp_forum_subforum_count":0,"_uag_custom_page_level_css":"","footnotes":""},"class_list":["post-362","page","type-page","status-publish","hentry"],"uagb_featured_image_src":{"full":false,"thumbnail":false,"medium":false,"medium_large":false,"large":false,"1536x1536":false,"2048x2048":false,"post-thumbnail":false,"large-feature":false,"small-feature":false},"uagb_author_info":{"display_name":"admindoenps","author_link":"https:\/\/blog.ufes.br\/enps\/author\/admindoenps\/"},"uagb_comment_info":0,"uagb_excerpt":"\u00c1reas tem\u00e1ticas O 11\u00ba EIPS\/18\u00ba ENPS traz algumas novidades em rela\u00e7\u00e3o as \u00e1reas tem\u00e1ticas do evento. Al\u00e9m da agrega\u00e7\u00e3o de tem\u00e1ticas afins, as ementas de todas as \u00e1reas tem\u00e1ticas ampliadas.\u00a0 Confira as principais novidades a continua\u00e7\u00e3o: 1. Democracia, participa\u00e7\u00e3o e &hellip; Continue lendo &rarr;","_links":{"self":[{"href":"https:\/\/blog.ufes.br\/enps\/wp-json\/wp\/v2\/pages\/362","targetHints":{"allow":["GET"]}}],"collection":[{"href":"https:\/\/blog.ufes.br\/enps\/wp-json\/wp\/v2\/pages"}],"about":[{"href":"https:\/\/blog.ufes.br\/enps\/wp-json\/wp\/v2\/types\/page"}],"author":[{"embeddable":true,"href":"https:\/\/blog.ufes.br\/enps\/wp-json\/wp\/v2\/users\/492"}],"replies":[{"embeddable":true,"href":"https:\/\/blog.ufes.br\/enps\/wp-json\/wp\/v2\/comments?post=362"}],"version-history":[{"count":18,"href":"https:\/\/blog.ufes.br\/enps\/wp-json\/wp\/v2\/pages\/362\/revisions"}],"predecessor-version":[{"id":525,"href":"https:\/\/blog.ufes.br\/enps\/wp-json\/wp\/v2\/pages\/362\/revisions\/525"}],"wp:attachment":[{"href":"https:\/\/blog.ufes.br\/enps\/wp-json\/wp\/v2\/media?parent=362"}],"curies":[{"name":"wp","href":"https:\/\/api.w.org\/{rel}","templated":true}]}}