{"id":39,"date":"2025-12-26T15:57:29","date_gmt":"2025-12-26T18:57:29","guid":{"rendered":"https:\/\/blog.ufes.br\/enps\/?page_id=39"},"modified":"2026-03-26T10:02:56","modified_gmt":"2026-03-26T13:02:56","slug":"programacao","status":"publish","type":"page","link":"https:\/\/blog.ufes.br\/enps\/programacao\/","title":{"rendered":"Programa\u00e7\u00e3o"},"content":{"rendered":"\t\t<div data-elementor-type=\"wp-page\" data-elementor-id=\"39\" class=\"elementor elementor-39\">\n\t\t\t\t<div class=\"elementor-element elementor-element-3ace136 e-flex e-con-boxed e-con e-parent\" data-id=\"3ace136\" data-element_type=\"container\" data-e-type=\"container\">\n\t\t\t\t\t<div class=\"e-con-inner\">\n\t\t\t\t<div class=\"elementor-element elementor-element-9cabb89 elementor-widget elementor-widget-heading\" data-id=\"9cabb89\" data-element_type=\"widget\" data-e-type=\"widget\" data-widget_type=\"heading.default\">\n\t\t\t\t\t<h1 class=\"elementor-heading-title elementor-size-default\">Programa\u00e7\u00e3o<\/h1>\t\t\t\t<\/div>\n\t\t\t\t\t<\/div>\n\t\t\t\t<\/div>\n\t\t<div class=\"elementor-element elementor-element-5cf149e e-flex e-con-boxed e-con e-parent\" data-id=\"5cf149e\" data-element_type=\"container\" data-e-type=\"container\">\n\t\t\t\t\t<div class=\"e-con-inner\">\n\t\t<div class=\"elementor-element elementor-element-917bb06 e-con-full e-flex e-con e-child\" data-id=\"917bb06\" data-element_type=\"container\" data-e-type=\"container\">\n\t\t\t\t<div class=\"elementor-element elementor-element-1e51ba1 elementor-widget elementor-widget-heading\" data-id=\"1e51ba1\" data-element_type=\"widget\" data-e-type=\"widget\" data-widget_type=\"heading.default\">\n\t\t\t\t\t<h2 class=\"elementor-heading-title elementor-size-default\">Submiss\u00e3o de trabalhos<\/h2>\t\t\t\t<\/div>\n\t\t\t\t<div class=\"elementor-element elementor-element-c2f5845 elementor-widget elementor-widget-tablepress-table\" data-id=\"c2f5845\" data-element_type=\"widget\" data-e-type=\"widget\" data-widget_type=\"tablepress-table.default\">\n\t\t\t\t\t\n<table id=\"tablepress-1\" class=\"tablepress tablepress-id-1\">\n<thead>\n<tr class=\"row-1\">\n\t<th class=\"column-1\">CRONOGRAMA<\/th><th class=\"column-2\">DATA<\/th>\n<\/tr>\n<\/thead>\n<tbody class=\"row-striping row-hover\">\n<tr class=\"row-2\">\n\t<td class=\"column-1\">IN\u00cdCIO DAS INSCRI\u00c7\u00d5ES DOS TRABALHOS<\/td><td class=\"column-2\">30\/03\/2026<\/td>\n<\/tr>\n<tr class=\"row-3\">\n\t<td class=\"column-1\">PRAZO FINAL PARA SUBMISS\u00c3O DOS TRABALHOS<\/td><td class=\"column-2\">30\/04\/2026<\/td>\n<\/tr>\n<tr class=\"row-4\">\n\t<td class=\"column-1\">RESULTADO DOS TRABALHOS APROVADOS<\/td><td class=\"column-2\">29\/06\/2026<\/td>\n<\/tr>\n<tr class=\"row-5\">\n\t<td class=\"column-1\">PAGAMENTO DAS INSCRI\u00c7\u00d5ES<\/td><td class=\"column-2\">EM BREVE<\/td>\n<\/tr>\n<\/tbody>\n<\/table>\n<!-- #tablepress-1 from cache -->\t\t\t\t<\/div>\n\t\t\t\t<\/div>\n\t\t\t\t<div class=\"elementor-element elementor-element-b7a4203 elementor-widget elementor-widget-text-editor\" data-id=\"b7a4203\" data-element_type=\"widget\" data-e-type=\"widget\" data-widget_type=\"text-editor.default\">\n\t\t\t\t\t\t\t\t\t<h2 style=\"text-align: center\"><strong>Modalidades<\/strong><\/h2><ul><li style=\"text-align: left\"><span style=\"color: #000000\">Trabalhos Completos<\/span><\/li><li style=\"text-align: left\"><span style=\"color: #000000\">Resumos expandidos<\/span><\/li><li style=\"text-align: left\"><span style=\"color: #000000\">Relatos de Experi\u00eancias<\/span><\/li><\/ul>\t\t\t\t\t\t\t\t<\/div>\n\t\t\t\t\t<\/div>\n\t\t\t\t<\/div>\n\t\t<div class=\"elementor-element elementor-element-fbc2635 e-grid e-con-full e-con e-parent\" data-id=\"fbc2635\" data-element_type=\"container\" data-e-type=\"container\">\n\t\t\t\t<div class=\"elementor-element elementor-element-3b5a399 elementor-align-justify elementor-widget elementor-widget-button\" data-id=\"3b5a399\" data-element_type=\"widget\" data-e-type=\"widget\" data-widget_type=\"button.default\">\n\t\t\t\t\t\t\t\t\t\t<a class=\"elementor-button elementor-button-link elementor-size-sm\" href=\"https:\/\/blog.ufes.br\/enps\/inscricoes-de-trabalhos\/\">\n\t\t\t\t\t\t<span class=\"elementor-button-content-wrapper\">\n\t\t\t\t\t\t\t\t\t<span class=\"elementor-button-text\">Normas<\/span>\n\t\t\t\t\t<\/span>\n\t\t\t\t\t<\/a>\n\t\t\t\t\t\t\t\t<\/div>\n\t\t\t\t<div class=\"elementor-element elementor-element-5f172b0 elementor-align-justify elementor-widget elementor-widget-button\" data-id=\"5f172b0\" data-element_type=\"widget\" data-e-type=\"widget\" data-widget_type=\"button.default\">\n\t\t\t\t\t\t\t\t\t\t<a class=\"elementor-button elementor-button-link elementor-size-sm\" href=\"#\">\n\t\t\t\t\t\t<span class=\"elementor-button-content-wrapper\">\n\t\t\t\t\t\t\t\t\t<span class=\"elementor-button-text\">Template<\/span>\n\t\t\t\t\t<\/span>\n\t\t\t\t\t<\/a>\n\t\t\t\t\t\t\t\t<\/div>\n\t\t\t\t<div class=\"elementor-element elementor-element-2da6f55 elementor-align-justify elementor-widget elementor-widget-button\" data-id=\"2da6f55\" data-element_type=\"widget\" data-e-type=\"widget\" data-widget_type=\"button.default\">\n\t\t\t\t\t\t\t\t\t\t<a class=\"elementor-button elementor-button-link elementor-size-sm\" href=\"#\">\n\t\t\t\t\t\t<span class=\"elementor-button-content-wrapper\">\n\t\t\t\t\t\t\t\t\t<span class=\"elementor-button-text\">Submiss\u00e3o<\/span>\n\t\t\t\t\t<\/span>\n\t\t\t\t\t<\/a>\n\t\t\t\t\t\t\t\t<\/div>\n\t\t\t\t<\/div>\n\t\t\t\t<\/div>\n\t\t","protected":false},"excerpt":{"rendered":"<p>Programa\u00e7\u00e3o Submiss\u00e3o de trabalhos Editar CRONOGRAMA DATA IN\u00cdCIO DAS INSCRI\u00c7\u00d5ES DOS TRABALHOS 30\/03\/2026 PRAZO FINAL PARA SUBMISS\u00c3O DOS TRABALHOS 30\/04\/2026 RESULTADO DOS TRABALHOS APROVADOS 29\/06\/26 PAGAMENTO DAS INSCRI\u00c7\u00d5ES EM BREVE Modalidades Trabalhos Completos Resumos expandidos Relatos de Experi\u00eancias Normas Template &hellip; <a href=\"https:\/\/blog.ufes.br\/enps\/programacao\/\">Continue lendo <span class=\"meta-nav\">&rarr;<\/span><\/a><\/p>\n","protected":false},"author":492,"featured_media":0,"parent":0,"menu_order":0,"comment_status":"closed","ping_status":"closed","template":"","meta":{"_bbp_topic_count":0,"_bbp_reply_count":0,"_bbp_total_topic_count":0,"_bbp_total_reply_count":0,"_bbp_voice_count":0,"_bbp_anonymous_reply_count":0,"_bbp_topic_count_hidden":0,"_bbp_reply_count_hidden":0,"_bbp_forum_subforum_count":0,"_uag_custom_page_level_css":"","footnotes":""},"class_list":["post-39","page","type-page","status-publish","hentry"],"uagb_featured_image_src":{"full":false,"thumbnail":false,"medium":false,"medium_large":false,"large":false,"1536x1536":false,"2048x2048":false,"post-thumbnail":false,"large-feature":false,"small-feature":false},"uagb_author_info":{"display_name":"admindoenps","author_link":"https:\/\/blog.ufes.br\/enps\/author\/admindoenps\/"},"uagb_comment_info":0,"uagb_excerpt":"Programa\u00e7\u00e3o Submiss\u00e3o de trabalhos Editar CRONOGRAMA DATA IN\u00cdCIO DAS INSCRI\u00c7\u00d5ES DOS TRABALHOS 30\/03\/2026 PRAZO FINAL PARA SUBMISS\u00c3O DOS TRABALHOS 30\/04\/2026 RESULTADO DOS TRABALHOS APROVADOS 29\/06\/26 PAGAMENTO DAS INSCRI\u00c7\u00d5ES EM BREVE Modalidades Trabalhos Completos Resumos expandidos Relatos de Experi\u00eancias Normas Template &hellip; Continue lendo &rarr;","_links":{"self":[{"href":"https:\/\/blog.ufes.br\/enps\/wp-json\/wp\/v2\/pages\/39","targetHints":{"allow":["GET"]}}],"collection":[{"href":"https:\/\/blog.ufes.br\/enps\/wp-json\/wp\/v2\/pages"}],"about":[{"href":"https:\/\/blog.ufes.br\/enps\/wp-json\/wp\/v2\/types\/page"}],"author":[{"embeddable":true,"href":"https:\/\/blog.ufes.br\/enps\/wp-json\/wp\/v2\/users\/492"}],"replies":[{"embeddable":true,"href":"https:\/\/blog.ufes.br\/enps\/wp-json\/wp\/v2\/comments?post=39"}],"version-history":[{"count":25,"href":"https:\/\/blog.ufes.br\/enps\/wp-json\/wp\/v2\/pages\/39\/revisions"}],"predecessor-version":[{"id":502,"href":"https:\/\/blog.ufes.br\/enps\/wp-json\/wp\/v2\/pages\/39\/revisions\/502"}],"wp:attachment":[{"href":"https:\/\/blog.ufes.br\/enps\/wp-json\/wp\/v2\/media?parent=39"}],"curies":[{"name":"wp","href":"https:\/\/api.w.org\/{rel}","templated":true}]}}