{"id":530,"date":"2026-03-28T16:03:15","date_gmt":"2026-03-28T19:03:15","guid":{"rendered":"https:\/\/blog.ufes.br\/enps\/?page_id=530"},"modified":"2026-03-28T16:06:50","modified_gmt":"2026-03-28T19:06:50","slug":"revista-argumentum","status":"publish","type":"page","link":"https:\/\/blog.ufes.br\/enps\/revista-argumentum\/","title":{"rendered":"Revista Argumentum"},"content":{"rendered":"\t\t<div data-elementor-type=\"wp-page\" data-elementor-id=\"530\" class=\"elementor elementor-530\">\n\t\t\t\t<div class=\"elementor-element elementor-element-3f4506f8 e-flex e-con-boxed e-con e-parent\" data-id=\"3f4506f8\" data-element_type=\"container\" data-e-type=\"container\">\n\t\t\t\t\t<div class=\"e-con-inner\">\n\t\t\t\t<div class=\"elementor-element elementor-element-152b321 elementor-widget elementor-widget-heading\" data-id=\"152b321\" data-element_type=\"widget\" data-e-type=\"widget\" data-widget_type=\"heading.default\">\n\t\t\t\t\t<h2 class=\"elementor-heading-title elementor-size-default\">Revista Argumentum<\/h2>\t\t\t\t<\/div>\n\t\t\t\t<div class=\"elementor-element elementor-element-510617b elementor-widget elementor-widget-image\" data-id=\"510617b\" data-element_type=\"widget\" data-e-type=\"widget\" data-widget_type=\"image.default\">\n\t\t\t\t\t\t\t\t\t\t\t\t\t\t\t<img fetchpriority=\"high\" decoding=\"async\" width=\"316\" height=\"160\" src=\"https:\/\/blog.ufes.br\/enps\/files\/2026\/03\/argumentum.png\" class=\"attachment-large size-large wp-image-532\" alt=\"\" srcset=\"https:\/\/blog.ufes.br\/enps\/files\/2026\/03\/argumentum.png 316w, https:\/\/blog.ufes.br\/enps\/files\/2026\/03\/argumentum-300x152.png 300w\" sizes=\"(max-width: 316px) 100vw, 316px\" \/>\t\t\t\t\t\t\t\t\t\t\t\t\t\t\t<\/div>\n\t\t\t\t<div class=\"elementor-element elementor-element-26d89b17 elementor-widget elementor-widget-text-editor\" data-id=\"26d89b17\" data-element_type=\"widget\" data-e-type=\"widget\" data-widget_type=\"text-editor.default\">\n\t\t\t\t\t\t\t\t\t\n<p>ACESSE, PUBLIQUE E DIVULGUE A ARGUMENTUM<\/p>\n<p>O peri\u00f3dico eletr\u00f4nico Argumentum (ISSN: 2176-9575) \u00e9 uma publica\u00e7\u00e3o vinculada ao Programa de P\u00f3s-Gradua\u00e7\u00e3o em Pol\u00edtica Social da Universidade Federal do Esp\u00edrito Santo (PPGPS\/UFES), classificada como A1 no Qualis 2021-2024. De natureza acad\u00eamica, possui car\u00e1ter interdisciplinar e tem por miss\u00e3o \u00e9 Ser um peri\u00f3dico de excel\u00eancia na \u00e1rea de Servi\u00e7o Social por meio da publica\u00e7\u00e3o de artigos (resultado de pesquisas) nos eixos Pol\u00edtica social, Estado e Sociedade e suas diversas intera\u00e7\u00f5es.<\/p>\n<p>A Argumentum desde 2025 adotou a publica\u00e7\u00e3o em fluxo cont\u00ednuo. Esta decis\u00e3o foi tomada com o objetivo de melhor atender aos crit\u00e9rios estabelecidos pelos indexadores e dar maior agilidade aos artigos recomendados para publica\u00e7\u00e3o.<\/p>\n<p>Para mais informa\u00e7\u00f5es:<\/p>\n<p><a href=\"https:\/\/periodicos.ufes.br\/argumentum\/\">https:\/\/periodicos.ufes.br\/argumentum\/<\/a> <br \/><br \/>Acesse, divulgue, contribua com a Argumentum.<\/p>\n\t\t\t\t\t\t\t\t<\/div>\n\t\t\t\t\t<\/div>\n\t\t\t\t<\/div>\n\t\t<div class=\"elementor-element elementor-element-920e017 e-flex e-con-boxed e-con e-parent\" data-id=\"920e017\" data-element_type=\"container\" data-e-type=\"container\">\n\t\t\t\t\t<div class=\"e-con-inner\">\n\t\t\t\t\t<\/div>\n\t\t\t\t<\/div>\n\t\t\t\t<\/div>\n\t\t","protected":false},"excerpt":{"rendered":"<p>Revista Argumentum ACESSE, PUBLIQUE E DIVULGUE A ARGUMENTUM O peri\u00f3dico eletr\u00f4nico Argumentum (ISSN: 2176-9575) \u00e9 uma publica\u00e7\u00e3o vinculada ao Programa de P\u00f3s-Gradua\u00e7\u00e3o em Pol\u00edtica Social da Universidade Federal do Esp\u00edrito Santo (PPGPS\/UFES), classificada como A1 no Qualis 2021-2024. De natureza &hellip; <a href=\"https:\/\/blog.ufes.br\/enps\/revista-argumentum\/\">Continue lendo <span class=\"meta-nav\">&rarr;<\/span><\/a><\/p>\n","protected":false},"author":490,"featured_media":0,"parent":0,"menu_order":0,"comment_status":"closed","ping_status":"closed","template":"","meta":{"_bbp_topic_count":0,"_bbp_reply_count":0,"_bbp_total_topic_count":0,"_bbp_total_reply_count":0,"_bbp_voice_count":0,"_bbp_anonymous_reply_count":0,"_bbp_topic_count_hidden":0,"_bbp_reply_count_hidden":0,"_bbp_forum_subforum_count":0,"_uag_custom_page_level_css":"","footnotes":""},"class_list":["post-530","page","type-page","status-publish","hentry"],"uagb_featured_image_src":{"full":false,"thumbnail":false,"medium":false,"medium_large":false,"large":false,"1536x1536":false,"2048x2048":false,"post-thumbnail":false,"large-feature":false,"small-feature":false},"uagb_author_info":{"display_name":"Daniel Pereira Sampaio","author_link":"https:\/\/blog.ufes.br\/enps\/author\/daniel_pereira-sampaio\/"},"uagb_comment_info":0,"uagb_excerpt":"Revista Argumentum ACESSE, PUBLIQUE E DIVULGUE A ARGUMENTUM O peri\u00f3dico eletr\u00f4nico Argumentum (ISSN: 2176-9575) \u00e9 uma publica\u00e7\u00e3o vinculada ao Programa de P\u00f3s-Gradua\u00e7\u00e3o em Pol\u00edtica Social da Universidade Federal do Esp\u00edrito Santo (PPGPS\/UFES), classificada como A1 no Qualis 2021-2024. De natureza &hellip; Continue lendo &rarr;","_links":{"self":[{"href":"https:\/\/blog.ufes.br\/enps\/wp-json\/wp\/v2\/pages\/530","targetHints":{"allow":["GET"]}}],"collection":[{"href":"https:\/\/blog.ufes.br\/enps\/wp-json\/wp\/v2\/pages"}],"about":[{"href":"https:\/\/blog.ufes.br\/enps\/wp-json\/wp\/v2\/types\/page"}],"author":[{"embeddable":true,"href":"https:\/\/blog.ufes.br\/enps\/wp-json\/wp\/v2\/users\/490"}],"replies":[{"embeddable":true,"href":"https:\/\/blog.ufes.br\/enps\/wp-json\/wp\/v2\/comments?post=530"}],"version-history":[{"count":4,"href":"https:\/\/blog.ufes.br\/enps\/wp-json\/wp\/v2\/pages\/530\/revisions"}],"predecessor-version":[{"id":535,"href":"https:\/\/blog.ufes.br\/enps\/wp-json\/wp\/v2\/pages\/530\/revisions\/535"}],"wp:attachment":[{"href":"https:\/\/blog.ufes.br\/enps\/wp-json\/wp\/v2\/media?parent=530"}],"curies":[{"name":"wp","href":"https:\/\/api.w.org\/{rel}","templated":true}]}}