{"id":553,"date":"2026-04-02T09:33:15","date_gmt":"2026-04-02T12:33:15","guid":{"rendered":"https:\/\/blog.ufes.br\/enps\/?page_id=553"},"modified":"2026-04-02T09:34:56","modified_gmt":"2026-04-02T12:34:56","slug":"pagamento-da-inscricao","status":"publish","type":"page","link":"https:\/\/blog.ufes.br\/enps\/pagamento-da-inscricao\/","title":{"rendered":"Pagamento da Inscri\u00e7\u00e3o"},"content":{"rendered":"\t\t<div data-elementor-type=\"wp-page\" data-elementor-id=\"553\" class=\"elementor elementor-553\">\n\t\t\t\t<div class=\"elementor-element elementor-element-e240a04 e-flex e-con-boxed e-con e-parent\" data-id=\"e240a04\" data-element_type=\"container\" data-e-type=\"container\">\n\t\t\t\t\t<div class=\"e-con-inner\">\n\t\t\t\t<div class=\"elementor-element elementor-element-74e374d elementor-widget elementor-widget-text-editor\" data-id=\"74e374d\" data-element_type=\"widget\" data-e-type=\"widget\" data-widget_type=\"text-editor.default\">\n\t\t\t\t\t\t\t\t\t<p>Benef\u00edcios do pagamento da inscri\u00e7\u00e3o:<\/p><ul><li>Inscri\u00e7\u00e3o em 1 (um) minicurso<\/li><li>Publica\u00e7\u00e3o do(s) trabalho(s) aprovados nos anais do evento desde que pelo menos um dos(as) autores(as) do trabalho tenham realizado o pagamento da inscri\u00e7\u00e3o<\/li><li>Acesso aos certificados (desde que tenha participado do evento, cuja verifica\u00e7\u00e3o ser\u00e1 realizada por meio da confer\u00eancia das listas de presen\u00e7a).<\/li><\/ul>\t\t\t\t\t\t\t\t<\/div>\n\t\t\t\t<div class=\"elementor-element elementor-element-8c5221c elementor-widget elementor-widget-heading\" data-id=\"8c5221c\" data-element_type=\"widget\" data-e-type=\"widget\" data-widget_type=\"heading.default\">\n\t\t\t\t\t<h2 class=\"elementor-heading-title elementor-size-default\">Valores da inscri\u00e7\u00e3o no evento e lotes:<\/h2>\t\t\t\t<\/div>\n\t\t\t\t<div class=\"elementor-element elementor-element-3903be8 elementor-widget elementor-widget-tablepress-table\" data-id=\"3903be8\" data-element_type=\"widget\" data-e-type=\"widget\" data-widget_type=\"tablepress-table.default\">\n\t\t\t\t\t\n<table id=\"tablepress-2\" class=\"tablepress tablepress-id-2\">\n<thead>\n<tr class=\"row-1\">\n\t<th rowspan=\"2\" class=\"column-1\">Per\u00edodo<\/th><th colspan=\"3\" class=\"column-2\">Categoria<\/th>\n<\/tr>\n<tr class=\"row-2\">\n\t<th class=\"column-2\">Estudante - Gradua\u00e7\u00e3o<\/th><th class=\"column-3\">Estudante - P\u00f3s-gradua\u00e7\u00e3o (Mestrando, Doutorando, P\u00f3s-doutorando)<\/th><th class=\"column-4\">Docentes\/Profissionais<\/th>\n<\/tr>\n<\/thead>\n<tbody class=\"row-striping row-hover\">\n<tr class=\"row-3\">\n\t<td class=\"column-1\">29\/06\/2026 - 19\/07\/2026<\/td><td class=\"column-2\">60,00<\/td><td class=\"column-3\">140,00<br \/>\n<\/td><td class=\"column-4\">200,00<\/td>\n<\/tr>\n<tr class=\"row-4\">\n\t<td class=\"column-1\">20\/07\/2026 - 09\/08\/2026<\/td><td class=\"column-2\">70,00<\/td><td class=\"column-3\">150,00<\/td><td class=\"column-4\">230,00<\/td>\n<\/tr>\n<tr class=\"row-5\">\n\t<td class=\"column-1\">10\/08\/2026 - 18\/08\/2026<\/td><td class=\"column-2\">80,00<\/td><td class=\"column-3\">160,00<\/td><td class=\"column-4\">250,00<\/td>\n<\/tr>\n<\/tbody>\n<\/table>\n<!-- #tablepress-2 from cache -->\t\t\t\t<\/div>\n\t\t\t\t\t<\/div>\n\t\t\t\t<\/div>\n\t\t\t\t<\/div>\n\t\t","protected":false},"excerpt":{"rendered":"<p>Benef\u00edcios do pagamento da inscri\u00e7\u00e3o: Inscri\u00e7\u00e3o em 1 (um) minicurso Publica\u00e7\u00e3o do(s) trabalho(s) aprovados nos anais do evento desde que pelo menos um dos(as) autores(as) do trabalho tenham realizado o pagamento da inscri\u00e7\u00e3o Acesso aos certificados (desde que tenha participado &hellip; <a href=\"https:\/\/blog.ufes.br\/enps\/pagamento-da-inscricao\/\">Continue lendo <span class=\"meta-nav\">&rarr;<\/span><\/a><\/p>\n","protected":false},"author":492,"featured_media":0,"parent":0,"menu_order":0,"comment_status":"closed","ping_status":"closed","template":"","meta":{"_bbp_topic_count":0,"_bbp_reply_count":0,"_bbp_total_topic_count":0,"_bbp_total_reply_count":0,"_bbp_voice_count":0,"_bbp_anonymous_reply_count":0,"_bbp_topic_count_hidden":0,"_bbp_reply_count_hidden":0,"_bbp_forum_subforum_count":0,"_uag_custom_page_level_css":"","footnotes":""},"class_list":["post-553","page","type-page","status-publish","hentry"],"uagb_featured_image_src":{"full":false,"thumbnail":false,"medium":false,"medium_large":false,"large":false,"1536x1536":false,"2048x2048":false,"post-thumbnail":false,"large-feature":false,"small-feature":false},"uagb_author_info":{"display_name":"admindoenps","author_link":"https:\/\/blog.ufes.br\/enps\/author\/admindoenps\/"},"uagb_comment_info":0,"uagb_excerpt":"Benef\u00edcios do pagamento da inscri\u00e7\u00e3o: Inscri\u00e7\u00e3o em 1 (um) minicurso Publica\u00e7\u00e3o do(s) trabalho(s) aprovados nos anais do evento desde que pelo menos um dos(as) autores(as) do trabalho tenham realizado o pagamento da inscri\u00e7\u00e3o Acesso aos certificados (desde que tenha participado &hellip; Continue lendo &rarr;","_links":{"self":[{"href":"https:\/\/blog.ufes.br\/enps\/wp-json\/wp\/v2\/pages\/553","targetHints":{"allow":["GET"]}}],"collection":[{"href":"https:\/\/blog.ufes.br\/enps\/wp-json\/wp\/v2\/pages"}],"about":[{"href":"https:\/\/blog.ufes.br\/enps\/wp-json\/wp\/v2\/types\/page"}],"author":[{"embeddable":true,"href":"https:\/\/blog.ufes.br\/enps\/wp-json\/wp\/v2\/users\/492"}],"replies":[{"embeddable":true,"href":"https:\/\/blog.ufes.br\/enps\/wp-json\/wp\/v2\/comments?post=553"}],"version-history":[{"count":7,"href":"https:\/\/blog.ufes.br\/enps\/wp-json\/wp\/v2\/pages\/553\/revisions"}],"predecessor-version":[{"id":560,"href":"https:\/\/blog.ufes.br\/enps\/wp-json\/wp\/v2\/pages\/553\/revisions\/560"}],"wp:attachment":[{"href":"https:\/\/blog.ufes.br\/enps\/wp-json\/wp\/v2\/media?parent=553"}],"curies":[{"name":"wp","href":"https:\/\/api.w.org\/{rel}","templated":true}]}}