{"id":73,"date":"2025-12-26T16:03:42","date_gmt":"2025-12-26T19:03:42","guid":{"rendered":"https:\/\/blog.ufes.br\/enps\/?page_id=73"},"modified":"2026-03-28T16:24:35","modified_gmt":"2026-03-28T19:24:35","slug":"mais","status":"publish","type":"page","link":"https:\/\/blog.ufes.br\/enps\/mais\/","title":{"rendered":"Mais"},"content":{"rendered":"\t\t<div data-elementor-type=\"wp-page\" data-elementor-id=\"73\" class=\"elementor elementor-73\">\n\t\t\t\t<div class=\"elementor-element elementor-element-af06b27 e-flex e-con-boxed e-con e-parent\" data-id=\"af06b27\" data-element_type=\"container\" data-e-type=\"container\">\n\t\t\t\t\t<div class=\"e-con-inner\">\n\t\t\t\t<div class=\"elementor-element elementor-element-39b948e elementor-widget elementor-widget-image\" data-id=\"39b948e\" data-element_type=\"widget\" data-e-type=\"widget\" data-widget_type=\"image.default\">\n\t\t\t\t\t\t\t\t\t\t\t\t\t\t\t<img fetchpriority=\"high\" decoding=\"async\" width=\"584\" height=\"329\" src=\"https:\/\/blog.ufes.br\/enps\/files\/2026\/02\/cropped-ENPS3-768x432.png\" class=\"attachment-medium_large size-medium_large wp-image-113\" alt=\"\" srcset=\"https:\/\/blog.ufes.br\/enps\/files\/2026\/02\/cropped-ENPS3-768x432.png 768w, https:\/\/blog.ufes.br\/enps\/files\/2026\/02\/cropped-ENPS3-300x169.png 300w, https:\/\/blog.ufes.br\/enps\/files\/2026\/02\/cropped-ENPS3-500x281.png 500w, https:\/\/blog.ufes.br\/enps\/files\/2026\/02\/cropped-ENPS3.png 1000w\" sizes=\"(max-width: 584px) 100vw, 584px\" \/>\t\t\t\t\t\t\t\t\t\t\t\t\t\t\t<\/div>\n\t\t\t\t<div class=\"elementor-element elementor-element-eb03e6e elementor-widget elementor-widget-heading\" data-id=\"eb03e6e\" data-element_type=\"widget\" data-e-type=\"widget\" data-widget_type=\"heading.default\">\n\t\t\t\t\t<h1 class=\"elementor-heading-title elementor-size-default\">Universidade Federal do Esp\u00edrito Santo (UFES)<\/h1>\t\t\t\t<\/div>\n\t\t<div class=\"elementor-element elementor-element-c1dc61c e-grid e-con-full e-con e-child\" data-id=\"c1dc61c\" data-element_type=\"container\" data-e-type=\"container\">\n\t\t\t\t<div class=\"elementor-element elementor-element-1052e89 elementor-align-justify elementor-widget elementor-widget-button\" data-id=\"1052e89\" data-element_type=\"widget\" data-e-type=\"widget\" data-widget_type=\"button.default\">\n\t\t\t\t\t\t\t\t\t\t<a class=\"elementor-button elementor-button-link elementor-size-sm\" href=\"https:\/\/blog.ufes.br\/enps\/estude-na-ufes\/\">\n\t\t\t\t\t\t<span class=\"elementor-button-content-wrapper\">\n\t\t\t\t\t\t\t\t\t<span class=\"elementor-button-text\">Estude<\/span>\n\t\t\t\t\t<\/span>\n\t\t\t\t\t<\/a>\n\t\t\t\t\t\t\t\t<\/div>\n\t\t\t\t<div class=\"elementor-element elementor-element-b755f66 elementor-align-justify elementor-widget elementor-widget-button\" data-id=\"b755f66\" data-element_type=\"widget\" data-e-type=\"widget\" data-widget_type=\"button.default\">\n\t\t\t\t\t\t\t\t\t\t<a class=\"elementor-button elementor-button-link elementor-size-sm\" href=\"https:\/\/blog.ufes.br\/enps\/localize-se-na-ufes\/\">\n\t\t\t\t\t\t<span class=\"elementor-button-content-wrapper\">\n\t\t\t\t\t\t\t\t\t<span class=\"elementor-button-text\">Localize-se<\/span>\n\t\t\t\t\t<\/span>\n\t\t\t\t\t<\/a>\n\t\t\t\t\t\t\t\t<\/div>\n\t\t\t\t<\/div>\n\t\t\t\t\t<\/div>\n\t\t\t\t<\/div>\n\t\t<div class=\"elementor-element elementor-element-188b1d3 e-flex e-con-boxed e-con e-parent\" data-id=\"188b1d3\" data-element_type=\"container\" data-e-type=\"container\">\n\t\t\t\t\t<div class=\"e-con-inner\">\n\t\t\t\t<div class=\"elementor-element elementor-element-f0739b0 elementor-widget elementor-widget-heading\" data-id=\"f0739b0\" data-element_type=\"widget\" data-e-type=\"widget\" data-widget_type=\"heading.default\">\n\t\t\t\t\t<h2 class=\"elementor-heading-title elementor-size-default\">Programa de P\u00f3s-gradua\u00e7\u00e3o em Pol\u00edtica Social<\/h2>\t\t\t\t<\/div>\n\t\t\t\t\t<\/div>\n\t\t\t\t<\/div>\n\t\t<div class=\"elementor-element elementor-element-0abd59f e-grid e-con-full e-con e-parent\" data-id=\"0abd59f\" data-element_type=\"container\" data-e-type=\"container\">\n\t\t\t\t<div class=\"elementor-element elementor-element-8b28e39 elementor-align-center elementor-widget elementor-widget-button\" data-id=\"8b28e39\" data-element_type=\"widget\" data-e-type=\"widget\" data-widget_type=\"button.default\">\n\t\t\t\t\t\t\t\t\t\t<a class=\"elementor-button elementor-button-link elementor-size-sm\" href=\"https:\/\/blog.ufes.br\/enps\/estude-no-ppgps\/\">\n\t\t\t\t\t\t<span class=\"elementor-button-content-wrapper\">\n\t\t\t\t\t\t\t\t\t<span class=\"elementor-button-text\">Saiba Mais<\/span>\n\t\t\t\t\t<\/span>\n\t\t\t\t\t<\/a>\n\t\t\t\t\t\t\t\t<\/div>\n\t\t\t\t<\/div>\n\t\t<div class=\"elementor-element elementor-element-d4e1e23 e-flex e-con-boxed e-con e-parent\" data-id=\"d4e1e23\" data-element_type=\"container\" data-e-type=\"container\">\n\t\t\t\t\t<div class=\"e-con-inner\">\n\t\t\t\t<div class=\"elementor-element elementor-element-60331eb elementor-widget elementor-widget-heading\" data-id=\"60331eb\" data-element_type=\"widget\" data-e-type=\"widget\" data-widget_type=\"heading.default\">\n\t\t\t\t\t<h2 class=\"elementor-heading-title elementor-size-default\">Revista Argumentum<\/h2>\t\t\t\t<\/div>\n\t\t\t\t<div class=\"elementor-element elementor-element-100c805 elementor-align-center elementor-widget elementor-widget-button\" data-id=\"100c805\" data-element_type=\"widget\" data-e-type=\"widget\" data-widget_type=\"button.default\">\n\t\t\t\t\t\t\t\t\t\t<a class=\"elementor-button elementor-button-link elementor-size-sm\" href=\"https:\/\/blog.ufes.br\/enps\/revista-argumentum\/\">\n\t\t\t\t\t\t<span class=\"elementor-button-content-wrapper\">\n\t\t\t\t\t\t\t\t\t<span class=\"elementor-button-text\">Saiba Mais<\/span>\n\t\t\t\t\t<\/span>\n\t\t\t\t\t<\/a>\n\t\t\t\t\t\t\t\t<\/div>\n\t\t\t\t\t<\/div>\n\t\t\t\t<\/div>\n\t\t<div class=\"elementor-element elementor-element-c15623f e-flex e-con-boxed e-con e-parent\" data-id=\"c15623f\" data-element_type=\"container\" data-e-type=\"container\">\n\t\t\t\t\t<div class=\"e-con-inner\">\n\t\t\t\t<div class=\"elementor-element elementor-element-6d73e68 elementor-widget elementor-widget-heading\" data-id=\"6d73e68\" data-element_type=\"widget\" data-e-type=\"widget\" data-widget_type=\"heading.default\">\n\t\t\t\t\t<h2 class=\"elementor-heading-title elementor-size-default\">Conhe\u00e7a o estado do Esp\u00edrito Santo e a cidade de Vit\u00f3ria<\/h2>\t\t\t\t<\/div>\n\t\t\t\t\t<\/div>\n\t\t\t\t<\/div>\n\t\t<div class=\"elementor-element elementor-element-634e1c4 e-grid e-con-full e-con e-parent\" data-id=\"634e1c4\" data-element_type=\"container\" data-e-type=\"container\">\n\t\t\t\t<div class=\"elementor-element elementor-element-aa0ed4e elementor-align-center elementor-widget elementor-widget-button\" data-id=\"aa0ed4e\" data-element_type=\"widget\" data-e-type=\"widget\" data-widget_type=\"button.default\">\n\t\t\t\t\t\t\t\t\t\t<a class=\"elementor-button elementor-button-link elementor-size-sm\" href=\"https:\/\/blog.ufes.br\/enps\/conheca-vitoria-es\/\">\n\t\t\t\t\t\t<span class=\"elementor-button-content-wrapper\">\n\t\t\t\t\t\t\t\t\t<span class=\"elementor-button-text\">Saiba Mais<\/span>\n\t\t\t\t\t<\/span>\n\t\t\t\t\t<\/a>\n\t\t\t\t\t\t\t\t<\/div>\n\t\t\t\t<\/div>\n\t\t<div class=\"elementor-element elementor-element-b5ddad4 e-flex e-con-boxed e-con e-parent\" data-id=\"b5ddad4\" data-element_type=\"container\" data-e-type=\"container\">\n\t\t\t\t\t<div class=\"e-con-inner\">\n\t\t\t\t<div class=\"elementor-element elementor-element-1d68f34 elementor-widget elementor-widget-text-editor\" data-id=\"1d68f34\" data-element_type=\"widget\" data-e-type=\"widget\" data-widget_type=\"text-editor.default\">\n\t\t\t\t\t\t\t\t\t<p style=\"text-align: center\"><strong>Mapa do local do evento<br \/><\/strong><strong>Universidade Federal do Esp\u00edrito Santo<\/strong><br \/><strong>Av. Fernando Ferrari, 514 &#8211; Goiabeiras, Vit\u00f3ria &#8211; ES, 29075-910<\/strong><\/p>\t\t\t\t\t\t\t\t<\/div>\n\t\t\t\t<div class=\"elementor-element elementor-element-90f7f20 elementor-widget elementor-widget-google_maps\" data-id=\"90f7f20\" data-element_type=\"widget\" data-e-type=\"widget\" data-widget_type=\"google_maps.default\">\n\t\t\t\t\t\t\t<div class=\"elementor-custom-embed\">\n\t\t\t<iframe loading=\"lazy\"\n\t\t\t\t\tsrc=\"https:\/\/maps.google.com\/maps?q=Universidade%20Federal%20do%20Esp%C3%ADrito%20Santo%20-%20UFES%20Campus%20de%20Goiabeiras&#038;t=m&#038;z=15&#038;output=embed&#038;iwloc=near\"\n\t\t\t\t\ttitle=\"Universidade Federal do Esp\u00edrito Santo - UFES Campus de Goiabeiras\"\n\t\t\t\t\taria-label=\"Universidade Federal do Esp\u00edrito Santo - UFES Campus de Goiabeiras\"\n\t\t\t><\/iframe>\n\t\t<\/div>\n\t\t\t\t\t\t<\/div>\n\t\t\t\t\t<\/div>\n\t\t\t\t<\/div>\n\t\t\t\t<\/div>\n\t\t","protected":false},"excerpt":{"rendered":"<p>Universidade Federal do Esp\u00edrito Santo (UFES) Estude Localize-se Programa de P\u00f3s-gradua\u00e7\u00e3o em Pol\u00edtica Social Saiba Mais Revista Argumentum Saiba Mais Conhe\u00e7a o estado do Esp\u00edrito Santo e a cidade de Vit\u00f3ria Saiba Mais Mapa do local do eventoUniversidade Federal do &hellip; <a href=\"https:\/\/blog.ufes.br\/enps\/mais\/\">Continue lendo <span class=\"meta-nav\">&rarr;<\/span><\/a><\/p>\n","protected":false},"author":492,"featured_media":0,"parent":0,"menu_order":0,"comment_status":"closed","ping_status":"closed","template":"","meta":{"_bbp_topic_count":0,"_bbp_reply_count":0,"_bbp_total_topic_count":0,"_bbp_total_reply_count":0,"_bbp_voice_count":0,"_bbp_anonymous_reply_count":0,"_bbp_topic_count_hidden":0,"_bbp_reply_count_hidden":0,"_bbp_forum_subforum_count":0,"_uag_custom_page_level_css":"","footnotes":""},"class_list":["post-73","page","type-page","status-publish","hentry"],"uagb_featured_image_src":{"full":false,"thumbnail":false,"medium":false,"medium_large":false,"large":false,"1536x1536":false,"2048x2048":false,"post-thumbnail":false,"large-feature":false,"small-feature":false},"uagb_author_info":{"display_name":"admindoenps","author_link":"https:\/\/blog.ufes.br\/enps\/author\/admindoenps\/"},"uagb_comment_info":0,"uagb_excerpt":"Universidade Federal do Esp\u00edrito Santo (UFES) Estude Localize-se Programa de P\u00f3s-gradua\u00e7\u00e3o em Pol\u00edtica Social Saiba Mais Revista Argumentum Saiba Mais Conhe\u00e7a o estado do Esp\u00edrito Santo e a cidade de Vit\u00f3ria Saiba Mais Mapa do local do eventoUniversidade Federal do &hellip; Continue lendo &rarr;","_links":{"self":[{"href":"https:\/\/blog.ufes.br\/enps\/wp-json\/wp\/v2\/pages\/73","targetHints":{"allow":["GET"]}}],"collection":[{"href":"https:\/\/blog.ufes.br\/enps\/wp-json\/wp\/v2\/pages"}],"about":[{"href":"https:\/\/blog.ufes.br\/enps\/wp-json\/wp\/v2\/types\/page"}],"author":[{"embeddable":true,"href":"https:\/\/blog.ufes.br\/enps\/wp-json\/wp\/v2\/users\/492"}],"replies":[{"embeddable":true,"href":"https:\/\/blog.ufes.br\/enps\/wp-json\/wp\/v2\/comments?post=73"}],"version-history":[{"count":16,"href":"https:\/\/blog.ufes.br\/enps\/wp-json\/wp\/v2\/pages\/73\/revisions"}],"predecessor-version":[{"id":547,"href":"https:\/\/blog.ufes.br\/enps\/wp-json\/wp\/v2\/pages\/73\/revisions\/547"}],"wp:attachment":[{"href":"https:\/\/blog.ufes.br\/enps\/wp-json\/wp\/v2\/media?parent=73"}],"curies":[{"name":"wp","href":"https:\/\/api.w.org\/{rel}","templated":true}]}}